{"id":103898,"date":"2022-05-02T11:25:03","date_gmt":"2022-05-02T16:25:03","guid":{"rendered":"https:\/\/website.dev.stmtires.com\/autos-camionetas-y-suvs\/arreglos-y-mantenimiento-de-auto-camioneta-y-suv\/"},"modified":"2022-05-21T16:47:10","modified_gmt":"2022-05-21T21:47:10","slug":"arreglos-y-mantenimiento-de-auto-camioneta-y-suv","status":"publish","type":"page","link":"https:\/\/stmtires.com\/es\/autos-camionetas-y-suvs\/arreglos-y-mantenimiento-de-auto-camioneta-y-suv\/","title":{"rendered":"Arreglos y Mantenimiento de Auto, Camioneta y SUV"},"content":{"rendered":"    \n<div class=\"responsive-spacer md:pt-6 pt-4\"><\/div>\n\n<style>\n.wp-admin .responsive-spacer {\n    background-color:#efefef;\n}\n<\/style>\n\n\n<h2 class=\"has-primary-color has-text-color has-header-2-sm-font-size wp-block-heading\"><strong><strong>M\u00e1s que solas llantas<\/strong><\/strong><\/h2>\n\n\n\n<p>Estamos aqu\u00ed para cuidar a su veh\u00edculo entero con servicios para cada parte de su auto, camioneta o SUV. Busque los servicios disponibles y averig\u00fce con su tienda local para verlos disponibles en su \u00e1rea. Explore los servicios disponibles a continuaci\u00f3n y consulte con su tienda local para ver qu\u00e9 hay disponible en su \u00e1rea.<\/p>\n\n\n\n<div class=\"wp-block-buttons is-layout-flex wp-block-buttons-is-layout-flex\"><\/div>\n\n\n    \n<div class=\"responsive-spacer md:pt-8 pt-6\"><\/div>\n\n<style>\n.wp-admin .responsive-spacer {\n    background-color:#efefef;\n}\n<\/style>\n\n\n<div class=\"wp-block-group is-layout-constrained wp-container-core-group-is-layout-39ce995c wp-block-group-is-layout-constrained\">\n<div class=\"wp-block-columns is-layout-flex wp-container-core-columns-is-layout-9d6595d7 wp-block-columns-is-layout-flex\">\n<div class=\"wp-block-column is-layout-flow wp-block-column-is-layout-flow\">\n<h3 class=\"has-primary-color has-text-color has-header-3-sm-font-size wp-block-heading\"><strong>Programa de Mantenimiento Exclusivo<\/strong><\/h3>\n\n\n\n<p>Nuestra Programa de Mantenimiento Exclusiva<strong> <\/strong>est\u00e1 dedicada a dar a nuestros clientes el mejor servicio de la industria. Favor de llamar a su tienda local para aprender de los servicios disponibles.<\/p>\n<\/div>\n<\/div>\n<\/div>\n\n\n    \n<div class=\"responsive-spacer md:pt-4 pt-3\"><\/div>\n\n<style>\n.wp-admin .responsive-spacer {\n    background-color:#efefef;\n}\n<\/style>","protected":false},"excerpt":{"rendered":"<p>M\u00e1s que solas llantas Estamos aqu\u00ed para cuidar a su veh\u00edculo entero con servicios para cada parte de su auto, camioneta o SUV. Busque los servicios disponibles y averig\u00fce con su tienda local para verlos disponibles en su \u00e1rea. Explore los servicios disponibles a continuaci\u00f3n y consulte con su tienda local para ver qu\u00e9 hay [&hellip;]<\/p>\n","protected":false},"author":2,"featured_media":0,"parent":64722,"menu_order":0,"comment_status":"closed","ping_status":"closed","template":"repairs.php","meta":{"_acf_changed":false,"subheading":[],"footnotes":""},"class_list":["post-103898","page","type-page","status-publish","hentry"],"acf":[],"_links":{"self":[{"href":"https:\/\/stmtires.com\/es\/wp-json\/wp\/v2\/pages\/103898","targetHints":{"allow":["GET"]}}],"collection":[{"href":"https:\/\/stmtires.com\/es\/wp-json\/wp\/v2\/pages"}],"about":[{"href":"https:\/\/stmtires.com\/es\/wp-json\/wp\/v2\/types\/page"}],"author":[{"embeddable":true,"href":"https:\/\/stmtires.com\/es\/wp-json\/wp\/v2\/users\/2"}],"replies":[{"embeddable":true,"href":"https:\/\/stmtires.com\/es\/wp-json\/wp\/v2\/comments?post=103898"}],"version-history":[{"count":0,"href":"https:\/\/stmtires.com\/es\/wp-json\/wp\/v2\/pages\/103898\/revisions"}],"up":[{"embeddable":true,"href":"https:\/\/stmtires.com\/es\/wp-json\/wp\/v2\/pages\/64722"}],"wp:attachment":[{"href":"https:\/\/stmtires.com\/es\/wp-json\/wp\/v2\/media?parent=103898"}],"curies":[{"name":"wp","href":"https:\/\/api.w.org\/{rel}","templated":true}]}}