{"id":104191,"date":"2022-04-26T09:13:20","date_gmt":"2022-04-26T14:13:20","guid":{"rendered":"https:\/\/website.dev.stmtires.com\/accesibilidad\/"},"modified":"2022-05-22T16:12:01","modified_gmt":"2022-05-22T21:12:01","slug":"accesibilidad","status":"publish","type":"page","link":"https:\/\/stmtires.com\/es\/accesibilidad\/","title":{"rendered":"Accesibilidad"},"content":{"rendered":"    \n<div class=\"responsive-spacer md:pt-8 pt-6\"><\/div>\n\n<style>\n.wp-admin .responsive-spacer {\n    background-color:#efefef;\n}\n<\/style>\n\n\n<div class=\"wp-block-group is-layout-constrained wp-container-core-group-is-layout-39ce995c wp-block-group-is-layout-constrained\">\n<div class=\"wp-block-columns is-layout-flex wp-container-core-columns-is-layout-9d6595d7 wp-block-columns-is-layout-flex\">\n<div class=\"wp-block-column md:pr-10 is-layout-flow wp-block-column-is-layout-flow\" style=\"flex-basis:70%\">\n<h1 class=\"has-header-2-sm-font-size wp-block-heading\"><strong>Accesibilidad<\/strong><\/h1>\n\n\n\n<h2 class=\"has-header-4-sm-font-size wp-block-heading\"><strong>Declaraci\u00f3n de accesibilidad de Southern Tire Mart<\/strong><\/h2>\n\n\n\n<p>Como distribuidor al servicio del bien p\u00fablico, estamos comprometidos a brindar accesibilidad digital a las personas con discapacidades. Continuamos asoci\u00e1ndonos con nuestro proveedor de sitios web a medida que mejoran la experiencia de usuario de su plataforma para todos mientras aplican herramientas y est\u00e1ndares de accesibilidad relevantes.<\/p>\n\n\n\n<p>Nuestro sitio se basa en una plataforma proporcionada por un socio con un c\u00f3digo que cumple con los est\u00e1ndares W3C para HTML y CSS. El sitio se muestra correctamente en los navegadores actuales utilizando c\u00f3digo HTML\/CSS compatible con los est\u00e1ndares y deber\u00eda seguir mostr\u00e1ndose correctamente en navegadores futuros.<\/p>\n\n\n\n<hr class=\"wp-block-separator has-text-color has-background has-primary-background-color has-primary-color is-style-default\"\/>\n\n\n    \n<div class=\"responsive-spacer md:pt-4 pt-3\"><\/div>\n\n<style>\n.wp-admin .responsive-spacer {\n    background-color:#efefef;\n}\n<\/style>\n\n\n<h2 class=\"has-header-4-sm-font-size wp-block-heading\"><strong>Medidas de apoyo a la accesibilidad<\/strong><\/h2>\n\n\n\n<p>Nuestro socio del sitio web toma las siguientes medidas para garantizar la accesibilidad de los sitios creados en la plataforma:<\/p>\n\n\n\n<ul class=\"wp-block-list\"><li>Garantiza que la accesibilidad sea parte de su proceso de mejora continua.<\/li><li>Emplea m\u00e9todos formales de aseguramiento de la calidad de la accesibilidad.<\/li><li>Se mantiene al tanto de los aspectos t\u00e9cnicos y legales de la accesibilidad en la medida de sus posibilidades.<\/li><\/ul>\n\n\n\n<p>Como distribuidor, hacemos todo lo posible para garantizar que la informaci\u00f3n sobre nuestros precios, promociones y eventos sea comprensible para todos los visitantes, as\u00ed como nuestro horario de atenci\u00f3n y ubicaci\u00f3n.<\/p>\n\n\n\n<p>Si bien no existen requisitos legales claramente definidos para los sitios web comerciales que atienden al p\u00fablico, tenemos un firme compromiso de satisfacer todas las necesidades de los visitantes. Si encuentra contenido o caracter\u00edsticas de este sitio que no son accesibles para personas con discapacidades, puede <a href=\"https:\/\/stmtires.com\/es\/contactarnos\/\">comunicarse<\/a> con nuestro socio del sitio web directamente por correo electr\u00f3nico. Proporcione la p\u00e1gina y una breve descripci\u00f3n del contenido o la funcionalidad donde se encontr\u00f3 el problema, junto con una sugerencia de mejora. Agradecemos sus opiniones y comentarios, ya que continuamos con nuestros esfuerzos para acomodar a todos los visitantes de nuestro sitio en t\u00e9rminos de accesibilidad.<\/p>\n<\/div>\n\n\n\n<div class=\"wp-block-column is-vertically-aligned-top is-layout-flow wp-block-column-is-layout-flow\">    \n<div class=\"responsive-spacer md:pt-4 pt-3\"><\/div>\n\n<style>\n.wp-admin .responsive-spacer {\n    background-color:#efefef;\n}\n<\/style>\n\n<div id=\"card-block_6267f9a0a6fa5\" class=\"card-block group h-full pt-16 pb-8 relative\">\n\t<div class=\"shadow bg-white p-8 h-full\">\n\t\t<div style=\"background-image: url('https:\/\/stmtires.com\/wp-content\/uploads\/2022\/04\/stm-commercial-tire-300x300.png');\" class=\"relative bg-no-repeat bg-center bg-cover w-24 md:w-32 xl:w-48 h-24 md:h-32 xl:h-48 rounded-full transform overflow-hidden -translate-y-24 mb-8 mx-auto shadow-lg\">\n\t\t\t<div class=\"bg-secondary opacity-0 group-hover:opacity-75 transition-opacity duration-200 absolute inset-0 w-full h-full\"><\/div>\n\t\t\t\n\t\t<\/div>\n\t\t<div class=\"-mt-24\">\n\t\t\t\n\n<h3 class=\"has-text-align-center has-header-3-sm-font-size wp-block-heading\"><strong>Contactenos<\/strong><\/h3>\n\n\n\t\t<\/div>\n\t<\/div>\n\n    \n\n\t\t\t\n\t\t<a class=\"card-block-link absolute w-full h-full inset-0 cursor-pointer\" href=\"https:\/\/stmtires.com\/es\/contactarnos\/\"  target=\"\" title=\"Contactarnos\"><\/a>\n\n\t<\/div>\n\n\n    \n<div class=\"responsive-spacer md:pt-4 pt-3\"><\/div>\n\n<style>\n.wp-admin .responsive-spacer {\n    background-color:#efefef;\n}\n<\/style><\/div>\n<\/div>\n<\/div>\n\n\n    \n<div class=\"responsive-spacer md:pt-16 pt-12\"><\/div>\n\n<style>\n.wp-admin .responsive-spacer {\n    background-color:#efefef;\n}\n<\/style>","protected":false},"excerpt":{"rendered":"<p>Accesibilidad Declaraci\u00f3n de accesibilidad de Southern Tire Mart Como distribuidor al servicio del bien p\u00fablico, estamos comprometidos a brindar accesibilidad digital a las personas con discapacidades. Continuamos asoci\u00e1ndonos con nuestro proveedor de sitios web a medida que mejoran la experiencia de usuario de su plataforma para todos mientras aplican herramientas y est\u00e1ndares de accesibilidad relevantes. [&hellip;]<\/p>\n","protected":false},"author":2,"featured_media":0,"parent":0,"menu_order":0,"comment_status":"closed","ping_status":"closed","template":"","meta":{"_acf_changed":false,"subheading":[],"footnotes":""},"class_list":["post-104191","page","type-page","status-publish","hentry"],"acf":[],"_links":{"self":[{"href":"https:\/\/stmtires.com\/es\/wp-json\/wp\/v2\/pages\/104191","targetHints":{"allow":["GET"]}}],"collection":[{"href":"https:\/\/stmtires.com\/es\/wp-json\/wp\/v2\/pages"}],"about":[{"href":"https:\/\/stmtires.com\/es\/wp-json\/wp\/v2\/types\/page"}],"author":[{"embeddable":true,"href":"https:\/\/stmtires.com\/es\/wp-json\/wp\/v2\/users\/2"}],"replies":[{"embeddable":true,"href":"https:\/\/stmtires.com\/es\/wp-json\/wp\/v2\/comments?post=104191"}],"version-history":[{"count":0,"href":"https:\/\/stmtires.com\/es\/wp-json\/wp\/v2\/pages\/104191\/revisions"}],"wp:attachment":[{"href":"https:\/\/stmtires.com\/es\/wp-json\/wp\/v2\/media?parent=104191"}],"curies":[{"name":"wp","href":"https:\/\/api.w.org\/{rel}","templated":true}]}}