{"id":104213,"date":"2022-04-25T22:51:58","date_gmt":"2022-04-26T03:51:58","guid":{"rendered":"https:\/\/website.dev.stmtires.com\/servicios-comerciales-y-de-parques-moviles\/financiamiento-comercial\/"},"modified":"2023-02-01T15:28:27","modified_gmt":"2023-02-01T21:28:27","slug":"financiamiento-comercial","status":"publish","type":"page","link":"https:\/\/stmtires.com\/es\/servicios-comerciales-y-de-parques-moviles\/financiamiento-comercial\/","title":{"rendered":"Financiamiento Comercial"},"content":{"rendered":"\n<div class=\"wp-block-group is-layout-constrained wp-container-core-group-is-layout-39ce995c wp-block-group-is-layout-constrained\">    \n<div class=\"responsive-spacer md:pt-8 pt-6\"><\/div>\n\n<style>\n.wp-admin .responsive-spacer {\n    background-color:#efefef;\n}\n<\/style>\n\n\n<div class=\"wp-block-columns is-layout-flex wp-container-core-columns-is-layout-9d6595d7 wp-block-columns-is-layout-flex\">\n<div class=\"wp-block-column is-layout-flow wp-block-column-is-layout-flow\">\n<h1 class=\"has-secondary-color has-text-color has-header-1-sm-font-size wp-block-heading\"><strong>Tarjeta de Cr\u00e9dito de Southern Tire Mart<\/strong><\/h1>\n\n\n\n<p>Qu\u00e9dese preparado para seguir viajando sin peligro y con rapidez al obtener una tarjeta de cr\u00e9dito exclusiva de Southern Tire Mart. Con una l\u00ednea de cr\u00e9dito dedicada, estar\u00e1 listo cuando su veh\u00edculo necesite llantas nuevas o servicio.<\/p>\n\n\n\n<p>Aplicar es f\u00e1cil, y nuestro equipo del servicio de clientes puede contestar cualquier pregunta que tenga.<\/p>\n\n\n\n<p>Nuestra programa de financiar especial cuenta con estos beneficios:<\/p>\n\n\n\n<ul class=\"wp-block-list\">\n<li>No hay cobro anual<\/li>\n\n\n\n<li>Pagos mensuales bajos<\/li>\n\n\n\n<li>No hay cobro de inter\u00e9s si se paga dentro de 6 meses*<\/li>\n<\/ul>\n\n\n\n<div style=\"height:16px\" aria-hidden=\"true\" class=\"wp-block-spacer\"><\/div>\n\n\n\n<p>INTER\u00c9S DIFERIDO SI SE PAGA EN SU TOTALIDAD EN 6 MESES*<\/p>\n\n\n\n<p>Se requiere una compra m\u00ednima de $149. Se cargar\u00e1n intereses a su cuenta a partir de la fecha de compra si el saldo de la compra no se paga en su totalidad dentro de los 6 meses.<\/p>\n\n\n\n<p>*SE REQUIERE QUE HAGA LOS PAGOS MINIMOS CADA MES. APR: 28.8%. Cobro m\u00ednimo de financiar: $2.00. Los terminos estan sujetos a cambios<\/p>\n\n\n\n<p><br><a href=\"https:\/\/www.cfna.com\/web\/personalservices\/southerntiremart\">Aplique Hoy<\/a> por medio de Credit First National Association .<\/p>\n\n\n    \n<div class=\"responsive-spacer md:pt-4 pt-3\"><\/div>\n\n<style>\n.wp-admin .responsive-spacer {\n    background-color:#efefef;\n}\n<\/style>\n\n\n<div class=\"wp-block-buttons is-layout-flex wp-block-buttons-is-layout-flex\">\n<div class=\"wp-block-button has-wheel-icon\"><a class=\"wp-block-button__link has-cherry-to-crimson-horizontal-gradient-background has-background wp-element-button\" href=\"https:\/\/www.cfna.com\/web\/personalservices\/southerntiremart\" style=\"border-top-left-radius:0px;border-top-right-radius:100px;border-bottom-left-radius:0px;border-bottom-right-radius:100px\" target=\"_blank\" rel=\"noreferrer noopener\">Inscribase Ahora<\/a><\/div>\n<\/div>\n<\/div>\n\n\n\n<div class=\"wp-block-column is-layout-flow wp-block-column-is-layout-flow\" style=\"flex-basis:33%\">    \n<div class=\"responsive-spacer md:pt-4 pt-3\"><\/div>\n\n<style>\n.wp-admin .responsive-spacer {\n    background-color:#efefef;\n}\n<\/style>\n\n\n<figure class=\"wp-block-image aligncenter size-full\"><img loading=\"lazy\" decoding=\"async\" width=\"1013\" height=\"636\" src=\"https:\/\/stmtires.com\/wp-content\/uploads\/2022\/10\/southern-tire-mart-credit-card.png\" alt=\"\" class=\"wp-image-248578\" srcset=\"https:\/\/stmtires.com\/wp-content\/uploads\/2022\/10\/southern-tire-mart-credit-card.png 1013w, https:\/\/stmtires.com\/wp-content\/uploads\/2022\/10\/southern-tire-mart-credit-card-600x377.png 600w, https:\/\/stmtires.com\/wp-content\/uploads\/2022\/10\/southern-tire-mart-credit-card-300x188.png 300w, https:\/\/stmtires.com\/wp-content\/uploads\/2022\/10\/southern-tire-mart-credit-card-768x482.png 768w\" sizes=\"auto, (max-width: 1013px) 100vw, 1013px\" \/><\/figure>\n<\/div>\n<\/div>\n\n\n    \n<div class=\"responsive-spacer md:pt-8 pt-6\"><\/div>\n\n<style>\n.wp-admin .responsive-spacer {\n    background-color:#efefef;\n}\n<\/style><\/div>\n","protected":false},"excerpt":{"rendered":"<p>Tarjeta de Cr\u00e9dito de Southern Tire Mart Qu\u00e9dese preparado para seguir viajando sin peligro y con rapidez al obtener una tarjeta de cr\u00e9dito exclusiva de Southern Tire Mart. Con una l\u00ednea de cr\u00e9dito dedicada, estar\u00e1 listo cuando su veh\u00edculo necesite llantas nuevas o servicio. Aplicar es f\u00e1cil, y nuestro equipo del servicio de clientes puede [&hellip;]<\/p>\n","protected":false},"author":2,"featured_media":0,"parent":64732,"menu_order":0,"comment_status":"closed","ping_status":"closed","template":"","meta":{"_acf_changed":false,"subheading":[],"footnotes":""},"class_list":["post-104213","page","type-page","status-publish","hentry"],"acf":[],"_links":{"self":[{"href":"https:\/\/stmtires.com\/es\/wp-json\/wp\/v2\/pages\/104213","targetHints":{"allow":["GET"]}}],"collection":[{"href":"https:\/\/stmtires.com\/es\/wp-json\/wp\/v2\/pages"}],"about":[{"href":"https:\/\/stmtires.com\/es\/wp-json\/wp\/v2\/types\/page"}],"author":[{"embeddable":true,"href":"https:\/\/stmtires.com\/es\/wp-json\/wp\/v2\/users\/2"}],"replies":[{"embeddable":true,"href":"https:\/\/stmtires.com\/es\/wp-json\/wp\/v2\/comments?post=104213"}],"version-history":[{"count":3,"href":"https:\/\/stmtires.com\/es\/wp-json\/wp\/v2\/pages\/104213\/revisions"}],"predecessor-version":[{"id":265771,"href":"https:\/\/stmtires.com\/es\/wp-json\/wp\/v2\/pages\/104213\/revisions\/265771"}],"up":[{"embeddable":true,"href":"https:\/\/stmtires.com\/es\/wp-json\/wp\/v2\/pages\/64732"}],"wp:attachment":[{"href":"https:\/\/stmtires.com\/es\/wp-json\/wp\/v2\/media?parent=104213"}],"curies":[{"name":"wp","href":"https:\/\/api.w.org\/{rel}","templated":true}]}}