{"id":104215,"date":"2022-04-25T09:48:43","date_gmt":"2022-04-25T14:48:43","guid":{"rendered":"https:\/\/website.dev.stmtires.com\/autos-camionetas-y-suvs\/llantas-para-autos-camionetas-y-suvs\/"},"modified":"2022-05-19T21:09:53","modified_gmt":"2022-05-20T02:09:53","slug":"llantas-para-autos-camionetas-y-suvs","status":"publish","type":"page","link":"https:\/\/stmtires.com\/es\/autos-camionetas-y-suvs\/llantas-para-autos-camionetas-y-suvs\/","title":{"rendered":"Llantas para Autos, Camionetas, y SUVs"},"content":{"rendered":"\n<div class=\"wp-block-group alignfull is-layout-flow wp-block-group-is-layout-flow\">\n<div class=\"wp-block-cover alignfull\" style=\"min-height:500px;aspect-ratio:unset;\"><span aria-hidden=\"true\" class=\"has-transparent-background-color has-background-dim-100 wp-block-cover__gradient-background has-background-dim\"><\/span><img loading=\"lazy\" decoding=\"async\" width=\"1920\" height=\"1080\" class=\"wp-block-cover__image-background wp-image-64316\" alt=\"\" src=\"https:\/\/stmtires.com\/wp-content\/uploads\/2022\/04\/southern-tire-mart-retail-shop-for-tires-page_.jpg\" style=\"object-position:92% 20%\" data-object-fit=\"cover\" data-object-position=\"92% 20%\" srcset=\"https:\/\/stmtires.com\/wp-content\/uploads\/2022\/04\/southern-tire-mart-retail-shop-for-tires-page_.jpg 1920w, https:\/\/stmtires.com\/wp-content\/uploads\/2022\/04\/southern-tire-mart-retail-shop-for-tires-page_-300x169.jpg 300w, https:\/\/stmtires.com\/wp-content\/uploads\/2022\/04\/southern-tire-mart-retail-shop-for-tires-page_-1024x576.jpg 1024w, https:\/\/stmtires.com\/wp-content\/uploads\/2022\/04\/southern-tire-mart-retail-shop-for-tires-page_-768x432.jpg 768w, https:\/\/stmtires.com\/wp-content\/uploads\/2022\/04\/southern-tire-mart-retail-shop-for-tires-page_-1536x864.jpg 1536w, https:\/\/stmtires.com\/wp-content\/uploads\/2022\/04\/southern-tire-mart-retail-shop-for-tires-page_-600x338.jpg 600w\" sizes=\"auto, (max-width: 1920px) 100vw, 1920px\" \/><div class=\"wp-block-cover__inner-container is-layout-flow wp-block-cover-is-layout-flow\">\n<div class=\"wp-block-group is-layout-constrained wp-container-core-group-is-layout-4222adab wp-block-group-is-layout-constrained\">    \n<div class=\"responsive-spacer md:pt-8 pt-6\"><\/div>\n\n<style>\n.wp-admin .responsive-spacer {\n    background-color:#efefef;\n}\n<\/style>\n\n\n<div class=\"wp-block-columns are-vertically-aligned-top is-layout-flex wp-container-core-columns-is-layout-9d6595d7 wp-block-columns-is-layout-flex\">\n<div class=\"wp-block-column is-vertically-aligned-top md:pr-8 is-layout-flow wp-block-column-is-layout-flow\">\n<p class=\"font-primary has-regular-font-size\"><strong>Autos, Camionetas, y SUVs<\/strong><\/p>\n\n\n\n<h1 class=\"has-white-color has-text-color has-header-1-sm-font-size wp-block-heading\"><strong>Compre Llantas<\/strong><\/h1>\n\n\n\n<p>No importa si est\u00e1 buscando por llantas de todo tiempo, combustible eficiente, o rendimiento, tenemos la \u00faltima selecci\u00f3n para cualquier necesidad.<\/p>\n<\/div>\n\n\n\n<div class=\"wp-block-column is-vertically-aligned-top is-layout-flow wp-block-column-is-layout-flow\">    \n<div class=\"responsive-spacer md:pt-4 pt-3\"><\/div>\n\n<style>\n.wp-admin .responsive-spacer {\n    background-color:#efefef;\n}\n<\/style>\n\n\n<div id=\"TireLookup\"><\/div>\n\n\n    \n<div class=\"responsive-spacer md:pt-4 pt-3\"><\/div>\n\n<style>\n.wp-admin .responsive-spacer {\n    background-color:#efefef;\n}\n<\/style><\/div>\n<\/div>\n\n\n    \n<div class=\"responsive-spacer md:pt-8 pt-6\"><\/div>\n\n<style>\n.wp-admin .responsive-spacer {\n    background-color:#efefef;\n}\n<\/style><\/div>\n<\/div><\/div>\n<\/div>\n","protected":false},"excerpt":{"rendered":"","protected":false},"author":2,"featured_media":0,"parent":64722,"menu_order":0,"comment_status":"closed","ping_status":"closed","template":"","meta":{"_acf_changed":false,"subheading":[],"footnotes":""},"class_list":["post-104215","page","type-page","status-publish","hentry"],"acf":[],"_links":{"self":[{"href":"https:\/\/stmtires.com\/es\/wp-json\/wp\/v2\/pages\/104215","targetHints":{"allow":["GET"]}}],"collection":[{"href":"https:\/\/stmtires.com\/es\/wp-json\/wp\/v2\/pages"}],"about":[{"href":"https:\/\/stmtires.com\/es\/wp-json\/wp\/v2\/types\/page"}],"author":[{"embeddable":true,"href":"https:\/\/stmtires.com\/es\/wp-json\/wp\/v2\/users\/2"}],"replies":[{"embeddable":true,"href":"https:\/\/stmtires.com\/es\/wp-json\/wp\/v2\/comments?post=104215"}],"version-history":[{"count":0,"href":"https:\/\/stmtires.com\/es\/wp-json\/wp\/v2\/pages\/104215\/revisions"}],"up":[{"embeddable":true,"href":"https:\/\/stmtires.com\/es\/wp-json\/wp\/v2\/pages\/64722"}],"wp:attachment":[{"href":"https:\/\/stmtires.com\/es\/wp-json\/wp\/v2\/media?parent=104215"}],"curies":[{"name":"wp","href":"https:\/\/api.w.org\/{rel}","templated":true}]}}