{"id":104221,"date":"2022-04-25T09:43:41","date_gmt":"2022-04-25T14:43:41","guid":{"rendered":"https:\/\/website.dev.stmtires.com\/servicios-comerciales-y-de-parques-moviles\/marcas-de-llantas-comerciales-en-oferta\/"},"modified":"2022-10-16T11:09:11","modified_gmt":"2022-10-16T16:09:11","slug":"marcas-de-llantas-comerciales-en-oferta","status":"publish","type":"page","link":"https:\/\/stmtires.com\/es\/servicios-comerciales-y-de-parques-moviles\/marcas-de-llantas-comerciales-en-oferta\/","title":{"rendered":"Marcas de Llantas Comerciales en Oferta"},"content":{"rendered":"    \n<div class=\"responsive-spacer md:pt-8 pt-6\"><\/div>\n\n<style>\n.wp-admin .responsive-spacer {\n    background-color:#efefef;\n}\n<\/style>\n\n\n<div class=\"wp-block-group is-layout-constrained wp-container-core-group-is-layout-39ce995c wp-block-group-is-layout-constrained\">\n<div class=\"wp-block-columns is-layout-flex wp-container-core-columns-is-layout-9d6595d7 wp-block-columns-is-layout-flex\">\n<div class=\"wp-block-column is-layout-flow wp-block-column-is-layout-flow\">\n<h1 class=\"has-secondary-color has-text-color has-header-2-lg-font-size wp-block-heading\" style=\"font-style:normal;font-weight:700\"><strong><strong><strong><strong><strong>\u00a1Estamos listos para ofrecer las marcas m\u00e1s confiadas de la industria!<\/strong><\/strong><\/strong><\/strong><\/strong><\/h1>\n\n\n    \n<div class=\"responsive-spacer md:pt-4 pt-3\"><\/div>\n\n<style>\n.wp-admin .responsive-spacer {\n    background-color:#efefef;\n}\n<\/style>\n\n\n<p class=\"has-black-color has-text-color\">Cuide a su parque m\u00f3vil con las mejores llantas. Con Southern Tire Mart, tenemos una gran selecci\u00f3n de llantas para que quede viajando con cuidado y rapidez.<\/p>\n\n\n    \n<div class=\"responsive-spacer md:pt-4 pt-3\"><\/div>\n\n<style>\n.wp-admin .responsive-spacer {\n    background-color:#efefef;\n}\n<\/style>\n\n\n<div class=\"wp-block-buttons is-layout-flex wp-block-buttons-is-layout-flex\">\n<div class=\"wp-block-button has-wheel-icon\"><a class=\"wp-block-button__link has-cherry-to-crimson-horizontal-gradient-background has-background\" href=\"https:\/\/stmtires.com\/es\/contactarnos\/\" style=\"border-top-left-radius:0px;border-top-right-radius:100px;border-bottom-left-radius:0px;border-bottom-right-radius:100px\">Contacta con nosotros<\/a><\/div>\n<\/div>\n\n\n    \n<div class=\"responsive-spacer md:pt-10 pt-8\"><\/div>\n\n<style>\n.wp-admin .responsive-spacer {\n    background-color:#efefef;\n}\n<\/style><\/div>\n<\/div>\n<\/div>\n","protected":false},"excerpt":{"rendered":"<p>\u00a1Estamos listos para ofrecer las marcas m\u00e1s confiadas de la industria! Cuide a su parque m\u00f3vil con las mejores llantas. Con Southern Tire Mart, tenemos una gran selecci\u00f3n de llantas para que quede viajando con cuidado y rapidez.<\/p>\n","protected":false},"author":2,"featured_media":0,"parent":64732,"menu_order":0,"comment_status":"closed","ping_status":"closed","template":"brands.php","meta":{"_acf_changed":false,"subheading":[],"footnotes":""},"class_list":["post-104221","page","type-page","status-publish","hentry"],"acf":[],"_links":{"self":[{"href":"https:\/\/stmtires.com\/es\/wp-json\/wp\/v2\/pages\/104221","targetHints":{"allow":["GET"]}}],"collection":[{"href":"https:\/\/stmtires.com\/es\/wp-json\/wp\/v2\/pages"}],"about":[{"href":"https:\/\/stmtires.com\/es\/wp-json\/wp\/v2\/types\/page"}],"author":[{"embeddable":true,"href":"https:\/\/stmtires.com\/es\/wp-json\/wp\/v2\/users\/2"}],"replies":[{"embeddable":true,"href":"https:\/\/stmtires.com\/es\/wp-json\/wp\/v2\/comments?post=104221"}],"version-history":[{"count":2,"href":"https:\/\/stmtires.com\/es\/wp-json\/wp\/v2\/pages\/104221\/revisions"}],"predecessor-version":[{"id":248784,"href":"https:\/\/stmtires.com\/es\/wp-json\/wp\/v2\/pages\/104221\/revisions\/248784"}],"up":[{"embeddable":true,"href":"https:\/\/stmtires.com\/es\/wp-json\/wp\/v2\/pages\/64732"}],"wp:attachment":[{"href":"https:\/\/stmtires.com\/es\/wp-json\/wp\/v2\/media?parent=104221"}],"curies":[{"name":"wp","href":"https:\/\/api.w.org\/{rel}","templated":true}]}}