{"id":104518,"date":"2022-05-02T11:32:44","date_gmt":"2022-05-02T16:32:44","guid":{"rendered":"https:\/\/website.dev.stmtires.com\/servicios-comerciales-y-de-parques-moviles\/arreglos-y-mantenimiento-para-vehiculos-comerciales\/"},"modified":"2022-05-24T15:38:52","modified_gmt":"2022-05-24T20:38:52","slug":"arreglos-y-mantenimiento-para-vehiculos-comerciales","status":"publish","type":"page","link":"https:\/\/stmtires.com\/es\/servicios-comerciales-y-de-parques-moviles\/arreglos-y-mantenimiento-para-vehiculos-comerciales\/","title":{"rendered":"Arreglos y Mantenimiento para Veh\u00edculos Comerciales"},"content":{"rendered":"    \n<div class=\"responsive-spacer md:pt-6 pt-4\"><\/div>\n\n<style>\n.wp-admin .responsive-spacer {\n    background-color:#efefef;\n}\n<\/style>\n\n\n<h2 class=\"has-secondary-color has-text-color has-header-2-sm-font-size wp-block-heading\"><strong><strong><strong>Solo lo que Necesite con el Servicio que Le Merece<\/strong><\/strong><\/strong><\/h2>\n\n\n\n<p>Las ra\u00edces de nuestra compa\u00f1\u00eda son ayudar a conductores comerciales, y esa es nuestra creencia principal todav\u00eda. Adem\u00e1s de llantas, tenemos una gran selecci\u00f3n de servicios que aseguren que su veh\u00edculo pueda seguir funcionando sin peligro y suavemente. Tambi\u00e9n, tenemos respeto para su tiempo para que pueda seguir viajando r\u00e1pidamente.<\/p>\n\n\n    \n<div class=\"responsive-spacer md:pt-8 pt-6\"><\/div>\n\n<style>\n.wp-admin .responsive-spacer {\n    background-color:#efefef;\n}\n<\/style>\n\n\n<div class=\"wp-block-group is-layout-constrained wp-container-core-group-is-layout-39ce995c wp-block-group-is-layout-constrained\"><\/div>\n\n\n\n<div class=\"wp-block-group is-layout-flow wp-block-group-is-layout-flow\">\n<div class=\"wp-block-columns has-medium-gutter is-layout-flex wp-container-core-columns-is-layout-9d6595d7 wp-block-columns-is-layout-flex\">\n<div class=\"wp-block-column is-layout-flow wp-block-column-is-layout-flow\">\n<h3 class=\"has-secondary-color has-text-color has-header-3-sm-font-size wp-block-heading\"><strong>Programa de Mantenimiento Exclusivo<\/strong><\/h3>\n\n\n\n<p>Nuestra Programa de Mantenimiento Exclusiva<strong> <\/strong>est\u00e1 dedicada a dar a nuestros clientes el mejor servicio de la industria. Hacemos que pueda mantener a su parque m\u00f3vil de una manera sencilla por medio de tecnolog\u00eda avanzada, reportajes detallados, y comunicaci\u00f3n innovadora. Favor de llamar a su tienda local para aprender de los servicios disponibles.<\/p>\n<\/div>\n\n\n\n<div class=\"wp-block-column is-layout-flow wp-block-column-is-layout-flow\">\n<h3 class=\"has-secondary-color has-text-color has-header-3-sm-font-size wp-block-heading\"><strong><strong>T\u00e9cnicas experimentadas y bien entrenadas<\/strong><\/strong><\/h3>\n\n\n\n<p>Todos nuestros empleados est\u00e1n capacitados con ASE, adem\u00e1s utilizamos capacitaci\u00f3n de la f\u00e1brica y equipaje de la f\u00e1brica para nuestros t\u00e9cnicos. Tenemos acceso a las noticias t\u00e9cnicas de f\u00e1brica adem\u00e1s de informaci\u00f3n de garant\u00eda de la f\u00e1brica. Adem\u00e1s de eso, estamos certificados para hacer inspecciones del estado y de DOT.<\/p>\n<\/div>\n<\/div>\n<\/div>\n\n\n    \n<div class=\"responsive-spacer md:pt-10 pt-8\"><\/div>\n\n<style>\n.wp-admin .responsive-spacer {\n    background-color:#efefef;\n}\n<\/style>","protected":false},"excerpt":{"rendered":"<p>Solo lo que Necesite con el Servicio que Le Merece Las ra\u00edces de nuestra compa\u00f1\u00eda son ayudar a conductores comerciales, y esa es nuestra creencia principal todav\u00eda. Adem\u00e1s de llantas, tenemos una gran selecci\u00f3n de servicios que aseguren que su veh\u00edculo pueda seguir funcionando sin peligro y suavemente. Tambi\u00e9n, tenemos respeto para su tiempo para [&hellip;]<\/p>\n","protected":false},"author":2,"featured_media":0,"parent":64732,"menu_order":0,"comment_status":"closed","ping_status":"closed","template":"repairs.php","meta":{"_acf_changed":false,"subheading":[],"footnotes":""},"class_list":["post-104518","page","type-page","status-publish","hentry"],"acf":[],"_links":{"self":[{"href":"https:\/\/stmtires.com\/es\/wp-json\/wp\/v2\/pages\/104518","targetHints":{"allow":["GET"]}}],"collection":[{"href":"https:\/\/stmtires.com\/es\/wp-json\/wp\/v2\/pages"}],"about":[{"href":"https:\/\/stmtires.com\/es\/wp-json\/wp\/v2\/types\/page"}],"author":[{"embeddable":true,"href":"https:\/\/stmtires.com\/es\/wp-json\/wp\/v2\/users\/2"}],"replies":[{"embeddable":true,"href":"https:\/\/stmtires.com\/es\/wp-json\/wp\/v2\/comments?post=104518"}],"version-history":[{"count":0,"href":"https:\/\/stmtires.com\/es\/wp-json\/wp\/v2\/pages\/104518\/revisions"}],"up":[{"embeddable":true,"href":"https:\/\/stmtires.com\/es\/wp-json\/wp\/v2\/pages\/64732"}],"wp:attachment":[{"href":"https:\/\/stmtires.com\/es\/wp-json\/wp\/v2\/media?parent=104518"}],"curies":[{"name":"wp","href":"https:\/\/api.w.org\/{rel}","templated":true}]}}