{"id":104520,"date":"2022-04-25T09:25:56","date_gmt":"2022-04-25T14:25:56","guid":{"rendered":"https:\/\/website.dev.stmtires.com\/servicios-comerciales-y-de-parques-moviles\/off-road-tires-farming-industrial\/"},"modified":"2022-10-14T09:11:37","modified_gmt":"2022-10-14T14:11:37","slug":"off-road-tires-farming-industrial","status":"publish","type":"page","link":"https:\/\/stmtires.com\/es\/servicios-comerciales-y-de-parques-moviles\/off-road-tires-farming-industrial\/","title":{"rendered":"Off Road Tires, Farming &amp; Industrial"},"content":{"rendered":"\n<div class=\"wp-block-group is-layout-flow wp-block-group-is-layout-flow\">    \n<div class=\"responsive-spacer md:pt-6 pt-4\"><\/div>\n\n<style>\n.wp-admin .responsive-spacer {\n    background-color:#efefef;\n}\n<\/style>\n\n\n<div class=\"wp-block-group is-layout-constrained wp-container-core-group-is-layout-39ce995c wp-block-group-is-layout-constrained\">\n<div class=\"wp-block-columns is-layout-flex wp-container-core-columns-is-layout-9d6595d7 wp-block-columns-is-layout-flex\">\n<div class=\"wp-block-column is-layout-flow wp-block-column-is-layout-flow\">\n<h1 class=\"has-secondary-color has-text-color has-header-2-lg-font-size wp-block-heading\" style=\"font-style:normal;font-weight:700\"><strong>Llantas de Todoterreno, Agricultura, y Industriales<\/strong><\/h1>\n<\/div>\n<\/div>\n<\/div>\n\n\n    \n<div class=\"responsive-spacer md:pt-6 pt-4\"><\/div>\n\n<style>\n.wp-admin .responsive-spacer {\n    background-color:#efefef;\n}\n<\/style>\n\n\n<div class=\"wp-block-cover alignfull\"><span aria-hidden=\"true\" class=\"wp-block-cover__background has-transparent-background-color has-background-dim-100 has-background-dim\"><\/span><img loading=\"lazy\" decoding=\"async\" width=\"2061\" height=\"507\" class=\"wp-block-cover__image-background wp-image-31159\" alt=\"\" src=\"https:\/\/stmtires.com\/wp-content\/uploads\/2022\/04\/SMT-red-bkg-overlay.png\" style=\"object-position:100% 47%\" data-object-fit=\"cover\" data-object-position=\"100% 47%\" srcset=\"https:\/\/stmtires.com\/wp-content\/uploads\/2022\/04\/SMT-red-bkg-overlay.png 2061w, https:\/\/stmtires.com\/wp-content\/uploads\/2022\/04\/SMT-red-bkg-overlay-600x148.png 600w, https:\/\/stmtires.com\/wp-content\/uploads\/2022\/04\/SMT-red-bkg-overlay-300x74.png 300w, https:\/\/stmtires.com\/wp-content\/uploads\/2022\/04\/SMT-red-bkg-overlay-1024x252.png 1024w, https:\/\/stmtires.com\/wp-content\/uploads\/2022\/04\/SMT-red-bkg-overlay-768x189.png 768w, https:\/\/stmtires.com\/wp-content\/uploads\/2022\/04\/SMT-red-bkg-overlay-1536x378.png 1536w, https:\/\/stmtires.com\/wp-content\/uploads\/2022\/04\/SMT-red-bkg-overlay-2048x504.png 2048w\" sizes=\"auto, (max-width: 2061px) 100vw, 2061px\" \/><div class=\"wp-block-cover__inner-container is-layout-flow wp-block-cover-is-layout-flow\">    \n<div class=\"responsive-spacer md:pt-4 pt-3\"><\/div>\n\n<style>\n.wp-admin .responsive-spacer {\n    background-color:#efefef;\n}\n<\/style>\n\n\n<div class=\"wp-block-group is-layout-constrained wp-container-core-group-is-layout-39ce995c wp-block-group-is-layout-constrained\">\n<div class=\"wp-block-columns is-layout-flex wp-container-core-columns-is-layout-9d6595d7 wp-block-columns-is-layout-flex\">\n<div class=\"wp-block-column is-vertically-aligned-center is-layout-flow wp-block-column-is-layout-flow\" style=\"flex-basis:440px\">\n<p class=\"uppercase font-primary\"><strong>Fuerte y Confiable<\/strong><\/p>\n\n\n\n<hr class=\"wp-block-separator has-text-color has-white-color has-css-opacity has-white-background-color has-background is-style-default\"\/>\n\n\n\n<h2 class=\"has-white-color has-text-color has-header-2-sm-font-size wp-block-heading\"><strong><strong>Las Mejores Llantas para Los Trabajos m\u00e1s Grandes<\/strong><\/strong><\/h2>\n\n\n\n<p>Cuando necesite llantas que sean capaces de manejar terreno duro e irregular, busque nuestro inventario de llantas de todoterreno. Si est\u00e1 manejando una m\u00e1quina de muevetierra u otro tipo de m\u00e1quina pesada, tenemos las llantas para usted.<\/p>\n<\/div>\n\n\n\n<div class=\"wp-block-column is-vertically-aligned-center is-layout-flow wp-block-column-is-layout-flow\">\n<figure class=\"wp-block-image alignright size-full\"><img loading=\"lazy\" decoding=\"async\" width=\"615\" height=\"615\" src=\"https:\/\/stmtires.com\/wp-content\/uploads\/2022\/04\/stm-retail-tires.png\" alt=\"\" class=\"wp-image-19117\" srcset=\"https:\/\/stmtires.com\/wp-content\/uploads\/2022\/04\/stm-retail-tires.png 615w, https:\/\/stmtires.com\/wp-content\/uploads\/2022\/04\/stm-retail-tires-300x300.png 300w, https:\/\/stmtires.com\/wp-content\/uploads\/2022\/04\/stm-retail-tires-100x100.png 100w, https:\/\/stmtires.com\/wp-content\/uploads\/2022\/04\/stm-retail-tires-600x600.png 600w, https:\/\/stmtires.com\/wp-content\/uploads\/2022\/04\/stm-retail-tires-150x150.png 150w\" sizes=\"auto, (max-width: 615px) 100vw, 615px\" \/><\/figure>\n<\/div>\n\n\n\n<div class=\"wp-block-column is-vertically-aligned-center is-layout-flow wp-block-column-is-layout-flow\" style=\"flex-basis:275px\">\n<div class=\"wp-block-buttons is-horizontal is-content-justification-right is-layout-flex wp-container-core-buttons-is-layout-ae2fe186 wp-block-buttons-is-layout-flex\">\n<div class=\"wp-block-button has-wheel-icon\"><a class=\"wp-block-button__link has-navy-to-indigo-horizontal-gradient-background has-background\" href=\"https:\/\/stmtires.com\/commercial\/shop-tires-commercial-vehicles\/\" style=\"border-top-left-radius:0px;border-top-right-radius:100px;border-bottom-left-radius:0px;border-bottom-right-radius:100px\">Compre Llantas<\/a><\/div>\n<\/div>\n<\/div>\n<\/div>\n<\/div>\n<\/div><\/div>\n<\/div>\n\n\n\n<div class=\"wp-block-group alignwide is-layout-constrained wp-container-core-group-is-layout-39ce995c wp-block-group-is-layout-constrained\">    \n<div class=\"responsive-spacer md:pt-8 pt-6\"><\/div>\n\n<style>\n.wp-admin .responsive-spacer {\n    background-color:#efefef;\n}\n<\/style>\n\n\n<div class=\"wp-block-columns alignwide are-vertically-aligned-center is-layout-flex wp-container-core-columns-is-layout-9d6595d7 wp-block-columns-is-layout-flex\">\n<div class=\"wp-block-column is-layout-flow wp-block-column-is-layout-flow\">\n<figure class=\"wp-block-image alignleft size-full\"><img loading=\"lazy\" decoding=\"async\" width=\"600\" height=\"335\" src=\"https:\/\/stmtires.com\/wp-content\/uploads\/2022\/10\/southern-tire-mart-the-best-tires-for-the-biggest-jobs.jpg\" alt=\"\" class=\"wp-image-248712\" srcset=\"https:\/\/stmtires.com\/wp-content\/uploads\/2022\/10\/southern-tire-mart-the-best-tires-for-the-biggest-jobs.jpg 600w, https:\/\/stmtires.com\/wp-content\/uploads\/2022\/10\/southern-tire-mart-the-best-tires-for-the-biggest-jobs-300x168.jpg 300w\" sizes=\"auto, (max-width: 600px) 100vw, 600px\" \/><\/figure>\n<\/div>\n\n\n\n<div class=\"wp-block-column is-vertically-aligned-center is-layout-flow wp-block-column-is-layout-flow\">\n<h2 class=\"has-secondary-color has-text-color has-header-2-sm-font-size wp-block-heading\" style=\"font-style:normal;font-weight:700\"><strong><strong><strong>Encuentra Llantas que Funcionen Cuando Quiera y Donde Quiera<\/strong><\/strong><\/strong><\/h2>\n\n\n\n<p>Llantas de Todoterreno tienen dibujos especializados para varios terrenos y condiciones de tiempo. Eso es porque guardamos en nuestro inventario varias marcas de llantas durables para asegurar que pueda encontrar las que necesite para su veh\u00edculo y trabajo. Llame o visitenos y le ayudaremos a escoger las opciones derechas.<\/p>\n\n\n    \n<div class=\"responsive-spacer md:pt-4 pt-3\"><\/div>\n\n<style>\n.wp-admin .responsive-spacer {\n    background-color:#efefef;\n}\n<\/style>\n\n\n<div class=\"wp-block-buttons is-layout-flex wp-block-buttons-is-layout-flex\">\n<div class=\"wp-block-button has-wheel-icon\"><a class=\"wp-block-button__link has-cherry-to-crimson-horizontal-gradient-background has-background\" href=\"https:\/\/stmtires.com\/es\/servicios-comerciales-y-de-parques-moviles\/ingresa-de-cuentas-comerciales-y-de-parques-moviles\/\" style=\"border-top-left-radius:0px;border-top-right-radius:100px;border-bottom-left-radius:0px;border-bottom-right-radius:100px\">Haga una Cuenta Comercial<\/a><\/div>\n<\/div>\n\n\n    \n<div class=\"responsive-spacer md:pt-4 pt-3\"><\/div>\n\n<style>\n.wp-admin .responsive-spacer {\n    background-color:#efefef;\n}\n<\/style><\/div>\n<\/div>\n\n\n    \n<div class=\"responsive-spacer md:pt-8 pt-6\"><\/div>\n\n<style>\n.wp-admin .responsive-spacer {\n    background-color:#efefef;\n}\n<\/style><\/div>\n\n\n\n<div class=\"wp-block-cover alignfull\"><span aria-hidden=\"true\" class=\"wp-block-cover__background has-black-background-color has-background-dim-60 has-background-dim\"><\/span><img loading=\"lazy\" decoding=\"async\" width=\"1920\" height=\"764\" class=\"wp-block-cover__image-background wp-image-64399\" alt=\"Tractor pulling machine\" src=\"https:\/\/stmtires.com\/wp-content\/uploads\/2022\/04\/southern-tire-mart-find-tires-that-work-when-and-where-you-need-them_.jpg\" data-object-fit=\"cover\" srcset=\"https:\/\/stmtires.com\/wp-content\/uploads\/2022\/04\/southern-tire-mart-find-tires-that-work-when-and-where-you-need-them_.jpg 1920w, https:\/\/stmtires.com\/wp-content\/uploads\/2022\/04\/southern-tire-mart-find-tires-that-work-when-and-where-you-need-them_-300x119.jpg 300w, https:\/\/stmtires.com\/wp-content\/uploads\/2022\/04\/southern-tire-mart-find-tires-that-work-when-and-where-you-need-them_-1024x407.jpg 1024w, https:\/\/stmtires.com\/wp-content\/uploads\/2022\/04\/southern-tire-mart-find-tires-that-work-when-and-where-you-need-them_-768x306.jpg 768w, https:\/\/stmtires.com\/wp-content\/uploads\/2022\/04\/southern-tire-mart-find-tires-that-work-when-and-where-you-need-them_-1536x611.jpg 1536w, https:\/\/stmtires.com\/wp-content\/uploads\/2022\/04\/southern-tire-mart-find-tires-that-work-when-and-where-you-need-them_-600x239.jpg 600w\" sizes=\"auto, (max-width: 1920px) 100vw, 1920px\" \/><div class=\"wp-block-cover__inner-container is-layout-flow wp-block-cover-is-layout-flow\">\n<div class=\"wp-block-group is-layout-constrained wp-container-core-group-is-layout-39ce995c wp-block-group-is-layout-constrained\">\n<div class=\"wp-block-columns is-layout-flex wp-container-core-columns-is-layout-9d6595d7 wp-block-columns-is-layout-flex\">\n<div class=\"wp-block-column is-layout-flow wp-block-column-is-layout-flow\">    \n<div class=\"responsive-spacer md:pt-10 pt-8\"><\/div>\n\n<style>\n.wp-admin .responsive-spacer {\n    background-color:#efefef;\n}\n<\/style>\n\n\n<p class=\"font-primary has-regular-font-size\" style=\"text-transform:uppercase\"><strong>Equipando Necesidades de Todoterreno<\/strong><\/p>\n\n\n\n<hr class=\"wp-block-separator has-text-color has-white-color has-css-opacity has-white-background-color has-background is-style-default\"\/>\n\n\n\n<h2 class=\"has-white-color has-text-color has-header-2-sm-font-size wp-block-heading\"><strong><strong><strong>Busque Llantas para Maquinas Pesadas<\/strong><\/strong><\/strong><\/h2>\n\n\n\n<div class=\"wp-block-columns is-layout-flex wp-container-core-columns-is-layout-9d6595d7 wp-block-columns-is-layout-flex\">\n<div class=\"wp-block-column is-layout-flow wp-block-column-is-layout-flow\">\n<ul class=\"has-white-color has-text-color wp-block-list\"><li>Bulldozeres<\/li><li>Cargadores de Front-End<\/li><li>Tractores <\/li><li>Gr\u00faas de P\u00f3rtico con Llantas de Goma<\/li><li>Cosechadoras<\/li><li>Accesorios de Tractores<\/li><li>Motoniveladoras<\/li><li>Volquetes<\/li><li>Y Aun M\u00e1s<\/li><\/ul>\n<\/div>\n<\/div>\n\n\n    \n<div class=\"responsive-spacer md:pt-4 pt-3\"><\/div>\n\n<style>\n.wp-admin .responsive-spacer {\n    background-color:#efefef;\n}\n<\/style>\n\n\n<div class=\"wp-block-buttons is-layout-flex wp-block-buttons-is-layout-flex\">\n<div class=\"wp-block-button has-wheel-icon\"><a class=\"wp-block-button__link has-cherry-to-crimson-horizontal-gradient-background has-background\" href=\"https:\/\/stmtires.com\/es\/tienda\/?pa_tire-type%5B%5D=otr-construction\" style=\"border-top-left-radius:0px;border-top-right-radius:100px;border-bottom-left-radius:0px;border-bottom-right-radius:100px\">Compre Llantas de Todoterreno<\/a><\/div>\n<\/div>\n\n\n    \n<div class=\"responsive-spacer md:pt-10 pt-8\"><\/div>\n\n<style>\n.wp-admin .responsive-spacer {\n    background-color:#efefef;\n}\n<\/style><\/div>\n\n\n\n<div class=\"wp-block-column is-vertically-aligned-center is-layout-flow wp-block-column-is-layout-flow\"><\/div>\n<\/div>\n<\/div>\n<\/div><\/div>\n","protected":false},"excerpt":{"rendered":"<p>Llantas de Todoterreno, Agricultura, y Industriales Encuentra Llantas que Funcionen Cuando Quiera y Donde Quiera Llantas de Todoterreno tienen dibujos especializados para varios terrenos y condiciones de tiempo. Eso es porque guardamos en nuestro inventario varias marcas de llantas durables para asegurar que pueda encontrar las que necesite para su veh\u00edculo y trabajo. Llame o [&hellip;]<\/p>\n","protected":false},"author":2,"featured_media":0,"parent":64732,"menu_order":0,"comment_status":"closed","ping_status":"closed","template":"","meta":{"_acf_changed":false,"subheading":[],"footnotes":""},"class_list":["post-104520","page","type-page","status-publish","hentry"],"acf":[],"_links":{"self":[{"href":"https:\/\/stmtires.com\/es\/wp-json\/wp\/v2\/pages\/104520","targetHints":{"allow":["GET"]}}],"collection":[{"href":"https:\/\/stmtires.com\/es\/wp-json\/wp\/v2\/pages"}],"about":[{"href":"https:\/\/stmtires.com\/es\/wp-json\/wp\/v2\/types\/page"}],"author":[{"embeddable":true,"href":"https:\/\/stmtires.com\/es\/wp-json\/wp\/v2\/users\/2"}],"replies":[{"embeddable":true,"href":"https:\/\/stmtires.com\/es\/wp-json\/wp\/v2\/comments?post=104520"}],"version-history":[{"count":1,"href":"https:\/\/stmtires.com\/es\/wp-json\/wp\/v2\/pages\/104520\/revisions"}],"predecessor-version":[{"id":248714,"href":"https:\/\/stmtires.com\/es\/wp-json\/wp\/v2\/pages\/104520\/revisions\/248714"}],"up":[{"embeddable":true,"href":"https:\/\/stmtires.com\/es\/wp-json\/wp\/v2\/pages\/64732"}],"wp:attachment":[{"href":"https:\/\/stmtires.com\/es\/wp-json\/wp\/v2\/media?parent=104520"}],"curies":[{"name":"wp","href":"https:\/\/api.w.org\/{rel}","templated":true}]}}