{"id":104530,"date":"2022-04-26T09:46:43","date_gmt":"2022-04-26T14:46:43","guid":{"rendered":"https:\/\/website.dev.stmtires.com\/preguntas-frecuentes-de-llantas-y-vehiculos\/preguntas-frecuentes-autos-camionetas-y-suvs\/"},"modified":"2022-06-13T15:33:29","modified_gmt":"2022-06-13T20:33:29","slug":"preguntas-frecuentes-autos-camionetas-y-suvs","status":"publish","type":"page","link":"https:\/\/stmtires.com\/es\/preguntas-frecuentes-de-llantas-y-vehiculos\/preguntas-frecuentes-autos-camionetas-y-suvs\/","title":{"rendered":"Preguntas Frecuentes: Autos, Camionetas y SUVs"},"content":{"rendered":"\n<div class=\"wp-block-group is-layout-flow wp-block-group-is-layout-flow\">    \n<div class=\"responsive-spacer md:pt-6 pt-4\"><\/div>\n\n<style>\n.wp-admin .responsive-spacer {\n    background-color:#efefef;\n}\n<\/style>\n\n\n<div class=\"wp-block-group is-layout-constrained wp-container-core-group-is-layout-39ce995c wp-block-group-is-layout-constrained\">\n<div class=\"wp-block-columns is-layout-flex wp-container-core-columns-is-layout-9d6595d7 wp-block-columns-is-layout-flex\">\n<div class=\"wp-block-column is-layout-flow wp-block-column-is-layout-flow\">\n<h1 class=\"has-primary-color has-text-color has-header-2-lg-font-size wp-block-heading\" style=\"font-style:normal;font-weight:700\"><strong><strong><strong>Preguntas Frecuentes: <br>Autos, Camionetas y SUVs<\/strong><\/strong><\/strong><\/h1>\n<\/div>\n<\/div>\n<\/div>\n\n\n    \n<div class=\"responsive-spacer md:pt-6 pt-4\"><\/div>\n\n<style>\n.wp-admin .responsive-spacer {\n    background-color:#efefef;\n}\n<\/style><\/div>\n\n\n\n<div class=\"wp-block-group is-layout-constrained wp-container-core-group-is-layout-39ce995c wp-block-group-is-layout-constrained\">\n<div class=\"wp-block-columns are-vertically-aligned-top is-layout-flex wp-container-core-columns-is-layout-9d6595d7 wp-block-columns-is-layout-flex\">\n<div class=\"wp-block-column is-vertically-aligned-top md:pr-10 is-layout-flow wp-block-column-is-layout-flow\" style=\"flex-basis:65%\">    \n<div class=\"responsive-spacer md:pt-6 pt-4\"><\/div>\n\n<style>\n.wp-admin .responsive-spacer {\n    background-color:#efefef;\n}\n<\/style>\n\n\n<div class=\"wp-block-pb-accordion-item c-accordion__item js-accordion-item no-js\" data-initially-open=\"false\" data-click-to-close=\"true\" data-auto-close=\"true\" data-scroll=\"false\" data-scroll-offset=\"0\"><h3 id=\"at-1045300\" class=\"c-accordion__title js-accordion-controller\" role=\"button\"><strong>\u00bfCu\u00e1nto duran las llantas?<\/strong><\/h3><div id=\"ac-1045300\" class=\"c-accordion__content\">\n<p>El consumidor t\u00edpico maneja de 12,000 a 15,000 millas al a\u00f1o en promedio, lo que significa que los neum\u00e1ticos para todas las estaciones de alta calidad deber\u00edan durar entre tres y cinco a\u00f1os, seg\u00fan el uso del veh\u00edculo, las condiciones de conducci\u00f3n y la presi\u00f3n adecuada de las llantas.<\/p>\n<\/div><\/div>\n\n\n    \n<div class=\"responsive-spacer md:pt-6 pt-4\"><\/div>\n\n<style>\n.wp-admin .responsive-spacer {\n    background-color:#efefef;\n}\n<\/style>\n\n\n<div class=\"wp-block-pb-accordion-item c-accordion__item js-accordion-item no-js\" data-initially-open=\"false\" data-click-to-close=\"true\" data-auto-close=\"true\" data-scroll=\"false\" data-scroll-offset=\"0\"><h3 id=\"at-1045301\" class=\"c-accordion__title js-accordion-controller\" role=\"button\"><strong>\u00bfCu\u00e1ndo s\u00e9 si es tiempo para comprar llantas nuevas?<\/strong><\/h3><div id=\"ac-1045301\" class=\"c-accordion__content\">\n<p>Puedes hacer algo llamado \u00abPrueba de Centavo\u00bb. Tome un centavo y col\u00f3quelo de cabeza en la banda de rodadura de su llanta. Si puede ver la parte superior de la cabeza de Lincoln en todo momento, eso significa que la banda de rodadura de sus llantas est\u00e1 desgastada y es necesario reemplazarlas. Si al menos una parte de la cabeza de Lincoln no es visible, debe quedar suficiente profundidad de dibujo.<\/p>\n<\/div><\/div>\n\n\n    \n<div class=\"responsive-spacer md:pt-6 pt-4\"><\/div>\n\n<style>\n.wp-admin .responsive-spacer {\n    background-color:#efefef;\n}\n<\/style>\n\n\n<div class=\"wp-block-pb-accordion-item c-accordion__item js-accordion-item no-js\" data-initially-open=\"false\" data-click-to-close=\"true\" data-auto-close=\"true\" data-scroll=\"false\" data-scroll-offset=\"0\"><h3 id=\"at-1045302\" class=\"c-accordion__title js-accordion-controller\" role=\"button\"><strong>\u00bf<strong>Tengo que reemplazar todos mis llantas al mismo tiempo?<\/strong><\/strong><\/h3><div id=\"ac-1045302\" class=\"c-accordion__content\">\n<p>La respuesta corta es: \u00abDepende\u00bb. Los veh\u00edculos que tienen tracci\u00f3n en todas las ruedas deben reemplazar todas las llantas al mismo tiempo para evitar que se queme el tren motriz. Los veh\u00edculos con tracci\u00f3n delantera o trasera a menudo pueden reemplazar dos llantas a la vez, pero siempre consulte con uno de nuestros expertos para estar seguro.<\/p>\n<\/div><\/div>\n\n\n    \n<div class=\"responsive-spacer md:pt-6 pt-4\"><\/div>\n\n<style>\n.wp-admin .responsive-spacer {\n    background-color:#efefef;\n}\n<\/style>\n\n\n<div class=\"wp-block-pb-accordion-item c-accordion__item js-accordion-item no-js\" data-initially-open=\"false\" data-click-to-close=\"true\" data-auto-close=\"true\" data-scroll=\"false\" data-scroll-offset=\"0\"><h3 id=\"at-1045303\" class=\"c-accordion__title js-accordion-controller\" role=\"button\"><strong>\u00bfQu\u00e9 significa el \u00edndice de velocidad de una llanta?<\/strong><\/h3><div id=\"ac-1045303\" class=\"c-accordion__content\">\n<p>La clasificaci\u00f3n de velocidad de una llanta indica la velocidad t\u00edpica a la que se puede conducir con seguridad el neum\u00e1tico a lo largo del tiempo. En otras palabras, es lo m\u00e1s r\u00e1pido que puede conducir con ese neum\u00e1tico antes de que ya no funcione de manera \u00f3ptima. Cuanto mayor sea el \u00edndice de velocidad del neum\u00e1tico, mejor se manejar\u00e1 su veh\u00edculo a alta velocidad.<\/p>\n<\/div><\/div>\n\n\n    \n<div class=\"responsive-spacer md:pt-6 pt-4\"><\/div>\n\n<style>\n.wp-admin .responsive-spacer {\n    background-color:#efefef;\n}\n<\/style>\n\n\n<div class=\"wp-block-pb-accordion-item c-accordion__item js-accordion-item no-js\" data-initially-open=\"false\" data-click-to-close=\"true\" data-auto-close=\"true\" data-scroll=\"false\" data-scroll-offset=\"0\"><h3 id=\"at-1045304\" class=\"c-accordion__title js-accordion-controller\" role=\"button\"><strong>Definiciones de clasificaci\u00f3n de velocidad de llantas<\/strong>:<\/h3><div id=\"ac-1045304\" class=\"c-accordion__content\">\n<p>La clasificaci\u00f3n de velocidad de una llanta indica la velocidad t\u00edpica a la que se puede conducir con seguridad el neum\u00e1tico a lo largo del tiempo. En otras palabras, es lo m\u00e1s r\u00e1pido que puede conducir con ese neum\u00e1tico antes de que ya no funcione de manera \u00f3ptima. Cuanto mayor sea el \u00edndice de velocidad del neum\u00e1tico, mejor se manejar\u00e1 su veh\u00edculo a alta velocidad.<\/p>\n\n\n\n<figure class=\"wp-block-table\"><table><tbody><tr><td>Clasificaci\u00f3n de velocidad<\/td><td>Velocidad m\u00e1xima<\/td><\/tr><tr><td>B<\/td><td>Hasta 31 mph<\/td><\/tr><tr><td>C<\/td><td>Hasta 37 mph<\/td><\/tr><tr><td>D<\/td><td>Hasta 40 mph<\/td><\/tr><tr><td>E<\/td><td>Hasta 43 mph<\/td><\/tr><tr><td>F<\/td><td>Hasta 50 mph<\/td><\/tr><tr><td>G<\/td><td>Hasta 56 mph<\/td><\/tr><tr><td>J<\/td><td>Hasta 62 mph<\/td><\/tr><tr><td>K<\/td><td>Hasta 68 mph<\/td><\/tr><tr><td>L<\/td><td>Hasta 75 mph<\/td><\/tr><tr><td>M<\/td><td>Hasta 81 mph<\/td><\/tr><tr><td>N<\/td><td>Hasta 87 mph<\/td><\/tr><tr><td>P<\/td><td>Hasta 93 mph<\/td><\/tr><tr><td>Q<\/td><td>Hasta 100 mph<\/td><\/tr><tr><td>R<\/td><td>Hasta 106 mph<\/td><\/tr><tr><td>S<\/td><td>Hasta 112 mph<\/td><\/tr><tr><td>T<\/td><td>Hasta 118 mph<\/td><\/tr><tr><td>U<\/td><td>Hasta 124 mph<\/td><\/tr><tr><td>H<\/td><td>Hasta 130 mph<\/td><\/tr><tr><td>V<\/td><td>Hasta 149 mph<\/td><\/tr><tr><td>W<\/td><td>Hasta 168 mph<\/td><\/tr><tr><td>Y<\/td><td>Hasta 186 mph<\/td><\/tr><tr><td>Z<\/td><td>149 mph y m\u00e1s<\/td><\/tr><\/tbody><\/table><\/figure>\n<\/div><\/div>\n\n\n    \n<div class=\"responsive-spacer md:pt-6 pt-4\"><\/div>\n\n<style>\n.wp-admin .responsive-spacer {\n    background-color:#efefef;\n}\n<\/style>\n\n\n<div class=\"wp-block-pb-accordion-item c-accordion__item js-accordion-item no-js\" data-initially-open=\"false\" data-click-to-close=\"true\" data-auto-close=\"true\" data-scroll=\"false\" data-scroll-offset=\"0\"><h3 id=\"at-1045305\" class=\"c-accordion__title js-accordion-controller\" role=\"button\"><strong>\u00bfC\u00f3mo averiguo la presi\u00f3n de aire adecuada para mis llantas?<\/strong><\/h3><div id=\"ac-1045305\" class=\"c-accordion__content\">\n<p>Su autom\u00f3vil tiene una presi\u00f3n recomendada para sus llantas que le brindar\u00e1 la experiencia de conducci\u00f3n m\u00e1s segura y el mejor consumo de combustible. Por lo general, puede encontrar esta informaci\u00f3n en una calcoman\u00eda dentro de la puerta del conductor de su veh\u00edculo. Si no ve una etiqueta all\u00ed, deber\u00eda poder encontrar la presi\u00f3n de aire recomendada en el manual del propietario.<\/p>\n<\/div><\/div>\n\n\n    \n<div class=\"responsive-spacer md:pt-6 pt-4\"><\/div>\n\n<style>\n.wp-admin .responsive-spacer {\n    background-color:#efefef;\n}\n<\/style>\n\n\n<div class=\"wp-block-pb-accordion-item c-accordion__item js-accordion-item no-js\" data-initially-open=\"false\" data-click-to-close=\"true\" data-auto-close=\"true\" data-scroll=\"false\" data-scroll-offset=\"0\"><h3 id=\"at-1045306\" class=\"c-accordion__title js-accordion-controller\" role=\"button\"><strong>\u00bfC\u00f3mo leo el tama\u00f1o de las llantas?<\/strong><\/h3><div id=\"ac-1045306\" class=\"c-accordion__content\">\n<figure class=\"wp-block-image size-full\"><img loading=\"lazy\" decoding=\"async\" width=\"287\" height=\"161\" src=\"https:\/\/stmtires.com\/wp-content\/uploads\/2022\/05\/reading-a-tire-sidewall.jpg\" alt=\"Lectura del flanco de un neum\u00e1tico\" class=\"wp-image-153585\"\/><\/figure>\n\n\n    \n<div class=\"responsive-spacer md:pt-6 pt-4\"><\/div>\n\n<style>\n.wp-admin .responsive-spacer {\n    background-color:#efefef;\n}\n<\/style>\n\n\n<p><strong><em>1. Tipo de neum\u00e1tico<\/em><\/strong>: Designa el tipo de veh\u00edculo para el que est\u00e1 dise\u00f1ado el neum\u00e1tico: pasajero (P), cami\u00f3n ligero (LT), repuesto temporal (T) y remolques especiales (ST). Ninguna letra indica que el neum\u00e1tico es eurom\u00e9trico.<\/p>\n\n\n\n<p><strong><em>2. Ancho del neum\u00e1tico<\/em><\/strong>: Indica el ancho o grosor del neum\u00e1tico en mil\u00edmetros. Medido desde el punto m\u00e1s ancho de la pared lateral de un neum\u00e1tico hasta el punto m\u00e1s ancho de su pared interior. Tambi\u00e9n conocido como ancho de secci\u00f3n.<\/p>\n\n\n\n<p><strong><em>3. Relaci\u00f3n de aspecto:<\/em><\/strong> Identifica la relaci\u00f3n entre la altura de la pared lateral del neum\u00e1tico y el ancho del neum\u00e1tico. Aqu\u00ed, la altura de la pared lateral es el 55% del ancho. Una relaci\u00f3n m\u00e1s baja significa una altura de la pared lateral m\u00e1s peque\u00f1a, mejores curvas y una conducci\u00f3n m\u00e1s \u00e1spera.<\/p>\n\n\n\n<p><strong><em>4. Construcci\u00f3n:<\/em><\/strong> Se refiere a la construcci\u00f3n interna del neum\u00e1tico. Casi todas las llantas en la carretera tienen una construcci\u00f3n radial, lo que significa que las cuerdas de las capas de la carcasa dentro de la llanta se irradian directamente de un lado de la llanta al otro. Otras letras son D (diagonal) y B (con cintur\u00f3n).<\/p>\n\n\n\n<p><strong><em>5. Di\u00e1metro de la rueda:<\/em><\/strong> Indica el di\u00e1metro de la rueda para la que est\u00e1 dise\u00f1ado el neum\u00e1tico. En este caso, el neum\u00e1tico se ajustar\u00e1 a una rueda con un di\u00e1metro de 18 pulgadas.<\/p>\n\n\n\n<p><strong><em>6. Cargar \u00edndice:<\/em><\/strong> Se refiere al peso que un neum\u00e1tico puede soportar en su tasa m\u00e1xima de inflaci\u00f3n. El n\u00famero corresponde a una capacidad de carga que se encuentra en una tabla de \u00edndice de carga.<\/p>\n\n\n\n<p><strong><em>7. Clasificaci\u00f3n de velocidad: <\/em><\/strong>Designa la velocidad m\u00e1xima segura a la que est\u00e1 dise\u00f1ado el neum\u00e1tico para transportar una carga en determinadas condiciones. El rango de clasificaciones de velocidad es de A (m\u00e1s bajo) a Y (m\u00e1s alto), con la \u00fanica excepci\u00f3n de que H se encuentra entre U y V. No se recomienda exceder el l\u00edmite de velocidad legal.<\/p>\n<\/div><\/div>\n\n\n    \n<div class=\"responsive-spacer md:pt-6 pt-4\"><\/div>\n\n<style>\n.wp-admin .responsive-spacer {\n    background-color:#efefef;\n}\n<\/style>\n\n\n<div class=\"wp-block-pb-accordion-item c-accordion__item js-accordion-item no-js\" data-initially-open=\"false\" data-click-to-close=\"true\" data-auto-close=\"true\" data-scroll=\"false\" data-scroll-offset=\"0\"><h3 id=\"at-1045307\" class=\"c-accordion__title js-accordion-controller\" role=\"button\"><strong>\u00bfCon qu\u00e9 frecuencia necesito una rotaci\u00f3n de llantas?<\/strong><\/h3><div id=\"ac-1045307\" class=\"c-accordion__content\">\n<p>Cada 5,000 a 7,500 millas, seg\u00fan sus h\u00e1bitos de manejo.<\/p>\n<\/div><\/div>\n\n\n    \n<div class=\"responsive-spacer md:pt-6 pt-4\"><\/div>\n\n<style>\n.wp-admin .responsive-spacer {\n    background-color:#efefef;\n}\n<\/style>\n\n\n<div class=\"wp-block-pb-accordion-item c-accordion__item js-accordion-item no-js\" data-initially-open=\"false\" data-click-to-close=\"true\" data-auto-close=\"true\" data-scroll=\"false\" data-scroll-offset=\"0\"><h3 id=\"at-1045308\" class=\"c-accordion__title js-accordion-controller\" role=\"button\"><strong>\u00bfPuedo usar solo dos llantas de invierno?<\/strong><\/h3><div id=\"ac-1045308\" class=\"c-accordion__content\">\n<p>Nunca debe usar s\u00f3lo dos llantas de invierno. Si solo instala neum\u00e1ticos de invierno en su eje delantero, corre el riesgo de perder la tracci\u00f3n de los neum\u00e1ticos traseros en carreteras invernales.<\/p>\n<\/div><\/div>\n\n\n    \n<div class=\"responsive-spacer md:pt-6 pt-4\"><\/div>\n\n<style>\n.wp-admin .responsive-spacer {\n    background-color:#efefef;\n}\n<\/style>\n\n\n<div class=\"wp-block-pb-accordion-item c-accordion__item js-accordion-item no-js\" data-initially-open=\"false\" data-click-to-close=\"true\" data-auto-close=\"true\" data-scroll=\"false\" data-scroll-offset=\"0\"><h3 id=\"at-1045309\" class=\"c-accordion__title js-accordion-controller\" role=\"button\"><strong>\u00bfQu\u00e9 significa el rango de carga de una llanta?<\/strong><\/h3><div id=\"ac-1045309\" class=\"c-accordion__content\">\n<p>Rango de carga PSI (presi\u00f3n de aire) m\u00e1xima permitida de un neum\u00e1tico. Cuanto mayor sea el rango de carga de un neum\u00e1tico, m\u00e1s peso puede manejar.<\/p>\n\n\n\n<figure class=\"wp-block-table\"><table><tbody><tr><td>Rango de carga<\/td><td>Presi\u00f3n de aire m\u00e1xima<\/td><\/tr><tr><td>Carga est\u00e1ndar<\/td><td>36 PSI<\/td><\/tr><tr><td>Sobrecarga<\/td><td>42 PSI<\/td><\/tr><tr><td>C1<\/td><td>50 PSI<\/td><\/tr><tr><td>C2<\/td><td>35 PSI<\/td><\/tr><tr><td>D1<\/td><td>65 PSI<\/td><\/tr><tr><td>D2<\/td><td>50 PSI<\/td><\/tr><tr><td>E1<\/td><td>80 PSI<\/td><\/tr><tr><td>E2<\/td><td>65 PSI<\/td><\/tr><tr><td>F1<\/td><td>95 PSI<\/td><\/tr><tr><td>G<\/td><td>110 PSI<\/td><\/tr><\/tbody><\/table><\/figure>\n<\/div><\/div>\n\n\n    \n<div class=\"responsive-spacer md:pt-6 pt-4\"><\/div>\n\n<style>\n.wp-admin .responsive-spacer {\n    background-color:#efefef;\n}\n<\/style>\n\n\n<div class=\"wp-block-pb-accordion-item c-accordion__item js-accordion-item no-js\" data-initially-open=\"false\" data-click-to-close=\"true\" data-auto-close=\"true\" data-scroll=\"false\" data-scroll-offset=\"0\"><h3 id=\"at-10453010\" class=\"c-accordion__title js-accordion-controller\" role=\"button\"><strong>\u00bfQu\u00e9 significan los tipos de letra de la pared lateral?<\/strong><\/h3><div id=\"ac-10453010\" class=\"c-accordion__content\">\n<p>Ver la tabla a continuaci\u00f3n<\/p>\n\n\n\n<figure class=\"wp-block-table\"><table><tbody><tr><td>BL<\/td><td>Etiqueta negra: letras negras en la pared lateral<\/td><\/tr><tr><td>BS<\/td><td>Negra estilizada<\/td><\/tr><tr><td>BSW<\/td><td>Pared lateral negra<\/td><\/tr><tr><td>OBL<\/td><td>Letras negras delineadas<\/td><\/tr><tr><td>OWL \/ WL<\/td><td>Letras blanquecinas \/ Letras blancas<\/td><\/tr><tr><td>OWT<\/td><td>Letras blancas delineadas<\/td><\/tr><tr><td>RB<\/td><td>Letras negras rodeadas de blanco en la pared lateral<\/td><\/tr><tr><td>RBL<\/td><td>Letras negras elevadas o empotradas<\/td><\/tr><tr><td>RBT<\/td><td>Letras negras en relieve Tubless<\/td><\/tr><tr><td>RGL<\/td><td>Letras doradas en relieve<\/td><\/tr><tr><td>RWL<\/td><td>Letras blancas en relieve<\/td><\/tr><tr><td>SB<\/td><td>Raya negra dentada<\/td><\/tr><tr><td>SBL<\/td><td>Letras negras serradas<\/td><\/tr><tr><td>VSB<\/td><td>Banda dentada vertical<\/td><\/tr><tr><td>NW \/ WW \/ WWW<\/td><td>Pared lateral blanca<\/td><\/tr><\/tbody><\/table><\/figure>\n<\/div><\/div>\n\n\n    \n<div class=\"responsive-spacer md:pt-6 pt-4\"><\/div>\n\n<style>\n.wp-admin .responsive-spacer {\n    background-color:#efefef;\n}\n<\/style>\n\n\n<div class=\"wp-block-pb-accordion-item c-accordion__item js-accordion-item no-js\" data-initially-open=\"false\" data-click-to-close=\"true\" data-auto-close=\"true\" data-scroll=\"false\" data-scroll-offset=\"0\"><h3 id=\"at-10453011\" class=\"c-accordion__title js-accordion-controller\" role=\"button\"><strong>\u00bfCu\u00e1les son los diferentes tipos de llantas?<\/strong><\/h3><div id=\"ac-10453011\" class=\"c-accordion__content\">\n<p>A continuaci\u00f3n se enumeran algunos tipos de neum\u00e1ticos comunes y sus usos:<\/p>\n\n\n\n<p><strong>Toda la temporada:<\/strong><\/p>\n\n\n\n<p>Las llantas de turismo para todas las estaciones se utilizan para la conducci\u00f3n t\u00edpica en carretera y la tracci\u00f3n general para todas las estaciones. Por lo general, se utilizan para casi cualquier tipo de veh\u00edculo.<\/p>\n\n\n\n<p><strong>Competici\u00f3n:<\/strong><\/p>\n\n\n\n<p>Las llantas de competici\u00f3n est\u00e1n dise\u00f1adas espec\u00edficamente para ofrecer un alto rendimiento. Garantizan el contacto con la carretera en condiciones secas t\u00edpicas y, por lo general, est\u00e1n reforzados con materiales como el kevlar. Por lo general, ver\u00eda estas llantas en un autom\u00f3vil de carreras o deportivo, y no est\u00e1n dise\u00f1adas para la conducci\u00f3n diaria t\u00edpica.<\/p>\n\n\n\n<p><strong>Pasajero:<\/strong><\/p>\n\n\n\n<p>Las llantas para pasajeros est\u00e1n dise\u00f1adas para veh\u00edculos que transportan un gran n\u00famero de personas y est\u00e1n dise\u00f1adas para garantizar una conducci\u00f3n suave y silenciosa. Veh\u00edculos como hatchbacks, sed\u00e1n, SUV, coup\u00e9s, etc., utilizar\u00e1n este tipo de llanta.<\/p>\n\n\n\n<p><strong>Rendimiento:&nbsp;<\/strong><\/p>\n\n\n\n<p>Las llantas de rendimiento tienen ranuras m\u00e1s grandes para escenarios de clima h\u00famedo. Por lo general, tambi\u00e9n cuentan con clasificaciones de velocidad m\u00e1s altas y utilizan materiales especiales para un buen agarre superior.<\/p>\n\n\n\n<p><strong>Verano:<\/strong><\/p>\n\n\n\n<p>Las llantas de verano est\u00e1n destinadas a funcionar tanto en condiciones h\u00famedas como secas, pero no funcionan bien en invierno. Est\u00e1n espec\u00edficamente optimizados para un buen manejo en condiciones de clima c\u00e1lido.<\/p>\n\n\n\n<p><strong>Invierno:<\/strong><\/p>\n\n\n\n<p>Las llantas de invierno est\u00e1n destinadas a usarse en condiciones invernales resbaladizas. Tienen ranuras muy profundas que empujan hacia atr\u00e1s la nieve y el aguanieve. Los neum\u00e1ticos de invierno vienen en dos variedades: con clavos y sin clavos. Los neum\u00e1ticos de invierno con clavos tienen peque\u00f1os clavos de metal que permiten una tracci\u00f3n a\u00fan mejor en condiciones extremas, pero pueden ser muy ruidosos. Los neum\u00e1ticos de invierno sin clavos a\u00fan ofrecen una buena tracci\u00f3n, pero no funcionar\u00e1n tan bien en hielo como los neum\u00e1ticos de invierno con clavos.<\/p>\n\n\n\n<p><strong>Turismo:&nbsp;<\/strong><\/p>\n\n\n\n<p>Las llantas de turismo est\u00e1n construidas para brindar una conducci\u00f3n suave con un manejo superior. Normalmente tendr\u00e1n una clasificaci\u00f3n de velocidad m\u00e1s alta que un neum\u00e1tico t\u00edpico para todas las estaciones. Por lo general, encontrar\u00e1 neum\u00e1ticos de turismo utilizados con veh\u00edculos de alto rendimiento, deportivos y tipo sed\u00e1n.<\/p>\n\n\n\n<p><strong>Todo Terreno:<\/strong><\/p>\n\n\n\n<p>Los neum\u00e1ticos para todo terreno (AT) tienen una banda de rodadura profunda para garantizar una fuerte tracci\u00f3n en escenarios todoterrenos. Por lo general, encontrar\u00e1 este tipo de neum\u00e1ticos en jeeps y camiones que se conducen en terrenos accidentados.<\/p>\n<\/div><\/div>\n\n\n    \n<div class=\"responsive-spacer md:pt-6 pt-4\"><\/div>\n\n<style>\n.wp-admin .responsive-spacer {\n    background-color:#efefef;\n}\n<\/style><\/div>\n\n\n\n<div class=\"wp-block-column is-layout-flow wp-block-column-is-layout-flow\"><div id=\"card-block_6267f9a0a6fa5\" class=\"card-block group h-full pt-16 pb-8 relative\">\n\t<div class=\"shadow bg-white p-8 h-full\">\n\t\t<div style=\"background-image: url('https:\/\/stmtires.com\/wp-content\/uploads\/2022\/04\/stm-commercial-tire-300x300.png');\" class=\"relative bg-no-repeat bg-center bg-cover w-24 md:w-32 xl:w-48 h-24 md:h-32 xl:h-48 rounded-full transform overflow-hidden -translate-y-24 mb-8 mx-auto shadow-lg\">\n\t\t\t<div class=\"bg-secondary opacity-0 group-hover:opacity-75 transition-opacity duration-200 absolute inset-0 w-full h-full\"><\/div>\n\t\t\t\n\t\t<\/div>\n\t\t<div class=\"-mt-24\">\n\t\t\t\n\n<h3 class=\"has-text-align-center has-header-3-sm-font-size wp-block-heading\"><strong><strong>Compre Llantas<\/strong><\/strong><\/h3>\n\n\n\t\t<\/div>\n\t<\/div>\n\n    \n\n\t\t\t\n\t\t<a class=\"card-block-link absolute w-full h-full inset-0 cursor-pointer\" href=\"https:\/\/stmtires.com\/es\/autos-camionetas-y-suvs\/llantas-para-autos-camionetas-y-suvs\/\"  target=\"\" title=\"Llantas para Autos, Camionetas, y SUVs\"><\/a>\n\n\t<\/div>\n<\/div>\n<\/div>\n<\/div>\n\n\n    \n<div class=\"responsive-spacer md:pt-12 pt-10\"><\/div>\n\n<style>\n.wp-admin .responsive-spacer {\n    background-color:#efefef;\n}\n<\/style>","protected":false},"excerpt":{"rendered":"<p>Preguntas Frecuentes: Autos, Camionetas y SUVs<\/p>\n","protected":false},"author":2,"featured_media":0,"parent":64958,"menu_order":0,"comment_status":"closed","ping_status":"closed","template":"","meta":{"_acf_changed":false,"subheading":[],"footnotes":""},"class_list":["post-104530","page","type-page","status-publish","hentry"],"acf":[],"_links":{"self":[{"href":"https:\/\/stmtires.com\/es\/wp-json\/wp\/v2\/pages\/104530","targetHints":{"allow":["GET"]}}],"collection":[{"href":"https:\/\/stmtires.com\/es\/wp-json\/wp\/v2\/pages"}],"about":[{"href":"https:\/\/stmtires.com\/es\/wp-json\/wp\/v2\/types\/page"}],"author":[{"embeddable":true,"href":"https:\/\/stmtires.com\/es\/wp-json\/wp\/v2\/users\/2"}],"replies":[{"embeddable":true,"href":"https:\/\/stmtires.com\/es\/wp-json\/wp\/v2\/comments?post=104530"}],"version-history":[{"count":0,"href":"https:\/\/stmtires.com\/es\/wp-json\/wp\/v2\/pages\/104530\/revisions"}],"up":[{"embeddable":true,"href":"https:\/\/stmtires.com\/es\/wp-json\/wp\/v2\/pages\/64958"}],"wp:attachment":[{"href":"https:\/\/stmtires.com\/es\/wp-json\/wp\/v2\/media?parent=104530"}],"curies":[{"name":"wp","href":"https:\/\/api.w.org\/{rel}","templated":true}]}}