{"id":104532,"date":"2022-04-26T09:40:10","date_gmt":"2022-04-26T14:40:10","guid":{"rendered":"https:\/\/website.dev.stmtires.com\/preguntas-frecuentes-de-llantas-y-vehiculos\/preguntas-frecuentes-vehiculos-comerciales\/"},"modified":"2022-10-14T09:17:19","modified_gmt":"2022-10-14T14:17:19","slug":"preguntas-frecuentes-vehiculos-comerciales","status":"publish","type":"page","link":"https:\/\/stmtires.com\/es\/preguntas-frecuentes-de-llantas-y-vehiculos\/preguntas-frecuentes-vehiculos-comerciales\/","title":{"rendered":"Preguntas Frecuentes: Veh\u00edculos Comerciales"},"content":{"rendered":"\n<div class=\"wp-block-group is-layout-flow wp-block-group-is-layout-flow\">    \n<div class=\"responsive-spacer md:pt-6 pt-4\"><\/div>\n\n<style>\n.wp-admin .responsive-spacer {\n    background-color:#efefef;\n}\n<\/style>\n\n\n<div class=\"wp-block-group is-layout-constrained wp-container-core-group-is-layout-39ce995c wp-block-group-is-layout-constrained\">\n<div class=\"wp-block-columns is-layout-flex wp-container-core-columns-is-layout-9d6595d7 wp-block-columns-is-layout-flex\">\n<div class=\"wp-block-column is-layout-flow wp-block-column-is-layout-flow\">\n<h1 class=\"has-secondary-color has-text-color has-header-2-lg-font-size wp-block-heading\" style=\"font-style:normal;font-weight:700\"><strong><strong>Preguntas Frecuentes: <br>Veh\u00edculos Comerciales<\/strong><\/strong><\/h1>\n<\/div>\n<\/div>\n<\/div>\n\n\n    \n<div class=\"responsive-spacer md:pt-6 pt-4\"><\/div>\n\n<style>\n.wp-admin .responsive-spacer {\n    background-color:#efefef;\n}\n<\/style><\/div>\n\n\n\n<div class=\"wp-block-group is-layout-constrained wp-container-core-group-is-layout-39ce995c wp-block-group-is-layout-constrained\">\n<div class=\"wp-block-columns are-vertically-aligned-top is-layout-flex wp-container-core-columns-is-layout-9d6595d7 wp-block-columns-is-layout-flex\">\n<div class=\"wp-block-column is-vertically-aligned-top md:pr-10 is-layout-flow wp-block-column-is-layout-flow\" style=\"flex-basis:65%\">\n<div class=\"wp-block-pb-accordion-item c-accordion__item js-accordion-item no-js\" data-initially-open=\"false\" data-click-to-close=\"true\" data-auto-close=\"true\" data-scroll=\"false\" data-scroll-offset=\"0\"><h2 id=\"at-1045320\" class=\"c-accordion__title js-accordion-controller\" role=\"button\"><strong>\u00bfCu\u00e1les son algunos de los beneficios de tener una cuenta comercial con Southern Tire Mart?<\/strong><\/h2><div id=\"ac-1045320\" class=\"c-accordion__content\">\n<p>Al registrarse para obtener una cuenta comercial de Southern Tire Mart, se beneficiar\u00e1 de la asistencia en la carretera que puede hacer que los conductores vuelvan a la carretera en poco tiempo y del servicio al cliente las 24 horas, los 7 d\u00edas de la semana. semana a trav\u00e9s de nuestro amable y experto centro de llamadas.<\/p>\n<\/div><\/div>\n\n\n    \n<div class=\"responsive-spacer md:pt-6 pt-4\"><\/div>\n\n<style>\n.wp-admin .responsive-spacer {\n    background-color:#efefef;\n}\n<\/style>\n\n\n<div class=\"wp-block-pb-accordion-item c-accordion__item js-accordion-item no-js\" data-initially-open=\"false\" data-click-to-close=\"true\" data-auto-close=\"true\" data-scroll=\"false\" data-scroll-offset=\"0\"><h2 id=\"at-1045321\" class=\"c-accordion__title js-accordion-controller\" role=\"button\"><strong>\u00bfC\u00f3mo me registro para una cuenta comercial?<\/strong><\/h2><div id=\"ac-1045321\" class=\"c-accordion__content\">\n<p><a href=\"https:\/\/stmtires.com\/es\/servicios-comerciales-y-de-parques-moviles\/ingresa-de-cuentas-comerciales-y-de-parques-moviles\/\">Visite<\/a> o llame <a href=\"tel:+18777868473\">(877) 786-8473<\/a><\/p>\n<\/div><\/div>\n\n\n    \n<div class=\"responsive-spacer md:pt-6 pt-4\"><\/div>\n\n<style>\n.wp-admin .responsive-spacer {\n    background-color:#efefef;\n}\n<\/style>\n\n\n<div class=\"wp-block-pb-accordion-item c-accordion__item js-accordion-item no-js\" data-initially-open=\"false\" data-click-to-close=\"true\" data-auto-close=\"true\" data-scroll=\"false\" data-scroll-offset=\"0\"><h2 id=\"at-1045322\" class=\"c-accordion__title js-accordion-controller\" role=\"button\"><strong>\u00bfCu\u00e1les son algunos de los servicios comerciales que ofrece para neum\u00e1ticos?<\/strong><\/h2><div id=\"ac-1045322\" class=\"c-accordion__content\">\n<ul class=\"wp-block-list\"><li>Reacondicionamiento de ruedas y llantas con pintura en polvo<\/li><li>Recauchutados<\/li><li>Equilibrado de neum\u00e1ticos y ruedas<\/li><li>Programas de ruedas montadas<\/li><li>Alineaci\u00f3n de camiones<\/li><li>Inspecciones de flota<\/li><li>Ubicaciones certificadas por TIA<\/li><\/ul>\n<\/div><\/div>\n\n\n    \n<div class=\"responsive-spacer md:pt-6 pt-4\"><\/div>\n\n<style>\n.wp-admin .responsive-spacer {\n    background-color:#efefef;\n}\n<\/style>\n\n\n<div class=\"wp-block-pb-accordion-item c-accordion__item js-accordion-item no-js\" data-initially-open=\"false\" data-click-to-close=\"true\" data-auto-close=\"true\" data-scroll=\"false\" data-scroll-offset=\"0\"><h2 id=\"at-1045323\" class=\"c-accordion__title js-accordion-controller\" role=\"button\"><strong>\u00bfQu\u00e9 tipos de veh\u00edculos comerciales atienden?<\/strong><\/h2><div id=\"ac-1045323\" class=\"c-accordion__content\">\n<p>Damos servicio a todo tipo de veh\u00edculos comerciales, incluidos:<\/p>\n\n\n\n<ul class=\"wp-block-list\"><li>Camiones Comerciales<\/li><li>Camiones<\/li><li>Camionetas<\/li><li>Furgonetas de Paso<\/li><li>Furgonetas de Cargamento<\/li><li>Furgonetas de Pasajeros<\/li><li>Autobuses<\/li><li>Autocares<\/li><li>Autobuses de enlace<\/li><li>Maquinarias<\/li><li>Veh\u00edculos Especiales<\/li><li>Autos Comerciales<\/li><\/ul>\n<\/div><\/div>\n\n\n    \n<div class=\"responsive-spacer md:pt-6 pt-4\"><\/div>\n\n<style>\n.wp-admin .responsive-spacer {\n    background-color:#efefef;\n}\n<\/style>\n\n\n<div class=\"wp-block-pb-accordion-item c-accordion__item js-accordion-item no-js\" data-initially-open=\"false\" data-click-to-close=\"true\" data-auto-close=\"true\" data-scroll=\"false\" data-scroll-offset=\"0\"><h2 id=\"at-1045324\" class=\"c-accordion__title js-accordion-controller\" role=\"button\"><strong>\u00bfQu\u00e9 tipos de servicios est\u00e1n disponibles con asistencia en carretera 24\/7?<\/strong><\/h2><div id=\"ac-1045324\" class=\"c-accordion__content\">\n<p>Ofrecemos una variedad de servicios a trav\u00e9s de nuestra asistencia en carretera las 24 horas, los 7 d\u00edas de la semana, que incluyen:<\/p>\n\n\n\n<ul class=\"wp-block-list\"><li>Arreglos de Freno<\/li><li>Alineaci\u00f3n de Rueda<\/li><li>Arreglos de Alternador<\/li><li>Recargas de Bater\u00eda<\/li><li>Arreglos de Llantas Desinfladas<\/li><li>Entregas de Combustibles<\/li><li>Servicos de abrir<\/li><li>Y otros arreglos sencillos<\/li><\/ul>\n<\/div><\/div>\n\n\n    \n<div class=\"responsive-spacer md:pt-6 pt-4\"><\/div>\n\n<style>\n.wp-admin .responsive-spacer {\n    background-color:#efefef;\n}\n<\/style>\n\n\n<div class=\"wp-block-pb-accordion-item c-accordion__item js-accordion-item no-js\" data-initially-open=\"false\" data-click-to-close=\"true\" data-auto-close=\"true\" data-scroll=\"false\" data-scroll-offset=\"0\"><h2 id=\"at-1045325\" class=\"c-accordion__title js-accordion-controller\" role=\"button\"><strong>\u00bfC\u00f3mo nos registramos como cliente del gobierno?<\/strong><\/h2><div id=\"ac-1045325\" class=\"c-accordion__content\">\n<p>Nuestros clientes del gobierno llenar\u00e1n nuestra solicitud de cr\u00e9dito del gobierno. Este formulario nos permite abrir una cuenta en nuestro sistema inform\u00e1tico para garantizar que su direcci\u00f3n de entrega y env\u00edo sea correcta. Si est\u00e1 exento del impuesto sobre las ventas, tambi\u00e9n deber\u00e1 proporcionar una copia de su formulario de exenci\u00f3n del impuesto sobre las ventas. Entregue este formulario a su tienda STM local.<\/p>\n<\/div><\/div>\n\n\n    \n<div class=\"responsive-spacer md:pt-6 pt-4\"><\/div>\n\n<style>\n.wp-admin .responsive-spacer {\n    background-color:#efefef;\n}\n<\/style><\/div>\n\n\n\n<div class=\"wp-block-column is-layout-flow wp-block-column-is-layout-flow\"><div id=\"card-block_6bde415bd6cd02315073a0806045073b\" class=\"card-block group h-full pt-16 pb-8 relative\">\n\t<div class=\"shadow bg-white p-8 h-full\">\n\t\t<div style=\"background-image: url('https:\/\/stmtires.com\/wp-content\/uploads\/2022\/10\/southern-tire-mart-shop-for-tires-1-300x300.jpg');\" class=\"relative bg-no-repeat bg-center bg-cover w-24 md:w-32 xl:w-48 h-24 md:h-32 xl:h-48 rounded-full transform overflow-hidden -translate-y-24 mb-8 mx-auto shadow-lg\">\n\t\t\t<div class=\"bg-secondary opacity-0 group-hover:opacity-75 transition-opacity duration-200 absolute inset-0 w-full h-full\"><\/div>\n\t\t\t\n\t\t<\/div>\n\t\t<div class=\"-mt-24\">\n\t\t\t\n\n<h3 class=\"has-text-align-center has-header-3-sm-font-size wp-block-heading\"><strong><strong>Compre Llantas<\/strong><\/strong><\/h3>\n\n\n\t\t<\/div>\n\t<\/div>\n\n    \n\n\t\t\t\n\t\t<a class=\"card-block-link absolute w-full h-full inset-0 cursor-pointer\" href=\"https:\/\/stmtires.com\/es\/servicios-comerciales-y-de-parques-moviles\/compre-llantas-para-vehiculos-comerciales\/\"  target=\"\" title=\"Compre Llantas para Veh\u00edculos Comerciales\"><\/a>\n\n\t<\/div>\n<\/div>\n<\/div>\n<\/div>\n\n\n    \n<div class=\"responsive-spacer md:pt-12 pt-10\"><\/div>\n\n<style>\n.wp-admin .responsive-spacer {\n    background-color:#efefef;\n}\n<\/style>","protected":false},"excerpt":{"rendered":"<p>Preguntas Frecuentes: Veh\u00edculos Comerciales<\/p>\n","protected":false},"author":2,"featured_media":0,"parent":64958,"menu_order":0,"comment_status":"closed","ping_status":"closed","template":"","meta":{"_acf_changed":false,"subheading":[],"footnotes":""},"class_list":["post-104532","page","type-page","status-publish","hentry"],"acf":[],"_links":{"self":[{"href":"https:\/\/stmtires.com\/es\/wp-json\/wp\/v2\/pages\/104532","targetHints":{"allow":["GET"]}}],"collection":[{"href":"https:\/\/stmtires.com\/es\/wp-json\/wp\/v2\/pages"}],"about":[{"href":"https:\/\/stmtires.com\/es\/wp-json\/wp\/v2\/types\/page"}],"author":[{"embeddable":true,"href":"https:\/\/stmtires.com\/es\/wp-json\/wp\/v2\/users\/2"}],"replies":[{"embeddable":true,"href":"https:\/\/stmtires.com\/es\/wp-json\/wp\/v2\/comments?post=104532"}],"version-history":[{"count":3,"href":"https:\/\/stmtires.com\/es\/wp-json\/wp\/v2\/pages\/104532\/revisions"}],"predecessor-version":[{"id":248727,"href":"https:\/\/stmtires.com\/es\/wp-json\/wp\/v2\/pages\/104532\/revisions\/248727"}],"up":[{"embeddable":true,"href":"https:\/\/stmtires.com\/es\/wp-json\/wp\/v2\/pages\/64958"}],"wp:attachment":[{"href":"https:\/\/stmtires.com\/es\/wp-json\/wp\/v2\/media?parent=104532"}],"curies":[{"name":"wp","href":"https:\/\/api.w.org\/{rel}","templated":true}]}}