{"id":104537,"date":"2022-04-26T09:08:58","date_gmt":"2022-04-26T14:08:58","guid":{"rendered":"https:\/\/website.dev.stmtires.com\/privacidad\/"},"modified":"2025-02-14T09:42:54","modified_gmt":"2025-02-14T15:42:54","slug":"privacidad","status":"publish","type":"page","link":"https:\/\/stmtires.com\/es\/privacidad\/","title":{"rendered":"Privacidad"},"content":{"rendered":"    \n<div class=\"responsive-spacer md:pt-8 pt-6\"><\/div>\n\n<style>\n.wp-admin .responsive-spacer {\n    background-color:#efefef;\n}\n<\/style>\n\n\n<div class=\"wp-block-group is-layout-constrained wp-container-core-group-is-layout-39ce995c wp-block-group-is-layout-constrained\">\n<div class=\"wp-block-columns is-layout-flex wp-container-core-columns-is-layout-9d6595d7 wp-block-columns-is-layout-flex\">\n<div class=\"wp-block-column md:pr-10 is-layout-flow wp-block-column-is-layout-flow\" style=\"flex-basis:70%\">\n<h1 class=\"wp-block-heading has-header-2-sm-font-size\"><strong>Privacidad<\/strong><\/h1>\n\n\n\n<p><strong>\u00daltima actualizaci\u00f3n: 06\/12\/2019<\/strong><\/p>\n\n\n    \n<div class=\"responsive-spacer md:pt-4 pt-3\"><\/div>\n\n<style>\n.wp-admin .responsive-spacer {\n    background-color:#efefef;\n}\n<\/style>\n\n\n<p><strong>\u00bfQu\u00e9 informaci\u00f3n se recopila y procesa?<\/strong> Southern Tire Mart y\/o el proveedor de servicios del sitio web de Southern Tire Mart (\u00ab\u00bb), pueden recopilar y procesar su informaci\u00f3n personal y no personal cuando se registra en el sitio, realiza pedidos, env\u00eda solicitudes de cotizaciones, env\u00eda solicitudes de precios, se suscribe a boletines, responder a encuestas, interactuar con enlaces internos y externos, o completar formularios. La informaci\u00f3n personal son datos que se pueden utilizar para identificar de forma \u00fanica o contactar a una sola persona. La informaci\u00f3n no personal son datos en un formato que no permite la asociaci\u00f3n directa con ning\u00fan individuo espec\u00edfico.<\/p>\n\n\n\n<p>Adem\u00e1s, Southern Tire Mart compila y mantiene su propia base de datos de clientes, que es independiente y aparte de la informaci\u00f3n compilada y mantenida por.<\/p>\n\n\n    \n<div class=\"responsive-spacer md:pt-4 pt-3\"><\/div>\n\n<style>\n.wp-admin .responsive-spacer {\n    background-color:#efefef;\n}\n<\/style>\n\n\n<p><strong>\u00bfQu\u00e9 categor\u00edas de informaci\u00f3n personal se recopilan y procesan?<\/strong><\/p>\n\n\n\n<p>Podemos recopilar y procesar las siguientes categor\u00edas de informaci\u00f3n personal:<\/p>\n\n\n\n<ol class=\"wp-block-list\">\n<li><strong>Identificadores<\/strong> como su nombre real, alias, direcci\u00f3n de correo electr\u00f3nico, direcci\u00f3n postal, n\u00famero de tel\u00e9fono, n\u00famero de tarjeta de cr\u00e9dito, direcci\u00f3n IP e identificadores similares<\/li>\n\n\n\n<li><strong>Seleccione la informaci\u00f3n en los registros del cliente<\/strong>, incluidos el nombre, la direcci\u00f3n, el n\u00famero de tel\u00e9fono, la educaci\u00f3n, el historial laboral, el n\u00famero de cuenta bancaria, el n\u00famero de tarjeta de cr\u00e9dito, el n\u00famero de tarjeta de d\u00e9bito, etc.<\/li>\n\n\n\n<li><strong>Informaci\u00f3n comercial<\/strong>, como registros de productos o servicios comprados, obtenidos o considerados, u otros antecedentes y tendencias de consumo<\/li>\n\n\n\n<li><strong>Actividad de Internet o de la red electr\u00f3nica<\/strong>, incluidos, entre otros, el historial de navegaci\u00f3n, el historial de b\u00fasqueda y la informaci\u00f3n sobre la interacci\u00f3n de un consumidor con el sitio web, la aplicaci\u00f3n o el anuncio de Internet.<\/li>\n\n\n\n<li><strong>Datos de geolocalizaci\u00f3n<\/strong><\/li>\n\n\n\n<li><strong>Informaci\u00f3n profesional o relacionada con el empleo<\/strong><\/li>\n\n\n\n<li><strong>Informaci\u00f3n sobre Educaci\u00f3n<\/strong><\/li>\n\n\n\n<li><strong>Inferencias<\/strong> extra\u00eddas de cualquiera de las categor\u00edas anteriores para crear un perfil que refleje las preferencias, predisposiciones, comportamiento, habilidades, etc. de un consumidor.<\/li>\n<\/ol>\n\n\n    \n<div class=\"responsive-spacer md:pt-4 pt-3\"><\/div>\n\n<style>\n.wp-admin .responsive-spacer {\n    background-color:#efefef;\n}\n<\/style>\n\n\n<p><strong>\u00bfPara qu\u00e9 fines puede ser utilizada su informaci\u00f3n?<\/strong> intercambia informaci\u00f3n personal y no personal con Southern Tire Mart para uno o m\u00e1s de los siguientes prop\u00f3sitos:<\/p>\n\n\n\n<ul class=\"wp-block-list\">\n<li>Para responder a las solicitudes de presupuestos y precios<\/li>\n\n\n\n<li>Para responder consultas sobre servicios, productos u otras solicitudes de informaci\u00f3n<\/li>\n\n\n\n<li>Para mejorar el sitio web en funci\u00f3n de la informaci\u00f3n y los comentarios recibidos de usted<\/li>\n\n\n\n<li>Para mejorar el servicio al cliente respondiendo de manera m\u00e1s efectiva a sus solicitudes de servicio al cliente y necesidades de soporte<\/li>\n\n\n\n<li>Para publicar rese\u00f1as p\u00fablicas y testimonios que env\u00ede<\/li>\n\n\n\n<li>Para administrar un concurso, promoci\u00f3n, encuesta u otra caracter\u00edstica del sitio<\/li>\n\n\n\n<li>Para enviar correos electr\u00f3nicos peri\u00f3dicos, que incluir\u00e1n una opci\u00f3n para darse de baja en cualquier momento actualizando sus preferencias<\/li>\n<\/ul>\n\n\n\n<p>La direcci\u00f3n de correo electr\u00f3nico que proporcione para cualquier formulario en el sitio web puede usarse para enviar informaci\u00f3n y actualizaciones relacionadas con su solicitud espec\u00edfica, adem\u00e1s de recibir noticias ocasionales de la compa\u00f1\u00eda, actualizaciones, informaci\u00f3n relacionada con productos o servicios, etc.<\/p>\n\n\n\n<p>Excepto de conformidad con esta Pol\u00edtica de privacidad, no vende, intercambia, transfiere ni proporciona a ninguna otra empresa su informaci\u00f3n personal por ning\u00fan motivo, sin su consentimiento.<\/p>\n\n\n    \n<div class=\"responsive-spacer md:pt-4 pt-3\"><\/div>\n\n<style>\n.wp-admin .responsive-spacer {\n    background-color:#efefef;\n}\n<\/style>\n\n\n<p><strong>\u00bfC\u00f3mo recopilamos informaci\u00f3n?<\/strong><\/p>\n\n\n\n<p>Obtenemos informaci\u00f3n personal de las siguientes fuentes:<\/p>\n\n\n\n<ul class=\"wp-block-list\">\n<li>Directamente de usted a trav\u00e9s de la informaci\u00f3n que ingresa en los formularios de nuestro sitio web o divulga a trav\u00e9s del correo electr\u00f3nico<\/li>\n\n\n\n<li>Indirectamente a trav\u00e9s de cookies, datos de an\u00e1lisis web, interacciones con nuestros anunciantes y aplicaciones de terceros que se ejecutan en nuestro sitio web, como mensajeros basados \u200b\u200ben la web.<\/li>\n<\/ul>\n\n\n    \n<div class=\"responsive-spacer md:pt-4 pt-3\"><\/div>\n\n<style>\n.wp-admin .responsive-spacer {\n    background-color:#efefef;\n}\n<\/style>\n\n\n<p><strong>C\u00f3mo solicitar acceso, cambiar, mover o eliminar sus datos personales<\/strong><\/p>\n\n\n\n<p>Utilice <a href=\"https:\/\/www.stmtires.com\/customerdataform.aspx\"><u>este formulario<\/u><\/a> para enviar una solicitud de acceso, cambio, traslado o eliminaci\u00f3n de datos personales recopilados por Southern Tire Mart. Tambi\u00e9n puede llamar a nuestra oficina corporativa a este n\u00famero de tel\u00e9fono: <a href=\"tel:+16204243200\">(620) 424-3200<\/a>.<\/p>\n\n\n\n<p>Debe comunicarse con Southern Tire Mart para solicitudes relacionadas con los datos personales recopilados y procesados \u200b\u200bpor Southern Tire Mart.<\/p>\n\n\n    \n<div class=\"responsive-spacer md:pt-4 pt-3\"><\/div>\n\n<style>\n.wp-admin .responsive-spacer {\n    background-color:#efefef;\n}\n<\/style>\n\n\n<p><strong>\u00bfC\u00f3mo solicito que no se venda mi informaci\u00f3n?<\/strong><\/p>\n\n\n\n<p>No vende su informaci\u00f3n personal.<\/p>\n\n\n    \n<div class=\"responsive-spacer md:pt-4 pt-3\"><\/div>\n\n<style>\n.wp-admin .responsive-spacer {\n    background-color:#efefef;\n}\n<\/style>\n\n\n<p><strong>\u00bfSe utilizan cookies?<\/strong> S\u00ed. Las cookies son peque\u00f1os archivos que un sitio o su proveedor de servicios transfiere al disco duro de su computadora a trav\u00e9s de su navegador web (si lo permite) que permite que los sitios o los sistemas del proveedor de servicios reconozcan su navegador y capturen y recuerden cierta informaci\u00f3n.<\/p>\n\n\n\n<p>Las cookies se utilizan para ayudar a recordar y procesar los art\u00edculos en su carrito de compras y comprender y guardar sus preferencias para futuras visitas.<\/p>\n\n\n\n<p>La informaci\u00f3n recopilada por las cookies y otras tecnolog\u00edas se trata como informaci\u00f3n no personal. Sin embargo, en la medida en que las direcciones de Protocolo de Internet (IP) o identificadores similares se consideren informaci\u00f3n personal por la ley local o federal, estos identificadores tambi\u00e9n se tratan como informaci\u00f3n personal.<\/p>\n\n\n    \n<div class=\"responsive-spacer md:pt-4 pt-3\"><\/div>\n\n<style>\n.wp-admin .responsive-spacer {\n    background-color:#efefef;\n}\n<\/style>\n\n\n<p><strong>\u00bfSe divulga alguna informaci\u00f3n a terceros?<\/strong> Su informaci\u00f3n personal no es vendida, comercializada o transferida de otra manera a terceros por . Su informaci\u00f3n personal puede divulgarse cuando la divulgaci\u00f3n sea necesaria para cumplir con los requisitos legales. Su informaci\u00f3n personal tambi\u00e9n puede divulgarse si la divulgaci\u00f3n es razonablemente necesaria para hacer cumplir los T\u00e9rminos y condiciones de uso o para proteger las operaciones de la empresa o los usuarios del sitio. La informaci\u00f3n no personal del visitante se puede proporcionar a terceros para fines de marketing, publicidad u otros usos.<\/p>\n\n\n    \n<div class=\"responsive-spacer md:pt-4 pt-3\"><\/div>\n\n<style>\n.wp-admin .responsive-spacer {\n    background-color:#efefef;\n}\n<\/style>\n\n\n<p><strong>Sitios y servicios de terceros:<\/strong> el sitio web, las aplicaciones y los servicios pueden contener enlaces a sitios web, productos y servicios de terceros. Los servicios tambi\u00e9n pueden utilizar u ofrecer productos o servicios de terceros. La informaci\u00f3n recopilada por terceros, que puede incluir datos de ubicaci\u00f3n o detalles de contacto, se rige por las pr\u00e1cticas de privacidad respectivas de cada tercero. Le animamos a leer las pr\u00e1cticas de privacidad de esos terceros.<\/p>\n\n\n\n<p>Este sitio est\u00e1 siendo monitoreado por uno o m\u00e1s softwares de terceros y puede capturar informaci\u00f3n sobre su visita. Puede optar por no participar en la recopilaci\u00f3n de datos en su visita a trav\u00e9s de una p\u00e1gina universal de opciones para el consumidor ubicada en <a href=\"http:\/\/collectionoptoutservices.com\">http:\/\/collectionoptoutservices.com<\/a>.<\/p>\n\n\n    \n<div class=\"responsive-spacer md:pt-4 pt-3\"><\/div>\n\n<style>\n.wp-admin .responsive-spacer {\n    background-color:#efefef;\n}\n<\/style>\n\n\n<p><strong>Cumplimiento de la Ley de protecci\u00f3n de la privacidad en l\u00ednea de California:<\/strong> se toman las precauciones necesarias para cumplir con la Ley de protecci\u00f3n de la privacidad en l\u00ednea de California. Salvo en las circunstancias antes mencionadas, su informaci\u00f3n personal no se distribuir\u00e1 a terceros sin su consentimiento.<\/p>\n\n\n    \n<div class=\"responsive-spacer md:pt-4 pt-3\"><\/div>\n\n<style>\n.wp-admin .responsive-spacer {\n    background-color:#efefef;\n}\n<\/style>\n\n\n<p><strong>Ley de Privacidad del Consumidor de California:<\/strong> este sitio web cumple con la Ley de Privacidad del Consumidor de California. Los visitantes pueden solicitar acceso y cambios a su informaci\u00f3n personal y solicitar que su informaci\u00f3n no sea vendida. Seg\u00fan nuestros t\u00e9rminos y condiciones, los usuarios deben tener diecis\u00e9is (16) a\u00f1os de edad o m\u00e1s para usar el sitio web. El sitio web, los productos y los servicios est\u00e1n dirigidos a personas mayores de 16 a\u00f1os. No recopilamos deliberadamente informaci\u00f3n de ninguna persona menor de 16 a\u00f1os. Si se llega a saber que la informaci\u00f3n se recopil\u00f3 de un ni\u00f1o menor de 16 a\u00f1os, se tomar\u00e1n las medidas necesarias para eliminar la informaci\u00f3n tan pronto como sea razonablemente posible.<\/p>\n\n\n    \n<div class=\"responsive-spacer md:pt-4 pt-3\"><\/div>\n\n<style>\n.wp-admin .responsive-spacer {\n    background-color:#efefef;\n}\n<\/style>\n\n\n<p><strong>Cumplimiento de la Ley de protecci\u00f3n de la privacidad en l\u00ednea de los ni\u00f1os:<\/strong> este sitio cumple con los requisitos de COPPA (Ley de protecci\u00f3n de la privacidad en l\u00ednea de los ni\u00f1os); la informaci\u00f3n de cualquier persona menor de trece (13) a\u00f1os de edad no se recopila a sabiendas. Seg\u00fan nuestros t\u00e9rminos y condiciones, los usuarios deben tener diecis\u00e9is (16) a\u00f1os de edad o m\u00e1s para usar nuestro sitio web. Si se llega a saber que la informaci\u00f3n se recopil\u00f3 de un ni\u00f1o menor de 16 a\u00f1os, se tomar\u00e1n las medidas necesarias para eliminar la informaci\u00f3n tan pronto como sea razonablemente posible.<\/p>\n\n\n    \n<div class=\"responsive-spacer md:pt-4 pt-3\"><\/div>\n\n<style>\n.wp-admin .responsive-spacer {\n    background-color:#efefef;\n}\n<\/style>\n\n\n<p><strong>Pol\u00edtica de privacidad en l\u00ednea \u00fanicamente:<\/strong>esta Pol\u00edtica de privacidad en l\u00ednea se aplica solo a la informaci\u00f3n recopilada a trav\u00e9s del sitio web y no a la informaci\u00f3n recopilada fuera de l\u00ednea.<\/p>\n\n\n    \n<div class=\"responsive-spacer md:pt-4 pt-3\"><\/div>\n\n<style>\n.wp-admin .responsive-spacer {\n    background-color:#efefef;\n}\n<\/style>\n\n\n<p><strong>Su consentimiento:<\/strong> al usar el sitio, usted acepta esta Pol\u00edtica de privacidad.<\/p>\n\n\n    \n<div class=\"responsive-spacer md:pt-4 pt-3\"><\/div>\n\n<style>\n.wp-admin .responsive-spacer {\n    background-color:#efefef;\n}\n<\/style>\n\n\n<p><strong>Cambios en la Pol\u00edtica de privacidad:<\/strong> esta Pol\u00edtica de privacidad se revisa y actualiza cada 12 meses seg\u00fan sea necesario y los cambios se publicar\u00e1n de manera destacada para que los revisen los visitantes que regresan.<\/p>\n\n\n    \n<div class=\"responsive-spacer md:pt-4 pt-3\"><\/div>\n\n<style>\n.wp-admin .responsive-spacer {\n    background-color:#efefef;\n}\n<\/style>\n\n\n<p><strong>Comun\u00edquese con nosotros:<\/strong> si tiene alguna pregunta con respecto a esta Pol\u00edtica de privacidad, puede comunicarse con Southern Tire Mart o usar la informaci\u00f3n al costado.<\/p>\n<\/div>\n\n\n\n<div class=\"wp-block-column is-vertically-aligned-top is-layout-flow wp-block-column-is-layout-flow\">    \n<div class=\"responsive-spacer md:pt-4 pt-3\"><\/div>\n\n<style>\n.wp-admin .responsive-spacer {\n    background-color:#efefef;\n}\n<\/style>\n\n<div id=\"card-block_f8fa1f0ca51b7e82100b696fad3c572b\" class=\"card-block group h-full pt-16 pb-8 relative\">\n\t<div class=\"shadow bg-white p-8 h-full\">\n\t\t<div style=\"background-image: url('https:\/\/stmtires.com\/wp-content\/uploads\/2022\/04\/stm-commercial-tire-300x300.png');\" class=\"relative bg-no-repeat bg-center bg-cover w-24 md:w-32 xl:w-48 h-24 md:h-32 xl:h-48 rounded-full transform overflow-hidden -translate-y-24 mb-8 mx-auto shadow-lg\">\n\t\t\t<div class=\"bg-secondary opacity-0 group-hover:opacity-75 transition-opacity duration-200 absolute inset-0 w-full h-full\"><\/div>\n\t\t\t\n\t\t<\/div>\n\t\t<div class=\"-mt-24\">\n\t\t\t\n\n<h3 class=\"wp-block-heading has-text-align-center has-header-3-sm-font-size\"><strong>Contactenos<\/strong><\/h3>\n\n\n\t\t<\/div>\n\t<\/div>\n\n    \n\n\t\t\t\n\t\t<a class=\"card-block-link absolute w-full h-full inset-0 cursor-pointer\" href=\"https:\/\/stmtires.com\/es\/contactarnos\/\"  target=\"\" title=\"Contactarnos\"><\/a>\n\n\t<\/div>\n\n\n    \n<div class=\"responsive-spacer md:pt-4 pt-3\"><\/div>\n\n<style>\n.wp-admin .responsive-spacer {\n    background-color:#efefef;\n}\n<\/style><\/div>\n<\/div>\n<\/div>\n\n\n    \n<div class=\"responsive-spacer md:pt-16 pt-12\"><\/div>\n\n<style>\n.wp-admin .responsive-spacer {\n    background-color:#efefef;\n}\n<\/style>","protected":false},"excerpt":{"rendered":"<p>Privacidad \u00daltima actualizaci\u00f3n: 06\/12\/2019 \u00bfQu\u00e9 informaci\u00f3n se recopila y procesa? Southern Tire Mart y\/o el proveedor de servicios del sitio web de Southern Tire Mart (\u00ab\u00bb), pueden recopilar y procesar su informaci\u00f3n personal y no personal cuando se registra en el sitio, realiza pedidos, env\u00eda solicitudes de cotizaciones, env\u00eda solicitudes de precios, se suscribe a [&hellip;]<\/p>\n","protected":false},"author":2,"featured_media":0,"parent":0,"menu_order":0,"comment_status":"closed","ping_status":"closed","template":"","meta":{"_acf_changed":false,"subheading":[],"footnotes":""},"class_list":["post-104537","page","type-page","status-publish","hentry"],"acf":[],"_links":{"self":[{"href":"https:\/\/stmtires.com\/es\/wp-json\/wp\/v2\/pages\/104537","targetHints":{"allow":["GET"]}}],"collection":[{"href":"https:\/\/stmtires.com\/es\/wp-json\/wp\/v2\/pages"}],"about":[{"href":"https:\/\/stmtires.com\/es\/wp-json\/wp\/v2\/types\/page"}],"author":[{"embeddable":true,"href":"https:\/\/stmtires.com\/es\/wp-json\/wp\/v2\/users\/2"}],"replies":[{"embeddable":true,"href":"https:\/\/stmtires.com\/es\/wp-json\/wp\/v2\/comments?post=104537"}],"version-history":[{"count":4,"href":"https:\/\/stmtires.com\/es\/wp-json\/wp\/v2\/pages\/104537\/revisions"}],"predecessor-version":[{"id":349503,"href":"https:\/\/stmtires.com\/es\/wp-json\/wp\/v2\/pages\/104537\/revisions\/349503"}],"wp:attachment":[{"href":"https:\/\/stmtires.com\/es\/wp-json\/wp\/v2\/media?parent=104537"}],"curies":[{"name":"wp","href":"https:\/\/api.w.org\/{rel}","templated":true}]}}