{"id":104541,"date":"2022-04-26T08:53:34","date_gmt":"2022-04-26T13:53:34","guid":{"rendered":"https:\/\/website.dev.stmtires.com\/terminos\/"},"modified":"2022-05-10T20:08:18","modified_gmt":"2022-05-11T01:08:18","slug":"terminos","status":"publish","type":"page","link":"https:\/\/stmtires.com\/es\/terminos\/","title":{"rendered":"T\u00e9rminos"},"content":{"rendered":"    \n<div class=\"responsive-spacer md:pt-8 pt-6\"><\/div>\n\n<style>\n.wp-admin .responsive-spacer {\n    background-color:#efefef;\n}\n<\/style>\n\n\n<div class=\"wp-block-group is-layout-constrained wp-container-core-group-is-layout-39ce995c wp-block-group-is-layout-constrained\">\n<div class=\"wp-block-columns is-layout-flex wp-container-core-columns-is-layout-9d6595d7 wp-block-columns-is-layout-flex\">\n<div class=\"wp-block-column md:pr-10 is-layout-flow wp-block-column-is-layout-flow\" style=\"flex-basis:70%\">\n<h1 class=\"has-header-2-sm-font-size wp-block-heading\"><strong>1. T\u00e9rminos<\/strong><\/h1>\n\n\n\n<p>Bienvenido a <a href=\"https:\/\/www.stmtires.com\/\">www.stmtires.com<\/a>. Al acceder a este sitio web, usted acepta estar sujeto a estos TOU, todas las leyes y regulaciones aplicables, y acepta que es responsable del cumplimiento de las leyes locales aplicables. Si no est\u00e1 de acuerdo con alguno de estos t\u00e9rminos, no utilice ni acceda a este sitio web. Los materiales contenidos en este sitio web est\u00e1n protegidos por las leyes de derechos de autor y marcas registradas aplicables. Una funci\u00f3n importante de estos TOU es advertirle que los datos presentados en este sitio web no est\u00e1n garantizados ni garantizados de otra manera. Lea atentamente esta informaci\u00f3n.<\/p>\n\n\n\n<p>Debe verificar los cambios en los TOU cada vez que visite el sitio. Southern Tire Mart y\/o el proveedor de servicios de Southern Tire Mart (\u00ab\u00bb) pueden realizar cambios en los TOU en cualquier momento.<\/p>\n\n\n\n<p>Cuando se comunica a trav\u00e9s del sitio web, la informaci\u00f3n personal ser\u00e1 utilizada por Southern Tire Mart y de acuerdo con la Pol\u00edtica de privacidad, incorporada en este documento.<\/p>\n\n\n    \n<div class=\"responsive-spacer md:pt-6 pt-4\"><\/div>\n\n<style>\n.wp-admin .responsive-spacer {\n    background-color:#efefef;\n}\n<\/style>\n\n\n<h2 class=\"has-header-3-lg-font-size wp-block-heading\"><strong>2. Licencia de uso<\/strong><\/h2>\n\n\n\n<ol class=\"wp-block-list\"><li>otorga permiso para descargar temporalmente una copia de los materiales (informaci\u00f3n o software) en el sitio web solo para visualizaci\u00f3n transitoria personal y no comercial. Esta es la concesi\u00f3n de una licencia, no una transferencia de t\u00edtulo, y bajo esta licencia no puede:<ol><li>modificar o copiar los materiales;<\/li><li>usar los materiales para cualquier prop\u00f3sito comercial o para cualquier exhibici\u00f3n p\u00fablica (comercial o no comercial);<\/li><li>intentar descompilar o aplicar ingenier\u00eda inversa a cualquier software contenido en el sitio web;<\/li><li>eliminar cualquier derecho de autor u otras anotaciones de propiedad de los materiales; o<\/li><li>transferir los materiales a otra persona o \u00abduplicar\u00bb los materiales en cualquier otro servidor.<\/li><\/ol><\/li><li>Las aplicaciones con licencia y la documentaci\u00f3n relacionada son \u00abArt\u00edculos comerciales\u00bb, tal como se define ese t\u00e9rmino en 48 C.F.R. \u00a72.101, que consiste en \u00abSoftware inform\u00e1tico comercial\u00bb y \u00abDocumentaci\u00f3n de software inform\u00e1tico comercial\u00bb, tal como se utilizan dichos t\u00e9rminos en 48 C.F.R. \u00a712.212 o 48 C.F.R. \u00a7227.7202, seg\u00fan corresponda.<\/li><li>Los derechos no publicados est\u00e1n reservados bajo las leyes de derechos de autor de los Estados Unidos y Canad\u00e1.<\/li><li>Esta licencia terminar\u00e1 autom\u00e1ticamente si viola cualquiera de estas restricciones y puede cancelarse en cualquier momento. Al finalizar la visualizaci\u00f3n de estos materiales o al finalizar esta licencia, debe destruir cualquier material descargado que tenga en su poder, ya sea en formato electr\u00f3nico o impreso.<\/li><\/ol>\n\n\n    \n<div class=\"responsive-spacer md:pt-6 pt-4\"><\/div>\n\n<style>\n.wp-admin .responsive-spacer {\n    background-color:#efefef;\n}\n<\/style>\n\n\n<h2 class=\"has-header-3-lg-font-size wp-block-heading\"><strong>3. Descargo de responsabilidad<\/strong><\/h2>\n\n\n\n<p><strong>Los materiales en EL sitio web se proporcionan \u00abtal cual\u00bb. NI Southern Tire Mart NI ofrece NINGUNA garant\u00eda, expresa o impl\u00edcita. Southern Tire Mart Y por la presente renuncia y niega todas las dem\u00e1s garant\u00edas, incluidas, entre otras, garant\u00edas impl\u00edcitas o condiciones de comerciabilidad, idoneidad para un prop\u00f3sito particular o no infracci\u00f3n de propiedad intelectual u otra violaci\u00f3n de derechos. Adem\u00e1s, NI Southern Tire Mart NI GARANTIZA NI hace ninguna representaci\u00f3n con respecto a la precisi\u00f3n, los resultados probables o la confiabilidad del uso de los materiales en EL sitio web o en relaci\u00f3n con dichos materiales o en cualquier sitio vinculado al sitio web.<\/strong><\/p>\n\n\n    \n<div class=\"responsive-spacer md:pt-6 pt-4\"><\/div>\n\n<style>\n.wp-admin .responsive-spacer {\n    background-color:#efefef;\n}\n<\/style>\n\n\n<h2 class=\"has-header-3-lg-font-size wp-block-heading\"><strong>4. Limitaciones<\/strong><\/h2>\n\n\n\n<p>En ning\u00fan caso, Southern Tire Mart o sus proveedores ser\u00e1n responsables de los da\u00f1os (incluidos, entre otros, los da\u00f1os por p\u00e9rdida de datos o ganancias, o debido a la interrupci\u00f3n del negocio) que surjan del uso o la incapacidad de usar los materiales en el sitio web, incluso si Southern Tire Mart, o un representante autorizado de cualquiera de las compa\u00f1\u00edas ha sido notificado verbalmente o por escrito de la posibilidad de dicho da\u00f1o. Debido a que algunas jurisdicciones no permiten limitaciones en las garant\u00edas impl\u00edcitas o limitaciones de responsabilidad por da\u00f1os consecuentes o incidentales, es posible que estas limitaciones no se apliquen a usted.<\/p>\n\n\n    \n<div class=\"responsive-spacer md:pt-6 pt-4\"><\/div>\n\n<style>\n.wp-admin .responsive-spacer {\n    background-color:#efefef;\n}\n<\/style>\n\n\n<h2 class=\"has-header-3-lg-font-size wp-block-heading\"><strong>5. Revisiones y Erratas<\/strong><\/h2>\n\n\n\n<p>Los materiales que aparecen en el sitio web pueden incluir errores t\u00e9cnicos, tipogr\u00e1ficos o fotogr\u00e1ficos. La informaci\u00f3n contenida en este sitio web proviene de una variedad de fuentes e incluye informaci\u00f3n que est\u00e1 sujeta a cambios sin previo aviso. Southern Tire Mart y se esfuerza por garantizar que la informaci\u00f3n sea precisa, completa y actualizada, pero ni Southern Tire Mart ni puede garantizar ni garantiza que la informaci\u00f3n sea precisa, completa o actualizada; o que su acceso ser\u00e1 ininterrumpido; o que el material accesible desde este sitio web est\u00e9 libre de virus u otros componentes da\u00f1inos. Parte de la informaci\u00f3n que se muestra en estas p\u00e1ginas cambia r\u00e1pidamente. Por lo tanto, la precisi\u00f3n y puntualidad de los datos est\u00e1 sujeta a retrasos en la conectividad a trav\u00e9s de Internet, sus sistemas y otras instalaciones fuera del control de Southern Tire Mart y . Por lo tanto, debe verificar de forma independiente la exactitud de cualquier informaci\u00f3n presentada en el sitio web.<\/p>\n\n\n    \n<div class=\"responsive-spacer md:pt-6 pt-4\"><\/div>\n\n<style>\n.wp-admin .responsive-spacer {\n    background-color:#efefef;\n}\n<\/style>\n\n\n<h2 class=\"has-header-3-lg-font-size wp-block-heading\"><strong>6. Enlaces<\/strong><\/h2>\n\n\n\n<p>Ni Southern Tire Mart ni ha revisado todos los sitios vinculados a este sitio web y no son responsables de los contenidos de dichos sitios vinculados. La inclusi\u00f3n de cualquier v\u00ednculo no implica la aprobaci\u00f3n del sitio vinculado por parte de Southern Tire Mart o . El uso de cualquier sitio web vinculado es bajo el propio riesgo del usuario.<\/p>\n\n\n    \n<div class=\"responsive-spacer md:pt-6 pt-4\"><\/div>\n\n<style>\n.wp-admin .responsive-spacer {\n    background-color:#efefef;\n}\n<\/style>\n\n\n<h2 class=\"has-header-3-lg-font-size wp-block-heading\"><strong>7. Modificaciones de los T\u00e9rminos de Uso<\/strong><\/h2>\n\n\n\n<p>Southern Tire Mart y se reserva el derecho en cualquier momento de modificar estos TOU y de imponer t\u00e9rminos o condiciones nuevos o adicionales sobre su uso de los servicios. Dichas modificaciones y t\u00e9rminos y condiciones adicionales entrar\u00e1n en vigencia de inmediato y se incorporar\u00e1n a estos TOU, pero se publicar\u00e1n de manera destacada para que los visitantes que regresan los revisen. Su uso continuado de los servicios de Southern Tire Mart y de los servicios se considerar\u00e1 aceptaci\u00f3n de los mismos. Sin embargo, ni Southern Tire Mart ni se compromete a actualizar los materiales.<\/p>\n\n\n    \n<div class=\"responsive-spacer md:pt-6 pt-4\"><\/div>\n\n<style>\n.wp-admin .responsive-spacer {\n    background-color:#efefef;\n}\n<\/style>\n\n\n<h2 class=\"has-header-3-lg-font-size wp-block-heading\"><strong>8. Ley aplicable y jurisdicci\u00f3n<\/strong><\/h2>\n\n\n\n<p><strong>Cualquier reclamo relacionado con EL sitio web se regir\u00e1 por las leyes de la COMMONWEALTH OF PENNSYLVANIA sin tener en cuenta sus disposiciones sobre conflictos de leyes.<\/strong><\/p>\n\n\n\n<p><strong>LA JURISDICCI\u00d3N \u00daNICA Y EXCLUSIVA PARA CUALQUIER ACCI\u00d3N O PROCEDIMIENTO QUE SURJA O EST\u00c9 RELACIONADO CON ESTE ACUERDO SER\u00c1 EN LOS TRIBUNALES ESTATALES APROPIADOS UBICADOS EN LA COMUNIDAD DE PENNSYLVANIA, O EN CASOS QUE INVOLUCREN CUESTIONES DE DERECHO FEDERALES DE BUENA FE, LOS TRIBUNALES DE DISTRITO DE LOS ESTADOS UNIDOS ) PARA LA COMMONWEALTH DE PENNSYLVANIA. LAS PARTES RENUNCIAN INCONDICIONALMENTE A SUS RESPECTIVOS DERECHOS A UN JUICIO CON JURADO.<\/strong><\/p>\n\n\n    \n<div class=\"responsive-spacer md:pt-6 pt-4\"><\/div>\n\n<style>\n.wp-admin .responsive-spacer {\n    background-color:#efefef;\n}\n<\/style>\n\n\n<h2 class=\"has-header-3-lg-font-size wp-block-heading\"><strong>9. Protecci\u00f3n de la privacidad en<\/strong> <strong>l\u00ednea de los ni\u00f1os<\/strong><\/h2>\n\n\n\n<p>De acuerdo con la Ley de protecci\u00f3n de la privacidad en l\u00ednea de los ni\u00f1os de 1998, no recopilar\u00e1 a sabiendas informaci\u00f3n personal de un ni\u00f1o menor de trece (13) a\u00f1os. Si tiene conocimiento de que ha recopilado informaci\u00f3n de un ni\u00f1o menor de trece (13) a\u00f1os, tomar\u00e1 las medidas necesarias para eliminar la informaci\u00f3n a la mayor brevedad.<\/p>\n\n\n    \n<div class=\"responsive-spacer md:pt-6 pt-4\"><\/div>\n\n<style>\n.wp-admin .responsive-spacer {\n    background-color:#efefef;\n}\n<\/style>\n\n\n<h2 class=\"has-header-3-lg-font-size wp-block-heading\"><strong>10. Uso de datos<\/strong><\/h2>\n\n\n\n<ol class=\"wp-block-list\"><li>Nuestro sitio web presenta datos e informaci\u00f3n relacionados con neum\u00e1ticos y posiblemente con otros tama\u00f1os y ajustes de componentes automotrices (los \u00abDatos\u00bb). Usted reconoce que hemos recibido los Datos de una fuente de terceros y sus proveedores (en conjunto, los \u00abProveedores\u00bb). Los Proveedores no tienen la obligaci\u00f3n de proporcionar ning\u00fan apoyo o informaci\u00f3n relacionada con ning\u00fan Dato y ser\u00e1n reconocidos como terceros beneficiarios en virtud de estos T\u00e9rminos de uso.<\/li><li>Se le otorga un derecho personal, intransferible y no exclusivo para acceder, mostrar y usar B\u00fasquedas de datos individuales \u00fanicamente para su uso personal. Una \u00abb\u00fasqueda de datos\u00bb son los datos asociados con un veh\u00edculo en particular, tal como se describe t\u00edpicamente por marca, modelo y a\u00f1o, o en algunos casos, los datos asociados con un tama\u00f1o de llanta o tama\u00f1o de rueda en particular o una l\u00ednea de llanta o l\u00ednea de rueda espec\u00edfica dentro de un marca individual de neum\u00e1ticos o ruedas.<\/li><li>Salvo que se autorice expresamente en estos T\u00e9rminos de uso en cada caso, no har\u00e1, ni sufrir\u00e1 ni permitir\u00e1 que ninguna otra parte, directa o indirectamente, haga lo siguiente:<ol><li>usar, mostrar, otorgar acceso o hacer copias o trabajos derivados de los Datos o cualquier parte de los mismos; o<\/li><li>vender, arrendar, licenciar, sublicenciar o transferir o disponer de los Datos, o cualquier parte de los mismos, de cualquier manera o a cualquier parte.<\/li><\/ol><\/li><li>No realizar\u00e1 compilaci\u00f3n inversa, ingenier\u00eda inversa ni desensamblar\u00e1 ninguna parte de nuestro sitio web que acceda, compile, recupere, muestre o manipule o use de otro modo cualquiera de los datos.<\/li><li>No utilizar\u00e1 ning\u00fan robot, ara\u00f1a, raspador u otro medio automatizado para acceder a los Datos o cualquier parte de los mismos.<\/li><li>No se le transfiere ning\u00fan derecho, t\u00edtulo o inter\u00e9s en ninguna patente, marca registrada, derecho de autor, secreto comercial o cualquier otra propiedad intelectual o derechos de propiedad en cualquier Dato. Los Proveedores y sus fuentes son los \u00fanicos propietarios de todos esos derechos, t\u00edtulos e intereses.<\/li><li>Advertencia: Se cree que todos los Datos y otra informaci\u00f3n son confiables, pero ni nosotros ni los Proveedores hacemos ninguna representaci\u00f3n o garant\u00eda con respecto a la integridad, calidad, adecuaci\u00f3n, confiabilidad, precisi\u00f3n, comerciabilidad o idoneidad de los Datos para cualquier uso o prop\u00f3sito en particular. .<strong>NOSOTROS Y EL PROVEEDOR NO HACEMOS NINGUNA REPRESENTACI\u00d3N O GARANT\u00cdA, EXPRESA O IMPL\u00cdCITA, CON RESPECTO A LA EXACTITUD, CALIDAD, CONFIABILIDAD, ADECUACI\u00d3N, DISPONIBILIDAD O INTEGRIDAD DE LOS DATOS O LA IDONEIDAD DE LOS DATOS PARA CUALQUIER USO O PROP\u00d3SITO. EN LA MEDIDA M\u00c1XIMA PERMITIDA POR LA LEY, LOS DATOS SE PROPORCIONAN \u00abTAL CUAL\u00bb, Y SIN GARANT\u00cdA O GARANT\u00cdA, Y TODAS LAS GARANT\u00cdAS DE CUALQUIER TIPO, YA SEA EXPL\u00cdCITAS O IMPL\u00cdCITAS, INCLUIDAS, ENTRE OTRAS, LAS GARANT\u00cdAS IMPL\u00cdCITAS DE COMERCIABILIDAD, LA IDONEIDAD PARA UN PROP\u00d3SITO PARTICULAR, EL T\u00cdTULO Y LA NO VIOLACI\u00d3N SE RENUNCIA POR EL PRESENTE, Y USTED RENUNCIA A TODAS LAS GARANT\u00cdAS Y GARANT\u00cdAS. NO GARANTIZAMOS QUE LOS DATOS CUMPLIR\u00c1N SUS REQUISITOS O QUE EL ACCESO A LOS DATOS SER\u00c1 ININTERRUMPIDO O LIBRE DE ERRORES.<\/strong><strong>USTED ASUME TODOS LOS RIESGOS RELACIONADOS CON LOS DATOS Y SU USO O MAL USO Y TOMAR\u00c1 TODAS LAS MEDIDAS NECESARIAS O DESEABLES PARA PROTEGERSE A USTED MISMO Y A TODAS LAS DEM\u00c1S PERSONAS CONTRA CUALQUIER FALLA DE QUE LOS DATOS SEAN EXACTOS, CONFIABLES, ADECUADOS, COMPLETOS, COMERCIALES O APTOS PARA CUALQUIER USO O FINALIDAD PARTICULAR.<\/strong>Algunos estados no permiten el descargo de responsabilidad de las garant\u00edas impl\u00edcitas, por lo que es posible que partes del descargo de responsabilidad anterior no se apliquen a usted.<\/li><li><strong>EN LA MEDIDA M\u00c1XIMA ESTABLECIDA POR LA LEY, USTED ACEPTA DEFENDER, INDEMNIZAR Y MANTENER A LOS INDEMNIZADOS (SEG\u00daN SE DEFINE A CONTINUACI\u00d3N) LIBRES DE RESPONSABILIDADES, DEMANDAS, RECLAMACIONES, RECUPERACIONES, ACUERDOS, ACCIONES, SANCIONES, COSTOS, P\u00c9RDIDAS Y DA\u00d1OS (SEG\u00daN SE DEFINEN A CONTINUACI\u00d3N). ) INCURRIDOS POR CUALQUIERA DE LOS INDEMNIZADOS, CONOCIDOS O DESCONOCIDOS, CONTINGENTES O DE OTRA FORMA, PAGADOS O NO PAGADOS POR LOS INDEMNIZADOS, DERIVADOS DIRECTA O INDIRECTAMENTE DE O RELACIONADOS CON:<\/strong>Le notificaremos de inmediato sobre cualquier responsabilidad, demanda, reclamo, recuperaci\u00f3n, acuerdo, acci\u00f3n, sanci\u00f3n, costo, p\u00e9rdida, costos de defensa o da\u00f1os, y le brindaremos asistencia razonable, a su cargo, para defender los mismos. Podemos asumir el control exclusivo de cualquier defensa o cualquier asunto sujeto a indemnizaci\u00f3n por su parte si determinamos que su defensa no es adecuada y usted acepta cooperar con nosotros en tal caso. El t\u00e9rmino \u00abda\u00f1os\u00bb (y \u00abDA\u00d1OS\u00bb ) incluye da\u00f1os directos, indirectos, consecuentes, incidentales, especiales o de otro tipo relacionados con lesiones (incluida la muerte de) usted o cualquier otra persona, da\u00f1os o p\u00e9rdida de cualquier propiedad, p\u00e9rdida de consorcio, p\u00e9rdida de oportunidad o relaci\u00f3n comercial o contractual, violaci\u00f3n de cualquier derecho a la privacidad, difamaci\u00f3n de car\u00e1cter o reputaci\u00f3n contra cualquier persona, producto u otro objeto, angustia o angustia mental, p\u00e9rdida de uso o ganancias, honorarios de abogados y expertos, honorarios de \u00e1rbitros, costos judiciales y de arbitraje, y todos los dem\u00e1s honorarios relacionados , gastos y costos a trav\u00e9s de cualquier apelaci\u00f3n, lucro cesante, interrupci\u00f3n del negocio y p\u00e9rdida de programas inform\u00e1ticos u otros datos, costo de cobertura y cualquier otro tipo de reclamo y da\u00f1os de todo tipo, naturaleza y descripci\u00f3n ion. Los \u00abIndemnizados\u00bb (y \u00abINDEMNADOS\u00bb) somos nosotros y los Proveedores, y nuestros afiliados y los Proveedores, gerentes, miembros, accionistas, funcionarios, directores, empleados, contratistas, agentes, fuentes, licenciantes, aseguradores, sucesores, cesionarios y representantes.<ol><li><strong>LOS DATOS, O CUALQUIER USO O MAL USO DE LOS MISMOS, O CUALQUIER FALTA DE CUALQUIER DATO PARA CUMPLIR CON CUALQUIER EST\u00c1NDAR DE CUIDADO, CALIDAD, CONFIABILIDAD, EXACTITUD, INTEGRIDAD, ADECUACI\u00d3N, COMERCIABILIDAD O IDONEIDAD PARA CUALQUIER USO O FIN EN PARTICULAR; O<\/strong><\/li><li><strong>SU VIOLACI\u00d3N DE CUALQUIERA DE ESTOS T\u00c9RMINOS DE USO; O<\/strong><\/li><li><strong>SUS ACTOS U OMISIONES NEGLIGENTES O INTENCIONALES; EN CADA CASO, INDEPENDIENTEMENTE DE CUALQUIER NEGLIGENCIA POR PARTE DE CUALQUIERA DE LOS INDEMNIZADOS.<\/strong><\/li><\/ol><\/li><li><strong>EN NING\u00daN CASO LOS INDEMNIZADOS SER\u00c1N RESPONSABLES ANTE USTED O CUALQUIER OTRA PARTE POR LOS DA\u00d1OS (COMO SE DEFINEN ANTERIORMENTE) QUE SURJAN DE O EN RELACI\u00d3N CON LOS DATOS O CUALQUIER USO O MAL USO DE LOS DATOS, INCLUSO SI CUALQUIERA DE LOS INDEMNIZADOS EST\u00c9 EXPRESAMENTE ADVERTIDO EN ANTES DE LA POSIBILIDAD DE DICHOS DA\u00d1OS, INCLUSO SI DICHOS DA\u00d1OS FUERON PREVISIBLES, INCLUSO SI SUS RECURSOS FALLAN EN SU PROP\u00d3SITO ESENCIAL, E INDEPENDIENTEMENTE DE SI DICHOS DA\u00d1OS SURGEN EN CONTRATO, AGRAVIO (INCLUYENDO NEGLIGENCIA POR PARTE DE CUALQUIERA DE LOS INDEMNIZADOS O CUALQUIER OTRO PARTE), RESPONSABILIDAD ESTRICTA U OTRA BASE LEGAL.<\/strong>Las limitaciones de la responsabilidad de los Indemnizados en estos T\u00e9rminos de uso pretenden ser tan amplias e inclusivas como lo permitan las leyes que rigen estos T\u00e9rminos de uso. Si la ley aplicable limita la aplicaci\u00f3n de las disposiciones de estos T\u00e9rminos de uso, nuestra responsabilidad y la responsabilidad de los Proveedores se limitar\u00e1 en la mayor medida posible. Las partes acuerdan por el presente que esta disposici\u00f3n ser\u00e1 separable en cuanto a cada art\u00edculo o elemento de los da\u00f1os, y si dicha limitaci\u00f3n sobre la responsabilidad de los Indemnizados por da\u00f1os o la aplicaci\u00f3n de dicha limitaci\u00f3n a cualquier parte o circunstancia, en cualquier medida, no es v\u00e1lida o inaplicable, el resto de dichas limitaciones sobre la responsabilidad de los Indemnizados por da\u00f1os, o la aplicaci\u00f3n de tales limitaciones a partes o circunstancias distintas de aquellas en las que se considera inv\u00e1lida o inaplicable, no se ver\u00e1 afectada por dicha invalidez o inaplicabilidad. Usted reconoce que los t\u00e9rminos econ\u00f3micos de estos T\u00e9rminos de uso reflejan la asignaci\u00f3n de riesgos anterior y dicha asignaci\u00f3n de riesgos es un incentivo significativo para que le proporcionemos los Datos.<\/li><\/ol>\n<\/div>\n\n\n\n<div class=\"wp-block-column is-vertically-aligned-top is-layout-flow wp-block-column-is-layout-flow\">    \n<div class=\"responsive-spacer md:pt-4 pt-3\"><\/div>\n\n<style>\n.wp-admin .responsive-spacer {\n    background-color:#efefef;\n}\n<\/style>\n\n<div id=\"card-block_6267f9a0a6fa5\" class=\"card-block group h-full pt-16 pb-8 relative\">\n\t<div class=\"shadow bg-white p-8 h-full\">\n\t\t<div style=\"background-image: url('https:\/\/stmtires.com\/wp-content\/uploads\/2022\/04\/stm-commercial-tire-300x300.png');\" class=\"relative bg-no-repeat bg-center bg-cover w-24 md:w-32 xl:w-48 h-24 md:h-32 xl:h-48 rounded-full transform overflow-hidden -translate-y-24 mb-8 mx-auto shadow-lg\">\n\t\t\t<div class=\"bg-secondary opacity-0 group-hover:opacity-75 transition-opacity duration-200 absolute inset-0 w-full h-full\"><\/div>\n\t\t\t\n\t\t<\/div>\n\t\t<div class=\"-mt-24\">\n\t\t\t\n\n<h3 class=\"has-text-align-center has-header-3-sm-font-size wp-block-heading\"><strong>Contactenos<\/strong><\/h3>\n\n\n\t\t<\/div>\n\t<\/div>\n\n    \n\n\t\t\t\n\t\t<a class=\"card-block-link absolute w-full h-full inset-0 cursor-pointer\" href=\"https:\/\/stmtires.com\/es\/contactarnos\/\"  target=\"\" title=\"Contactarnos\"><\/a>\n\n\t<\/div>\n\n\n    \n<div class=\"responsive-spacer md:pt-4 pt-3\"><\/div>\n\n<style>\n.wp-admin .responsive-spacer {\n    background-color:#efefef;\n}\n<\/style><\/div>\n<\/div>\n<\/div>\n\n\n    \n<div class=\"responsive-spacer md:pt-16 pt-12\"><\/div>\n\n<style>\n.wp-admin .responsive-spacer {\n    background-color:#efefef;\n}\n<\/style>","protected":false},"excerpt":{"rendered":"<p>1. T\u00e9rminos Bienvenido a www.stmtires.com. Al acceder a este sitio web, usted acepta estar sujeto a estos TOU, todas las leyes y regulaciones aplicables, y acepta que es responsable del cumplimiento de las leyes locales aplicables. Si no est\u00e1 de acuerdo con alguno de estos t\u00e9rminos, no utilice ni acceda a este sitio web. Los [&hellip;]<\/p>\n","protected":false},"author":2,"featured_media":0,"parent":0,"menu_order":0,"comment_status":"closed","ping_status":"closed","template":"","meta":{"_acf_changed":false,"subheading":[],"footnotes":""},"class_list":["post-104541","page","type-page","status-publish","hentry"],"acf":[],"_links":{"self":[{"href":"https:\/\/stmtires.com\/es\/wp-json\/wp\/v2\/pages\/104541","targetHints":{"allow":["GET"]}}],"collection":[{"href":"https:\/\/stmtires.com\/es\/wp-json\/wp\/v2\/pages"}],"about":[{"href":"https:\/\/stmtires.com\/es\/wp-json\/wp\/v2\/types\/page"}],"author":[{"embeddable":true,"href":"https:\/\/stmtires.com\/es\/wp-json\/wp\/v2\/users\/2"}],"replies":[{"embeddable":true,"href":"https:\/\/stmtires.com\/es\/wp-json\/wp\/v2\/comments?post=104541"}],"version-history":[{"count":0,"href":"https:\/\/stmtires.com\/es\/wp-json\/wp\/v2\/pages\/104541\/revisions"}],"wp:attachment":[{"href":"https:\/\/stmtires.com\/es\/wp-json\/wp\/v2\/media?parent=104541"}],"curies":[{"name":"wp","href":"https:\/\/api.w.org\/{rel}","templated":true}]}}