{"id":104545,"date":"2022-04-01T14:14:30","date_gmt":"2022-04-01T19:14:30","guid":{"rendered":"https:\/\/website.dev.stmtires.com\/64716-2\/carreras\/"},"modified":"2025-06-12T16:35:52","modified_gmt":"2025-06-12T21:35:52","slug":"carreras","status":"publish","type":"page","link":"https:\/\/stmtires.com\/es\/acerca\/carreras\/","title":{"rendered":"Carreras"},"content":{"rendered":"<section class=\"bg-light-gray py-4 md:py-8\">\n    <div class=\"container\">\n        <h1 class=\"flex items-center\">\n\t\t\t\t\t\t\t\t\t\t<span class=\"font-primary font-bold text-2xl md:text-5xl text-retail-primary uppercase\">Carreras<\/span>\n        <\/h1>\n    <\/div>\n<\/section> <section class=\"stm-banner\">\n    <div>\n        <div class=\"stm-banner-wrapper\">\n            <div class=\"stm-banner-slider\">\n\t\t\t\t\t\t\t\t\t\t\t\t\t\t\t<div class=\"stm-slider\">\n\t\t\t\t\t\t\t\t\t\t\t\t\t\t\t\t\t\t\t\t\t\t<div class=\"stm-slide\">\n\t\t\t\t\t\t\t\t\t\t\t\t\t\t<img decoding=\"async\" class=\"object-top\" src=\"https:\/\/stmtires.com\/wp-content\/uploads\/2025\/06\/STM_Career-Page_Roadside-Assistance.jpg\" alt=\"\" \/>\n\t\t\t\t\t\t\t\t\t\t\t\t<\/div>\n\t\t\t\t\t\t\t\t\t\t\t\t\t\t\t\t\t\t\t\t\t\t<div class=\"stm-slide\">\n\t\t\t\t\t\t\t\t\t\t\t\t\t\t<img decoding=\"async\" class=\"object-top\" src=\"https:\/\/stmtires.com\/wp-content\/uploads\/2025\/06\/STM_Career-Page_Retreading.jpg\" alt=\"\" \/>\n\t\t\t\t\t\t\t\t\t\t\t\t<\/div>\n\t\t\t\t\t\t\t\t\t\t\t\t\t\t\t\t\t\t\t\t\t\t<div class=\"stm-slide\">\n\t\t\t\t\t\t\t\t\t\t\t\t\t\t<img decoding=\"async\" class=\"object-top\" src=\"https:\/\/stmtires.com\/wp-content\/uploads\/2025\/06\/STM_Career-Page_Retreading-2.jpg\" alt=\"\" \/>\n\t\t\t\t\t\t\t\t\t\t\t\t<\/div>\n\t\t\t\t\t\t\t\t\t\t\t\t\t\t\t\t\t\t\t\t\t\t<div class=\"stm-slide\">\n\t\t\t\t\t\t\t\t\t\t\t\t\t\t<img decoding=\"async\" class=\"object-top\" src=\"https:\/\/stmtires.com\/wp-content\/uploads\/2025\/06\/STM_Career-Page_Preventative-Maintenance.jpg\" alt=\"\" \/>\n\t\t\t\t\t\t\t\t\t\t\t\t<\/div>\n\t\t\t\t\t\t\t\t\t\t\t\t\t\t\t\t\t\t\t\t\t\t<div class=\"stm-slide\">\n\t\t\t\t\t\t\t\t\t\t\t\t\t\t<img decoding=\"async\" class=\"object-top\" src=\"https:\/\/stmtires.com\/wp-content\/uploads\/2025\/06\/STM_Career-Page_Diversity.jpg\" alt=\"\" \/>\n\t\t\t\t\t\t\t\t\t\t\t\t<\/div>\n\t\t\t\t\t\t\t\t\t\t\t\t\t\t\t\t\t\t\t\t\t\t<div class=\"stm-slide\">\n\t\t\t\t\t\t\t\t\t\t\t\t\t\t<img decoding=\"async\" class=\"object-top\" src=\"https:\/\/stmtires.com\/wp-content\/uploads\/2025\/06\/STM_Career-Page_Call-Center.jpg\" alt=\"\" \/>\n\t\t\t\t\t\t\t\t\t\t\t\t<\/div>\n\t\t\t\t\t\t\t\t\t\t\t\t\t\t\t\t\t\t\t\t\t\t<div class=\"stm-slide\">\n\t\t\t\t\t\t\t\t\t\t\t\t\t\t<img decoding=\"async\" class=\"object-top\" src=\"https:\/\/stmtires.com\/wp-content\/uploads\/2025\/06\/STM_Career-Page_Bus-Tire.jpg\" alt=\"\" \/>\n\t\t\t\t\t\t\t\t\t\t\t\t<\/div>\n\t\t\t\t\t\t\t\t\t\t\t\t\t\t\t\t\t\t\t\t<div class=\"stm-slider-dots\"><\/div>\n\t\t\t\t\t\t\t\t<\/div>\n\t\t\t\t\t\t\t\t<div class=\"absolute top-1\/2 left-0 right-0 flex justify-between px-4 transform -translate-y-1\/2\">\n\t\t\t\t\t\t\t\t\t\t<button class=\"stm-slider-prev w-16 h-16 flex items-center justify-center\">\n\t\t\t\t\t\t\t\t\t\t\t\t<span class=\"screen-reader-text\">Previous<\/span>\n\t\t\t\t\t\t\t\t\t\t\t\t<svg width=\"64\" height=\"64\" viewBox=\"0 0 24 24\">\n\t\t\t\t\t\t\t\t\t\t\t\t\t\t<path style=\"fill:#fff;\" d=\"M15.41 7.41L14 6l-6 6 6 6 1.41-1.41L10.83 12z\"\/>\n\t\t\t\t\t\t\t\t\t\t\t\t<\/svg>\n\t\t\t\t\t\t\t\t\t\t<\/button>\n\t\t\t\t\t\t\t\t\t\t<button class=\"stm-slider-next w-16 h-16 flex items-center justify-center\">\n\t\t\t\t\t\t\t\t\t\t\t\t<span class=\"screen-reader-text\">Next<\/span>\n\t\t\t\t\t\t\t\t\t\t\t\t<svg width=\"64\" height=\"64\" viewBox=\"0 0 24 24\">\n\t\t\t\t\t\t\t\t\t\t\t\t\t\t<path style=\"fill:#fff;\" d=\"M10 6L8.59 7.41 13.17 12l-4.58 4.59L10 18l6-6z\"\/>\n\t\t\t\t\t\t\t\t\t\t\t\t<\/svg>\n\t\t\t\t\t\t\t\t\t\t<\/button>\n\t\t\t\t\t\t\t\t<\/div>\n\t\t\t\t\t\t\t            <\/div>\n            <div class=\"stm-banner-content\">\n\t\t\t\t\t\t\t<div class=\"half-container\">\n\t\t\t\t\t\t\t\t<div class=\"mx-auto text-center block md:hidden mb-4\">\n\t\t\t\t\t\t\t\t\t\t\t\t\t\t\t\t\t\t\t\t<img decoding=\"async\" class=\"w-40 inline\" src=\"https:\/\/stmtires.com\/wp-content\/uploads\/2025\/06\/truck.svg\" alt=\"\" \/>\n\t\t\t\t\t\t\t\t\t\t\t\t\t\t\t\t\t<\/div>\n                <h2 class=\"flex flex-col text-center md:text-left mb-2\">\n\t\t\t\t\t\t\t\t\t<div class=\"hidden md:flex items-center\">\n                    <span class=\"font-primary font-bold text-lg md:text-5xl text-retail-primary uppercase\">Ay\u00fadanos a mantener<\/span>\n                    <span class=\"mx-4 hidden md:inline\">\n                                                    <img decoding=\"async\" class=\"w-40 inline\" src=\"https:\/\/stmtires.com\/wp-content\/uploads\/2025\/06\/truck.svg\" alt=\"\" \/>\n                                            <\/span>\n\t\t\t\t\t\t\t\t\t<\/div>\n\t\t\t\t\t\t\t\t\t<div class=\"hidden md:block\">\n                    <span class=\"font-primary font-bold text-lg md:text-5xl text-retail-primary uppercase\">a Am\u00e9rica en movimiento<\/span>\n\t\t\t\t\t\t\t\t\t<\/div>\n\t\t\t\t\t\t\t\t\t<span class=\"inline md:hidden font-primary font-bold text-2xl md:text-5xl text-retail-primary uppercase py-2 border-t-2 border-b-2 border-solid border-commercial-primary text-balance\">Ay\u00fadanos a mantener a Am\u00e9rica en movimiento<\/span>\n                <\/h2>\n                <div class=\"stm-banner-text\">\n                    <p>Como una empresa enfocada en los empleados que cree en recompensar el \u00e9xito, nos enorgullece contratar personas talentosas y trabajadoras. \u00a1\u00danete a nuestro equipo y ayuda a mantener a Am\u00e9rica en la carretera!<\/p>\n                <\/div>\n                                    <div class=\"stm-banner-cta text-center\">\n                        <a href=\"#job-listings\" class=\"careers-slider__cta-button\" target=\"\">Buscar empleos<\/a>\n                    <\/div>\n                \t\t\t\t\t\t\t<\/div>\n            <\/div>\n        <\/div>\n    <\/div>\n<\/section>\n\n<script>\n\tdocument.addEventListener(\"DOMContentLoaded\", () => {\n\t\t\/\/ Slider functionality\n\t\tinitSlider();\n\n    \/\/ Smooth scroll for anchor links\n    document.querySelectorAll('a[href^=\"#\"]').forEach(anchor => {\n      anchor.addEventListener('click', function(e) {\n        const href = this.getAttribute('href');\n        if (href.length > 1 && document.querySelector(href)) {\n          e.preventDefault();\n          const target = document.querySelector(href);\n          \/\/ Adjust for sticky\/fixed header height\n          let headerOffset = 0;\n          const stickyHeader = document.querySelector('.site-header, .main-header, header[role=\"banner\"]');\n          if (stickyHeader) {\n            headerOffset = stickyHeader.offsetHeight;\n          } else {\n            \/\/ fallback: try to detect a fixed header\n            const fixedHeader = Array.from(document.querySelectorAll('header')).find(h => getComputedStyle(h).position === 'fixed');\n            if (fixedHeader) headerOffset = fixedHeader.offsetHeight;\n          }\n          const elementPosition = target.getBoundingClientRect().top + window.pageYOffset;\n          const offsetPosition = elementPosition - headerOffset - 8; \/\/ 8px extra space\n          window.scrollTo({\n            top: offsetPosition,\n            behavior: 'smooth'\n          });\n        }\n      });\n    });\n\t})\n\n\tfunction initSlider() {\n  const slider = document.querySelector(\".stm-slider\")\n  if (!slider) return\n\n  const slides = slider.querySelectorAll(\".stm-slide\")\n  const prevBtn = document.querySelector(\".stm-slider-prev\")\n  const nextBtn = document.querySelector(\".stm-slider-next\")\n  const dotsContainer = slider.querySelector('.stm-slider-dots')\n\n  let currentSlide = 0\n  const totalSlides = slides.length\n  let autoRotateInterval\n\n  \/\/ Create dot indicators\n  if (dotsContainer) {\n    dotsContainer.innerHTML = ''\n    for (let i = 0; i < totalSlides; i++) {\n      const dot = document.createElement('button')\n      dot.className = 'stm-slider-dot'\n      dot.setAttribute('type', 'button')\n      dot.setAttribute('aria-label', `Go to slide ${i + 1}`)\n      dot.addEventListener('click', () => {\n        showSlide(i)\n        resetAutoRotate()\n      })\n      dotsContainer.appendChild(dot)\n    }\n  }\n\n  function updateDots() {\n    if (!dotsContainer) return\n    const dots = dotsContainer.querySelectorAll('.stm-slider-dot')\n    dots.forEach((dot, i) => {\n      dot.classList.toggle('active', i === currentSlide)\n    })\n  }\n\n  function showSlide(index) {\n    currentSlide = index\n    slides.forEach((slide, i) => {\n      slide.style.display = i === index ? \"block\" : \"none\"\n    })\n    updateDots()\n  }\n\n  function nextSlide() {\n    currentSlide = (currentSlide + 1) % totalSlides\n    showSlide(currentSlide)\n  }\n\n  function prevSlide() {\n    currentSlide = (currentSlide - 1 + totalSlides) % totalSlides\n    showSlide(currentSlide)\n  }\n\n  \/\/ Initialize first slide and dots\n  showSlide(currentSlide)\n\n  \/\/ Add event listeners\n  if (prevBtn) prevBtn.addEventListener(\"click\", () => { prevSlide(); resetAutoRotate(); })\n  if (nextBtn) nextBtn.addEventListener(\"click\", () => { nextSlide(); resetAutoRotate(); })\n\n  \/\/ Auto-rotate slides every 5 seconds\n  function resetAutoRotate() {\n    if (autoRotateInterval) clearInterval(autoRotateInterval)\n    autoRotateInterval = setInterval(nextSlide, 5000)\n  }\n  resetAutoRotate()\n}\n<\/script> <section class=\"stm-why-choose shadow-inner\">\n    <div class=\"px-4\">\n        <h2 class=\"font-primary font-bold text-2xl md:text-5xl text-retail-primary text-balance uppercase text-center\">\u00bfPor qu\u00e9 elegir Southern Tire Mart?<\/h2>\n        <p style=\"color: #ee3124;\" class=\"careers-benefits__subtitle italic text-lg lg:text-2xl mb-4 lg:mb-8 text-center font-semibold\">Aqu\u00ed tienes por qu\u00e9 unirte a nuestro equipo podr\u00eda ser el mejor paso en tu carrera:<\/p>\n        <div class=\"stm-benefits-grid\">\n                            <div class=\"grid xl:grid-cols-5 lg:grid-cols-3 grid-cols-1 gap-4\">\n                                            <div class=\"stm-benefit-card flex items-start gap-4 col-span-1\">\n                            <div class=\"stm-benefit-icon w-12 xl:w-24\">\n                                                                    <img decoding=\"async\" class=\"h-auto w-full\" src=\"https:\/\/stmtires.com\/wp-content\/uploads\/2025\/06\/STM_Icons_Red_Payment.png\" alt=\"\" \/>\n                                                            <\/div>\n                            <div class=\"stm-benefit-content\">\n                                <h3 class=\"text-retail-primary font-primary font-bold text-balance uppercase mb-2 text-lg\">Compensaci\u00f3n competitiva<\/h3>\n                                <p>Creemos en recompensar el trabajo duro y la dedicaci\u00f3n. Nuestra estructura de pago competitiva asegura que tus esfuerzos sean reconocidos y recompensados justamente.<\/p>\n                            <\/div>\n                        <\/div>\n                                            <div class=\"stm-benefit-card flex items-start gap-4 col-span-1\">\n                            <div class=\"stm-benefit-icon w-12 xl:w-24\">\n                                                                    <img decoding=\"async\" class=\"h-auto w-full\" src=\"https:\/\/stmtires.com\/wp-content\/uploads\/2025\/06\/STM_Icons_Red_Health-Care.png\" alt=\"\" \/>\n                                                            <\/div>\n                            <div class=\"stm-benefit-content\">\n                                <h3 class=\"text-retail-primary font-primary font-bold text-balance uppercase mb-2 text-lg\">Paquete integral de beneficios<\/h3>\n                                <p>M\u00e1s all\u00e1 de un pago competitivo, ofrecemos un paquete integral de beneficios que incluye seguro m\u00e9dico, planes de retiro y otros beneficios dise\u00f1ados para apoyar tu bienestar general.<\/p>\n                            <\/div>\n                        <\/div>\n                                            <div class=\"stm-benefit-card flex items-start gap-4 col-span-1\">\n                            <div class=\"stm-benefit-icon w-12 xl:w-24\">\n                                                                    <img decoding=\"async\" class=\"h-auto w-full\" src=\"https:\/\/stmtires.com\/wp-content\/uploads\/2025\/06\/STM_Icons_RedWork-Enviroment.png\" alt=\"\" \/>\n                                                            <\/div>\n                            <div class=\"stm-benefit-content\">\n                                <h3 class=\"text-retail-primary font-primary font-bold text-balance uppercase mb-2 text-lg\">Ambiente de trabajo excepcional<\/h3>\n                                <p>En STM, tu lugar de trabajo no es solo donde marcas entrada\u2014es donde prosperas. Disfruta de un ambiente positivo y de apoyo donde la colaboraci\u00f3n y la camarader\u00eda impulsan el \u00e9xito.<\/p>\n                            <\/div>\n                        <\/div>\n                                            <div class=\"stm-benefit-card flex items-start gap-4 col-span-1\">\n                            <div class=\"stm-benefit-icon w-12 xl:w-24\">\n                                                                    <img decoding=\"async\" class=\"h-auto w-full\" src=\"https:\/\/stmtires.com\/wp-content\/uploads\/2025\/06\/STM_Icons_Red_Scale.png\" alt=\"\" \/>\n                                                            <\/div>\n                            <div class=\"stm-benefit-content\">\n                                <h3 class=\"text-retail-primary font-primary font-bold text-balance uppercase mb-2 text-lg\">Equilibrio entre trabajo y vida<\/h3>\n                                <p>Tu carrera es importante, pero tambi\u00e9n lo es tu vida fuera del trabajo. Disfruta de un equilibrio saludable entre tu vida profesional y personal, con opciones de horarios flexibles y tiempo libre pagado.<\/p>\n                            <\/div>\n                        <\/div>\n                                            <div class=\"stm-benefit-card flex items-start gap-4 col-span-1\">\n                            <div class=\"stm-benefit-icon w-12 xl:w-24\">\n                                                                    <img decoding=\"async\" class=\"h-auto w-full\" src=\"https:\/\/stmtires.com\/wp-content\/uploads\/2025\/06\/STM_Icons_Red_Education.png\" alt=\"\" \/>\n                                                            <\/div>\n                            <div class=\"stm-benefit-content\">\n                                <h3 class=\"text-retail-primary font-primary font-bold text-balance uppercase mb-2 text-lg\">Aprendizaje y desarrollo continuo<\/h3>\n                                <p>En el mundo acelerado de la tecnolog\u00eda de neum\u00e1ticos y servicios automotrices, mantenerse actualizado es clave. Por eso invertimos en tu crecimiento con oportunidades de educaci\u00f3n continua, manteniendo tus habilidades al d\u00eda y tu carrera en marcha.<\/p>\n                            <\/div>\n                        <\/div>\n                                            <div class=\"stm-benefit-card flex items-start gap-4 col-span-1\">\n                            <div class=\"stm-benefit-icon w-12 xl:w-24\">\n                                                                    <img decoding=\"async\" class=\"h-auto w-full\" src=\"https:\/\/stmtires.com\/wp-content\/uploads\/2025\/06\/STM_Icons_Red_People.png\" alt=\"\" \/>\n                                                            <\/div>\n                            <div class=\"stm-benefit-content\">\n                                <h3 class=\"text-retail-primary font-primary font-bold text-balance uppercase mb-2 text-lg\">Igualdad de oportunidades de empleo<\/h3>\n                                <p>En STM, damos la bienvenida a personas de todos los \r\nor\u00edgenes y perspectivas, fomentando \r\nun entorno inclusivo donde todos \r\nse sientan valorados y respetados.<\/p>\n                            <\/div>\n                        <\/div>\n                                            <div class=\"stm-benefit-card flex items-start gap-4 col-span-1\">\n                            <div class=\"stm-benefit-icon w-12 xl:w-24\">\n                                                                    <img decoding=\"async\" class=\"h-auto w-full\" src=\"https:\/\/stmtires.com\/wp-content\/uploads\/2025\/06\/STM_Icons_Red_5-Star.png\" alt=\"\" \/>\n                                                            <\/div>\n                            <div class=\"stm-benefit-content\">\n                                <h3 class=\"text-retail-primary font-primary font-bold text-balance uppercase mb-2 text-lg\">Compromiso con la calidad<\/h3>\n                                <p>Nuestra misi\u00f3n es simple: ofrecer los productos y servicios de la m\u00e1s alta calidad a nuestros clientes. \u00danete a nosotros para mantener este compromiso y s\u00e9 parte de un equipo que se enorgullece de la excelencia.<\/p>\n                            <\/div>\n                        <\/div>\n                                            <div class=\"stm-benefit-card flex items-start gap-4 col-span-1\">\n                            <div class=\"stm-benefit-icon w-12 xl:w-24\">\n                                                                    <img decoding=\"async\" class=\"h-auto w-full\" src=\"https:\/\/stmtires.com\/wp-content\/uploads\/2025\/06\/STM_Icons_Red_Settings-or-Tech.png\" alt=\"\" \/>\n                                                            <\/div>\n                            <div class=\"stm-benefit-content\">\n                                <h3 class=\"text-retail-primary font-primary font-bold text-balance uppercase mb-2 text-lg\">Tecnolog\u00eda de vanguardia<\/h3>\n                                <p>Desde equipos de \u00faltima generaci\u00f3n hasta herramientas y t\u00e9cnicas innovadoras, siempre estamos a la vanguardia de la tecnolog\u00eda en la industria de neum\u00e1ticos y automotriz. S\u00e9 parte de un equipo que abraza la innovaci\u00f3n y el cambio.<\/p>\n                            <\/div>\n                        <\/div>\n                                            <div class=\"stm-benefit-card flex items-start gap-4 col-span-1\">\n                            <div class=\"stm-benefit-icon w-12 xl:w-24\">\n                                                                    <img decoding=\"async\" class=\"h-auto w-full\" src=\"https:\/\/stmtires.com\/wp-content\/uploads\/2025\/06\/STM_Icons_Red_Rise-Above.png\" alt=\"\" \/>\n                                                            <\/div>\n                            <div class=\"stm-benefit-content\">\n                                <h3 class=\"text-retail-primary font-primary font-bold text-balance uppercase mb-2 text-lg\">Oportunidades de crecimiento<\/h3>\n                                <p>El trabajo duro no pasa desapercibido aqu\u00ed. Ya sea que est\u00e9s comenzando o lleves a\u00f1os con nosotros, siempre hay oportunidades para avanzar en tu carrera en STM.<\/p>\n                            <\/div>\n                        <\/div>\n                                            <div class=\"stm-benefit-card flex items-start gap-4 col-span-1\">\n                            <div class=\"stm-benefit-icon w-12 xl:w-24\">\n                                                                    <img decoding=\"async\" class=\"h-auto w-full\" src=\"https:\/\/stmtires.com\/wp-content\/uploads\/2025\/06\/STM_Icons_Red_Heart.png\" alt=\"\" \/>\n                                                            <\/div>\n                            <div class=\"stm-benefit-content\">\n                                <h3 class=\"text-retail-primary font-primary font-bold text-balance uppercase mb-2 text-lg\">Devolviendo a la comunidad<\/h3>\n                                <p>No solo estamos aqu\u00ed para hacer negocios; estamos aqu\u00ed para marcar la diferencia. \u00danete a nosotros para devolver a las comunidades que servimos a trav\u00e9s de voluntariado, iniciativas ben\u00e9ficas y cuidado ambiental.<\/p>\n                            <\/div>\n                        <\/div>\n                                    <\/div>\n                    <\/div>\n    <\/div>\n<\/section> <section class=\"stm-explore-opportunities\" id=\"job-listings\">\n    <div class=\"container\">\n        <h2 class=\"stm-section-title text-retail-primary font-black uppercase text-2xl lg:text-5xl text-balance max-w-3xl mx-auto\">Explora oportunidades en Southern Tire Mart<\/h2>\n        <p style=\"color: #ee3124;\" class=\"careers-listing__subtitle text-center text-2xl mb-4\">No importa tu experiencia o habilidades, hay un lugar para ti en STM.<\/p>\n        <div class=\"stm-careers-wrapper border border-light-gray border-solid rounded-2xl shadow-lg\">\n            <div class=\"stm-careers-sidebar\">\n                                    <h3 class=\"text-retail-primary font-bold font-primary uppercase\">\u00danete a nosotros en roles como:<\/h3>\n                                <div class=\"stm-departments-list\" id=\"stm-departments-list\">\n                                  <\/div>\n                <button id=\"stm-clear-filters\" class=\"stm-clear-filters-btn\" style=\"display:none;margin:10px 0 0 0;\">Clear All Filters<\/button>\n                <div class=\"stm-active-filters\" id=\"stm-active-filters\" style=\"margin: 12px 0 0 0;\"><\/div>\n                                    <p class=\"stm-note\">*Haz clic en los botones junto a cada t\u00edtulo para ver qu\u00e9 empleos hay disponibles para cada puesto<\/p>\n                            <\/div>\n            <div class=\"stm-careers-content pb-3\">\n\t\t\t\t\t\t\t\t<div class=\"px-4\">\n\t\t\t\t\t\t\t\t\t\t\t\t\t\t\t\t\t\t\t\t<h3 class=\"text-retail-primary font-bold font-primary uppercase mt-4\">\u00bfListo para dar el siguiente paso en tu carrera?<\/h3>\n\t\t\t\t\t\t\t\t\t\t\t\t\t\t\t\t\t\t\t\t\t\t\t\t\t\t\t\t\t<p class=\"careers-listing__list-subtitle\" style=\"color: #ee3124;\">\u00a1Explora nuestras vacantes actuales y \u00fanete a la familia STM hoy mismo!<\/p>\n\t\t\t\t\t\t\t\t\t\t\t\t\t\t\t\t\t<\/div>\n                <div class=\"stm-careers-list\" id=\"stm-careers-list\">\n                  <div class=\"stm-careers-location-search-bar\" style=\"margin-bottom: 18px;\">\n                    <label for=\"stm-location-search\" class=\"stm-location-search-label text-retail-primary font-bold font-primary uppercase\">Search by Location<\/label>\n                    <div style=\"position:relative;max-width:400px;\">\n                      <input type=\"text\" id=\"stm-location-search\" class=\"stm-location-search-input\" placeholder=\"Type a city, state, or location...\" autocomplete=\"off\">\n                      <div id=\"stm-location-dropdown\" class=\"stm-location-dropdown\"><\/div>\n                    <\/div>\n                  <\/div>\n                  <div class=\"stm-careers-body\">\n                    <div class=\"stm-careers-table\">\n                      <div class=\"stm-careers-header-row\">\n                        <div class=\"stm-careers-header-cell\">Job Title<\/div>\n                        <div class=\"stm-careers-header-cell\">Location<\/div>\n                        <div class=\"stm-careers-header-cell\">Company<\/div>\n                      <\/div>\n                                          <\/div>\n                    <div class=\"stm-careers-pagination\">\n                                          <\/div>\n                  <\/div>\n                <\/div>\n                <style>\n                  .stm-careers-header-row {\n                    display: flex;\n                    font-weight: bold;\n                    color: #ee3124;\n\t\t\t\t\t\t\t\t\t\tbackground-color: #f6f6f6;\n\t\t\t\t\t\t\t\t\t\tborder-top: 1px solid #e0e0e0;\n\t\t\t\t\t\t\t\t\t\tborder-bottom: 1px solid #e0e0e0;\n                  }\n                  .stm-careers-header-cell {\n                    flex: 1;\n                    padding: 6px 12px;\n                    font-weight: bold;\n                    color: #ee3124;\n                  }\n                <\/style>\n            <\/div>\n        <\/div>\n    <\/div>\n<\/section>\n","protected":false},"excerpt":{"rendered":"","protected":false},"author":1,"featured_media":0,"parent":64716,"menu_order":0,"comment_status":"closed","ping_status":"closed","template":"template-careers.php","meta":{"_acf_changed":false,"subheading":[],"footnotes":""},"class_list":["post-104545","page","type-page","status-publish","hentry"],"acf":[],"_links":{"self":[{"href":"https:\/\/stmtires.com\/es\/wp-json\/wp\/v2\/pages\/104545","targetHints":{"allow":["GET"]}}],"collection":[{"href":"https:\/\/stmtires.com\/es\/wp-json\/wp\/v2\/pages"}],"about":[{"href":"https:\/\/stmtires.com\/es\/wp-json\/wp\/v2\/types\/page"}],"author":[{"embeddable":true,"href":"https:\/\/stmtires.com\/es\/wp-json\/wp\/v2\/users\/1"}],"replies":[{"embeddable":true,"href":"https:\/\/stmtires.com\/es\/wp-json\/wp\/v2\/comments?post=104545"}],"version-history":[{"count":1,"href":"https:\/\/stmtires.com\/es\/wp-json\/wp\/v2\/pages\/104545\/revisions"}],"predecessor-version":[{"id":350136,"href":"https:\/\/stmtires.com\/es\/wp-json\/wp\/v2\/pages\/104545\/revisions\/350136"}],"up":[{"embeddable":true,"href":"https:\/\/stmtires.com\/es\/wp-json\/wp\/v2\/pages\/64716"}],"wp:attachment":[{"href":"https:\/\/stmtires.com\/es\/wp-json\/wp\/v2\/media?parent=104545"}],"curies":[{"name":"wp","href":"https:\/\/api.w.org\/{rel}","templated":true}]}}