{"id":21,"date":"2021-07-09T13:12:43","date_gmt":"2021-07-09T18:12:43","guid":{"rendered":"https:\/\/website.dev.stmtires.com\/home\/"},"modified":"2024-11-14T19:23:13","modified_gmt":"2024-11-15T01:23:13","slug":"casa","status":"publish","type":"page","link":"https:\/\/stmtires.com\/es\/","title":{"rendered":"Casa"},"content":{"rendered":"\n<div class=\"wp-block-cover alignfull is-light has-bottom-graphic\" style=\"min-height:795px;aspect-ratio:unset;\"><span aria-hidden=\"true\" class=\"wp-block-cover__background has-background-dim-70 has-background-dim\"><\/span><img loading=\"lazy\" decoding=\"async\" width=\"1920\" height=\"1080\" class=\"wp-block-cover__image-background wp-image-248761\" alt=\"\" src=\"https:\/\/stmtires.com\/wp-content\/uploads\/2022\/10\/southern-tire-mart-shop-for-tires-banner-2-comp.jpg\" data-object-fit=\"cover\" srcset=\"https:\/\/stmtires.com\/wp-content\/uploads\/2022\/10\/southern-tire-mart-shop-for-tires-banner-2-comp.jpg 1920w, https:\/\/stmtires.com\/wp-content\/uploads\/2022\/10\/southern-tire-mart-shop-for-tires-banner-2-comp-300x169.jpg 300w, https:\/\/stmtires.com\/wp-content\/uploads\/2022\/10\/southern-tire-mart-shop-for-tires-banner-2-comp-1024x576.jpg 1024w, https:\/\/stmtires.com\/wp-content\/uploads\/2022\/10\/southern-tire-mart-shop-for-tires-banner-2-comp-768x432.jpg 768w, https:\/\/stmtires.com\/wp-content\/uploads\/2022\/10\/southern-tire-mart-shop-for-tires-banner-2-comp-1536x864.jpg 1536w, https:\/\/stmtires.com\/wp-content\/uploads\/2022\/10\/southern-tire-mart-shop-for-tires-banner-2-comp-600x338.jpg 600w\" sizes=\"auto, (max-width: 1920px) 100vw, 1920px\" \/><div class=\"wp-block-cover__inner-container is-layout-flow wp-block-cover-is-layout-flow\">\n<div class=\"wp-block-group is-layout-constrained wp-container-core-group-is-layout-4222adab wp-block-group-is-layout-constrained\">\n<div class=\"wp-block-columns is-layout-flex wp-container-core-columns-is-layout-9d6595d7 wp-block-columns-is-layout-flex\">\n<div class=\"wp-block-column is-layout-flow wp-block-column-is-layout-flow\">\n<h1 class=\"wp-block-heading has-white-color has-text-color has-header-3-lg-font-size\"><strong>Mantenimiento Professional<\/strong> <strong>Arreglos de Auto Fiables<\/strong> <strong>Llantas de Alta Calidad   Servicio Amamble<\/strong><\/h1>\n\n\n    \n<div class=\"responsive-spacer md:pt-4 pt-3\"><\/div>\n\n<style>\n.wp-admin .responsive-spacer {\n    background-color:#efefef;\n}\n<\/style>\n\n\n<div class=\"wp-block-buttons is-layout-flex wp-block-buttons-is-layout-flex\">\n<div class=\"wp-block-button has-car-icon\"><a class=\"wp-block-button__link has-navy-to-indigo-horizontal-gradient-background has-background wp-element-button\" href=\"https:\/\/stmtires.com\/es\/autos-camionetas-y-suvs\/descripcion-de-servicios-de-la-venta-al-por-menor\/\" style=\"border-top-left-radius:0px;border-bottom-left-radius:0px\">Venta al por Menor<\/a><\/div>\n\n\n\n<div class=\"wp-block-button has-semi-truck-icon\"><a class=\"wp-block-button__link has-cherry-to-crimson-horizontal-gradient-background has-background wp-element-button\" href=\"https:\/\/stmtires.com\/es\/servicios-comerciales-y-de-parques-moviles\/descripcion-general-de-los-servicios-comerciales\/\" style=\"border-top-left-radius:0px;border-top-right-radius:100px;border-bottom-left-radius:0px;border-bottom-right-radius:100px\">Venta Comercial<\/a><\/div>\n<\/div>\n\n\n    \n<div class=\"responsive-spacer md:pt-4 pt-3\"><\/div>\n\n<style>\n.wp-admin .responsive-spacer {\n    background-color:#efefef;\n}\n<\/style><\/div>\n\n\n\n<div class=\"wp-block-column is-layout-flow wp-block-column-is-layout-flow\">\n<h2 class=\"wp-block-heading has-white-color has-text-color has-header-4-sm-font-size\" id=\"tw-target-text\"><strong>Busque Llantas<\/strong><\/h2>\n\n\n\n<div id=\"TireLookup\"><\/div>\n\n\n    \n<div class=\"responsive-spacer md:pt-4 pt-3\"><\/div>\n\n<style>\n.wp-admin .responsive-spacer {\n    background-color:#efefef;\n}\n<\/style><\/div>\n<\/div>\n<\/div>\n\n\n\n<div style=\"height:141px\" aria-hidden=\"true\" class=\"wp-block-spacer\"><\/div>\n<\/div><\/div>\n\n\n\n<div class=\"wp-block-group alignwide is-layout-constrained wp-container-core-group-is-layout-39ce995c wp-block-group-is-layout-constrained\">\n<div class=\"wp-block-columns alignwide are-vertically-aligned-center is-layout-flex wp-container-core-columns-is-layout-9d6595d7 wp-block-columns-is-layout-flex\">\n<div class=\"wp-block-column is-vertically-aligned-center is-layout-flow wp-block-column-is-layout-flow\">\n<figure class=\"wp-block-image aligncenter size-full\"><img loading=\"lazy\" decoding=\"async\" width=\"1000\" height=\"1000\" src=\"https:\/\/stmtires.com\/wp-content\/uploads\/2022\/10\/southern-tire-mart-looking-out-for-you-and-your-vehicle-1-comp.jpg\" alt=\"\" class=\"wp-image-248763\" srcset=\"https:\/\/stmtires.com\/wp-content\/uploads\/2022\/10\/southern-tire-mart-looking-out-for-you-and-your-vehicle-1-comp.jpg 1000w, https:\/\/stmtires.com\/wp-content\/uploads\/2022\/10\/southern-tire-mart-looking-out-for-you-and-your-vehicle-1-comp-300x300.jpg 300w, https:\/\/stmtires.com\/wp-content\/uploads\/2022\/10\/southern-tire-mart-looking-out-for-you-and-your-vehicle-1-comp-150x150.jpg 150w, https:\/\/stmtires.com\/wp-content\/uploads\/2022\/10\/southern-tire-mart-looking-out-for-you-and-your-vehicle-1-comp-768x768.jpg 768w, https:\/\/stmtires.com\/wp-content\/uploads\/2022\/10\/southern-tire-mart-looking-out-for-you-and-your-vehicle-1-comp-600x600.jpg 600w, https:\/\/stmtires.com\/wp-content\/uploads\/2022\/10\/southern-tire-mart-looking-out-for-you-and-your-vehicle-1-comp-100x100.jpg 100w\" sizes=\"auto, (max-width: 1000px) 100vw, 1000px\" \/><\/figure>\n\n\n    \n<div class=\"responsive-spacer md:-mt-8 -mt-3\"><\/div>\n\n<style>\n.wp-admin .responsive-spacer {\n    background-color:#efefef;\n}\n<\/style><\/div>\n\n\n\n<div class=\"wp-block-column is-vertically-aligned-center is-layout-flow wp-block-column-is-layout-flow\">\n<h2 class=\"wp-block-heading has-primary-color has-text-color has-header-2-sm-font-size\"><strong>Cuidando a Usted y su Veh\u00edculo<\/strong><\/h2>\n\n\n\n<p>Con Southern Tire Mart, le cuidaremos c\u00f3mo familia. Tenemos el inventario y la experiencia mec\u00e1nico para garantizar que vaya a recibir lo que necesite y que se haga correctamente. Adem\u00e1s, la manera de hacerle sentirse bienvenido es solamente una parte de c\u00f3mo le servimos.<\/p>\n<\/div>\n<\/div>\n<\/div>\n\n\n\n<div class=\"wp-block-columns alignfull has-none-gutter is-layout-flex wp-container-core-columns-is-layout-9d6595d7 wp-block-columns-is-layout-flex\">\n<div class=\"wp-block-column is-layout-flow wp-block-column-is-layout-flow\">\n\n<div id=\"block_0382362bc1501999fc40c1b4a6feb0dd\" class=\"banner group flex flex-wrap items-stretch\">\n        <div class=\"w-full lg:w-2\/3 xl:w-7\/12 order-6 px-4 md:px-12 xl:px-24 py-12 lg:py-24\" style=\"background-color: #00338a;\">\n        \n\n<h2 class=\"wp-block-heading has-white-color has-text-color has-header-2-sm-font-size\" style=\"font-style:normal;font-weight:700\">Autos, Camionetas y SUVs<\/h2>\n\n\n\n<ul class=\"has-white-color has-text-color wp-block-list\">\n<li>Busque Llantas de Calidad<\/li>\n\n\n\n<li>Busque Servicios Disponibles<\/li>\n\n\n\n<li>Busque los descuentos nuevos<\/li>\n<\/ul>\n\n\n\n<div style=\"height:106px\" aria-hidden=\"true\" class=\"wp-block-spacer\"><\/div>\n\n\n    \n<div class=\"responsive-spacer md:pt-4 pt-3\"><\/div>\n\n<style>\n.wp-admin .responsive-spacer {\n    background-color:#efefef;\n}\n<\/style>\n\n\n<div class=\"wp-block-buttons is-layout-flex wp-block-buttons-is-layout-flex\">\n<div class=\"wp-block-button has-wheel-icon\"><a class=\"wp-block-button__link has-cherry-to-crimson-horizontal-gradient-background has-background wp-element-button\" href=\"https:\/\/stmtires.com\/es\/autos-camionetas-y-suvs\/descripcion-de-servicios-de-la-venta-al-por-menor\/\" style=\"border-top-left-radius:0px;border-bottom-left-radius:0px\">Aprende M\u00e1s<\/a><\/div>\n<\/div>\n\n\n    \n<div class=\"responsive-spacer md:pt-4 pt-3\"><\/div>\n\n<style>\n.wp-admin .responsive-spacer {\n    background-color:#efefef;\n}\n<\/style>\n\n    <\/div>\n\n        <div class=\"relative w-full lg:w-1\/3 xl:w-5\/12 order-1 lg:order-12 bg-center bg-no-repeat bg-cover min-h-48\" style=\"background-image: url('https:\/\/stmtires.com\/wp-content\/uploads\/2022\/10\/southern-tire-mart-retail-cars-trucks-and-suvs-cta-block-comp.jpg');\">\n                    <div style=\"background-color: #00338a;\" class=\"opacity-0 group-hover:opacity-75 transition-opacity duration-200 absolute inset-0 w-full h-full\"><\/div>\n                <div style=\"background-color: #0b285c;\" class=\"rounded-full shadow group-hover:shadow-2xl transition-shadow duration-200 absolute w-24 xl:w-32 h-24 xl:h-32 left-1\/2 lg:left-0 md:-translate-x-1\/2 top-full lg:top-1\/2 -translate-x-1\/2 transform -translate-y-1\/2 flex items-center justify-center\">\n            <img loading=\"lazy\" decoding=\"async\" width=\"48\" height=\"22\" src=\"https:\/\/stmtires.com\/wp-content\/uploads\/2022\/04\/cars-trucks-and-suvs-icon.svg\" class=\"w-1\/2 h-1\/2\" alt=\"White outline of a 4 door se\" \/>\n        <\/div>\n    <\/div>\n\n<\/div><\/div>\n\n\n\n<div class=\"wp-block-column is-layout-flow wp-block-column-is-layout-flow\">\n\n<div id=\"block_92c0c54be87d97c52d761a9bbd23dbcf\" class=\"banner group flex flex-wrap items-stretch\">\n        <div class=\"w-full lg:w-2\/3 xl:w-7\/12 order-6 px-4 md:px-12 xl:px-24 py-12 lg:py-24\" style=\"background-color: #b41010;\">\n        \n\n<h2 class=\"wp-block-heading has-white-color has-text-color has-header-2-sm-font-size\" style=\"font-style:normal;font-weight:700\">Autos Comerciales y De Parque<\/h2>\n\n\n\n<ul class=\"has-white-color has-text-color wp-block-list\">\n<li>Disfrute Asistencia de Carretera de 24\/7<\/li>\n\n\n\n<li>Mantenga su parque de veh\u00edculos entero<\/li>\n\n\n\n<li>Aprenda de nuestros recauchutados duraderos<\/li>\n\n\n\n<li>Inscr\u00edbase por una cuenta comercial<\/li>\n<\/ul>\n\n\n    \n<div class=\"responsive-spacer md:pt-4 pt-3\"><\/div>\n\n<style>\n.wp-admin .responsive-spacer {\n    background-color:#efefef;\n}\n<\/style>\n\n\n<div class=\"wp-block-buttons is-layout-flex wp-block-buttons-is-layout-flex\">\n<div class=\"wp-block-button has-wheel-icon\"><a class=\"wp-block-button__link has-white-color has-cherry-to-crimson-horizontal-gradient-background has-text-color has-background wp-element-button\" href=\"https:\/\/stmtires.com\/es\/servicios-comerciales-y-de-parques-moviles\/descripcion-general-de-los-servicios-comerciales\/\" style=\"border-top-left-radius:0px;border-bottom-left-radius:0px\">Aprende M\u00e1s<\/a><\/div>\n<\/div>\n\n\n    \n<div class=\"responsive-spacer md:pt-4 pt-3\"><\/div>\n\n<style>\n.wp-admin .responsive-spacer {\n    background-color:#efefef;\n}\n<\/style>\n\n    <\/div>\n\n        <div class=\"relative w-full lg:w-1\/3 xl:w-5\/12 order-1  bg-center bg-no-repeat bg-cover min-h-48\" style=\"background-image: url('https:\/\/stmtires.com\/wp-content\/uploads\/2022\/10\/southern-tire-mart-commercial-and-fleet-cta-block-comp.jpg');\">\n                    <div style=\"background-color: #b41010;\" class=\"opacity-0 group-hover:opacity-75 transition-opacity duration-200 absolute inset-0 w-full h-full\"><\/div>\n                <div style=\"background-color: #880101;\" class=\"rounded-full shadow group-hover:shadow-2xl transition-shadow duration-200 absolute w-24 xl:w-32 h-24 xl:h-32 right-1\/2 lg:right-0 translate-x-1\/2 top-full lg:top-1\/2 -translate-x-1\/2 transform -translate-y-1\/2 flex items-center justify-center\">\n            <img loading=\"lazy\" decoding=\"async\" width=\"68\" height=\"46\" src=\"https:\/\/stmtires.com\/wp-content\/uploads\/2022\/04\/commercial-and-fleet-icon.svg\" class=\"w-1\/2 h-1\/2\" alt=\"White outline of a semi truck\" \/>\n        <\/div>\n    <\/div>\n\n<\/div><\/div>\n<\/div>\n\n\n\n<div class=\"wp-block-cover alignfull\"><span aria-hidden=\"true\" class=\"wp-block-cover__background has-background-dim\"><\/span><img loading=\"lazy\" decoding=\"async\" width=\"1920\" height=\"1080\" class=\"wp-block-cover__image-background wp-image-64257\" alt=\"Southern Tire Mart at Pilot J\" src=\"https:\/\/stmtires.com\/wp-content\/uploads\/2022\/04\/southern-tire-mart-at-pilot-flying-j_.jpg\" data-object-fit=\"cover\" srcset=\"https:\/\/stmtires.com\/wp-content\/uploads\/2022\/04\/southern-tire-mart-at-pilot-flying-j_.jpg 1920w, https:\/\/stmtires.com\/wp-content\/uploads\/2022\/04\/southern-tire-mart-at-pilot-flying-j_-300x169.jpg 300w, https:\/\/stmtires.com\/wp-content\/uploads\/2022\/04\/southern-tire-mart-at-pilot-flying-j_-1024x576.jpg 1024w, https:\/\/stmtires.com\/wp-content\/uploads\/2022\/04\/southern-tire-mart-at-pilot-flying-j_-768x432.jpg 768w, https:\/\/stmtires.com\/wp-content\/uploads\/2022\/04\/southern-tire-mart-at-pilot-flying-j_-1536x864.jpg 1536w, https:\/\/stmtires.com\/wp-content\/uploads\/2022\/04\/southern-tire-mart-at-pilot-flying-j_-600x338.jpg 600w\" sizes=\"auto, (max-width: 1920px) 100vw, 1920px\" \/><div class=\"wp-block-cover__inner-container is-layout-flow wp-block-cover-is-layout-flow\">\n<div class=\"wp-block-group is-layout-constrained wp-container-core-group-is-layout-39ce995c wp-block-group-is-layout-constrained\">\n<div class=\"wp-block-columns is-layout-flex wp-container-core-columns-is-layout-9d6595d7 wp-block-columns-is-layout-flex\">\n<div class=\"wp-block-column is-layout-flow wp-block-column-is-layout-flow\">\n<h2 class=\"wp-block-heading has-white-color has-text-color has-header-2-sm-font-size\"><strong>Southern Tire Mart con Pilot<\/strong><\/h2>\n\n\n\n<p class=\"has-white-color has-text-color\">Mantengamos veh\u00edculos comerciales preparados para la carretera con llantas, servicios para camiones comerciales y asistencia de carretera de 24\/7 con locales de Southern Tire Mart y Pilot del pa\u00eds.<\/p>\n\n\n\n<div class=\"wp-block-buttons is-layout-flex wp-block-buttons-is-layout-flex\">\n<div class=\"wp-block-button has-wheel-icon\"><a class=\"wp-block-button__link has-cherry-to-crimson-horizontal-gradient-background has-background wp-element-button\" href=\"https:\/\/stmtires.com\/es\/southern-tire-mart-junto-con-talleres-de-camiones-de-pilot-flying-j\/\" style=\"border-top-left-radius:0px;border-bottom-left-radius:0px\">Acerca Pilot<\/a><\/div>\n<\/div>\n<\/div>\n\n\n\n<div class=\"wp-block-column is-layout-flow wp-block-column-is-layout-flow\"><\/div>\n<\/div>\n<\/div>\n<\/div><\/div>\n\n\n\n<div class=\"wp-block-group alignfull has-light-gray-background-color has-background is-layout-constrained wp-container-core-group-is-layout-458a3af2 wp-block-group-is-layout-constrained\">\n<div class=\"wp-block-group has-light-gray-background-color has-background is-layout-constrained wp-container-core-group-is-layout-ca491102 wp-block-group-is-layout-constrained\">\n<div style=\"height:61px\" aria-hidden=\"true\" class=\"wp-block-spacer\"><\/div>\n\n\n\n<div class=\"wp-block-columns alignfull has-small-gutter is-layout-flex wp-container-core-columns-is-layout-9d6595d7 wp-block-columns-is-layout-flex\">\n<div class=\"wp-block-column is-layout-flow wp-block-column-is-layout-flow\"><div id=\"card-block_4f67e25db0f6b597472fd7fc70686438\" class=\"card-block group h-full pt-16 pb-8 relative\">\n\t<div class=\"shadow bg-white p-8 h-full\">\n\t\t<div style=\"background-image: url('https:\/\/stmtires.com\/wp-content\/uploads\/2022\/10\/southern-tire-mart-commercial-accounts-comp-300x300.jpg');\" class=\"relative bg-no-repeat bg-center bg-cover w-24 md:w-32 xl:w-48 h-24 md:h-32 xl:h-48 rounded-full transform overflow-hidden -translate-y-24 mb-8 mx-auto shadow-lg\">\n\t\t\t<div class=\"bg-secondary opacity-0 group-hover:opacity-75 transition-opacity duration-200 absolute inset-0 w-full h-full\"><\/div>\n\t\t\t<img loading=\"lazy\" decoding=\"async\" width=\"34\" height=\"34\" src=\"https:\/\/stmtires.com\/wp-content\/uploads\/2022\/04\/wheel.svg\" class=\"opacity-0 group-hover:opacity-100 transition-opacity duration-200 w-24 h-auto rounded-full absolute bottom-0 left-1\/2 transform -translate-x-1\/2 translate-y-12\" alt=\"\" \/>\n\t\t<\/div>\n\t\t<div class=\"-mt-24\">\n\t\t\t\n\n<h2 class=\"wp-block-heading has-text-align-center has-primary-color has-text-color has-header-4-sm-font-size\"><strong>Cuenta comercial<\/strong><\/h2>\n\n\n\n<div style=\"height:18px\" aria-hidden=\"true\" class=\"wp-block-spacer\"><\/div>\n\n\n\n<p class=\"has-text-align-center\" id=\"tw-target-text\">Acceda a su cuenta comercial o descubra c\u00f3mo configurar una para asistencia en carretera las 24 horas, los 7 d\u00edas de la semana, soporte de centro de llamadas y servicios de flota.<\/p>\n\n\n\t\t<\/div>\n\t<\/div>\n\n    \n\n\t\t\t\n\t\t<a class=\"card-block-link absolute w-full h-full inset-0 cursor-pointer\" href=\"https:\/\/stmtires.com\/es\/servicios-comerciales-y-de-parques-moviles\/descripcion-general-de-los-servicios-comerciales\/\"  target=\"\" title=\"\"><\/a>\n\n\t<\/div>\n<\/div>\n\n\n\n<div class=\"wp-block-column is-layout-flow wp-block-column-is-layout-flow\"><div id=\"card-block_e559cf36a7442cd6e9df456660b4c8e4\" class=\"card-block group h-full pt-16 pb-8 relative\">\n\t<div class=\"shadow bg-white p-8 h-full\">\n\t\t<div style=\"background-image: url('https:\/\/stmtires.com\/wp-content\/uploads\/2022\/10\/southern-tire-mart-finance-your-tires-and-repairs-comp-300x300.jpg');\" class=\"relative bg-no-repeat bg-center bg-cover w-24 md:w-32 xl:w-48 h-24 md:h-32 xl:h-48 rounded-full transform overflow-hidden -translate-y-24 mb-8 mx-auto shadow-lg\">\n\t\t\t<div class=\"bg-secondary opacity-0 group-hover:opacity-75 transition-opacity duration-200 absolute inset-0 w-full h-full\"><\/div>\n\t\t\t<img loading=\"lazy\" decoding=\"async\" width=\"34\" height=\"34\" src=\"https:\/\/stmtires.com\/wp-content\/uploads\/2022\/04\/wheel.svg\" class=\"opacity-0 group-hover:opacity-100 transition-opacity duration-200 w-24 h-auto rounded-full absolute bottom-0 left-1\/2 transform -translate-x-1\/2 translate-y-12\" alt=\"\" \/>\n\t\t<\/div>\n\t\t<div class=\"-mt-24\">\n\t\t\t\n\n<h2 class=\"wp-block-heading has-text-align-center has-primary-color has-text-color has-header-4-sm-font-size\"><strong>Financie las llantas y arreglos<\/strong><\/h2>\n\n\n\n<div style=\"height:28px\" aria-hidden=\"true\" class=\"wp-block-spacer\"><\/div>\n\n\n\n<p class=\"has-text-align-center\">Aproveche de los pagos bajos e inter\u00e9s diferido con la tarjeta de cr\u00e9dito de Southern Tire Mart.&nbsp;<\/p>\n\n\n\t\t<\/div>\n\t<\/div>\n\n    \n\n\t\t\t\n\t\t<a class=\"card-block-link absolute w-full h-full inset-0 cursor-pointer\" href=\"https:\/\/stmtires.com\/es\/autos-camionetas-y-suvs\/financiamiento\/\"  target=\"\" title=\"Financiamiento\"><\/a>\n\n\t<\/div>\n<\/div>\n\n\n\n<div class=\"wp-block-column is-layout-flow wp-block-column-is-layout-flow\"><div id=\"card-block_620e381b02762f83a6a27c8d3147129c\" class=\"card-block group h-full pt-16 pb-8 relative\">\n\t<div class=\"shadow bg-white p-8 h-full\">\n\t\t<div style=\"background-image: url('https:\/\/stmtires.com\/wp-content\/uploads\/2022\/10\/southern-tire-mart-news-and-press-comp-300x300.jpg');\" class=\"relative bg-no-repeat bg-center bg-cover w-24 md:w-32 xl:w-48 h-24 md:h-32 xl:h-48 rounded-full transform overflow-hidden -translate-y-24 mb-8 mx-auto shadow-lg\">\n\t\t\t<div class=\"bg-secondary opacity-0 group-hover:opacity-75 transition-opacity duration-200 absolute inset-0 w-full h-full\"><\/div>\n\t\t\t<img loading=\"lazy\" decoding=\"async\" width=\"34\" height=\"34\" src=\"https:\/\/stmtires.com\/wp-content\/uploads\/2022\/04\/wheel.svg\" class=\"opacity-0 group-hover:opacity-100 transition-opacity duration-200 w-24 h-auto rounded-full absolute bottom-0 left-1\/2 transform -translate-x-1\/2 translate-y-12\" alt=\"\" \/>\n\t\t<\/div>\n\t\t<div class=\"-mt-24\">\n\t\t\t\n\n<h2 class=\"wp-block-heading has-text-align-center has-primary-color has-text-color has-header-4-sm-font-size\"><strong>Noticias y Prensas<\/strong><\/h2>\n\n\n\n<div style=\"height:43px\" aria-hidden=\"true\" class=\"wp-block-spacer\"><\/div>\n\n\n\n<p class=\"has-text-align-center\">Revise los anuncios de los productos, servicios, y beneficios de Southern Tire Mart que le ayudar\u00e1n a seguir con cuidado sobre su camino.<\/p>\n\n\n\t\t<\/div>\n\t<\/div>\n\n    \n\n\t\t\t\n\t\t<a class=\"card-block-link absolute w-full h-full inset-0 cursor-pointer\" href=\"https:\/\/stmtires.com\/es\/noticias\/\"  target=\"\" title=\"Noticias\"><\/a>\n\n\t<\/div>\n<\/div>\n<\/div>\n\n\n\n<div style=\"height:61px\" aria-hidden=\"true\" class=\"wp-block-spacer\"><\/div>\n<\/div>\n<\/div>\n","protected":false},"excerpt":{"rendered":"<p>Cuidando a Usted y su Veh\u00edculo Con Southern Tire Mart, le cuidaremos c\u00f3mo familia. Tenemos el inventario y la experiencia mec\u00e1nico para garantizar que vaya a recibir lo que necesite y que se haga correctamente. Adem\u00e1s, la manera de hacerle sentirse bienvenido es solamente una parte de c\u00f3mo le servimos.<\/p>\n","protected":false},"author":1,"featured_media":0,"parent":0,"menu_order":0,"comment_status":"closed","ping_status":"open","template":"","meta":{"_acf_changed":false,"subheading":[],"footnotes":""},"class_list":["post-21","page","type-page","status-publish","hentry"],"acf":[],"_links":{"self":[{"href":"https:\/\/stmtires.com\/es\/wp-json\/wp\/v2\/pages\/21","targetHints":{"allow":["GET"]}}],"collection":[{"href":"https:\/\/stmtires.com\/es\/wp-json\/wp\/v2\/pages"}],"about":[{"href":"https:\/\/stmtires.com\/es\/wp-json\/wp\/v2\/types\/page"}],"author":[{"embeddable":true,"href":"https:\/\/stmtires.com\/es\/wp-json\/wp\/v2\/users\/1"}],"replies":[{"embeddable":true,"href":"https:\/\/stmtires.com\/es\/wp-json\/wp\/v2\/comments?post=21"}],"version-history":[{"count":9,"href":"https:\/\/stmtires.com\/es\/wp-json\/wp\/v2\/pages\/21\/revisions"}],"predecessor-version":[{"id":349389,"href":"https:\/\/stmtires.com\/es\/wp-json\/wp\/v2\/pages\/21\/revisions\/349389"}],"wp:attachment":[{"href":"https:\/\/stmtires.com\/es\/wp-json\/wp\/v2\/media?parent=21"}],"curies":[{"name":"wp","href":"https:\/\/api.w.org\/{rel}","templated":true}]}}