{"id":64716,"date":"2022-04-21T16:27:59","date_gmt":"2022-04-21T21:27:59","guid":{"rendered":"https:\/\/website.dev.stmtires.com\/64716-2\/"},"modified":"2024-07-01T13:26:37","modified_gmt":"2024-07-01T18:26:37","slug":"acerca","status":"publish","type":"page","link":"https:\/\/stmtires.com\/es\/acerca\/","title":{"rendered":"Acerca de Nosotros"},"content":{"rendered":"\n<div class=\"wp-block-group is-layout-constrained wp-container-core-group-is-layout-39ce995c wp-block-group-is-layout-constrained\">\n<div class=\"wp-block-columns is-layout-flex wp-container-core-columns-is-layout-9d6595d7 wp-block-columns-is-layout-flex\">\n<div class=\"wp-block-column is-layout-flow wp-block-column-is-layout-flow\">    \n<div class=\"responsive-spacer md:pt-6 pt-4\"><\/div>\n\n<style>\n.wp-admin .responsive-spacer {\n    background-color:#efefef;\n}\n<\/style>\n\n\n<h1 class=\"has-primary-color has-text-color has-header-2-lg-font-size wp-block-heading\"><strong><strong>Acerca de Nosotros<\/strong><\/strong><\/h1>\n\n\n    \n<div class=\"responsive-spacer md:pt-6 pt-4\"><\/div>\n\n<style>\n.wp-admin .responsive-spacer {\n    background-color:#efefef;\n}\n<\/style><\/div>\n<\/div>\n<\/div>\n\n<div class=\"wp-block-cover alignfull\"><span aria-hidden=\"true\" class=\"wp-block-cover__background has-transparent-background-color has-background-dim-100 has-background-dim\"><\/span><img loading=\"lazy\" decoding=\"async\" width=\"2008\" height=\"507\" class=\"wp-block-cover__image-background wp-image-19188\" alt=\"\" src=\"https:\/\/stmtires.com\/wp-content\/uploads\/2022\/04\/STM-blue-bkg-overlay.png\" style=\"object-position:100% 48%\" data-object-fit=\"cover\" data-object-position=\"100% 48%\" srcset=\"https:\/\/stmtires.com\/wp-content\/uploads\/2022\/04\/STM-blue-bkg-overlay.png 2008w, https:\/\/stmtires.com\/wp-content\/uploads\/2022\/04\/STM-blue-bkg-overlay-600x151.png 600w, https:\/\/stmtires.com\/wp-content\/uploads\/2022\/04\/STM-blue-bkg-overlay-300x76.png 300w, https:\/\/stmtires.com\/wp-content\/uploads\/2022\/04\/STM-blue-bkg-overlay-1024x259.png 1024w, https:\/\/stmtires.com\/wp-content\/uploads\/2022\/04\/STM-blue-bkg-overlay-768x194.png 768w, https:\/\/stmtires.com\/wp-content\/uploads\/2022\/04\/STM-blue-bkg-overlay-1536x388.png 1536w\" sizes=\"auto, (max-width: 2008px) 100vw, 2008px\" \/><div class=\"wp-block-cover__inner-container is-layout-flow wp-block-cover-is-layout-flow\">\n<div class=\"wp-block-group is-layout-constrained wp-container-core-group-is-layout-39ce995c wp-block-group-is-layout-constrained\">    \n<div class=\"responsive-spacer md:pt-8 pt-6\"><\/div>\n\n<style>\n.wp-admin .responsive-spacer {\n    background-color:#efefef;\n}\n<\/style>\n\n\n<div class=\"wp-block-columns are-vertically-aligned-center is-layout-flex wp-container-core-columns-is-layout-9d6595d7 wp-block-columns-is-layout-flex\">\n<div class=\"wp-block-column is-vertically-aligned-center is-layout-flow wp-block-column-is-layout-flow\" style=\"flex-basis:55%\">\n<h2 class=\"has-white-color has-text-color has-header-3-lg-font-size wp-block-heading\"><strong><strong><strong>La Ventaja Mayor de Southern Tire Mart es Nuestra Gente<\/strong><\/strong><\/strong><\/h2>\n\n\n    \n<div class=\"responsive-spacer md:pt-4 pt-3\"><\/div>\n\n<style>\n.wp-admin .responsive-spacer {\n    background-color:#efefef;\n}\n<\/style>\n\n\n<p class=\"has-white-color has-text-color\">Con\u00f3zcanos y se dar\u00e1 cuenta que de arriba a abajo somos un equipo dedicado a garantizar lo mejor para nuestros clientes, y ha sido as\u00ed desde el principio.<\/p>\n<\/div>\n\n\n\n<div class=\"wp-block-column is-vertically-aligned-center is-layout-flow wp-block-column-is-layout-flow\">\n<figure class=\"wp-block-image aligncenter size-full is-resized\"><img loading=\"lazy\" decoding=\"async\" src=\"https:\/\/stmtires.com\/wp-content\/uploads\/2022\/05\/about-hub-page-build-test4.png\" alt=\"\" class=\"wp-image-103960\" width=\"352\" height=\"352\" srcset=\"https:\/\/stmtires.com\/wp-content\/uploads\/2022\/05\/about-hub-page-build-test4.png 1000w, https:\/\/stmtires.com\/wp-content\/uploads\/2022\/05\/about-hub-page-build-test4-300x300.png 300w, https:\/\/stmtires.com\/wp-content\/uploads\/2022\/05\/about-hub-page-build-test4-150x150.png 150w, https:\/\/stmtires.com\/wp-content\/uploads\/2022\/05\/about-hub-page-build-test4-768x768.png 768w, https:\/\/stmtires.com\/wp-content\/uploads\/2022\/05\/about-hub-page-build-test4-600x600.png 600w, https:\/\/stmtires.com\/wp-content\/uploads\/2022\/05\/about-hub-page-build-test4-100x100.png 100w\" sizes=\"auto, (max-width: 352px) 100vw, 352px\" \/><\/figure>\n<\/div>\n<\/div>\n\n\n    \n<div class=\"responsive-spacer md:pt-8 pt-6\"><\/div>\n\n<style>\n.wp-admin .responsive-spacer {\n    background-color:#efefef;\n}\n<\/style><\/div>\n<\/div><\/div>\n    \n<div class=\"responsive-spacer md:pt-16 pt-12\"><\/div>\n\n<style>\n.wp-admin .responsive-spacer {\n    background-color:#efefef;\n}\n<\/style>\n<div class=\"wp-block-group alignwide is-layout-constrained wp-container-core-group-is-layout-39ce995c wp-block-group-is-layout-constrained\">\n<div class=\"wp-block-columns alignwide are-vertically-aligned-center is-layout-flex wp-container-core-columns-is-layout-9d6595d7 wp-block-columns-is-layout-flex\">\n<div class=\"wp-block-column is-layout-flow wp-block-column-is-layout-flow\">\n<div class=\"wp-block-columns alignfull are-vertically-aligned-top has-small-gutter is-layout-flex wp-container-core-columns-is-layout-9d6595d7 wp-block-columns-is-layout-flex\">\n<div class=\"wp-block-column is-vertically-aligned-top mb-8 is-layout-flow wp-block-column-is-layout-flow\"><div id=\"card-block_85282415936652e362ea89f2b7566260\" class=\"card-block group h-full pt-16 pb-8 relative\">\n\t<div class=\"shadow bg-white p-8 h-full\">\n\t\t<div style=\"background-image: url('https:\/\/stmtires.com\/wp-content\/uploads\/2022\/04\/southern-tire-mart-our-company-300x300.jpg');\" class=\"relative bg-no-repeat bg-center bg-cover w-24 md:w-32 xl:w-48 h-24 md:h-32 xl:h-48 rounded-full transform overflow-hidden -translate-y-24 mb-8 mx-auto shadow-lg\">\n\t\t\t<div class=\"bg-secondary opacity-0 group-hover:opacity-75 transition-opacity duration-200 absolute inset-0 w-full h-full\"><\/div>\n\t\t\t<img loading=\"lazy\" decoding=\"async\" width=\"34\" height=\"34\" src=\"https:\/\/stmtires.com\/wp-content\/uploads\/2022\/04\/wheel.svg\" class=\"opacity-0 group-hover:opacity-100 transition-opacity duration-200 w-24 h-auto rounded-full absolute bottom-0 left-1\/2 transform -translate-x-1\/2 translate-y-12\" alt=\"\" \/>\n\t\t<\/div>\n\t\t<div class=\"-mt-24\">\n\t\t\t\n\n<h2 class=\"has-text-align-center has-primary-color has-text-color has-header-4-sm-font-size wp-block-heading\"><strong>Nuestra Compania<\/strong><\/h2>\n\n\n\n<div style=\"height:30px\" aria-hidden=\"true\" class=\"wp-block-spacer\"><\/div>\n\n\n\t\t<\/div>\n\t<\/div>\n\n    \n\n\t\t\t\n\t\t<a class=\"card-block-link absolute w-full h-full inset-0 cursor-pointer\" href=\"https:\/\/stmtires.com\/about-us\/company\/\"  target=\"\" title=\"Company\"><\/a>\n\n\t<\/div>\n\n\n    \n<div class=\"responsive-spacer md:pt-8 pt-6\"><\/div>\n\n<style>\n.wp-admin .responsive-spacer {\n    background-color:#efefef;\n}\n<\/style><\/div>\n\n\n\n<div class=\"wp-block-column is-vertically-aligned-top mb-8 is-layout-flow wp-block-column-is-layout-flow\"><div id=\"card-block_d6f307013189c435ed637e6bd94f394c\" class=\"card-block group h-full pt-16 pb-8 relative\">\n\t<div class=\"shadow bg-white p-8 h-full\">\n\t\t<div style=\"background-image: url('https:\/\/stmtires.com\/wp-content\/uploads\/2022\/04\/southern-tire-mart-what-our-customers-say-300x300.jpg');\" class=\"relative bg-no-repeat bg-center bg-cover w-24 md:w-32 xl:w-48 h-24 md:h-32 xl:h-48 rounded-full transform overflow-hidden -translate-y-24 mb-8 mx-auto shadow-lg\">\n\t\t\t<div class=\"bg-secondary opacity-0 group-hover:opacity-75 transition-opacity duration-200 absolute inset-0 w-full h-full\"><\/div>\n\t\t\t<img loading=\"lazy\" decoding=\"async\" width=\"34\" height=\"34\" src=\"https:\/\/stmtires.com\/wp-content\/uploads\/2022\/04\/wheel.svg\" class=\"opacity-0 group-hover:opacity-100 transition-opacity duration-200 w-24 h-auto rounded-full absolute bottom-0 left-1\/2 transform -translate-x-1\/2 translate-y-12\" alt=\"\" \/>\n\t\t<\/div>\n\t\t<div class=\"-mt-24\">\n\t\t\t\n\n<h2 class=\"has-text-align-center has-primary-color has-text-color has-header-4-sm-font-size wp-block-heading\"><strong>Lo Que Dicen Nuestros Clientes<\/strong><\/h2>\n\n\n\t\t<\/div>\n\t<\/div>\n\n    \n\n\t\t\t\n\t\t<a class=\"card-block-link absolute w-full h-full inset-0 cursor-pointer\" href=\"https:\/\/stmtires.com\/about-us\/what-our-customers-are-saying\/\"  target=\"\" title=\"What Our Customers Are Saying\"><\/a>\n\n\t<\/div>\n\n\n    \n<div class=\"responsive-spacer md:pt-8 pt-6\"><\/div>\n\n<style>\n.wp-admin .responsive-spacer {\n    background-color:#efefef;\n}\n<\/style><\/div>\n\n\n\n<div class=\"wp-block-column is-vertically-aligned-top mb-8 is-layout-flow wp-block-column-is-layout-flow\"><div id=\"card-block_15f7240b0e407843fb51be212d3367fb\" class=\"card-block group h-full pt-16 pb-8 relative\">\n\t<div class=\"shadow bg-white p-8 h-full\">\n\t\t<div style=\"background-image: url('https:\/\/stmtires.com\/wp-content\/uploads\/2022\/04\/southern-tire-mart-careers-300x300.jpg');\" class=\"relative bg-no-repeat bg-center bg-cover w-24 md:w-32 xl:w-48 h-24 md:h-32 xl:h-48 rounded-full transform overflow-hidden -translate-y-24 mb-8 mx-auto shadow-lg\">\n\t\t\t<div class=\"bg-secondary opacity-0 group-hover:opacity-75 transition-opacity duration-200 absolute inset-0 w-full h-full\"><\/div>\n\t\t\t<img loading=\"lazy\" decoding=\"async\" width=\"34\" height=\"34\" src=\"https:\/\/stmtires.com\/wp-content\/uploads\/2022\/04\/wheel.svg\" class=\"opacity-0 group-hover:opacity-100 transition-opacity duration-200 w-24 h-auto rounded-full absolute bottom-0 left-1\/2 transform -translate-x-1\/2 translate-y-12\" alt=\"\" \/>\n\t\t<\/div>\n\t\t<div class=\"-mt-24\">\n\t\t\t\n\n<h2 class=\"has-text-align-center has-primary-color has-text-color has-header-4-sm-font-size wp-block-heading\"><strong>Carreras<\/strong><\/h2>\n\n\n\n<div style=\"height:30px\" aria-hidden=\"true\" class=\"wp-block-spacer\"><\/div>\n\n\n\t\t<\/div>\n\t<\/div>\n\n    \n\n\t\t\t\n\t\t<a class=\"card-block-link absolute w-full h-full inset-0 cursor-pointer\" href=\"https:\/\/stmtires.com\/about-us\/careers\/\"  target=\"\" title=\"Careers\"><\/a>\n\n\t<\/div>\n\n\n    \n<div class=\"responsive-spacer md:pt-8 pt-6\"><\/div>\n\n<style>\n.wp-admin .responsive-spacer {\n    background-color:#efefef;\n}\n<\/style><\/div>\n<\/div>\n\n\n\n<div class=\"wp-block-columns alignfull has-small-gutter is-layout-flex wp-container-core-columns-is-layout-9d6595d7 wp-block-columns-is-layout-flex\">\n<div class=\"wp-block-column is-vertically-aligned-center mb-8 is-layout-flow wp-block-column-is-layout-flow\"><div id=\"card-block_31f4f0eb1201015b80aff1acf5ee11eb\" class=\"card-block group h-full pt-16 pb-8 relative\">\n\t<div class=\"shadow bg-white p-8 h-full\">\n\t\t<div style=\"background-image: url('https:\/\/stmtires.com\/wp-content\/uploads\/2022\/04\/southern-tire-mart-contact-us-300x300.jpg');\" class=\"relative bg-no-repeat bg-center bg-cover w-24 md:w-32 xl:w-48 h-24 md:h-32 xl:h-48 rounded-full transform overflow-hidden -translate-y-24 mb-8 mx-auto shadow-lg\">\n\t\t\t<div class=\"bg-secondary opacity-0 group-hover:opacity-75 transition-opacity duration-200 absolute inset-0 w-full h-full\"><\/div>\n\t\t\t<img loading=\"lazy\" decoding=\"async\" width=\"34\" height=\"34\" src=\"https:\/\/stmtires.com\/wp-content\/uploads\/2022\/04\/wheel.svg\" class=\"opacity-0 group-hover:opacity-100 transition-opacity duration-200 w-24 h-auto rounded-full absolute bottom-0 left-1\/2 transform -translate-x-1\/2 translate-y-12\" alt=\"\" \/>\n\t\t<\/div>\n\t\t<div class=\"-mt-24\">\n\t\t\t\n\n<h2 class=\"has-text-align-center has-primary-color has-text-color has-header-4-sm-font-size wp-block-heading\"><strong>Contactenos<\/strong><\/h2>\n\n\n\t\t<\/div>\n\t<\/div>\n\n    \n\n\t\t\t\n\t\t<a class=\"card-block-link absolute w-full h-full inset-0 cursor-pointer\" href=\"https:\/\/stmtires.com\/contact\/\"  target=\"\" title=\"Contact\"><\/a>\n\n\t<\/div>\n\n\n    \n<div class=\"responsive-spacer md:pt-8 pt-6\"><\/div>\n\n<style>\n.wp-admin .responsive-spacer {\n    background-color:#efefef;\n}\n<\/style><\/div>\n\n\n\n<div class=\"wp-block-column is-layout-flow wp-block-column-is-layout-flow\"><\/div>\n\n\n\n<div class=\"wp-block-column is-layout-flow wp-block-column-is-layout-flow\"><\/div>\n<\/div>\n<\/div>\n<\/div>\n<\/div>\n    \n<div class=\"responsive-spacer md:pt-12 pt-10\"><\/div>\n\n<style>\n.wp-admin .responsive-spacer {\n    background-color:#efefef;\n}\n<\/style>","protected":false},"excerpt":{"rendered":"<p>Acerca de Nosotros<\/p>\n","protected":false},"author":2,"featured_media":0,"parent":0,"menu_order":0,"comment_status":"closed","ping_status":"closed","template":"","meta":{"_acf_changed":false,"subheading":[],"footnotes":""},"class_list":["post-64716","page","type-page","status-publish","hentry"],"acf":[],"_links":{"self":[{"href":"https:\/\/stmtires.com\/es\/wp-json\/wp\/v2\/pages\/64716","targetHints":{"allow":["GET"]}}],"collection":[{"href":"https:\/\/stmtires.com\/es\/wp-json\/wp\/v2\/pages"}],"about":[{"href":"https:\/\/stmtires.com\/es\/wp-json\/wp\/v2\/types\/page"}],"author":[{"embeddable":true,"href":"https:\/\/stmtires.com\/es\/wp-json\/wp\/v2\/users\/2"}],"replies":[{"embeddable":true,"href":"https:\/\/stmtires.com\/es\/wp-json\/wp\/v2\/comments?post=64716"}],"version-history":[{"count":4,"href":"https:\/\/stmtires.com\/es\/wp-json\/wp\/v2\/pages\/64716\/revisions"}],"predecessor-version":[{"id":349148,"href":"https:\/\/stmtires.com\/es\/wp-json\/wp\/v2\/pages\/64716\/revisions\/349148"}],"wp:attachment":[{"href":"https:\/\/stmtires.com\/es\/wp-json\/wp\/v2\/media?parent=64716"}],"curies":[{"name":"wp","href":"https:\/\/api.w.org\/{rel}","templated":true}]}}