{"id":64722,"date":"2022-04-20T09:59:48","date_gmt":"2022-04-20T14:59:48","guid":{"rendered":"https:\/\/website.dev.stmtires.com\/autos-camionetas-y-suvs\/"},"modified":"2022-10-14T08:46:15","modified_gmt":"2022-10-14T13:46:15","slug":"autos-camionetas-y-suvs","status":"publish","type":"page","link":"https:\/\/stmtires.com\/es\/autos-camionetas-y-suvs\/","title":{"rendered":"Servicio para Autos, Camionetas Y SUVs"},"content":{"rendered":"\n<div class=\"wp-block-cover alignfull\"><span aria-hidden=\"true\" class=\"wp-block-cover__background has-transparent-background-color has-background-dim-100 has-background-dim\"><\/span><img loading=\"lazy\" decoding=\"async\" width=\"2008\" height=\"507\" class=\"wp-block-cover__image-background wp-image-19188\" alt=\"\" src=\"https:\/\/stmtires.com\/wp-content\/uploads\/2022\/04\/STM-blue-bkg-overlay.png\" style=\"object-position:100% 48%\" data-object-fit=\"cover\" data-object-position=\"100% 48%\" srcset=\"https:\/\/stmtires.com\/wp-content\/uploads\/2022\/04\/STM-blue-bkg-overlay.png 2008w, https:\/\/stmtires.com\/wp-content\/uploads\/2022\/04\/STM-blue-bkg-overlay-600x151.png 600w, https:\/\/stmtires.com\/wp-content\/uploads\/2022\/04\/STM-blue-bkg-overlay-300x76.png 300w, https:\/\/stmtires.com\/wp-content\/uploads\/2022\/04\/STM-blue-bkg-overlay-1024x259.png 1024w, https:\/\/stmtires.com\/wp-content\/uploads\/2022\/04\/STM-blue-bkg-overlay-768x194.png 768w, https:\/\/stmtires.com\/wp-content\/uploads\/2022\/04\/STM-blue-bkg-overlay-1536x388.png 1536w\" sizes=\"auto, (max-width: 2008px) 100vw, 2008px\" \/><div class=\"wp-block-cover__inner-container is-layout-flow wp-block-cover-is-layout-flow\">\n<div class=\"wp-block-group is-layout-constrained wp-container-core-group-is-layout-39ce995c wp-block-group-is-layout-constrained\">\n<div class=\"wp-block-columns is-layout-flex wp-container-core-columns-is-layout-9d6595d7 wp-block-columns-is-layout-flex\">\n<div class=\"wp-block-column is-vertically-aligned-center is-layout-flow wp-block-column-is-layout-flow\" style=\"flex-basis:440px\">\n<h1 class=\"has-white-color has-text-color has-header-2-sm-font-size wp-block-heading\"><strong>Servicio para Autos, Camionetas Y SUVs<\/strong><\/h1>\n\n\n    \n<div class=\"responsive-spacer md:pt-4 pt-3\"><\/div>\n\n<style>\n.wp-admin .responsive-spacer {\n    background-color:#efefef;\n}\n<\/style>\n\n\n<p class=\"has-white-color has-text-color\">Quedando listos con las llantas correctas y servicios para su veh\u00edculo cuando se necesiten es lo que nos da significancia.<\/p>\n<\/div>\n\n\n\n<div class=\"wp-block-column is-vertically-aligned-center is-layout-flow wp-block-column-is-layout-flow\">\n<figure class=\"wp-block-image alignright size-full\"><img loading=\"lazy\" decoding=\"async\" width=\"615\" height=\"615\" src=\"https:\/\/stmtires.com\/wp-content\/uploads\/2022\/04\/stm-retail-tires.png\" alt=\"\" class=\"wp-image-19117\" srcset=\"https:\/\/stmtires.com\/wp-content\/uploads\/2022\/04\/stm-retail-tires.png 615w, https:\/\/stmtires.com\/wp-content\/uploads\/2022\/04\/stm-retail-tires-300x300.png 300w, https:\/\/stmtires.com\/wp-content\/uploads\/2022\/04\/stm-retail-tires-100x100.png 100w, https:\/\/stmtires.com\/wp-content\/uploads\/2022\/04\/stm-retail-tires-600x600.png 600w, https:\/\/stmtires.com\/wp-content\/uploads\/2022\/04\/stm-retail-tires-150x150.png 150w\" sizes=\"auto, (max-width: 615px) 100vw, 615px\" \/><\/figure>\n<\/div>\n\n\n\n<div class=\"wp-block-column is-vertically-aligned-center is-layout-flow wp-block-column-is-layout-flow\" style=\"flex-basis:275px\"><div data-color=\"\" class=\"FindALocationDOMNode\">\n    \n<\/div><\/div>\n<\/div>\n<\/div>\n<\/div><\/div>\n\n\n\n<div class=\"wp-block-group is-layout-constrained wp-container-core-group-is-layout-39ce995c wp-block-group-is-layout-constrained\">    \n<div class=\"responsive-spacer md:pt-16 pt-12\"><\/div>\n\n<style>\n.wp-admin .responsive-spacer {\n    background-color:#efefef;\n}\n<\/style>\n\n\n<div class=\"wp-block-columns is-layout-flex wp-container-core-columns-is-layout-9d6595d7 wp-block-columns-is-layout-flex\">\n<div class=\"wp-block-column is-layout-flow wp-block-column-is-layout-flow\">\n<h2 class=\"has-primary-color has-text-color has-header-2-sm-font-size wp-block-heading\"><strong>Llanta est\u00e1 en nuestro nombre. El servicio est\u00e1 en el ser.<\/strong><\/h2>\n\n\n\n<p>Quedando listos con las llantas correctas y servicios para su veh\u00edculo cuando se necesiten es lo que nos da significancia.<\/p>\n<\/div>\n<\/div>\n<\/div>\n\n\n    \n<div class=\"responsive-spacer md:pt-16 pt-12\"><\/div>\n\n<style>\n.wp-admin .responsive-spacer {\n    background-color:#efefef;\n}\n<\/style>\n\n\n<div class=\"wp-block-group alignwide is-layout-constrained wp-container-core-group-is-layout-39ce995c wp-block-group-is-layout-constrained\">\n<div class=\"wp-block-columns alignwide are-vertically-aligned-center is-layout-flex wp-container-core-columns-is-layout-9d6595d7 wp-block-columns-is-layout-flex\">\n<div class=\"wp-block-column is-layout-flow wp-block-column-is-layout-flow\">\n<div class=\"wp-block-columns alignfull has-small-gutter is-layout-flex wp-container-core-columns-is-layout-9d6595d7 wp-block-columns-is-layout-flex\">\n<div class=\"wp-block-column mb-8 is-layout-flow wp-block-column-is-layout-flow\"><div id=\"card-block_b6ae5248d8ac0ee0770f0f8a0feef094\" class=\"card-block group h-full pt-16 pb-8 relative\">\n\t<div class=\"shadow bg-white p-8 h-full\">\n\t\t<div style=\"background-image: url('https:\/\/stmtires.com\/wp-content\/uploads\/2022\/10\/southern-tire-mart-retail-300x300.jpg');\" class=\"relative bg-no-repeat bg-center bg-cover w-24 md:w-32 xl:w-48 h-24 md:h-32 xl:h-48 rounded-full transform overflow-hidden -translate-y-24 mb-8 mx-auto shadow-lg\">\n\t\t\t<div class=\"bg-secondary opacity-0 group-hover:opacity-75 transition-opacity duration-200 absolute inset-0 w-full h-full\"><\/div>\n\t\t\t<img loading=\"lazy\" decoding=\"async\" width=\"34\" height=\"34\" src=\"https:\/\/stmtires.com\/wp-content\/uploads\/2022\/04\/wheel.svg\" class=\"opacity-0 group-hover:opacity-100 transition-opacity duration-200 w-24 h-auto rounded-full absolute bottom-0 left-1\/2 transform -translate-x-1\/2 translate-y-12\" alt=\"\" \/>\n\t\t<\/div>\n\t\t<div class=\"-mt-24\">\n\t\t\t\n\n<h2 class=\"has-text-align-center has-primary-color has-text-color has-header-4-sm-font-size wp-block-heading\"><strong>Descripci\u00f3n de Servicios de la venta al por menor<\/strong><\/h2>\n\n\n\t\t<\/div>\n\t<\/div>\n\n    \n\n\t\t\t\n\t\t<a class=\"card-block-link absolute w-full h-full inset-0 cursor-pointer\" href=\"https:\/\/stmtires.com\/es\/autos-camionetas-y-suvs\/descripcion-de-servicios-de-la-venta-al-por-menor\/\"  target=\"\" title=\"Descripci\u00f3n de Servicios de la venta al por menor\"><\/a>\n\n\t<\/div>\n\n\n    \n<div class=\"responsive-spacer md:pt-8 pt-6\"><\/div>\n\n<style>\n.wp-admin .responsive-spacer {\n    background-color:#efefef;\n}\n<\/style><\/div>\n\n\n\n<div class=\"wp-block-column mb-8 is-layout-flow wp-block-column-is-layout-flow\"><div id=\"card-block_af19af729a6ecfa1695a92a6e0e39a2a\" class=\"card-block group h-full pt-16 pb-8 relative\">\n\t<div class=\"shadow bg-white p-8 h-full\">\n\t\t<div style=\"background-image: url('https:\/\/stmtires.com\/wp-content\/uploads\/2022\/04\/southern-tire-mart-shop-for-tires-300x300.jpg');\" class=\"relative bg-no-repeat bg-center bg-cover w-24 md:w-32 xl:w-48 h-24 md:h-32 xl:h-48 rounded-full transform overflow-hidden -translate-y-24 mb-8 mx-auto shadow-lg\">\n\t\t\t<div class=\"bg-secondary opacity-0 group-hover:opacity-75 transition-opacity duration-200 absolute inset-0 w-full h-full\"><\/div>\n\t\t\t<img loading=\"lazy\" decoding=\"async\" width=\"34\" height=\"34\" src=\"https:\/\/stmtires.com\/wp-content\/uploads\/2022\/04\/wheel.svg\" class=\"opacity-0 group-hover:opacity-100 transition-opacity duration-200 w-24 h-auto rounded-full absolute bottom-0 left-1\/2 transform -translate-x-1\/2 translate-y-12\" alt=\"\" \/>\n\t\t<\/div>\n\t\t<div class=\"-mt-24\">\n\t\t\t\n\n<h2 class=\"has-text-align-center has-primary-color has-text-color has-header-4-sm-font-size wp-block-heading\"><strong>Busque Llantas<\/strong><\/h2>\n\n\n\t\t<\/div>\n\t<\/div>\n\n    \n\n\t\t\t\n\t\t<a class=\"card-block-link absolute w-full h-full inset-0 cursor-pointer\" href=\"https:\/\/stmtires.com\/retail\/shop-tires-for-cars-trucks-suvs\/\"  target=\"\" title=\"Shop Tires for Cars, Trucks &amp; SUVs\"><\/a>\n\n\t<\/div>\n\n\n    \n<div class=\"responsive-spacer md:pt-8 pt-6\"><\/div>\n\n<style>\n.wp-admin .responsive-spacer {\n    background-color:#efefef;\n}\n<\/style><\/div>\n\n\n\n<div class=\"wp-block-column mb-8 is-layout-flow wp-block-column-is-layout-flow\"><div id=\"card-block_34ceec8c4a6d56d449cae2f9730cdda1\" class=\"card-block group h-full pt-16 pb-8 relative\">\n\t<div class=\"shadow bg-white p-8 h-full\">\n\t\t<div style=\"background-image: url('https:\/\/stmtires.com\/wp-content\/uploads\/2022\/04\/southern-tire-mart-retail-repairs-and-maintenance-300x300.jpg');\" class=\"relative bg-no-repeat bg-center bg-cover w-24 md:w-32 xl:w-48 h-24 md:h-32 xl:h-48 rounded-full transform overflow-hidden -translate-y-24 mb-8 mx-auto shadow-lg\">\n\t\t\t<div class=\"bg-secondary opacity-0 group-hover:opacity-75 transition-opacity duration-200 absolute inset-0 w-full h-full\"><\/div>\n\t\t\t<img loading=\"lazy\" decoding=\"async\" width=\"34\" height=\"34\" src=\"https:\/\/stmtires.com\/wp-content\/uploads\/2022\/04\/wheel.svg\" class=\"opacity-0 group-hover:opacity-100 transition-opacity duration-200 w-24 h-auto rounded-full absolute bottom-0 left-1\/2 transform -translate-x-1\/2 translate-y-12\" alt=\"\" \/>\n\t\t<\/div>\n\t\t<div class=\"-mt-24\">\n\t\t\t\n\n<h2 class=\"has-text-align-center has-primary-color has-text-color has-header-4-sm-font-size wp-block-heading\"><strong><strong>Arreglos y mantenimiento de los veh\u00edculos<\/strong><\/strong><\/h2>\n\n\n\t\t<\/div>\n\t<\/div>\n\n    \n\n\t\t\t\n\t\t<a class=\"card-block-link absolute w-full h-full inset-0 cursor-pointer\" href=\"https:\/\/stmtires.com\/es\/autos-camionetas-y-suvs\/arreglos-y-mantenimiento-de-auto-camioneta-y-suv\/\"  target=\"\" title=\"Car, Truck &amp; SUV Repairs &amp; Maintenance\"><\/a>\n\n\t<\/div>\n\n\n    \n<div class=\"responsive-spacer md:pt-8 pt-6\"><\/div>\n\n<style>\n.wp-admin .responsive-spacer {\n    background-color:#efefef;\n}\n<\/style><\/div>\n<\/div>\n\n\n\n<div class=\"wp-block-columns alignfull has-small-gutter is-layout-flex wp-container-core-columns-is-layout-9d6595d7 wp-block-columns-is-layout-flex\">\n<div class=\"wp-block-column mb-8 is-layout-flow wp-block-column-is-layout-flow\"><div id=\"card-block_d96f40f02dcced3f0a0ce098ace53cd7\" class=\"card-block group h-full pt-16 pb-8 relative\">\n\t<div class=\"shadow bg-white p-8 h-full\">\n\t\t<div style=\"background-image: url('https:\/\/stmtires.com\/wp-content\/uploads\/2022\/04\/southern-tire-mart-retail-tire-brands-we-offer-300x300.jpg');\" class=\"relative bg-no-repeat bg-center bg-cover w-24 md:w-32 xl:w-48 h-24 md:h-32 xl:h-48 rounded-full transform overflow-hidden -translate-y-24 mb-8 mx-auto shadow-lg\">\n\t\t\t<div class=\"bg-secondary opacity-0 group-hover:opacity-75 transition-opacity duration-200 absolute inset-0 w-full h-full\"><\/div>\n\t\t\t<img loading=\"lazy\" decoding=\"async\" width=\"34\" height=\"34\" src=\"https:\/\/stmtires.com\/wp-content\/uploads\/2022\/04\/wheel.svg\" class=\"opacity-0 group-hover:opacity-100 transition-opacity duration-200 w-24 h-auto rounded-full absolute bottom-0 left-1\/2 transform -translate-x-1\/2 translate-y-12\" alt=\"\" \/>\n\t\t<\/div>\n\t\t<div class=\"-mt-24\">\n\t\t\t\n\n<h2 class=\"has-text-align-center has-primary-color has-text-color has-header-4-sm-font-size wp-block-heading\"><strong>Las Marcas de Llantas en Oferta<\/strong><\/h2>\n\n\n\t\t<\/div>\n\t<\/div>\n\n    \n\n\t\t\t\n\t\t<a class=\"card-block-link absolute w-full h-full inset-0 cursor-pointer\" href=\"https:\/\/stmtires.com\/es\/autos-camionetas-y-suvs\/marcas-de-llantas-al-oferta\/\"  target=\"\" title=\"Marcas de Llantas al Oferta\"><\/a>\n\n\t<\/div>\n\n\n    \n<div class=\"responsive-spacer md:pt-8 pt-6\"><\/div>\n\n<style>\n.wp-admin .responsive-spacer {\n    background-color:#efefef;\n}\n<\/style><\/div>\n\n\n\n<div class=\"wp-block-column mb-8 is-layout-flow wp-block-column-is-layout-flow\"><div id=\"card-block_997696c520c248a582be3540562fedb5\" class=\"card-block group h-full pt-16 pb-8 relative\">\n\t<div class=\"shadow bg-white p-8 h-full\">\n\t\t<div style=\"background-image: url('https:\/\/stmtires.com\/wp-content\/uploads\/2022\/04\/southern-tire-mart-coupons-300x300.jpg');\" class=\"relative bg-no-repeat bg-center bg-cover w-24 md:w-32 xl:w-48 h-24 md:h-32 xl:h-48 rounded-full transform overflow-hidden -translate-y-24 mb-8 mx-auto shadow-lg\">\n\t\t\t<div class=\"bg-secondary opacity-0 group-hover:opacity-75 transition-opacity duration-200 absolute inset-0 w-full h-full\"><\/div>\n\t\t\t<img loading=\"lazy\" decoding=\"async\" width=\"34\" height=\"34\" src=\"https:\/\/stmtires.com\/wp-content\/uploads\/2022\/04\/wheel.svg\" class=\"opacity-0 group-hover:opacity-100 transition-opacity duration-200 w-24 h-auto rounded-full absolute bottom-0 left-1\/2 transform -translate-x-1\/2 translate-y-12\" alt=\"\" \/>\n\t\t<\/div>\n\t\t<div class=\"-mt-24\">\n\t\t\t\n\n<h2 class=\"has-text-align-center has-primary-color has-text-color has-header-4-sm-font-size wp-block-heading\"><strong>Cupones<\/strong><\/h2>\n\n\n\t\t<\/div>\n\t<\/div>\n\n    \n\n\t\t\t\n\t\t<a class=\"card-block-link absolute w-full h-full inset-0 cursor-pointer\" href=\"https:\/\/stmtires.com\/coupons-on-tires-maintenance-repair-services\/\"  target=\"\" title=\"Coupons on Tires, Maintenance &amp; Repair Services \u2f01Southern Tire Mart\"><\/a>\n\n\t<\/div>\n\n\n    \n<div class=\"responsive-spacer md:pt-8 pt-6\"><\/div>\n\n<style>\n.wp-admin .responsive-spacer {\n    background-color:#efefef;\n}\n<\/style><\/div>\n\n\n\n<div class=\"wp-block-column mb-8 is-layout-flow wp-block-column-is-layout-flow\"><div id=\"card-block_257ba140851799b82ccfb7d63517cfb5\" class=\"card-block group h-full pt-16 pb-8 relative\">\n\t<div class=\"shadow bg-white p-8 h-full\">\n\t\t<div style=\"background-image: url('https:\/\/stmtires.com\/wp-content\/uploads\/2022\/04\/southern-tire-mart-retail-financing-300x300.jpg');\" class=\"relative bg-no-repeat bg-center bg-cover w-24 md:w-32 xl:w-48 h-24 md:h-32 xl:h-48 rounded-full transform overflow-hidden -translate-y-24 mb-8 mx-auto shadow-lg\">\n\t\t\t<div class=\"bg-secondary opacity-0 group-hover:opacity-75 transition-opacity duration-200 absolute inset-0 w-full h-full\"><\/div>\n\t\t\t<img loading=\"lazy\" decoding=\"async\" width=\"34\" height=\"34\" src=\"https:\/\/stmtires.com\/wp-content\/uploads\/2022\/04\/wheel.svg\" class=\"opacity-0 group-hover:opacity-100 transition-opacity duration-200 w-24 h-auto rounded-full absolute bottom-0 left-1\/2 transform -translate-x-1\/2 translate-y-12\" alt=\"\" \/>\n\t\t<\/div>\n\t\t<div class=\"-mt-24\">\n\t\t\t\n\n<h2 class=\"has-text-align-center has-primary-color has-text-color has-header-4-sm-font-size wp-block-heading\"><strong>Financiamiento<\/strong><\/h2>\n\n\n\t\t<\/div>\n\t<\/div>\n\n    \n\n\t\t\t\n\t\t<a class=\"card-block-link absolute w-full h-full inset-0 cursor-pointer\" href=\"https:\/\/stmtires.com\/retail\/financing\/\"  target=\"\" title=\"Coupons on Tires, Maintenance &amp; Repair Services \u2f01Southern Tire Mart\"><\/a>\n\n\t<\/div>\n\n\n    \n<div class=\"responsive-spacer md:pt-8 pt-6\"><\/div>\n\n<style>\n.wp-admin .responsive-spacer {\n    background-color:#efefef;\n}\n<\/style><\/div>\n<\/div>\n<\/div>\n<\/div>\n<\/div>\n\n\n    \n<div class=\"responsive-spacer md:pt-12 pt-10\"><\/div>\n\n<style>\n.wp-admin .responsive-spacer {\n    background-color:#efefef;\n}\n<\/style>","protected":false},"excerpt":{"rendered":"<p>Llanta est\u00e1 en nuestro nombre. El servicio est\u00e1 en el ser. Quedando listos con las llantas correctas y servicios para su veh\u00edculo cuando se necesiten es lo que nos da significancia.<\/p>\n","protected":false},"author":2,"featured_media":0,"parent":0,"menu_order":0,"comment_status":"closed","ping_status":"closed","template":"","meta":{"_acf_changed":false,"subheading":[],"footnotes":""},"class_list":["post-64722","page","type-page","status-publish","hentry"],"acf":[],"_links":{"self":[{"href":"https:\/\/stmtires.com\/es\/wp-json\/wp\/v2\/pages\/64722","targetHints":{"allow":["GET"]}}],"collection":[{"href":"https:\/\/stmtires.com\/es\/wp-json\/wp\/v2\/pages"}],"about":[{"href":"https:\/\/stmtires.com\/es\/wp-json\/wp\/v2\/types\/page"}],"author":[{"embeddable":true,"href":"https:\/\/stmtires.com\/es\/wp-json\/wp\/v2\/users\/2"}],"replies":[{"embeddable":true,"href":"https:\/\/stmtires.com\/es\/wp-json\/wp\/v2\/comments?post=64722"}],"version-history":[{"count":2,"href":"https:\/\/stmtires.com\/es\/wp-json\/wp\/v2\/pages\/64722\/revisions"}],"predecessor-version":[{"id":248667,"href":"https:\/\/stmtires.com\/es\/wp-json\/wp\/v2\/pages\/64722\/revisions\/248667"}],"wp:attachment":[{"href":"https:\/\/stmtires.com\/es\/wp-json\/wp\/v2\/media?parent=64722"}],"curies":[{"name":"wp","href":"https:\/\/api.w.org\/{rel}","templated":true}]}}