{"id":64724,"date":"2022-04-20T09:30:40","date_gmt":"2022-04-20T14:30:40","guid":{"rendered":"https:\/\/website.dev.stmtires.com\/autos-camionetas-y-suvs\/descripcion-de-servicios-de-la-venta-al-por-menor\/"},"modified":"2022-10-14T08:48:42","modified_gmt":"2022-10-14T13:48:42","slug":"descripcion-de-servicios-de-la-venta-al-por-menor","status":"publish","type":"page","link":"https:\/\/stmtires.com\/es\/autos-camionetas-y-suvs\/descripcion-de-servicios-de-la-venta-al-por-menor\/","title":{"rendered":"Descripci\u00f3n de Servicios de la venta al por menor"},"content":{"rendered":"\n\n<div id=\"block_67cf260cb794a436491f5df07f3a2aa5\" class=\"banner group flex flex-wrap items-stretch\">\n        <div class=\"w-full lg:w-2\/3 xl:w-7\/12 order-6 px-4 md:px-12 xl:px-24 py-12 lg:py-24\" style=\"background-color: #00338A;\">\n        \n\n<div class=\"wp-block-columns is-layout-flex wp-container-core-columns-is-layout-9d6595d7 wp-block-columns-is-layout-flex\">\n<div class=\"wp-block-column is-layout-flow wp-block-column-is-layout-flow\">\n<h1 class=\"has-white-color has-text-color has-header-1-lg-font-size wp-block-heading\"><strong>Productos de venta al por menor<\/strong><\/h1>\n<\/div>\n<\/div>\n\n\n    <\/div>\n\n        <div class=\"relative w-full lg:w-1\/3 xl:w-5\/12 order-1 lg:order-12 bg-center bg-no-repeat bg-cover min-h-48\" style=\"background-image: url('https:\/\/stmtires.com\/wp-content\/uploads\/2022\/10\/southern-tire-mart-retail-tire-products-and-maintenance-services-banner-1024x572.jpg');\">\n                <div style=\"background-color: #0b285c;\" class=\"rounded-full shadow  transition-shadow duration-200 absolute w-24 xl:w-32 h-24 xl:h-32 left-1\/2 lg:left-0 md:-translate-x-1\/2 top-full lg:top-1\/2 -translate-x-1\/2 transform -translate-y-1\/2 flex items-center justify-center\">\n            <img loading=\"lazy\" decoding=\"async\" width=\"48\" height=\"22\" src=\"https:\/\/stmtires.com\/wp-content\/uploads\/2022\/04\/cars-trucks-and-suvs-icon.svg\" class=\"w-1\/2 h-1\/2\" alt=\"White outline of a 4 door se\" \/>\n        <\/div>\n    <\/div>\n\n<\/div>\n\n\n<div class=\"wp-block-group alignwide is-layout-constrained wp-container-core-group-is-layout-39ce995c wp-block-group-is-layout-constrained\">    \n<div class=\"responsive-spacer md:pt-8 pt-6\"><\/div>\n\n<style>\n.wp-admin .responsive-spacer {\n    background-color:#efefef;\n}\n<\/style>\n\n\n<div class=\"wp-block-columns alignwide are-vertically-aligned-center is-layout-flex wp-container-core-columns-is-layout-9d6595d7 wp-block-columns-is-layout-flex\">\n<div class=\"wp-block-column is-layout-flow wp-block-column-is-layout-flow\">\n<figure class=\"wp-block-image alignleft size-full\"><img loading=\"lazy\" decoding=\"async\" width=\"1000\" height=\"1000\" src=\"https:\/\/stmtires.com\/wp-content\/uploads\/2022\/04\/southern-tire-mart-expert-service-honest-prices.png\" alt=\"Asociar herramientas de empuje\" class=\"wp-image-64306\" srcset=\"https:\/\/stmtires.com\/wp-content\/uploads\/2022\/04\/southern-tire-mart-expert-service-honest-prices.png 1000w, https:\/\/stmtires.com\/wp-content\/uploads\/2022\/04\/southern-tire-mart-expert-service-honest-prices-300x300.png 300w, https:\/\/stmtires.com\/wp-content\/uploads\/2022\/04\/southern-tire-mart-expert-service-honest-prices-150x150.png 150w, https:\/\/stmtires.com\/wp-content\/uploads\/2022\/04\/southern-tire-mart-expert-service-honest-prices-768x768.png 768w, https:\/\/stmtires.com\/wp-content\/uploads\/2022\/04\/southern-tire-mart-expert-service-honest-prices-600x600.png 600w, https:\/\/stmtires.com\/wp-content\/uploads\/2022\/04\/southern-tire-mart-expert-service-honest-prices-100x100.png 100w\" sizes=\"auto, (max-width: 1000px) 100vw, 1000px\" \/><\/figure>\n<\/div>\n\n\n\n<div class=\"wp-block-column is-vertically-aligned-center is-layout-flow wp-block-column-is-layout-flow\">\n<p class=\"font-primary has-regular-font-size\" style=\"text-transform:uppercase\"><strong>Llantas y Mucho M\u00e1s<\/strong><\/p>\n\n\n\n<hr class=\"wp-block-separator has-text-color has-primary-color has-css-opacity has-primary-background-color has-background is-style-default\"\/>\n\n\n\n<h2 class=\"has-primary-color has-text-color has-header-2-sm-font-size wp-block-heading\" style=\"font-style:normal;font-weight:700\">Servicio Profesional.<br>Precios Honestos<\/h2>\n\n\n\n<p>Cuidamos a su veh\u00edculo entero Desde cambios de aceite a servicio de transmisi\u00f3n y mucho m\u00e1s, nuestros locales certificados quedan listos para ayudarle con llantas nuevas, arreglos profesionales de auto, y los mejores servicios de mantenimiento.<\/p>\n\n\n    \n<div class=\"responsive-spacer md:pt-4 pt-3\"><\/div>\n\n<style>\n.wp-admin .responsive-spacer {\n    background-color:#efefef;\n}\n<\/style>\n\n<div data-color=\"\" class=\"FindALocationDOMNode\">\n    \n<\/div>\n\n    \n<div class=\"responsive-spacer md:pt-4 pt-3\"><\/div>\n\n<style>\n.wp-admin .responsive-spacer {\n    background-color:#efefef;\n}\n<\/style><\/div>\n<\/div>\n<\/div>\n\n\n\n<div class=\"wp-block-cover alignfull\"><span aria-hidden=\"true\" class=\"wp-block-cover__background has-transparent-background-color has-background-dim-100 has-background-dim\"><\/span><img loading=\"lazy\" decoding=\"async\" width=\"2008\" height=\"507\" class=\"wp-block-cover__image-background wp-image-19188\" alt=\"\" src=\"https:\/\/stmtires.com\/wp-content\/uploads\/2022\/04\/STM-blue-bkg-overlay.png\" style=\"object-position:100% 47%\" data-object-fit=\"cover\" data-object-position=\"100% 47%\" srcset=\"https:\/\/stmtires.com\/wp-content\/uploads\/2022\/04\/STM-blue-bkg-overlay.png 2008w, https:\/\/stmtires.com\/wp-content\/uploads\/2022\/04\/STM-blue-bkg-overlay-600x151.png 600w, https:\/\/stmtires.com\/wp-content\/uploads\/2022\/04\/STM-blue-bkg-overlay-300x76.png 300w, https:\/\/stmtires.com\/wp-content\/uploads\/2022\/04\/STM-blue-bkg-overlay-1024x259.png 1024w, https:\/\/stmtires.com\/wp-content\/uploads\/2022\/04\/STM-blue-bkg-overlay-768x194.png 768w, https:\/\/stmtires.com\/wp-content\/uploads\/2022\/04\/STM-blue-bkg-overlay-1536x388.png 1536w\" sizes=\"auto, (max-width: 2008px) 100vw, 2008px\" \/><div class=\"wp-block-cover__inner-container is-layout-flow wp-block-cover-is-layout-flow\">\n<div class=\"wp-block-group is-layout-constrained wp-container-core-group-is-layout-39ce995c wp-block-group-is-layout-constrained\">\n<div class=\"wp-block-columns is-layout-flex wp-container-core-columns-is-layout-9d6595d7 wp-block-columns-is-layout-flex\">\n<div class=\"wp-block-column is-vertically-aligned-center is-layout-flow wp-block-column-is-layout-flow\" style=\"flex-basis:440px\">\n<h2 class=\"has-white-color has-text-color has-header-2-sm-font-size wp-block-heading\"><strong>Cada necesidad de Llanta est\u00e1 Cubierta<\/strong><\/h2>\n\n\n\n<ul class=\"has-white-color has-text-color wp-block-list\"><li>Selecci\u00f3n grande de llantas para autos, camionetas, y SUVs<\/li><li>Inventario a mano de los mejores marcas de llantas<\/li><li>Financimiento Disponible<\/li><li>Locales Certificado de TIA<\/li><\/ul>\n<\/div>\n\n\n\n<div class=\"wp-block-column is-vertically-aligned-center is-layout-flow wp-block-column-is-layout-flow\">\n<figure class=\"wp-block-image aligncenter size-full is-resized\"><img loading=\"lazy\" decoding=\"async\" src=\"https:\/\/stmtires.com\/wp-content\/uploads\/2022\/04\/stm-retail-tires.png\" alt=\"\" class=\"wp-image-19117\" width=\"423\" height=\"423\" srcset=\"https:\/\/stmtires.com\/wp-content\/uploads\/2022\/04\/stm-retail-tires.png 615w, https:\/\/stmtires.com\/wp-content\/uploads\/2022\/04\/stm-retail-tires-300x300.png 300w, https:\/\/stmtires.com\/wp-content\/uploads\/2022\/04\/stm-retail-tires-100x100.png 100w, https:\/\/stmtires.com\/wp-content\/uploads\/2022\/04\/stm-retail-tires-600x600.png 600w, https:\/\/stmtires.com\/wp-content\/uploads\/2022\/04\/stm-retail-tires-150x150.png 150w\" sizes=\"auto, (max-width: 423px) 100vw, 423px\" \/><\/figure>\n<\/div>\n\n\n\n<div class=\"wp-block-column is-vertically-aligned-center is-layout-flow wp-block-column-is-layout-flow\" style=\"flex-basis:285px\">\n<div class=\"wp-block-buttons is-content-justification-center is-layout-flex wp-container-core-buttons-is-layout-16018d1d wp-block-buttons-is-layout-flex\">\n<div class=\"wp-block-button has-wheel-icon\"><a class=\"wp-block-button__link has-cherry-to-crimson-horizontal-gradient-background has-background\" href=\"https:\/\/stmtires.com\/es\/autos-camionetas-y-suvs\/llantas-para-autos-camionetas-y-suvs\/\" style=\"border-top-left-radius:0px;border-bottom-left-radius:0px\">Busque Llantas<\/a><\/div>\n<\/div>\n<\/div>\n<\/div>\n<\/div>\n<\/div><\/div>\n\n\n\n<div class=\"wp-block-group alignwide is-layout-constrained wp-container-core-group-is-layout-39ce995c wp-block-group-is-layout-constrained\">\n<div class=\"wp-block-columns alignwide are-vertically-aligned-center is-layout-flex wp-container-core-columns-is-layout-9d6595d7 wp-block-columns-is-layout-flex\">\n<div class=\"wp-block-column is-vertically-aligned-center is-layout-flow wp-block-column-is-layout-flow\">    \n<div class=\"responsive-spacer md:pt-4 pt-3\"><\/div>\n\n<style>\n.wp-admin .responsive-spacer {\n    background-color:#efefef;\n}\n<\/style>\n\n\n<h2 class=\"has-primary-color has-text-color has-header-2-sm-font-size wp-block-heading\"><strong>Le trataremos bien<\/strong><\/h2>\n\n\n\n<p>Si est\u00e1 buscando las mejores llantas o si necesita el mejor servicio, cuando venga a cualquier Southern Tire Mart, le prometimos que estamos aqu\u00ed para que quede viajando con cuidado y con rapidez mientras guarda dinero, tiempo y el bienestar.<\/p>\n\n\n    \n<div class=\"responsive-spacer md:pt-4 pt-3\"><\/div>\n\n<style>\n.wp-admin .responsive-spacer {\n    background-color:#efefef;\n}\n<\/style><\/div>\n\n\n\n<div class=\"wp-block-column is-layout-flow wp-block-column-is-layout-flow\">\n<figure class=\"wp-block-image aligncenter size-full\"><img loading=\"lazy\" decoding=\"async\" width=\"1000\" height=\"1000\" src=\"https:\/\/stmtires.com\/wp-content\/uploads\/2022\/04\/southern-tire-mart-well-treat-you-right.png\" alt=\"Asociado de STM sonriendo hacia la c\u00e1mara\" class=\"wp-image-64302\" srcset=\"https:\/\/stmtires.com\/wp-content\/uploads\/2022\/04\/southern-tire-mart-well-treat-you-right.png 1000w, https:\/\/stmtires.com\/wp-content\/uploads\/2022\/04\/southern-tire-mart-well-treat-you-right-300x300.png 300w, https:\/\/stmtires.com\/wp-content\/uploads\/2022\/04\/southern-tire-mart-well-treat-you-right-150x150.png 150w, https:\/\/stmtires.com\/wp-content\/uploads\/2022\/04\/southern-tire-mart-well-treat-you-right-768x768.png 768w, https:\/\/stmtires.com\/wp-content\/uploads\/2022\/04\/southern-tire-mart-well-treat-you-right-600x600.png 600w, https:\/\/stmtires.com\/wp-content\/uploads\/2022\/04\/southern-tire-mart-well-treat-you-right-100x100.png 100w\" sizes=\"auto, (max-width: 1000px) 100vw, 1000px\" \/><\/figure>\n\n\n    \n<div class=\"responsive-spacer md:-mt-8 -mt-3\"><\/div>\n\n<style>\n.wp-admin .responsive-spacer {\n    background-color:#efefef;\n}\n<\/style><\/div>\n<\/div>\n<\/div>\n\n\n\n<div class=\"wp-block-cover alignfull\"><span aria-hidden=\"true\" class=\"wp-block-cover__background has-black-background-color has-background-dim-70 has-background-dim\"><\/span><img loading=\"lazy\" decoding=\"async\" width=\"1920\" height=\"874\" class=\"wp-block-cover__image-background wp-image-64304\" alt=\"Car maintenance on several different vehicles\" src=\"https:\/\/stmtires.com\/wp-content\/uploads\/2022\/04\/southern-tire-mart-whole-car-care.jpg\" data-object-fit=\"cover\" srcset=\"https:\/\/stmtires.com\/wp-content\/uploads\/2022\/04\/southern-tire-mart-whole-car-care.jpg 1920w, https:\/\/stmtires.com\/wp-content\/uploads\/2022\/04\/southern-tire-mart-whole-car-care-300x137.jpg 300w, https:\/\/stmtires.com\/wp-content\/uploads\/2022\/04\/southern-tire-mart-whole-car-care-1024x466.jpg 1024w, https:\/\/stmtires.com\/wp-content\/uploads\/2022\/04\/southern-tire-mart-whole-car-care-768x350.jpg 768w, https:\/\/stmtires.com\/wp-content\/uploads\/2022\/04\/southern-tire-mart-whole-car-care-1536x699.jpg 1536w, https:\/\/stmtires.com\/wp-content\/uploads\/2022\/04\/southern-tire-mart-whole-car-care-600x273.jpg 600w\" sizes=\"auto, (max-width: 1920px) 100vw, 1920px\" \/><div class=\"wp-block-cover__inner-container is-layout-flow wp-block-cover-is-layout-flow\">\n<div class=\"wp-block-group is-layout-constrained wp-container-core-group-is-layout-39ce995c wp-block-group-is-layout-constrained\">\n<div class=\"wp-block-columns is-layout-flex wp-container-core-columns-is-layout-9d6595d7 wp-block-columns-is-layout-flex\">\n<div class=\"wp-block-column is-layout-flow wp-block-column-is-layout-flow\">    \n<div class=\"responsive-spacer md:pt-10 pt-8\"><\/div>\n\n<style>\n.wp-admin .responsive-spacer {\n    background-color:#efefef;\n}\n<\/style>\n\n\n<p class=\"font-primary has-regular-font-size\" style=\"text-transform:uppercase\"><strong>Arreglos y Mantenimiento<\/strong><\/p>\n\n\n\n<hr class=\"wp-block-separator has-text-color has-white-color has-css-opacity has-white-background-color has-background is-style-default\"\/>\n\n\n\n<h2 class=\"has-white-color has-text-color has-header-2-sm-font-size wp-block-heading\"><strong>Mantenimiento para el Auto Entero<\/strong><\/h2>\n\n\n\n<div class=\"wp-block-columns is-layout-flex wp-container-core-columns-is-layout-9d6595d7 wp-block-columns-is-layout-flex\">\n<div class=\"wp-block-column is-layout-flow wp-block-column-is-layout-flow\">\n<ul class=\"has-white-color has-text-color wp-block-list\"><li>Tecnicos Profecionales<\/li><li>Lo mejor Servicio de Clientes<\/li><li>Los \u00faltimos partes y productos<\/li><li>Inspecciones del estado<\/li><li>Mantenimiento preventivo<\/li><\/ul>\n<\/div>\n\n\n\n<div class=\"wp-block-column is-layout-flow wp-block-column-is-layout-flow\">\n<ul class=\"has-white-color has-text-color wp-block-list\"><li>Arreglos de frenos<\/li><li>Alineaci\u00f3n de Rueda<\/li><li>Rotaci\u00f3n de Llantas<\/li><li>Mucho, mucho m\u00e1s<\/li><\/ul>\n<\/div>\n<\/div>\n\n\n    \n<div class=\"responsive-spacer md:pt-4 pt-3\"><\/div>\n\n<style>\n.wp-admin .responsive-spacer {\n    background-color:#efefef;\n}\n<\/style>\n\n\n<div class=\"wp-block-buttons is-layout-flex wp-block-buttons-is-layout-flex\">\n<div class=\"wp-block-button has-wheel-icon\"><a class=\"wp-block-button__link has-cherry-to-crimson-horizontal-gradient-background has-background\" href=\"https:\/\/stmtires.com\/es\/autos-camionetas-y-suvs\/arreglos-y-mantenimiento-de-auto-camioneta-y-suv\/\" style=\"border-top-left-radius:0px;border-top-right-radius:100px;border-bottom-left-radius:0px;border-bottom-right-radius:100px\">Busque Servicios de Autos<\/a><\/div>\n<\/div>\n\n\n    \n<div class=\"responsive-spacer md:pt-10 pt-8\"><\/div>\n\n<style>\n.wp-admin .responsive-spacer {\n    background-color:#efefef;\n}\n<\/style><\/div>\n\n\n\n<div class=\"wp-block-column is-vertically-aligned-center is-layout-flow wp-block-column-is-layout-flow\"><\/div>\n<\/div>\n<\/div>\n<\/div><\/div>\n","protected":false},"excerpt":{"rendered":"<p>Llantas y Mucho M\u00e1s Servicio Profesional.Precios Honestos Cuidamos a su veh\u00edculo entero Desde cambios de aceite a servicio de transmisi\u00f3n y mucho m\u00e1s, nuestros locales certificados quedan listos para ayudarle con llantas nuevas, arreglos profesionales de auto, y los mejores servicios de mantenimiento. Le trataremos bien Si est\u00e1 buscando las mejores llantas o si necesita [&hellip;]<\/p>\n","protected":false},"author":2,"featured_media":0,"parent":64722,"menu_order":0,"comment_status":"closed","ping_status":"closed","template":"","meta":{"_acf_changed":false,"subheading":[],"footnotes":""},"class_list":["post-64724","page","type-page","status-publish","hentry"],"acf":[],"_links":{"self":[{"href":"https:\/\/stmtires.com\/es\/wp-json\/wp\/v2\/pages\/64724","targetHints":{"allow":["GET"]}}],"collection":[{"href":"https:\/\/stmtires.com\/es\/wp-json\/wp\/v2\/pages"}],"about":[{"href":"https:\/\/stmtires.com\/es\/wp-json\/wp\/v2\/types\/page"}],"author":[{"embeddable":true,"href":"https:\/\/stmtires.com\/es\/wp-json\/wp\/v2\/users\/2"}],"replies":[{"embeddable":true,"href":"https:\/\/stmtires.com\/es\/wp-json\/wp\/v2\/comments?post=64724"}],"version-history":[{"count":5,"href":"https:\/\/stmtires.com\/es\/wp-json\/wp\/v2\/pages\/64724\/revisions"}],"predecessor-version":[{"id":248674,"href":"https:\/\/stmtires.com\/es\/wp-json\/wp\/v2\/pages\/64724\/revisions\/248674"}],"up":[{"embeddable":true,"href":"https:\/\/stmtires.com\/es\/wp-json\/wp\/v2\/pages\/64722"}],"wp:attachment":[{"href":"https:\/\/stmtires.com\/es\/wp-json\/wp\/v2\/media?parent=64724"}],"curies":[{"name":"wp","href":"https:\/\/api.w.org\/{rel}","templated":true}]}}