{"id":64726,"date":"2022-04-26T10:16:01","date_gmt":"2022-04-26T15:16:01","guid":{"rendered":"https:\/\/website.dev.stmtires.com\/autos-camionetas-y-suvs\/financiamiento\/"},"modified":"2022-10-05T15:45:50","modified_gmt":"2022-10-05T20:45:50","slug":"financiamiento","status":"publish","type":"page","link":"https:\/\/stmtires.com\/es\/autos-camionetas-y-suvs\/financiamiento\/","title":{"rendered":"Financiamiento"},"content":{"rendered":"\n<div class=\"wp-block-group is-layout-constrained wp-container-core-group-is-layout-39ce995c wp-block-group-is-layout-constrained\">    \n<div class=\"responsive-spacer md:pt-8 pt-6\"><\/div>\n\n<style>\n.wp-admin .responsive-spacer {\n    background-color:#efefef;\n}\n<\/style>\n\n\n<div class=\"wp-block-columns is-layout-flex wp-container-core-columns-is-layout-9d6595d7 wp-block-columns-is-layout-flex\">\n<div class=\"wp-block-column is-layout-flow wp-block-column-is-layout-flow\">\n<h1 class=\"has-primary-color has-text-color has-header-1-sm-font-size wp-block-heading\"><strong><strong>Southern Tire Mart <br\/>Tarjeta de cr\u00e9dito<\/strong><\/strong><\/h1>\n\n\n\n<p>Se puede sacar el estr\u00e9s de comprar llantas al obtener la tarjeta de cr\u00e9dito de Southern Tire Mart. Con esta l\u00ednea de cr\u00e9dito, estar\u00e1 listo cuando necesite llantas nuevas o servicios. <\/p>\n\n\n\n<p>Aplicar es f\u00e1cil, y nuestro equipo del servicio de clientes puede contestar cualquier pregunta que tenga.<\/p>\n\n\n\n<p>Nuestra programa de financiar especial cuenta con estos beneficios:<\/p>\n\n\n\n<ul class=\"wp-block-list\"><li>No hay cobro anual<\/li><li>Pagos mensuales bajos<\/li><li>No hay cobro de inter\u00e9s si se paga dentro de 6 meses*<\/li><\/ul>\n\n\n\n<p>INTER\u00c9S DIFERIDO SI SE PAGA EN SU TOTALIDAD EN 6 MESES*<\/p>\n\n\n\n<p>Se requiere una compra m\u00ednima de $149. Se cargar\u00e1n intereses a su cuenta a partir de la fecha de compra si el saldo de la compra no se paga en su totalidad dentro de los 6 meses.<\/p>\n\n\n\n<p>*SE REQUIERE QUE HAGA LOS PAGOS MINIMOS CADA MES. APR: 28.8%. Cobro m\u00ednimo de financiar: $2.00. Los terminos estan sujetos a cambios<\/p>\n\n\n\n<p><a href=\"https:\/\/www.cfna.com\/web\/personalservices\/southerntiremart\" target=\"_blank\" rel=\"noreferrer noopener nofollow\">Aplique Hoy<\/a> por medio de Credit First National Association .<\/p>\n\n\n    \n<div class=\"responsive-spacer md:pt-4 pt-3\"><\/div>\n\n<style>\n.wp-admin .responsive-spacer {\n    background-color:#efefef;\n}\n<\/style>\n\n\n<div class=\"wp-block-buttons is-layout-flex wp-block-buttons-is-layout-flex\">\n<div class=\"wp-block-button has-wheel-icon\"><a class=\"wp-block-button__link has-cherry-to-crimson-horizontal-gradient-background has-background\" href=\"https:\/\/www.cfna.com\/web\/personalservices\/southerntiremart\" style=\"border-top-left-radius:0px;border-top-right-radius:100px;border-bottom-left-radius:0px;border-bottom-right-radius:100px\" target=\"_blank\" rel=\"noreferrer noopener\">Aplique Hoy<\/a><\/div>\n<\/div>\n<\/div>\n\n\n\n<div class=\"wp-block-column is-layout-flow wp-block-column-is-layout-flow\" style=\"flex-basis:33%\">\n<figure class=\"wp-block-image aligncenter size-full is-resized\"><img decoding=\"async\" src=\"https:\/\/stmtires.com\/wp-content\/uploads\/2022\/10\/southern-tire-mart-credit-card.png\" alt=\"\" class=\"wp-image-248578\" width=\"-55\" height=\"-35\" srcset=\"https:\/\/stmtires.com\/wp-content\/uploads\/2022\/10\/southern-tire-mart-credit-card.png 1013w, https:\/\/stmtires.com\/wp-content\/uploads\/2022\/10\/southern-tire-mart-credit-card-600x377.png 600w, https:\/\/stmtires.com\/wp-content\/uploads\/2022\/10\/southern-tire-mart-credit-card-300x188.png 300w, https:\/\/stmtires.com\/wp-content\/uploads\/2022\/10\/southern-tire-mart-credit-card-768x482.png 768w\" sizes=\"(max-width: 1013px) 100vw, 1013px\" \/><\/figure>\n<\/div>\n<\/div>\n\n\n    \n<div class=\"responsive-spacer md:pt-10 pt-8\"><\/div>\n\n<style>\n.wp-admin .responsive-spacer {\n    background-color:#efefef;\n}\n<\/style><\/div>\n","protected":false},"excerpt":{"rendered":"<p>Southern Tire Mart Tarjeta de cr\u00e9dito Se puede sacar el estr\u00e9s de comprar llantas al obtener la tarjeta de cr\u00e9dito de Southern Tire Mart. Con esta l\u00ednea de cr\u00e9dito, estar\u00e1 listo cuando necesite llantas nuevas o servicios. Aplicar es f\u00e1cil, y nuestro equipo del servicio de clientes puede contestar cualquier pregunta que tenga. Nuestra programa [&hellip;]<\/p>\n","protected":false},"author":2,"featured_media":0,"parent":64722,"menu_order":0,"comment_status":"closed","ping_status":"closed","template":"","meta":{"_acf_changed":false,"subheading":[],"footnotes":""},"class_list":["post-64726","page","type-page","status-publish","hentry"],"acf":[],"_links":{"self":[{"href":"https:\/\/stmtires.com\/es\/wp-json\/wp\/v2\/pages\/64726","targetHints":{"allow":["GET"]}}],"collection":[{"href":"https:\/\/stmtires.com\/es\/wp-json\/wp\/v2\/pages"}],"about":[{"href":"https:\/\/stmtires.com\/es\/wp-json\/wp\/v2\/types\/page"}],"author":[{"embeddable":true,"href":"https:\/\/stmtires.com\/es\/wp-json\/wp\/v2\/users\/2"}],"replies":[{"embeddable":true,"href":"https:\/\/stmtires.com\/es\/wp-json\/wp\/v2\/comments?post=64726"}],"version-history":[{"count":2,"href":"https:\/\/stmtires.com\/es\/wp-json\/wp\/v2\/pages\/64726\/revisions"}],"predecessor-version":[{"id":248592,"href":"https:\/\/stmtires.com\/es\/wp-json\/wp\/v2\/pages\/64726\/revisions\/248592"}],"up":[{"embeddable":true,"href":"https:\/\/stmtires.com\/es\/wp-json\/wp\/v2\/pages\/64722"}],"wp:attachment":[{"href":"https:\/\/stmtires.com\/es\/wp-json\/wp\/v2\/media?parent=64726"}],"curies":[{"name":"wp","href":"https:\/\/api.w.org\/{rel}","templated":true}]}}