{"id":64732,"date":"2022-04-21T15:08:50","date_gmt":"2022-04-21T20:08:50","guid":{"rendered":"https:\/\/website.dev.stmtires.com\/servicios-comerciales-y-de-parques-moviles\/"},"modified":"2022-10-14T08:59:50","modified_gmt":"2022-10-14T13:59:50","slug":"servicios-comerciales-y-de-parques-moviles","status":"publish","type":"page","link":"https:\/\/stmtires.com\/es\/servicios-comerciales-y-de-parques-moviles\/","title":{"rendered":"Servicios Comerciales y de Parques M\u00f3viles"},"content":{"rendered":"    \n<div class=\"responsive-spacer md:pt-6 pt-4\"><\/div>\n\n<style>\n.wp-admin .responsive-spacer {\n    background-color:#efefef;\n}\n<\/style>\n\n\n<div class=\"wp-block-group is-layout-constrained wp-container-core-group-is-layout-39ce995c wp-block-group-is-layout-constrained\">\n<div class=\"wp-block-columns is-layout-flex wp-container-core-columns-is-layout-9d6595d7 wp-block-columns-is-layout-flex\">\n<div class=\"wp-block-column is-layout-flow wp-block-column-is-layout-flow\">\n<h1 class=\"has-secondary-color has-text-color has-header-2-lg-font-size wp-block-heading\" style=\"font-style:normal;font-weight:700\">Servicios Comerciales y de Parques M\u00f3viles<\/h1>\n<\/div>\n<\/div>\n<\/div>\n\n\n    \n<div class=\"responsive-spacer md:pt-6 pt-4\"><\/div>\n\n<style>\n.wp-admin .responsive-spacer {\n    background-color:#efefef;\n}\n<\/style>\n\n\n<div class=\"wp-block-cover alignfull\"><span aria-hidden=\"true\" class=\"wp-block-cover__background has-transparent-background-color has-background-dim\"><\/span><img loading=\"lazy\" decoding=\"async\" width=\"2061\" height=\"507\" class=\"wp-block-cover__image-background wp-image-31159\" alt=\"\" src=\"https:\/\/stmtires.com\/wp-content\/uploads\/2022\/04\/SMT-red-bkg-overlay.png\" style=\"object-position:100% 50%\" data-object-fit=\"cover\" data-object-position=\"100% 50%\" srcset=\"https:\/\/stmtires.com\/wp-content\/uploads\/2022\/04\/SMT-red-bkg-overlay.png 2061w, https:\/\/stmtires.com\/wp-content\/uploads\/2022\/04\/SMT-red-bkg-overlay-600x148.png 600w, https:\/\/stmtires.com\/wp-content\/uploads\/2022\/04\/SMT-red-bkg-overlay-300x74.png 300w, https:\/\/stmtires.com\/wp-content\/uploads\/2022\/04\/SMT-red-bkg-overlay-1024x252.png 1024w, https:\/\/stmtires.com\/wp-content\/uploads\/2022\/04\/SMT-red-bkg-overlay-768x189.png 768w, https:\/\/stmtires.com\/wp-content\/uploads\/2022\/04\/SMT-red-bkg-overlay-1536x378.png 1536w, https:\/\/stmtires.com\/wp-content\/uploads\/2022\/04\/SMT-red-bkg-overlay-2048x504.png 2048w\" sizes=\"auto, (max-width: 2061px) 100vw, 2061px\" \/><div class=\"wp-block-cover__inner-container is-layout-flow wp-block-cover-is-layout-flow\">\n<div style=\"height:25px\" aria-hidden=\"true\" class=\"wp-block-spacer\"><\/div>\n\n\n\n<div class=\"wp-block-group is-layout-constrained wp-container-core-group-is-layout-39ce995c wp-block-group-is-layout-constrained\">\n<div class=\"wp-block-columns is-layout-flex wp-container-core-columns-is-layout-9d6595d7 wp-block-columns-is-layout-flex\">\n<div class=\"wp-block-column is-layout-flow wp-block-column-is-layout-flow\" style=\"flex-basis:440px\">\n<h2 class=\"has-white-color has-text-color has-header-2-sm-font-size wp-block-heading\"><strong>Las Mejores Llantas.<br>Los Mejor Servicios.<br>La Mejor Gente.<\/strong><\/h2>\n\n\n    \n<div class=\"responsive-spacer md:pt-4 pt-3\"><\/div>\n\n<style>\n.wp-admin .responsive-spacer {\n    background-color:#efefef;\n}\n<\/style>\n\n\n<p class=\"has-white-color has-text-color\">Quedando listos cuando nos necesite con las llantas y servicios perfectos para su veh\u00edculo comercial es solo una raz\u00f3n que nos hace un l\u00edder en la industria. Por otra parte, empleamos a equipos de profesionales amables que hacen el trabajo con eficacia y efectivamente.<\/p>\n\n\n\n<p class=\"has-white-color has-text-color\">Busque nuestros servicios comerciales y parques m\u00f3viles, y si no ha tenido la oportunidad, h\u00e1gase una cuenta en l\u00ednea hoy.<\/p>\n<\/div>\n\n\n\n<div class=\"wp-block-column is-vertically-aligned-center is-layout-flow wp-block-column-is-layout-flow\">\n<figure class=\"wp-block-image alignright size-full\"><img loading=\"lazy\" decoding=\"async\" width=\"653\" height=\"490\" src=\"https:\/\/stmtires.com\/wp-content\/uploads\/2022\/04\/stm-commercial-tires.png\" alt=\"Llantas Comerciales\" class=\"wp-image-64361\" srcset=\"https:\/\/stmtires.com\/wp-content\/uploads\/2022\/04\/stm-commercial-tires.png 653w, https:\/\/stmtires.com\/wp-content\/uploads\/2022\/04\/stm-commercial-tires-300x225.png 300w, https:\/\/stmtires.com\/wp-content\/uploads\/2022\/04\/stm-commercial-tires-600x450.png 600w\" sizes=\"auto, (max-width: 653px) 100vw, 653px\" \/><\/figure>\n<\/div>\n\n\n\n<div class=\"wp-block-column is-vertically-aligned-center is-layout-flow wp-block-column-is-layout-flow\" style=\"flex-basis:275px\">\n<div class=\"wp-block-buttons is-horizontal is-content-justification-right is-layout-flex wp-container-core-buttons-is-layout-ae2fe186 wp-block-buttons-is-layout-flex\">\n<div class=\"wp-block-button has-wheel-icon\"><a class=\"wp-block-button__link has-cherry-to-crimson-horizontal-gradient-background has-background\" style=\"border-top-left-radius:0px;border-top-right-radius:100px;border-bottom-left-radius:0px;border-bottom-right-radius:100px\">Encuentre un Local<\/a><\/div>\n<\/div>\n<\/div>\n<\/div>\n<\/div>\n\n\n\n<div style=\"height:25px\" aria-hidden=\"true\" class=\"wp-block-spacer\"><\/div>\n<\/div><\/div>\n\n\n    \n<div class=\"responsive-spacer md:pt-16 pt-12\"><\/div>\n\n<style>\n.wp-admin .responsive-spacer {\n    background-color:#efefef;\n}\n<\/style>\n\n\n<div class=\"wp-block-group alignwide is-layout-constrained wp-container-core-group-is-layout-39ce995c wp-block-group-is-layout-constrained\">\n<div class=\"wp-block-columns alignwide are-vertically-aligned-center is-layout-flex wp-container-core-columns-is-layout-9d6595d7 wp-block-columns-is-layout-flex\">\n<div class=\"wp-block-column is-layout-flow wp-block-column-is-layout-flow\">\n<div class=\"wp-block-columns alignfull has-small-gutter is-layout-flex wp-container-core-columns-is-layout-9d6595d7 wp-block-columns-is-layout-flex\">\n<div class=\"wp-block-column mb-8 is-layout-flow wp-block-column-is-layout-flow\"><div id=\"card-block_31b8c37b9e4d43aa1e68c67426f6817b\" class=\"card-block group h-full pt-16 pb-8 relative\">\n\t<div class=\"shadow bg-white p-8 h-full\">\n\t\t<div style=\"background-image: url('https:\/\/stmtires.com\/wp-content\/uploads\/2022\/10\/southern-tire-mart-shop-for-tires-300x300.jpg');\" class=\"relative bg-no-repeat bg-center bg-cover w-24 md:w-32 xl:w-48 h-24 md:h-32 xl:h-48 rounded-full transform overflow-hidden -translate-y-24 mb-8 mx-auto shadow-lg\">\n\t\t\t<div class=\"bg-secondary opacity-0 group-hover:opacity-75 transition-opacity duration-200 absolute inset-0 w-full h-full\"><\/div>\n\t\t\t<img loading=\"lazy\" decoding=\"async\" width=\"34\" height=\"34\" src=\"https:\/\/stmtires.com\/wp-content\/uploads\/2022\/04\/wheel.svg\" class=\"opacity-0 group-hover:opacity-100 transition-opacity duration-200 w-24 h-auto rounded-full absolute bottom-0 left-1\/2 transform -translate-x-1\/2 translate-y-12\" alt=\"\" \/>\n\t\t<\/div>\n\t\t<div class=\"-mt-24\">\n\t\t\t\n\n<h2 class=\"has-text-align-center has-secondary-color has-text-color has-header-4-sm-font-size wp-block-heading\"><strong>Compre Llantas<\/strong><\/h2>\n\n\n\t\t<\/div>\n\t<\/div>\n\n    \n\n\t\t\t\n\t\t<a class=\"card-block-link absolute w-full h-full inset-0 cursor-pointer\" href=\"https:\/\/stmtires.com\/es\/servicios-comerciales-y-de-parques-moviles\/compre-llantas-para-vehiculos-comerciales\/\"  target=\"\" title=\"Compre Llantas\"><\/a>\n\n\t<\/div>\n\n\n    \n<div class=\"responsive-spacer md:pt-8 pt-6\"><\/div>\n\n<style>\n.wp-admin .responsive-spacer {\n    background-color:#efefef;\n}\n<\/style><\/div>\n\n\n\n<div class=\"wp-block-column mb-8 is-layout-flow wp-block-column-is-layout-flow\"><div id=\"card-block_88b8ebba897d9fb43444e5fa50a76fe1\" class=\"card-block group h-full pt-16 pb-8 relative\">\n\t<div class=\"shadow bg-white p-8 h-full\">\n\t\t<div style=\"background-image: url('https:\/\/stmtires.com\/wp-content\/uploads\/2022\/10\/southern-tire-mart-commercial-300x300.jpg');\" class=\"relative bg-no-repeat bg-center bg-cover w-24 md:w-32 xl:w-48 h-24 md:h-32 xl:h-48 rounded-full transform overflow-hidden -translate-y-24 mb-8 mx-auto shadow-lg\">\n\t\t\t<div class=\"bg-secondary opacity-0 group-hover:opacity-75 transition-opacity duration-200 absolute inset-0 w-full h-full\"><\/div>\n\t\t\t<img loading=\"lazy\" decoding=\"async\" width=\"34\" height=\"34\" src=\"https:\/\/stmtires.com\/wp-content\/uploads\/2022\/04\/wheel.svg\" class=\"opacity-0 group-hover:opacity-100 transition-opacity duration-200 w-24 h-auto rounded-full absolute bottom-0 left-1\/2 transform -translate-x-1\/2 translate-y-12\" alt=\"\" \/>\n\t\t<\/div>\n\t\t<div class=\"-mt-24\">\n\t\t\t\n\n<h2 class=\"has-text-align-center has-secondary-color has-text-color has-header-4-sm-font-size wp-block-heading\"><strong>Informaci\u00f3n General de Servicios Comerciales<\/strong><\/h2>\n\n\n\t\t<\/div>\n\t<\/div>\n\n    \n\n\t\t\t\n\t\t<a class=\"card-block-link absolute w-full h-full inset-0 cursor-pointer\" href=\"https:\/\/stmtires.com\/es\/servicios-comerciales-y-de-parques-moviles\/descripcion-general-de-los-servicios-comerciales\/\"  target=\"\" title=\"Descripci\u00f3n General de Los Servicios Comerciales\"><\/a>\n\n\t<\/div>\n\n\n    \n<div class=\"responsive-spacer md:pt-8 pt-6\"><\/div>\n\n<style>\n.wp-admin .responsive-spacer {\n    background-color:#efefef;\n}\n<\/style><\/div>\n\n\n\n<div class=\"wp-block-column mb-8 is-layout-flow wp-block-column-is-layout-flow\"><div id=\"card-block_59673fe44a54951993a4180261a56608\" class=\"card-block group h-full pt-16 pb-8 relative\">\n\t<div class=\"shadow bg-white p-8 h-full\">\n\t\t<div style=\"background-image: url('https:\/\/stmtires.com\/wp-content\/uploads\/2022\/10\/southern-tire-mart-repairs-and-Maintenance-300x300.jpg');\" class=\"relative bg-no-repeat bg-center bg-cover w-24 md:w-32 xl:w-48 h-24 md:h-32 xl:h-48 rounded-full transform overflow-hidden -translate-y-24 mb-8 mx-auto shadow-lg\">\n\t\t\t<div class=\"bg-secondary opacity-0 group-hover:opacity-75 transition-opacity duration-200 absolute inset-0 w-full h-full\"><\/div>\n\t\t\t<img loading=\"lazy\" decoding=\"async\" width=\"34\" height=\"34\" src=\"https:\/\/stmtires.com\/wp-content\/uploads\/2022\/04\/wheel.svg\" class=\"opacity-0 group-hover:opacity-100 transition-opacity duration-200 w-24 h-auto rounded-full absolute bottom-0 left-1\/2 transform -translate-x-1\/2 translate-y-12\" alt=\"\" \/>\n\t\t<\/div>\n\t\t<div class=\"-mt-24\">\n\t\t\t\n\n<h2 class=\"has-text-align-center has-secondary-color has-text-color has-header-4-sm-font-size wp-block-heading\"><strong>Arreglos y Mantenimiento<\/strong><\/h2>\n\n\n\t\t<\/div>\n\t<\/div>\n\n    \n\n\t\t\t\n\t\t<a class=\"card-block-link absolute w-full h-full inset-0 cursor-pointer\" href=\"https:\/\/stmtires.com\/es\/servicios-comerciales-y-de-parques-moviles\/arreglos-y-mantenimiento-para-vehiculos-comerciales\/\"  target=\"\" title=\"Arreglos y Mantenimiento para Veh\u00edculos Comerciales\"><\/a>\n\n\t<\/div>\n\n\n    \n<div class=\"responsive-spacer md:pt-8 pt-6\"><\/div>\n\n<style>\n.wp-admin .responsive-spacer {\n    background-color:#efefef;\n}\n<\/style><\/div>\n<\/div>\n\n\n\n<div class=\"wp-block-columns alignfull has-small-gutter is-layout-flex wp-container-core-columns-is-layout-9d6595d7 wp-block-columns-is-layout-flex\">\n<div class=\"wp-block-column mb-8 is-layout-flow wp-block-column-is-layout-flow\"><div id=\"card-block_1814321fbc2b90d6fade3f14d8b777cf\" class=\"card-block group h-full pt-16 pb-8 relative\">\n\t<div class=\"shadow bg-white p-8 h-full\">\n\t\t<div style=\"background-image: url('https:\/\/stmtires.com\/wp-content\/uploads\/2022\/10\/southern-tire-mart-off-the-road-farming-and-industrial-300x300.jpg');\" class=\"relative bg-no-repeat bg-center bg-cover w-24 md:w-32 xl:w-48 h-24 md:h-32 xl:h-48 rounded-full transform overflow-hidden -translate-y-24 mb-8 mx-auto shadow-lg\">\n\t\t\t<div class=\"bg-secondary opacity-0 group-hover:opacity-75 transition-opacity duration-200 absolute inset-0 w-full h-full\"><\/div>\n\t\t\t<img loading=\"lazy\" decoding=\"async\" width=\"34\" height=\"34\" src=\"https:\/\/stmtires.com\/wp-content\/uploads\/2022\/04\/wheel.svg\" class=\"opacity-0 group-hover:opacity-100 transition-opacity duration-200 w-24 h-auto rounded-full absolute bottom-0 left-1\/2 transform -translate-x-1\/2 translate-y-12\" alt=\"\" \/>\n\t\t<\/div>\n\t\t<div class=\"-mt-24\">\n\t\t\t\n\n<h2 class=\"has-text-align-center has-secondary-color has-text-color has-header-4-sm-font-size wp-block-heading\"><strong>Agricultura y Industrial<\/strong><\/h2>\n\n\n\t\t<\/div>\n\t<\/div>\n\n    \n\n\t\t\t\n\t\t<a class=\"card-block-link absolute w-full h-full inset-0 cursor-pointer\" href=\"https:\/\/stmtires.com\/es\/servicios-comerciales-y-de-parques-moviles\/off-road-tires-farming-industrial\/\"  target=\"\" title=\"Llantas de Todoterreno, Agricultura, y Industriales\"><\/a>\n\n\t<\/div>\n\n\n    \n<div class=\"responsive-spacer md:pt-8 pt-6\"><\/div>\n\n<style>\n.wp-admin .responsive-spacer {\n    background-color:#efefef;\n}\n<\/style><\/div>\n\n\n\n<div class=\"wp-block-column mb-8 is-layout-flow wp-block-column-is-layout-flow\"><div id=\"card-block_302d84b5c5285a5815d2fb5baf6d7278\" class=\"card-block group h-full pt-16 pb-8 relative\">\n\t<div class=\"shadow bg-white p-8 h-full\">\n\t\t<div style=\"background-image: url('https:\/\/stmtires.com\/wp-content\/uploads\/2022\/04\/southern-tire-mart-retreading-and-retreaded-tires-300x300.jpg');\" class=\"relative bg-no-repeat bg-center bg-cover w-24 md:w-32 xl:w-48 h-24 md:h-32 xl:h-48 rounded-full transform overflow-hidden -translate-y-24 mb-8 mx-auto shadow-lg\">\n\t\t\t<div class=\"bg-secondary opacity-0 group-hover:opacity-75 transition-opacity duration-200 absolute inset-0 w-full h-full\"><\/div>\n\t\t\t<img loading=\"lazy\" decoding=\"async\" width=\"34\" height=\"34\" src=\"https:\/\/stmtires.com\/wp-content\/uploads\/2022\/04\/wheel.svg\" class=\"opacity-0 group-hover:opacity-100 transition-opacity duration-200 w-24 h-auto rounded-full absolute bottom-0 left-1\/2 transform -translate-x-1\/2 translate-y-12\" alt=\"\" \/>\n\t\t<\/div>\n\t\t<div class=\"-mt-24\">\n\t\t\t\n\n<h2 class=\"has-text-align-center has-secondary-color has-text-color has-header-4-sm-font-size wp-block-heading\"><strong>Llantas Recauchutados<\/strong><\/h2>\n\n\n\t\t<\/div>\n\t<\/div>\n\n    \n\n\t\t\t\n\t\t<a class=\"card-block-link absolute w-full h-full inset-0 cursor-pointer\" href=\"https:\/\/stmtires.com\/es\/servicios-comerciales-y-de-parques-moviles\/llantas-recauchutados\/\"  target=\"\" title=\"Llantas Recauchutados\"><\/a>\n\n\t<\/div>\n\n\n    \n<div class=\"responsive-spacer md:pt-8 pt-6\"><\/div>\n\n<style>\n.wp-admin .responsive-spacer {\n    background-color:#efefef;\n}\n<\/style><\/div>\n\n\n\n<div class=\"wp-block-column mb-8 is-layout-flow wp-block-column-is-layout-flow\"><div id=\"card-block_52487f3eaaec2d7accb9252c0ecc0c76\" class=\"card-block group h-full pt-16 pb-8 relative\">\n\t<div class=\"shadow bg-white p-8 h-full\">\n\t\t<div style=\"background-image: url('https:\/\/stmtires.com\/wp-content\/uploads\/2022\/04\/southern-tire-mart-tire-brands-we-offer-300x300.jpg');\" class=\"relative bg-no-repeat bg-center bg-cover w-24 md:w-32 xl:w-48 h-24 md:h-32 xl:h-48 rounded-full transform overflow-hidden -translate-y-24 mb-8 mx-auto shadow-lg\">\n\t\t\t<div class=\"bg-secondary opacity-0 group-hover:opacity-75 transition-opacity duration-200 absolute inset-0 w-full h-full\"><\/div>\n\t\t\t<img loading=\"lazy\" decoding=\"async\" width=\"34\" height=\"34\" src=\"https:\/\/stmtires.com\/wp-content\/uploads\/2022\/04\/wheel.svg\" class=\"opacity-0 group-hover:opacity-100 transition-opacity duration-200 w-24 h-auto rounded-full absolute bottom-0 left-1\/2 transform -translate-x-1\/2 translate-y-12\" alt=\"\" \/>\n\t\t<\/div>\n\t\t<div class=\"-mt-24\">\n\t\t\t\n\n<h2 class=\"has-text-align-center has-secondary-color has-text-color has-header-4-sm-font-size wp-block-heading\"><strong>Marcas de Llantas en Oferta<\/strong><\/h2>\n\n\n\t\t<\/div>\n\t<\/div>\n\n    \n\n\t\t\t\n\t\t<a class=\"card-block-link absolute w-full h-full inset-0 cursor-pointer\" href=\"https:\/\/stmtires.com\/es\/servicios-comerciales-y-de-parques-moviles\/marcas-de-llantas-comerciales-en-oferta\/\"  target=\"\" title=\"Marcas de Llantas Comerciales en Oferta\"><\/a>\n\n\t<\/div>\n\n\n    \n<div class=\"responsive-spacer md:pt-8 pt-6\"><\/div>\n\n<style>\n.wp-admin .responsive-spacer {\n    background-color:#efefef;\n}\n<\/style><\/div>\n<\/div>\n\n\n\n<div class=\"wp-block-columns alignfull has-small-gutter is-layout-flex wp-container-core-columns-is-layout-9d6595d7 wp-block-columns-is-layout-flex\">\n<div class=\"wp-block-column mb-8 is-layout-flow wp-block-column-is-layout-flow\"><div id=\"card-block_3fe40193bc1518c6a5d673ca2f7078bc\" class=\"card-block group h-full pt-16 pb-8 relative\">\n\t<div class=\"shadow bg-white p-8 h-full\">\n\t\t<div style=\"background-image: url('https:\/\/stmtires.com\/wp-content\/uploads\/2022\/10\/southern-tire-mart-24_7-roadside-assistance-300x300.jpg');\" class=\"relative bg-no-repeat bg-center bg-cover w-24 md:w-32 xl:w-48 h-24 md:h-32 xl:h-48 rounded-full transform overflow-hidden -translate-y-24 mb-8 mx-auto shadow-lg\">\n\t\t\t<div class=\"bg-secondary opacity-0 group-hover:opacity-75 transition-opacity duration-200 absolute inset-0 w-full h-full\"><\/div>\n\t\t\t<img loading=\"lazy\" decoding=\"async\" width=\"34\" height=\"34\" src=\"https:\/\/stmtires.com\/wp-content\/uploads\/2022\/04\/wheel.svg\" class=\"opacity-0 group-hover:opacity-100 transition-opacity duration-200 w-24 h-auto rounded-full absolute bottom-0 left-1\/2 transform -translate-x-1\/2 translate-y-12\" alt=\"\" \/>\n\t\t<\/div>\n\t\t<div class=\"-mt-24\">\n\t\t\t\n\n<h2 class=\"has-text-align-center has-secondary-color has-text-color has-header-4-sm-font-size wp-block-heading\"><strong>Asistencia de Carretera de 24 Horas<\/strong><\/h2>\n\n\n\t\t<\/div>\n\t<\/div>\n\n    \n\n\t\t\t\n\t\t<a class=\"card-block-link absolute w-full h-full inset-0 cursor-pointer\" href=\"https:\/\/stmtires.com\/es\/servicios-comerciales-y-de-parques-moviles\/asistencia-de-carretera-de-24-7\/\"  target=\"\" title=\"Asistencia de Carretera de 24\/7\"><\/a>\n\n\t<\/div>\n\n\n    \n<div class=\"responsive-spacer md:pt-8 pt-6\"><\/div>\n\n<style>\n.wp-admin .responsive-spacer {\n    background-color:#efefef;\n}\n<\/style><\/div>\n\n\n\n<div class=\"wp-block-column mb-8 is-layout-flow wp-block-column-is-layout-flow\"><div id=\"card-block_4df49781b8796ff6cb418aba13f94bb8\" class=\"card-block group h-full pt-16 pb-8 relative\">\n\t<div class=\"shadow bg-white p-8 h-full\">\n\t\t<div style=\"background-image: url('https:\/\/stmtires.com\/wp-content\/uploads\/2022\/04\/southern-tire-mart-financing-300x300.jpg');\" class=\"relative bg-no-repeat bg-center bg-cover w-24 md:w-32 xl:w-48 h-24 md:h-32 xl:h-48 rounded-full transform overflow-hidden -translate-y-24 mb-8 mx-auto shadow-lg\">\n\t\t\t<div class=\"bg-secondary opacity-0 group-hover:opacity-75 transition-opacity duration-200 absolute inset-0 w-full h-full\"><\/div>\n\t\t\t<img loading=\"lazy\" decoding=\"async\" width=\"34\" height=\"34\" src=\"https:\/\/stmtires.com\/wp-content\/uploads\/2022\/04\/wheel.svg\" class=\"opacity-0 group-hover:opacity-100 transition-opacity duration-200 w-24 h-auto rounded-full absolute bottom-0 left-1\/2 transform -translate-x-1\/2 translate-y-12\" alt=\"\" \/>\n\t\t<\/div>\n\t\t<div class=\"-mt-24\">\n\t\t\t\n\n<h2 class=\"has-text-align-center has-secondary-color has-text-color has-header-4-sm-font-size wp-block-heading\"><strong>Financiamiento<\/strong><\/h2>\n\n\n\t\t<\/div>\n\t<\/div>\n\n    \n\n\t\t\t\n\t\t<a class=\"card-block-link absolute w-full h-full inset-0 cursor-pointer\" href=\"https:\/\/stmtires.com\/es\/servicios-comerciales-y-de-parques-moviles\/financiamiento-comercial\/\"  target=\"\" title=\"Financiamiento Comercial\"><\/a>\n\n\t<\/div>\n\n\n    \n<div class=\"responsive-spacer md:pt-8 pt-6\"><\/div>\n\n<style>\n.wp-admin .responsive-spacer {\n    background-color:#efefef;\n}\n<\/style><\/div>\n\n\n\n<div class=\"wp-block-column mb-8 is-layout-flow wp-block-column-is-layout-flow\"><div id=\"card-block_0fff595d156f077ff22c102646924337\" class=\"card-block group h-full pt-16 pb-8 relative\">\n\t<div class=\"shadow bg-white p-8 h-full\">\n\t\t<div style=\"background-image: url('https:\/\/stmtires.com\/wp-content\/uploads\/2022\/10\/southern-tire-mart-customer-portal-300x300.jpg');\" class=\"relative bg-no-repeat bg-center bg-cover w-24 md:w-32 xl:w-48 h-24 md:h-32 xl:h-48 rounded-full transform overflow-hidden -translate-y-24 mb-8 mx-auto shadow-lg\">\n\t\t\t<div class=\"bg-secondary opacity-0 group-hover:opacity-75 transition-opacity duration-200 absolute inset-0 w-full h-full\"><\/div>\n\t\t\t<img loading=\"lazy\" decoding=\"async\" width=\"34\" height=\"34\" src=\"https:\/\/stmtires.com\/wp-content\/uploads\/2022\/04\/wheel.svg\" class=\"opacity-0 group-hover:opacity-100 transition-opacity duration-200 w-24 h-auto rounded-full absolute bottom-0 left-1\/2 transform -translate-x-1\/2 translate-y-12\" alt=\"\" \/>\n\t\t<\/div>\n\t\t<div class=\"-mt-24\">\n\t\t\t\n\n<h2 class=\"has-text-align-center has-secondary-color has-text-color has-header-4-sm-font-size wp-block-heading\"><strong>Portal de Clientes<\/strong><\/h2>\n\n\n\t\t<\/div>\n\t<\/div>\n\n    \n\n\t\t\t\n\t\t<a class=\"card-block-link absolute w-full h-full inset-0 cursor-pointer\" href=\"https:\/\/stmtires.com\/es\/servicios-comerciales-y-de-parques-moviles\/ingresa-de-cuentas-comerciales-y-de-parques-moviles\/\"  target=\"\" title=\"Ingresa de Cuentas Comerciales y de Parques M\u00f3viles\"><\/a>\n\n\t<\/div>\n\n\n    \n<div class=\"responsive-spacer md:pt-8 pt-6\"><\/div>\n\n<style>\n.wp-admin .responsive-spacer {\n    background-color:#efefef;\n}\n<\/style><\/div>\n<\/div>\n\n\n\n<div class=\"wp-block-columns alignfull has-small-gutter is-layout-flex wp-container-core-columns-is-layout-9d6595d7 wp-block-columns-is-layout-flex\">\n<div class=\"wp-block-column mb-8 is-layout-flow wp-block-column-is-layout-flow\"><div id=\"card-block_2760c288bd35dce5624249a9b85e2cc1\" class=\"card-block group h-full pt-16 pb-8 relative\">\n\t<div class=\"shadow bg-white p-8 h-full\">\n\t\t<div style=\"background-image: url('https:\/\/stmtires.com\/wp-content\/uploads\/2022\/04\/southern-tire-mart-government-300x300.jpg');\" class=\"relative bg-no-repeat bg-center bg-cover w-24 md:w-32 xl:w-48 h-24 md:h-32 xl:h-48 rounded-full transform overflow-hidden -translate-y-24 mb-8 mx-auto shadow-lg\">\n\t\t\t<div class=\"bg-secondary opacity-0 group-hover:opacity-75 transition-opacity duration-200 absolute inset-0 w-full h-full\"><\/div>\n\t\t\t<img loading=\"lazy\" decoding=\"async\" width=\"34\" height=\"34\" src=\"https:\/\/stmtires.com\/wp-content\/uploads\/2022\/04\/wheel.svg\" class=\"opacity-0 group-hover:opacity-100 transition-opacity duration-200 w-24 h-auto rounded-full absolute bottom-0 left-1\/2 transform -translate-x-1\/2 translate-y-12\" alt=\"\" \/>\n\t\t<\/div>\n\t\t<div class=\"-mt-24\">\n\t\t\t\n\n<h2 class=\"has-text-align-center has-secondary-color has-text-color has-header-4-sm-font-size wp-block-heading\"><strong><strong>Contratos Gubernamentales<\/strong><\/strong><\/h2>\n\n\n\t\t<\/div>\n\t<\/div>\n\n    \n\n\t\t\t\n\t\t<a class=\"card-block-link absolute w-full h-full inset-0 cursor-pointer\" href=\"https:\/\/stmtires.com\/es\/contratos-gubernamentales\/\"  target=\"\" title=\"Contratos Gubernamentales\"><\/a>\n\n\t<\/div>\n\n\n    \n<div class=\"responsive-spacer md:pt-8 pt-6\"><\/div>\n\n<style>\n.wp-admin .responsive-spacer {\n    background-color:#efefef;\n}\n<\/style><\/div>\n\n\n\n<div class=\"wp-block-column mb-8 is-layout-flow wp-block-column-is-layout-flow\"><div id=\"card-block_3db4c4e1ecc691230a7467d10cecabf0\" class=\"card-block group h-full pt-16 pb-8 relative\">\n\t<div class=\"shadow bg-white p-8 h-full\">\n\t\t<div style=\"background-image: url('https:\/\/stmtires.com\/wp-content\/uploads\/2022\/10\/southern-tireset-up-account-300x300.jpg');\" class=\"relative bg-no-repeat bg-center bg-cover w-24 md:w-32 xl:w-48 h-24 md:h-32 xl:h-48 rounded-full transform overflow-hidden -translate-y-24 mb-8 mx-auto shadow-lg\">\n\t\t\t<div class=\"bg-secondary opacity-0 group-hover:opacity-75 transition-opacity duration-200 absolute inset-0 w-full h-full\"><\/div>\n\t\t\t<img loading=\"lazy\" decoding=\"async\" width=\"34\" height=\"34\" src=\"https:\/\/stmtires.com\/wp-content\/uploads\/2022\/04\/wheel.svg\" class=\"opacity-0 group-hover:opacity-100 transition-opacity duration-200 w-24 h-auto rounded-full absolute bottom-0 left-1\/2 transform -translate-x-1\/2 translate-y-12\" alt=\"\" \/>\n\t\t<\/div>\n\t\t<div class=\"-mt-24\">\n\t\t\t\n\n<h2 class=\"has-text-align-center has-secondary-color has-text-color has-header-4-sm-font-size wp-block-heading\"><strong>Hacer una Cuenta<\/strong><\/h2>\n\n\n\t\t<\/div>\n\t<\/div>\n\n    \n\n\t\t\t\n\t\t<a class=\"card-block-link absolute w-full h-full inset-0 cursor-pointer\" href=\"https:\/\/stmtires.com\/es\/servicios-comerciales-y-de-parques-moviles\/ingresa-de-cuentas-comerciales-y-de-parques-moviles\/\"  target=\"\" title=\"Ingresa de Cuentas Comerciales y de Parques M\u00f3viles\"><\/a>\n\n\t<\/div>\n\n\n    \n<div class=\"responsive-spacer md:pt-8 pt-6\"><\/div>\n\n<style>\n.wp-admin .responsive-spacer {\n    background-color:#efefef;\n}\n<\/style><\/div>\n\n\n\n<div class=\"wp-block-column is-layout-flow wp-block-column-is-layout-flow\"><\/div>\n<\/div>\n<\/div>\n<\/div>\n<\/div>\n\n\n    \n<div class=\"responsive-spacer md:pt-12 pt-10\"><\/div>\n\n<style>\n.wp-admin .responsive-spacer {\n    background-color:#efefef;\n}\n<\/style>","protected":false},"excerpt":{"rendered":"<p>Servicios Comerciales y de Parques M\u00f3viles<\/p>\n","protected":false},"author":2,"featured_media":0,"parent":0,"menu_order":0,"comment_status":"closed","ping_status":"closed","template":"","meta":{"_acf_changed":false,"subheading":[],"footnotes":""},"class_list":["post-64732","page","type-page","status-publish","hentry"],"acf":[],"_links":{"self":[{"href":"https:\/\/stmtires.com\/es\/wp-json\/wp\/v2\/pages\/64732","targetHints":{"allow":["GET"]}}],"collection":[{"href":"https:\/\/stmtires.com\/es\/wp-json\/wp\/v2\/pages"}],"about":[{"href":"https:\/\/stmtires.com\/es\/wp-json\/wp\/v2\/types\/page"}],"author":[{"embeddable":true,"href":"https:\/\/stmtires.com\/es\/wp-json\/wp\/v2\/users\/2"}],"replies":[{"embeddable":true,"href":"https:\/\/stmtires.com\/es\/wp-json\/wp\/v2\/comments?post=64732"}],"version-history":[{"count":2,"href":"https:\/\/stmtires.com\/es\/wp-json\/wp\/v2\/pages\/64732\/revisions"}],"predecessor-version":[{"id":248695,"href":"https:\/\/stmtires.com\/es\/wp-json\/wp\/v2\/pages\/64732\/revisions\/248695"}],"wp:attachment":[{"href":"https:\/\/stmtires.com\/es\/wp-json\/wp\/v2\/media?parent=64732"}],"curies":[{"name":"wp","href":"https:\/\/api.w.org\/{rel}","templated":true}]}}