{"id":64734,"date":"2022-04-25T16:53:19","date_gmt":"2022-04-25T21:53:19","guid":{"rendered":"https:\/\/website.dev.stmtires.com\/servicios-comerciales-y-de-parques-moviles\/llantas-recauchutados\/"},"modified":"2022-07-25T16:36:08","modified_gmt":"2022-07-25T21:36:08","slug":"llantas-recauchutados","status":"publish","type":"page","link":"https:\/\/stmtires.com\/es\/servicios-comerciales-y-de-parques-moviles\/llantas-recauchutados\/","title":{"rendered":"Llantas Recauchutados"},"content":{"rendered":"\n<div class=\"wp-block-group is-layout-flow wp-block-group-is-layout-flow\">    \n<div class=\"responsive-spacer md:pt-6 pt-4\"><\/div>\n\n<style>\n.wp-admin .responsive-spacer {\n    background-color:#efefef;\n}\n<\/style>\n\n\n<div class=\"wp-block-group is-layout-constrained wp-container-core-group-is-layout-39ce995c wp-block-group-is-layout-constrained\">\n<div class=\"wp-block-columns is-layout-flex wp-container-core-columns-is-layout-9d6595d7 wp-block-columns-is-layout-flex\">\n<div class=\"wp-block-column is-layout-flow wp-block-column-is-layout-flow\">\n<h1 class=\"has-secondary-color has-text-color has-header-2-lg-font-size wp-block-heading\" style=\"font-style:normal;font-weight:700\"><strong><strong>Llantas Recauchutados<\/strong><\/strong><\/h1>\n<\/div>\n<\/div>\n<\/div>\n\n\n    \n<div class=\"responsive-spacer md:pt-6 pt-4\"><\/div>\n\n<style>\n.wp-admin .responsive-spacer {\n    background-color:#efefef;\n}\n<\/style>\n\n\n<div class=\"wp-block-cover alignfull\"><span aria-hidden=\"true\" class=\"has-black-background-color has-background-dim-60 wp-block-cover__gradient-background has-background-dim\"><\/span><img loading=\"lazy\" decoding=\"async\" width=\"1920\" height=\"420\" class=\"wp-block-cover__image-background wp-image-64411\" alt=\"two mechanics retread tires opposite of each other\" src=\"https:\/\/stmtires.com\/wp-content\/uploads\/2022\/04\/southern-tire-mart-retreading-and-retreaded-tires-2.jpg\" style=\"object-position:71% 48%\" data-object-fit=\"cover\" data-object-position=\"71% 48%\" srcset=\"https:\/\/stmtires.com\/wp-content\/uploads\/2022\/04\/southern-tire-mart-retreading-and-retreaded-tires-2.jpg 1920w, https:\/\/stmtires.com\/wp-content\/uploads\/2022\/04\/southern-tire-mart-retreading-and-retreaded-tires-2-300x66.jpg 300w, https:\/\/stmtires.com\/wp-content\/uploads\/2022\/04\/southern-tire-mart-retreading-and-retreaded-tires-2-1024x224.jpg 1024w, https:\/\/stmtires.com\/wp-content\/uploads\/2022\/04\/southern-tire-mart-retreading-and-retreaded-tires-2-768x168.jpg 768w, https:\/\/stmtires.com\/wp-content\/uploads\/2022\/04\/southern-tire-mart-retreading-and-retreaded-tires-2-1536x336.jpg 1536w, https:\/\/stmtires.com\/wp-content\/uploads\/2022\/04\/southern-tire-mart-retreading-and-retreaded-tires-2-600x131.jpg 600w\" sizes=\"auto, (max-width: 1920px) 100vw, 1920px\" \/><div class=\"wp-block-cover__inner-container is-layout-flow wp-block-cover-is-layout-flow\">\n<div style=\"height:25px\" aria-hidden=\"true\" class=\"wp-block-spacer\"><\/div>\n\n\n\n<div style=\"height:25px\" aria-hidden=\"true\" class=\"wp-block-spacer\"><\/div>\n\n\n\n<div class=\"wp-block-group is-layout-constrained wp-container-core-group-is-layout-39ce995c wp-block-group-is-layout-constrained\">\n<div class=\"wp-block-columns is-layout-flex wp-container-core-columns-is-layout-9d6595d7 wp-block-columns-is-layout-flex\">\n<div class=\"wp-block-column is-layout-flow wp-block-column-is-layout-flow\">\n<p class=\"uppercase font-primary\"><strong>Seguros, Economicos y Confiables<\/strong><\/p>\n\n\n\n<hr class=\"wp-block-separator has-text-color has-background has-white-background-color has-white-color is-style-default\"\/>\n\n\n\n<h2 class=\"has-white-color has-text-color has-header-2-sm-font-size wp-block-heading\"><strong><strong><strong>Baja sus Costos con El Recauchutador N\u00famero Uno de Los EE. UU.<\/strong><\/strong><\/strong><\/h2>\n\n\n\n<p>Llantas pueden ser el costo m\u00e1s grande que viene con veh\u00edculos comerciales. Comprando llantas recauchutadas se puede ahorrar m\u00e1s que 30 a 50% comparado a llantas nuevas. Cuando compra de Southern Tire Mart, bajar\u00e1 sus gastos considerablemente mientras que equipando sus veh\u00edculos con llantas que son seguros y confiables.<\/p>\n\n\n    \n<div class=\"responsive-spacer md:pt-4 pt-3\"><\/div>\n\n<style>\n.wp-admin .responsive-spacer {\n    background-color:#efefef;\n}\n<\/style>\n\n\n<div class=\"wp-block-buttons is-horizontal is-content-justification-left is-layout-flex wp-container-core-buttons-is-layout-7e5fce0a wp-block-buttons-is-layout-flex\">\n<div class=\"wp-block-button has-wheel-icon\"><a class=\"wp-block-button__link has-cherry-to-crimson-horizontal-gradient-background has-background\" href=\"https:\/\/stmtires.com\/es\/contactarnos\/\" style=\"border-top-left-radius:0px;border-top-right-radius:100px;border-bottom-left-radius:0px;border-bottom-right-radius:100px\">Contactenos<\/a><\/div>\n<\/div>\n\n\n    \n<div class=\"responsive-spacer md:pt-8 pt-6\"><\/div>\n\n<style>\n.wp-admin .responsive-spacer {\n    background-color:#efefef;\n}\n<\/style><\/div>\n\n\n\n<div class=\"wp-block-column is-layout-flow wp-block-column-is-layout-flow\"><\/div>\n<\/div>\n<\/div>\n\n\n\n<div style=\"height:25px\" aria-hidden=\"true\" class=\"wp-block-spacer\"><\/div>\n<\/div><\/div>\n<\/div>\n\n\n\n<div class=\"wp-block-group alignwide is-layout-constrained wp-container-core-group-is-layout-39ce995c wp-block-group-is-layout-constrained\">    \n<div class=\"responsive-spacer md:pt-8 pt-6\"><\/div>\n\n<style>\n.wp-admin .responsive-spacer {\n    background-color:#efefef;\n}\n<\/style>\n\n\n<div class=\"wp-block-columns alignwide are-vertically-aligned-center is-layout-flex wp-container-core-columns-is-layout-9d6595d7 wp-block-columns-is-layout-flex\">\n<div class=\"wp-block-column is-layout-flow wp-block-column-is-layout-flow\">\n<div class=\"wp-block-image\"><figure class=\"alignleft size-large\"><img loading=\"lazy\" decoding=\"async\" width=\"1024\" height=\"407\" src=\"https:\/\/stmtires.com\/wp-content\/uploads\/2022\/04\/southern-tire-mart-extend-the-distance-your-money-and-tires-can-go-1024x407.jpg\" alt=\"trabajadores recauchutando neum\u00e1ticos para ayudar a su dinero y neum\u00e1ticos\" class=\"wp-image-64413\" srcset=\"https:\/\/stmtires.com\/wp-content\/uploads\/2022\/04\/southern-tire-mart-extend-the-distance-your-money-and-tires-can-go-1024x407.jpg 1024w, https:\/\/stmtires.com\/wp-content\/uploads\/2022\/04\/southern-tire-mart-extend-the-distance-your-money-and-tires-can-go-300x119.jpg 300w, https:\/\/stmtires.com\/wp-content\/uploads\/2022\/04\/southern-tire-mart-extend-the-distance-your-money-and-tires-can-go-768x306.jpg 768w, https:\/\/stmtires.com\/wp-content\/uploads\/2022\/04\/southern-tire-mart-extend-the-distance-your-money-and-tires-can-go-1536x611.jpg 1536w, https:\/\/stmtires.com\/wp-content\/uploads\/2022\/04\/southern-tire-mart-extend-the-distance-your-money-and-tires-can-go-600x239.jpg 600w, https:\/\/stmtires.com\/wp-content\/uploads\/2022\/04\/southern-tire-mart-extend-the-distance-your-money-and-tires-can-go.jpg 1920w\" sizes=\"auto, (max-width: 1024px) 100vw, 1024px\" \/><\/figure><\/div>\n<\/div>\n\n\n\n<div class=\"wp-block-column is-vertically-aligned-center is-layout-flow wp-block-column-is-layout-flow\">\n<h2 class=\"has-secondary-color has-text-color has-header-2-sm-font-size wp-block-heading\" style=\"font-style:normal;font-weight:700\"><strong><strong><strong><strong>Haga que Su Dinero y Llantas Alcancen M\u00e1s<\/strong><\/strong><\/strong><\/strong><\/h2>\n\n\n\n<p>Guardamos un gran inventario de llantas que han sido recauchutadas por m\u00e1quinas especializadas y procesos refinados. Lo que resultan, son llantas que son m\u00e1s seguros y eficaces que las llantas nuevas. Llantas recauchutadas se puede ahorrar a la industria de camiones profesionales m\u00e1s de 3 billones de d\u00f3lares por a\u00f1o. Si esto no es una raz\u00f3n de considerar llantas recauchutadas por su veh\u00edculo, no hay una!<\/p>\n\n\n\n<p class=\"has-x-large-font-size\"><strong>Usamos Llantas Recauchutados de Bandag<sup>\u00ae<\/sup><\/strong><\/p>\n\n\n\n<ul class=\"wp-block-list\"><li>El L\u00edder Global de Llantas Recauchutados<\/li><li>Rendimiento como Llantas Nuevas<\/li><li>Dibujos Especializadas comparables a cualquier llanta para cualquier terreno<\/li><\/ul>\n\n\n    \n<div class=\"responsive-spacer md:pt-4 pt-3\"><\/div>\n\n<style>\n.wp-admin .responsive-spacer {\n    background-color:#efefef;\n}\n<\/style>\n\n\n<div class=\"wp-block-buttons is-layout-flex wp-block-buttons-is-layout-flex\">\n<div class=\"wp-block-button has-wheel-icon\"><a class=\"wp-block-button__link has-cherry-to-crimson-horizontal-gradient-background has-background\" href=\"https:\/\/stmtires.com\/es\/servicios-comerciales-y-de-parques-moviles\/ingresa-de-cuentas-comerciales-y-de-parques-moviles\/\" style=\"border-top-left-radius:0px;border-top-right-radius:100px;border-bottom-left-radius:0px;border-bottom-right-radius:100px\">Haga una Cuenta Comercial<\/a><\/div>\n<\/div>\n<\/div>\n<\/div>\n\n\n    \n<div class=\"responsive-spacer md:pt-8 pt-6\"><\/div>\n\n<style>\n.wp-admin .responsive-spacer {\n    background-color:#efefef;\n}\n<\/style><\/div>\n\n\n\n<div class=\"wp-block-cover alignfull\"><span aria-hidden=\"true\" class=\"has-black-background-color has-background-dim-60 wp-block-cover__gradient-background has-background-dim\"><\/span><img loading=\"lazy\" decoding=\"async\" width=\"600\" height=\"335\" class=\"wp-block-cover__image-background wp-image-64407\" alt=\"Mechanic retreading tires\" src=\"https:\/\/stmtires.com\/wp-content\/uploads\/2022\/04\/southern-tire-mart-benefits-of-retread-tires.jpg\" data-object-fit=\"cover\" srcset=\"https:\/\/stmtires.com\/wp-content\/uploads\/2022\/04\/southern-tire-mart-benefits-of-retread-tires.jpg 600w, https:\/\/stmtires.com\/wp-content\/uploads\/2022\/04\/southern-tire-mart-benefits-of-retread-tires-300x168.jpg 300w\" sizes=\"auto, (max-width: 600px) 100vw, 600px\" \/><div class=\"wp-block-cover__inner-container is-layout-flow wp-block-cover-is-layout-flow\">\n<div class=\"wp-block-group is-layout-constrained wp-container-core-group-is-layout-39ce995c wp-block-group-is-layout-constrained\">\n<div class=\"wp-block-columns is-layout-flex wp-container-core-columns-is-layout-9d6595d7 wp-block-columns-is-layout-flex\">\n<div class=\"wp-block-column is-layout-flow wp-block-column-is-layout-flow\">    \n<div class=\"responsive-spacer md:pt-10 pt-8\"><\/div>\n\n<style>\n.wp-admin .responsive-spacer {\n    background-color:#efefef;\n}\n<\/style>\n\n\n<p class=\"font-primary has-regular-font-size\" style=\"text-transform:uppercase\"><strong>Ahorra Dinero y A\u00fan M\u00e1s<\/strong><\/p>\n\n\n\n<hr class=\"wp-block-separator has-text-color has-background has-white-background-color has-white-color is-style-default\"\/>\n\n\n\n<h3 class=\"has-white-color has-text-color has-header-3-lg-font-size wp-block-heading\"><strong><strong><strong><strong>Beneficios de Llantas Recauchutadas<\/strong><\/strong><\/strong><\/strong><\/h3>\n\n\n\n<div class=\"wp-block-columns is-layout-flex wp-container-core-columns-is-layout-9d6595d7 wp-block-columns-is-layout-flex\">\n<div class=\"wp-block-column is-layout-flow wp-block-column-is-layout-flow\">\n<ul class=\"has-white-color has-text-color wp-block-list\"><li>Costos Bajos<\/li><li>Mejor para el medioambiente. Llantas Recauchutadas no van al vertedero<\/li><li>Extender La Vida de su Llantas<\/li><\/ul>\n<\/div>\n<\/div>\n\n\n    \n<div class=\"responsive-spacer md:pt-4 pt-3\"><\/div>\n\n<style>\n.wp-admin .responsive-spacer {\n    background-color:#efefef;\n}\n<\/style>\n\n\n<div class=\"wp-block-buttons is-layout-flex wp-block-buttons-is-layout-flex\"><\/div>\n\n\n<div data-color=\"\" class=\"FindALocationDOMNode\">\n    \n<\/div>\n\n    \n<div class=\"responsive-spacer md:pt-10 pt-8\"><\/div>\n\n<style>\n.wp-admin .responsive-spacer {\n    background-color:#efefef;\n}\n<\/style><\/div>\n\n\n\n<div class=\"wp-block-column is-vertically-aligned-center is-layout-flow wp-block-column-is-layout-flow\"><\/div>\n<\/div>\n<\/div>\n<\/div><\/div>\n","protected":false},"excerpt":{"rendered":"<p>Llantas Recauchutados Haga que Su Dinero y Llantas Alcancen M\u00e1s Guardamos un gran inventario de llantas que han sido recauchutadas por m\u00e1quinas especializadas y procesos refinados. Lo que resultan, son llantas que son m\u00e1s seguros y eficaces que las llantas nuevas. Llantas recauchutadas se puede ahorrar a la industria de camiones profesionales m\u00e1s de 3 [&hellip;]<\/p>\n","protected":false},"author":2,"featured_media":0,"parent":64732,"menu_order":0,"comment_status":"closed","ping_status":"closed","template":"","meta":{"_acf_changed":false,"subheading":[],"footnotes":""},"class_list":["post-64734","page","type-page","status-publish","hentry"],"acf":[],"_links":{"self":[{"href":"https:\/\/stmtires.com\/es\/wp-json\/wp\/v2\/pages\/64734","targetHints":{"allow":["GET"]}}],"collection":[{"href":"https:\/\/stmtires.com\/es\/wp-json\/wp\/v2\/pages"}],"about":[{"href":"https:\/\/stmtires.com\/es\/wp-json\/wp\/v2\/types\/page"}],"author":[{"embeddable":true,"href":"https:\/\/stmtires.com\/es\/wp-json\/wp\/v2\/users\/2"}],"replies":[{"embeddable":true,"href":"https:\/\/stmtires.com\/es\/wp-json\/wp\/v2\/comments?post=64734"}],"version-history":[{"count":1,"href":"https:\/\/stmtires.com\/es\/wp-json\/wp\/v2\/pages\/64734\/revisions"}],"predecessor-version":[{"id":227926,"href":"https:\/\/stmtires.com\/es\/wp-json\/wp\/v2\/pages\/64734\/revisions\/227926"}],"up":[{"embeddable":true,"href":"https:\/\/stmtires.com\/es\/wp-json\/wp\/v2\/pages\/64732"}],"wp:attachment":[{"href":"https:\/\/stmtires.com\/es\/wp-json\/wp\/v2\/media?parent=64734"}],"curies":[{"name":"wp","href":"https:\/\/api.w.org\/{rel}","templated":true}]}}