{"id":64736,"date":"2022-04-25T22:44:27","date_gmt":"2022-04-26T03:44:27","guid":{"rendered":"https:\/\/website.dev.stmtires.com\/servicios-comerciales-y-de-parques-moviles\/asistencia-de-carretera-de-24-7\/"},"modified":"2022-10-14T09:15:00","modified_gmt":"2022-10-14T14:15:00","slug":"asistencia-de-carretera-de-24-7","status":"publish","type":"page","link":"https:\/\/stmtires.com\/es\/servicios-comerciales-y-de-parques-moviles\/asistencia-de-carretera-de-24-7\/","title":{"rendered":"Asistencia de Carretera de 24\/7"},"content":{"rendered":"\n<div class=\"wp-block-group is-layout-flow wp-block-group-is-layout-flow\">    \n<div class=\"responsive-spacer md:pt-6 pt-4\"><\/div>\n\n<style>\n.wp-admin .responsive-spacer {\n    background-color:#efefef;\n}\n<\/style>\n\n\n<div class=\"wp-block-group is-layout-constrained wp-container-core-group-is-layout-39ce995c wp-block-group-is-layout-constrained\">\n<div class=\"wp-block-columns is-layout-flex wp-container-core-columns-is-layout-9d6595d7 wp-block-columns-is-layout-flex\">\n<div class=\"wp-block-column is-layout-flow wp-block-column-is-layout-flow\">\n<h1 class=\"has-secondary-color has-text-color has-header-2-lg-font-size wp-block-heading\" style=\"font-style:normal;font-weight:700\"><strong><strong>Asistencia de Carretera de 24\/7<\/strong><\/strong><\/h1>\n<\/div>\n<\/div>\n<\/div>\n\n\n    \n<div class=\"responsive-spacer md:pt-6 pt-4\"><\/div>\n\n<style>\n.wp-admin .responsive-spacer {\n    background-color:#efefef;\n}\n<\/style>\n\n\n<div class=\"wp-block-cover alignfull\"><span aria-hidden=\"true\" class=\"wp-block-cover__background has-black-background-color has-background-dim-60 has-background-dim\"><\/span><img loading=\"lazy\" decoding=\"async\" width=\"1920\" height=\"420\" class=\"wp-block-cover__image-background wp-image-248716\" alt=\"\" src=\"https:\/\/stmtires.com\/wp-content\/uploads\/2022\/10\/southern-tire-mart-24_7-roadside-assistance-banner.jpg\" data-object-fit=\"cover\" srcset=\"https:\/\/stmtires.com\/wp-content\/uploads\/2022\/10\/southern-tire-mart-24_7-roadside-assistance-banner.jpg 1920w, https:\/\/stmtires.com\/wp-content\/uploads\/2022\/10\/southern-tire-mart-24_7-roadside-assistance-banner-300x66.jpg 300w, https:\/\/stmtires.com\/wp-content\/uploads\/2022\/10\/southern-tire-mart-24_7-roadside-assistance-banner-1024x224.jpg 1024w, https:\/\/stmtires.com\/wp-content\/uploads\/2022\/10\/southern-tire-mart-24_7-roadside-assistance-banner-768x168.jpg 768w, https:\/\/stmtires.com\/wp-content\/uploads\/2022\/10\/southern-tire-mart-24_7-roadside-assistance-banner-1536x336.jpg 1536w, https:\/\/stmtires.com\/wp-content\/uploads\/2022\/10\/southern-tire-mart-24_7-roadside-assistance-banner-600x131.jpg 600w\" sizes=\"auto, (max-width: 1920px) 100vw, 1920px\" \/><div class=\"wp-block-cover__inner-container is-layout-flow wp-block-cover-is-layout-flow\">\n<div style=\"height:25px\" aria-hidden=\"true\" class=\"wp-block-spacer\"><\/div>\n\n\n\n<div style=\"height:25px\" aria-hidden=\"true\" class=\"wp-block-spacer\"><\/div>\n\n\n\n<div class=\"wp-block-group is-layout-constrained wp-container-core-group-is-layout-39ce995c wp-block-group-is-layout-constrained\">\n<div class=\"wp-block-columns is-layout-flex wp-container-core-columns-is-layout-9d6595d7 wp-block-columns-is-layout-flex\">\n<div class=\"wp-block-column is-layout-flow wp-block-column-is-layout-flow\">\n<p class=\"uppercase font-primary\"><strong>Arreglos R\u00e1pidos y Confiables por la Carretera<\/strong><\/p>\n\n\n\n<hr class=\"wp-block-separator has-text-color has-white-color has-css-opacity has-white-background-color has-background is-style-default\"\/>\n\n\n\n<h2 class=\"has-white-color has-text-color has-header-2-sm-font-size wp-block-heading\"><strong><strong><strong><strong><strong>D\u00eda o Noche, Estamos Aqu\u00ed para Ayudar<\/strong><\/strong><\/strong><\/strong><\/strong><\/h2>\n\n\n\n<p>Sabemos que los conductores comerciales tienen que confiar en sus veh\u00edculos. Eso es porque tenemos asistencia de carretera disponible cada d\u00eda, todo el d\u00eda. Solo hay que llamarnos y mandaremos un cami\u00f3n equipado con todas las herramientas requeridas para cualquier cami\u00f3n comercial.<\/p>\n\n\n    \n<div class=\"responsive-spacer md:pt-4 pt-3\"><\/div>\n\n<style>\n.wp-admin .responsive-spacer {\n    background-color:#efefef;\n}\n<\/style>\n\n\n<div class=\"wp-block-buttons is-layout-flex wp-block-buttons-is-layout-flex\">\n<div class=\"wp-block-button has-wheel-icon\"><a class=\"wp-block-button__link has-cherry-to-crimson-horizontal-gradient-background has-background\" href=\"tel:+18777868473\" style=\"border-top-left-radius:0px;border-top-right-radius:100px;border-bottom-left-radius:0px;border-bottom-right-radius:100px\">Llame (877) 786-8473<\/a><\/div>\n<\/div>\n\n\n    \n<div class=\"responsive-spacer md:pt-8 pt-6\"><\/div>\n\n<style>\n.wp-admin .responsive-spacer {\n    background-color:#efefef;\n}\n<\/style><\/div>\n\n\n\n<div class=\"wp-block-column is-vertically-aligned-center is-layout-flow wp-block-column-is-layout-flow\"><\/div>\n<\/div>\n<\/div>\n\n\n\n<div style=\"height:25px\" aria-hidden=\"true\" class=\"wp-block-spacer\"><\/div>\n<\/div><\/div>\n<\/div>\n\n\n\n<div class=\"wp-block-group alignwide is-layout-constrained wp-container-core-group-is-layout-39ce995c wp-block-group-is-layout-constrained\">    \n<div class=\"responsive-spacer md:pt-8 pt-6\"><\/div>\n\n<style>\n.wp-admin .responsive-spacer {\n    background-color:#efefef;\n}\n<\/style>\n\n\n<div class=\"wp-block-columns alignwide are-vertically-aligned-center is-layout-flex wp-container-core-columns-is-layout-9d6595d7 wp-block-columns-is-layout-flex\">\n<div class=\"wp-block-column is-layout-flow wp-block-column-is-layout-flow\">\n<figure class=\"wp-block-image alignleft size-full\"><img loading=\"lazy\" decoding=\"async\" width=\"600\" height=\"335\" src=\"https:\/\/stmtires.com\/wp-content\/uploads\/2022\/04\/southern-tire-mart-day-or-night-were-here-to-help.jpg\" alt=\"Asociados que trabajan en sus computadoras\" class=\"wp-image-64423\" srcset=\"https:\/\/stmtires.com\/wp-content\/uploads\/2022\/04\/southern-tire-mart-day-or-night-were-here-to-help.jpg 600w, https:\/\/stmtires.com\/wp-content\/uploads\/2022\/04\/southern-tire-mart-day-or-night-were-here-to-help-300x168.jpg 300w\" sizes=\"auto, (max-width: 600px) 100vw, 600px\" \/><\/figure>\n<\/div>\n\n\n\n<div class=\"wp-block-column is-vertically-aligned-center is-layout-flow wp-block-column-is-layout-flow\">\n<h2 class=\"has-secondary-color has-text-color has-header-2-sm-font-size wp-block-heading\" style=\"font-style:normal;font-weight:700\"><strong><strong><strong><strong><strong>Le Haremos Que Siga Viajando Rapidamente<\/strong><\/strong><\/strong><\/strong><\/strong><\/h2>\n\n\n\n<p>La meta principal de nuestro programa de asistencia de carretera es ayudarle a recuperar tiempo para trabajo y viaje. Cualquier tiempo que llegue a encontrar problemas, no espere a contactarnos por arreglos r\u00e1pidos y profesionales Y si no est\u00e1 seguro que el problema es, diganos cuales son los s\u00edntomas, y le ayudaremos a decidir si el servicio es para usted<\/p>\n\n\n\n<p class=\"has-regular-font-size\">\u00bfNo tiene una cuenta?<\/p>\n\n\n    \n<div class=\"responsive-spacer md:pt-4 pt-3\"><\/div>\n\n<style>\n.wp-admin .responsive-spacer {\n    background-color:#efefef;\n}\n<\/style>\n\n\n<div class=\"wp-block-buttons is-layout-flex wp-block-buttons-is-layout-flex\">\n<div class=\"wp-block-button has-wheel-icon\"><a class=\"wp-block-button__link has-cherry-to-crimson-horizontal-gradient-background has-background\" href=\"https:\/\/stmtires.com\/es\/servicios-comerciales-y-de-parques-moviles\/ingresa-de-cuentas-comerciales-y-de-parques-moviles\/\" style=\"border-top-left-radius:0px;border-top-right-radius:100px;border-bottom-left-radius:0px;border-bottom-right-radius:100px\">Inscribase Ahora<\/a><\/div>\n<\/div>\n<\/div>\n<\/div>\n\n\n    \n<div class=\"responsive-spacer md:pt-8 pt-6\"><\/div>\n\n<style>\n.wp-admin .responsive-spacer {\n    background-color:#efefef;\n}\n<\/style><\/div>\n\n\n\n<div class=\"wp-block-cover alignfull is-light\"><span aria-hidden=\"true\" class=\"wp-block-cover__background has-background-dim-60 has-background-dim\"><\/span><img loading=\"lazy\" decoding=\"async\" width=\"1920\" height=\"764\" class=\"wp-block-cover__image-background wp-image-248719\" alt=\"\" src=\"https:\/\/stmtires.com\/wp-content\/uploads\/2022\/10\/southern-tire-mart-well-get-you-back-on-the-road-quickly.jpg\" data-object-fit=\"cover\" srcset=\"https:\/\/stmtires.com\/wp-content\/uploads\/2022\/10\/southern-tire-mart-well-get-you-back-on-the-road-quickly.jpg 1920w, https:\/\/stmtires.com\/wp-content\/uploads\/2022\/10\/southern-tire-mart-well-get-you-back-on-the-road-quickly-300x119.jpg 300w, https:\/\/stmtires.com\/wp-content\/uploads\/2022\/10\/southern-tire-mart-well-get-you-back-on-the-road-quickly-1024x407.jpg 1024w, https:\/\/stmtires.com\/wp-content\/uploads\/2022\/10\/southern-tire-mart-well-get-you-back-on-the-road-quickly-768x306.jpg 768w, https:\/\/stmtires.com\/wp-content\/uploads\/2022\/10\/southern-tire-mart-well-get-you-back-on-the-road-quickly-1536x611.jpg 1536w, https:\/\/stmtires.com\/wp-content\/uploads\/2022\/10\/southern-tire-mart-well-get-you-back-on-the-road-quickly-600x239.jpg 600w\" sizes=\"auto, (max-width: 1920px) 100vw, 1920px\" \/><div class=\"wp-block-cover__inner-container is-layout-flow wp-block-cover-is-layout-flow\">\n<div class=\"wp-block-group is-layout-constrained wp-container-core-group-is-layout-39ce995c wp-block-group-is-layout-constrained\">\n<div class=\"wp-block-columns is-layout-flex wp-container-core-columns-is-layout-9d6595d7 wp-block-columns-is-layout-flex\">\n<div class=\"wp-block-column is-layout-flow wp-block-column-is-layout-flow\">    \n<div class=\"responsive-spacer md:pt-10 pt-8\"><\/div>\n\n<style>\n.wp-admin .responsive-spacer {\n    background-color:#efefef;\n}\n<\/style>\n\n\n<h6 class=\"has-white-color has-text-color has-regular-font-size wp-block-heading\" style=\"text-transform:uppercase\"><strong>Una Selecci\u00f3n Grande de Servicios de Carretera<\/strong><\/h6>\n\n\n\n<hr class=\"wp-block-separator has-text-color has-white-color has-css-opacity has-white-background-color has-background is-style-default\"\/>\n\n\n\n<h3 class=\"has-white-color has-text-color has-header-3-lg-font-size wp-block-heading\"><strong><strong><strong><strong><strong>Nuestro Servicios de Asistencia de Carretera de 24 Horas<\/strong><\/strong><\/strong><\/strong><\/strong><\/h3>\n\n\n\n<div class=\"wp-block-columns is-layout-flex wp-container-core-columns-is-layout-9d6595d7 wp-block-columns-is-layout-flex\">\n<div class=\"wp-block-column is-layout-flow wp-block-column-is-layout-flow\">\n<ul class=\"has-white-color has-text-color wp-block-list\"><li>Arreglos de Freno<\/li><li>Alineaci\u00f3n de Rueda<\/li><li>Arreglos de Alternador<\/li><li>Recargas de Bater\u00eda<\/li><li>Arreglos de Llantas Desinfladas<\/li><li>Entregas de Combustibles<\/li><li>Servicos de Abrir<\/li><li>Y Otros Arreglos Sencillos<\/li><\/ul>\n<\/div>\n<\/div>\n\n\n    \n<div class=\"responsive-spacer md:pt-4 pt-3\"><\/div>\n\n<style>\n.wp-admin .responsive-spacer {\n    background-color:#efefef;\n}\n<\/style>\n\n\n<div class=\"wp-block-buttons is-layout-flex wp-block-buttons-is-layout-flex\">\n<div class=\"wp-block-button has-wheel-icon\"><a class=\"wp-block-button__link has-cherry-to-crimson-horizontal-gradient-background has-background\" href=\"https:\/\/stmtires.com\/es\/servicios-comerciales-y-de-parques-moviles\/ingresa-de-cuentas-comerciales-y-de-parques-moviles\/\" style=\"border-top-left-radius:0px;border-top-right-radius:100px;border-bottom-left-radius:0px;border-bottom-right-radius:100px\">Empiece una Cuenta<\/a><\/div>\n<\/div>\n\n\n    \n<div class=\"responsive-spacer md:pt-10 pt-8\"><\/div>\n\n<style>\n.wp-admin .responsive-spacer {\n    background-color:#efefef;\n}\n<\/style><\/div>\n\n\n\n<div class=\"wp-block-column is-vertically-aligned-center is-layout-flow wp-block-column-is-layout-flow\"><\/div>\n<\/div>\n<\/div>\n<\/div><\/div>\n","protected":false},"excerpt":{"rendered":"<p>Asistencia de Carretera de 24\/7 Le Haremos Que Siga Viajando Rapidamente La meta principal de nuestro programa de asistencia de carretera es ayudarle a recuperar tiempo para trabajo y viaje. Cualquier tiempo que llegue a encontrar problemas, no espere a contactarnos por arreglos r\u00e1pidos y profesionales Y si no est\u00e1 seguro que el problema es, [&hellip;]<\/p>\n","protected":false},"author":2,"featured_media":0,"parent":64732,"menu_order":0,"comment_status":"closed","ping_status":"closed","template":"","meta":{"_acf_changed":false,"subheading":[],"footnotes":""},"class_list":["post-64736","page","type-page","status-publish","hentry"],"acf":[],"_links":{"self":[{"href":"https:\/\/stmtires.com\/es\/wp-json\/wp\/v2\/pages\/64736","targetHints":{"allow":["GET"]}}],"collection":[{"href":"https:\/\/stmtires.com\/es\/wp-json\/wp\/v2\/pages"}],"about":[{"href":"https:\/\/stmtires.com\/es\/wp-json\/wp\/v2\/types\/page"}],"author":[{"embeddable":true,"href":"https:\/\/stmtires.com\/es\/wp-json\/wp\/v2\/users\/2"}],"replies":[{"embeddable":true,"href":"https:\/\/stmtires.com\/es\/wp-json\/wp\/v2\/comments?post=64736"}],"version-history":[{"count":1,"href":"https:\/\/stmtires.com\/es\/wp-json\/wp\/v2\/pages\/64736\/revisions"}],"predecessor-version":[{"id":248721,"href":"https:\/\/stmtires.com\/es\/wp-json\/wp\/v2\/pages\/64736\/revisions\/248721"}],"up":[{"embeddable":true,"href":"https:\/\/stmtires.com\/es\/wp-json\/wp\/v2\/pages\/64732"}],"wp:attachment":[{"href":"https:\/\/stmtires.com\/es\/wp-json\/wp\/v2\/media?parent=64736"}],"curies":[{"name":"wp","href":"https:\/\/api.w.org\/{rel}","templated":true}]}}