{"id":64740,"date":"2022-04-22T10:16:41","date_gmt":"2022-04-22T15:16:41","guid":{"rendered":"https:\/\/website.dev.stmtires.com\/southern-tire-mart-junto-con-talleres-de-camiones-de-pilot-flying-j\/"},"modified":"2024-11-14T19:25:16","modified_gmt":"2024-11-15T01:25:16","slug":"southern-tire-mart-junto-con-talleres-de-camiones-de-pilot","status":"publish","type":"page","link":"https:\/\/stmtires.com\/es\/southern-tire-mart-junto-con-talleres-de-camiones-de-pilot\/","title":{"rendered":"Southern Tire Mart junto con Talleres de Camiones de Pilot"},"content":{"rendered":"\n\n<div id=\"block_5f66acc1142a790f399ff056d10ff7ca\" class=\"banner group flex flex-wrap items-stretch\">\n        <div class=\"w-full lg:w-2\/3 xl:w-7\/12 order-6 px-4 md:px-12 xl:px-24 py-12 lg:py-24\" style=\"background-color: #b41010;\">\n        \n\n<div class=\"wp-block-columns is-layout-flex wp-container-core-columns-is-layout-9d6595d7 wp-block-columns-is-layout-flex\">\n<div class=\"wp-block-column is-layout-flow wp-block-column-is-layout-flow\">\n<h1 class=\"wp-block-heading has-white-color has-text-color has-header-1-lg-font-size\"><strong><strong><strong>Southern Tire Mart Junto con Talleres de Camiones de Pilot<\/strong><\/strong><\/strong><\/h1>\n<\/div>\n<\/div>\n\n\n    <\/div>\n\n        <div class=\"relative w-full lg:w-1\/3 xl:w-5\/12 order-1 lg:order-12 bg-center bg-no-repeat bg-cover min-h-48\" style=\"background-image: url('https:\/\/stmtires.com\/wp-content\/uploads\/2022\/09\/southern-tire-mart-at-pilot-flying-j-truck-care-centers-1024x572.jpg');\">\n                <div style=\"background-color: #880101;\" class=\"rounded-full shadow  transition-shadow duration-200 absolute w-24 xl:w-32 h-24 xl:h-32 left-1\/2 lg:left-0 md:-translate-x-1\/2 top-full lg:top-1\/2 -translate-x-1\/2 transform -translate-y-1\/2 flex items-center justify-center\">\n            <img loading=\"lazy\" decoding=\"async\" width=\"68\" height=\"46\" src=\"https:\/\/stmtires.com\/wp-content\/uploads\/2022\/10\/commercial-and-fleet-icon.svg\" class=\"w-1\/2 h-1\/2\" alt=\"\" \/>\n        <\/div>\n    <\/div>\n\n<\/div>\n\n\n<div class=\"wp-block-group alignwide is-layout-constrained wp-container-core-group-is-layout-39ce995c wp-block-group-is-layout-constrained\">    \n<div class=\"responsive-spacer md:pt-8 pt-6\"><\/div>\n\n<style>\n.wp-admin .responsive-spacer {\n    background-color:#efefef;\n}\n<\/style>\n\n\n<div class=\"wp-block-columns alignwide are-vertically-aligned-center is-layout-flex wp-container-core-columns-is-layout-9d6595d7 wp-block-columns-is-layout-flex\">\n<div class=\"wp-block-column is-layout-flow wp-block-column-is-layout-flow\">\n<figure class=\"wp-block-image alignleft size-full\"><img loading=\"lazy\" decoding=\"async\" width=\"1000\" height=\"1000\" src=\"https:\/\/stmtires.com\/wp-content\/uploads\/2022\/10\/southern-tire-mart-tire-care-preventative-maintenance-and-24_7-roadside-assistance_.jpg\" alt=\"\" class=\"wp-image-248733\" srcset=\"https:\/\/stmtires.com\/wp-content\/uploads\/2022\/10\/southern-tire-mart-tire-care-preventative-maintenance-and-24_7-roadside-assistance_.jpg 1000w, https:\/\/stmtires.com\/wp-content\/uploads\/2022\/10\/southern-tire-mart-tire-care-preventative-maintenance-and-24_7-roadside-assistance_-300x300.jpg 300w, https:\/\/stmtires.com\/wp-content\/uploads\/2022\/10\/southern-tire-mart-tire-care-preventative-maintenance-and-24_7-roadside-assistance_-150x150.jpg 150w, https:\/\/stmtires.com\/wp-content\/uploads\/2022\/10\/southern-tire-mart-tire-care-preventative-maintenance-and-24_7-roadside-assistance_-768x768.jpg 768w, https:\/\/stmtires.com\/wp-content\/uploads\/2022\/10\/southern-tire-mart-tire-care-preventative-maintenance-and-24_7-roadside-assistance_-600x600.jpg 600w, https:\/\/stmtires.com\/wp-content\/uploads\/2022\/10\/southern-tire-mart-tire-care-preventative-maintenance-and-24_7-roadside-assistance_-100x100.jpg 100w\" sizes=\"auto, (max-width: 1000px) 100vw, 1000px\" \/><\/figure>\n<\/div>\n\n\n\n<div class=\"wp-block-column is-vertically-aligned-center is-layout-flow wp-block-column-is-layout-flow\">\n<figure class=\"wp-block-image size-large is-resized\"><img loading=\"lazy\" decoding=\"async\" width=\"1024\" height=\"262\" src=\"https:\/\/stmtires.com\/wp-content\/uploads\/2022\/05\/southern-tire-mart-at-pilot-flying-j-1024x262.png\" alt=\"Southern Tire Mart at Pilot Flying J\" class=\"wp-image-160038\" style=\"width:242px;height:59px\" srcset=\"https:\/\/stmtires.com\/wp-content\/uploads\/2022\/05\/southern-tire-mart-at-pilot-flying-j-1024x262.png 1024w, https:\/\/stmtires.com\/wp-content\/uploads\/2022\/05\/southern-tire-mart-at-pilot-flying-j-300x77.png 300w, https:\/\/stmtires.com\/wp-content\/uploads\/2022\/05\/southern-tire-mart-at-pilot-flying-j-768x197.png 768w, https:\/\/stmtires.com\/wp-content\/uploads\/2022\/05\/southern-tire-mart-at-pilot-flying-j-600x154.png 600w, https:\/\/stmtires.com\/wp-content\/uploads\/2022\/05\/southern-tire-mart-at-pilot-flying-j.png 1269w\" sizes=\"auto, (max-width: 1024px) 100vw, 1024px\" \/><\/figure>\n\n\n\n<div style=\"height:24px\" aria-hidden=\"true\" class=\"wp-block-spacer\"><\/div>\n\n\n\n<h6 class=\"wp-block-heading has-black-color has-text-color has-regular-font-size\" style=\"text-transform:uppercase\"><strong>El Servicio que Necesita y Lo Que Le Merece<\/strong><\/h6>\n\n\n\n<hr class=\"wp-block-separator has-text-color has-secondary-color has-css-opacity has-secondary-background-color has-background is-style-default\"\/>\n\n\n\n<h2 class=\"wp-block-heading has-secondary-color has-text-color has-header-2-sm-font-size\" style=\"font-style:normal;font-weight:700\"><strong><strong>Servicios de Llantas, Mantenimiento Preventivo y Asistencia de Carretera de 24 Horas<\/strong><\/strong><\/h2>\n\n\n\n<p>Southern Tire Mart junto con Talleres de Camiones de Pilot Flying J son dedicados a la habilidad de los conductores comerciales a quedar listos para la carretera. En cada locaci\u00f3n puede obtener servicios de camiones comerciales comunes incluyendo mantenimiento preventivo y asistencia de carretera de 24 horas.<\/p>\n\n\n\n<p>Llame a <a href=\"tel:1-833-260-7867\">1-833-260-7867<\/a> para hacer una cita de servicio o recibir asistencia de carretera<\/p>\n\n\n    \n<div class=\"responsive-spacer md:pt-4 pt-3\"><\/div>\n\n<style>\n.wp-admin .responsive-spacer {\n    background-color:#efefef;\n}\n<\/style>\n\n\n<div class=\"wp-block-buttons is-horizontal is-content-justification-left is-layout-flex wp-container-core-buttons-is-layout-92fc3979 wp-block-buttons-is-layout-flex\">\n<div class=\"wp-block-button has-wheel-icon\"><a class=\"wp-block-button__link has-cherry-to-crimson-horizontal-gradient-background has-background wp-element-button\" href=\"https:\/\/stmtires.com\/es\/servicios-comerciales-y-de-parques-moviles\/marcas-de-llantas-comerciales-en-oferta\/\" style=\"border-top-left-radius:0px;border-top-right-radius:100px;border-bottom-left-radius:0px;border-bottom-right-radius:100px\">Marcas de Llantas en Oferta<\/a><\/div>\n\n\n\n<div class=\"wp-block-button has-wheel-icon\"><a class=\"wp-block-button__link has-cherry-to-crimson-horizontal-gradient-background has-background wp-element-button\" href=\"https:\/\/www.cfna.com\/southerntiremart-credit-card?locationid=920611\" style=\"border-top-left-radius:0px;border-top-right-radius:100px;border-bottom-left-radius:0px;border-bottom-right-radius:100px\" target=\"_blank\" rel=\"noreferrer noopener\">Financiaci\u00f3n<\/a><\/div>\n<\/div>\n\n\n    \n<div class=\"responsive-spacer md:pt-4 pt-3\"><\/div>\n\n<style>\n.wp-admin .responsive-spacer {\n    background-color:#efefef;\n}\n<\/style><\/div>\n<\/div>\n<\/div>\n\n\n\n<div class=\"wp-block-cover alignfull is-light\"><span aria-hidden=\"true\" class=\"wp-block-cover__background has-background-dim\"><\/span><img loading=\"lazy\" decoding=\"async\" width=\"600\" height=\"335\" class=\"wp-block-cover__image-background wp-image-248736\" alt=\"\" src=\"https:\/\/stmtires.com\/wp-content\/uploads\/2022\/10\/southern-tire-mart-services-and-repairs.jpg\" style=\"object-position:47% 0%\" data-object-fit=\"cover\" data-object-position=\"47% 0%\" srcset=\"https:\/\/stmtires.com\/wp-content\/uploads\/2022\/10\/southern-tire-mart-services-and-repairs.jpg 600w, https:\/\/stmtires.com\/wp-content\/uploads\/2022\/10\/southern-tire-mart-services-and-repairs-300x168.jpg 300w\" sizes=\"auto, (max-width: 600px) 100vw, 600px\" \/><div class=\"wp-block-cover__inner-container is-layout-flow wp-block-cover-is-layout-flow\">\n<div class=\"wp-block-group is-layout-constrained wp-container-core-group-is-layout-39ce995c wp-block-group-is-layout-constrained\">    \n<div class=\"responsive-spacer md:pt-4 pt-3\"><\/div>\n\n<style>\n.wp-admin .responsive-spacer {\n    background-color:#efefef;\n}\n<\/style>\n\n    \n<div class=\"responsive-spacer md:pt-8 pt-6\"><\/div>\n\n<style>\n.wp-admin .responsive-spacer {\n    background-color:#efefef;\n}\n<\/style>\n\n\n<div class=\"wp-block-columns is-layout-flex wp-container-core-columns-is-layout-9d6595d7 wp-block-columns-is-layout-flex\">\n<div class=\"wp-block-column is-vertically-aligned-center is-layout-flow wp-block-column-is-layout-flow\">\n<h2 class=\"wp-block-heading has-white-color has-text-color has-header-2-sm-font-size\"><strong><strong>Servicios y Arreglos<\/strong><\/strong><\/h2>\n\n\n\n<ul class=\"has-white-color has-text-color wp-block-list\">\n<li>V\u00e1lvulas de Aire y Reguladores de Aire<\/li>\n\n\n\n<li>Alineaciones*<\/li>\n\n\n\n<li>Alternadores y Motores de Arranque<\/li>\n\n\n\n<li>Correas y Tensores<\/li>\n\n\n\n<li>Frenos, Tambores, C\u00e1maras de Freno-Completos y Piggyback<\/li>\n\n\n\n<li>Inspecciones de DOT y Landstar*<\/li>\n\n\n\n<li>Mantenimiento preventivo<\/li>\n\n\n\n<li>Diagn\u00f3sticos Profesionales de Veh\u00edculo<\/li>\n\n\n\n<li>Arreglos y Servicio de Sistemas Electricas<\/li>\n\n\n\n<li>Servicio y Venta de Llantas<\/li>\n\n\n\n<li>Limpiezas de Tr\u00e1ileres<\/li>\n\n\n\n<li>Los Kites de Ruedas<\/li>\n\n\n\n<li>Y Mucho M\u00e1s<\/li>\n<\/ul>\n\n\n\n<div style=\"height:32px\" aria-hidden=\"true\" class=\"wp-block-spacer\"><\/div>\n\n\n\n<p class=\"has-white-color has-text-color has-small-font-size\">*Disponible en ubicaciones selectas.<\/p>\n\n\n    \n<div class=\"responsive-spacer md:pt-4 pt-3\"><\/div>\n\n<style>\n.wp-admin .responsive-spacer {\n    background-color:#efefef;\n}\n<\/style>\n\n\n<div class=\"wp-block-buttons is-content-justification-left is-layout-flex wp-container-core-buttons-is-layout-fdcfc74e wp-block-buttons-is-layout-flex\">\n<div class=\"wp-block-button has-wheel-icon\"><a class=\"wp-block-button__link has-cherry-to-crimson-horizontal-gradient-background has-background wp-element-button\" href=\"https:\/\/stmtires.com\/es\/servicios-comerciales-y-de-parques-moviles\/arreglos-y-mantenimiento-para-vehiculos-comerciales\/\" style=\"border-top-left-radius:0px;border-top-right-radius:100px;border-bottom-left-radius:0px;border-bottom-right-radius:100px\">Busque Servicios de Llantas<\/a><\/div>\n<\/div>\n<\/div>\n\n\n\n<div class=\"wp-block-column is-vertically-aligned-center is-layout-flow wp-block-column-is-layout-flow\"><\/div>\n<\/div>\n\n\n    \n<div class=\"responsive-spacer md:pt-8 pt-6\"><\/div>\n\n<style>\n.wp-admin .responsive-spacer {\n    background-color:#efefef;\n}\n<\/style><\/div>\n<\/div><\/div>\n\n\n\n<div class=\"wp-block-group alignwide is-layout-constrained wp-container-core-group-is-layout-39ce995c wp-block-group-is-layout-constrained\">\n<div class=\"wp-block-columns alignwide are-vertically-aligned-center is-layout-flex wp-container-core-columns-is-layout-9d6595d7 wp-block-columns-is-layout-flex\">\n<div class=\"wp-block-column is-vertically-aligned-center is-layout-flow wp-block-column-is-layout-flow\">    \n<div class=\"responsive-spacer md:pt-4 pt-3\"><\/div>\n\n<style>\n.wp-admin .responsive-spacer {\n    background-color:#efefef;\n}\n<\/style>\n\n\n<h2 class=\"wp-block-heading has-secondary-color has-text-color has-header-2-sm-font-size\"><strong><strong><strong>Servicios de Asistencia de Carretera<\/strong><\/strong><\/strong><\/h2>\n\n\n\n<p>Nos complace ofrecer asistencia en carretera las 24 horas junto con nuestras ubicaciones de Pilot. Al contactarnos, el objetivo es que viaje en poco tiempo. Adem\u00e1s, nuestros representantes revisan su solicitud cada 15 a 30 minutos y se aseguran de que sea notificado.<\/p>\n\n\n\n<p>Para servirle con eficiencia, hacemos perfiles de clientes que incluyen informaci\u00f3n de compa\u00f1\u00eda, preferencias, y otros detalles importantes que nos ayudar\u00e1n a proveer una experiencia perfecta. Reportes detallados de sus llamadas est\u00e1n disponibles al pedirlos.<\/p>\n\n\n    \n<div class=\"responsive-spacer md:pt-4 pt-3\"><\/div>\n\n<style>\n.wp-admin .responsive-spacer {\n    background-color:#efefef;\n}\n<\/style>\n\n\n<div class=\"wp-block-buttons is-horizontal is-content-justification-left is-layout-flex wp-container-core-buttons-is-layout-92fc3979 wp-block-buttons-is-layout-flex\">\n<div class=\"wp-block-button has-wheel-icon\"><a class=\"wp-block-button__link has-cherry-to-crimson-horizontal-gradient-background has-background wp-element-button\" href=\"https:\/\/stmtires.com\/es\/servicios-comerciales-y-de-parques-moviles\/ingresa-de-cuentas-comerciales-y-de-parques-moviles\/\" style=\"border-top-left-radius:0px;border-top-right-radius:100px;border-bottom-left-radius:0px;border-bottom-right-radius:100px\">Haga Una Cuenta<\/a><\/div>\n<\/div>\n\n\n    \n<div class=\"responsive-spacer md:pt-4 pt-3\"><\/div>\n\n<style>\n.wp-admin .responsive-spacer {\n    background-color:#efefef;\n}\n<\/style><\/div>\n\n\n\n<div class=\"wp-block-column is-layout-flow wp-block-column-is-layout-flow\">\n<figure class=\"wp-block-image aligncenter size-large\"><img loading=\"lazy\" decoding=\"async\" width=\"1024\" height=\"576\" src=\"https:\/\/stmtires.com\/wp-content\/uploads\/2022\/04\/southern-tire-mart-roadside-assistance-services-1024x576.jpg\" alt=\"Camioneta 24\/7 frente a monta\u00f1a\" class=\"wp-image-64435\" srcset=\"https:\/\/stmtires.com\/wp-content\/uploads\/2022\/04\/southern-tire-mart-roadside-assistance-services-1024x576.jpg 1024w, https:\/\/stmtires.com\/wp-content\/uploads\/2022\/04\/southern-tire-mart-roadside-assistance-services-300x169.jpg 300w, https:\/\/stmtires.com\/wp-content\/uploads\/2022\/04\/southern-tire-mart-roadside-assistance-services-768x432.jpg 768w, https:\/\/stmtires.com\/wp-content\/uploads\/2022\/04\/southern-tire-mart-roadside-assistance-services-1536x864.jpg 1536w, https:\/\/stmtires.com\/wp-content\/uploads\/2022\/04\/southern-tire-mart-roadside-assistance-services-600x338.jpg 600w, https:\/\/stmtires.com\/wp-content\/uploads\/2022\/04\/southern-tire-mart-roadside-assistance-services.jpg 1920w\" sizes=\"auto, (max-width: 1024px) 100vw, 1024px\" \/><\/figure>\n<\/div>\n<\/div>\n<\/div>\n\n\n    \n<div class=\"responsive-spacer md:pt-16 pt-12\"><\/div>\n\n<style>\n.wp-admin .responsive-spacer {\n    background-color:#efefef;\n}\n<\/style>","protected":false},"excerpt":{"rendered":"<p>El Servicio que Necesita y Lo Que Le Merece Servicios de Llantas, Mantenimiento Preventivo y Asistencia de Carretera de 24 Horas Southern Tire Mart junto con Talleres de Camiones de Pilot Flying J son dedicados a la habilidad de los conductores comerciales a quedar listos para la carretera. En cada locaci\u00f3n puede obtener servicios de [&hellip;]<\/p>\n","protected":false},"author":2,"featured_media":0,"parent":0,"menu_order":0,"comment_status":"closed","ping_status":"closed","template":"","meta":{"_acf_changed":false,"subheading":[],"footnotes":""},"class_list":["post-64740","page","type-page","status-publish","hentry"],"acf":[],"_links":{"self":[{"href":"https:\/\/stmtires.com\/es\/wp-json\/wp\/v2\/pages\/64740","targetHints":{"allow":["GET"]}}],"collection":[{"href":"https:\/\/stmtires.com\/es\/wp-json\/wp\/v2\/pages"}],"about":[{"href":"https:\/\/stmtires.com\/es\/wp-json\/wp\/v2\/types\/page"}],"author":[{"embeddable":true,"href":"https:\/\/stmtires.com\/es\/wp-json\/wp\/v2\/users\/2"}],"replies":[{"embeddable":true,"href":"https:\/\/stmtires.com\/es\/wp-json\/wp\/v2\/comments?post=64740"}],"version-history":[{"count":9,"href":"https:\/\/stmtires.com\/es\/wp-json\/wp\/v2\/pages\/64740\/revisions"}],"predecessor-version":[{"id":349391,"href":"https:\/\/stmtires.com\/es\/wp-json\/wp\/v2\/pages\/64740\/revisions\/349391"}],"wp:attachment":[{"href":"https:\/\/stmtires.com\/es\/wp-json\/wp\/v2\/media?parent=64740"}],"curies":[{"name":"wp","href":"https:\/\/api.w.org\/{rel}","templated":true}]}}