{"id":64958,"date":"2022-04-26T09:32:52","date_gmt":"2022-04-26T14:32:52","guid":{"rendered":"https:\/\/website.dev.stmtires.com\/preguntas-frecuentes-de-llantas-y-vehiculos\/"},"modified":"2022-05-05T21:38:10","modified_gmt":"2022-05-06T02:38:10","slug":"preguntas-frecuentes-de-llantas-y-vehiculos","status":"publish","type":"page","link":"https:\/\/stmtires.com\/es\/preguntas-frecuentes-de-llantas-y-vehiculos\/","title":{"rendered":"Preguntas Frecuentes de Llantas y Veh\u00edculos"},"content":{"rendered":"\n<div class=\"wp-block-group is-layout-constrained wp-container-core-group-is-layout-39ce995c wp-block-group-is-layout-constrained\">\n<div class=\"wp-block-columns is-layout-flex wp-container-core-columns-is-layout-9d6595d7 wp-block-columns-is-layout-flex\">\n<div class=\"wp-block-column is-layout-flow wp-block-column-is-layout-flow\">    \n<div class=\"responsive-spacer md:pt-6 pt-4\"><\/div>\n\n<style>\n.wp-admin .responsive-spacer {\n    background-color:#efefef;\n}\n<\/style>\n\n\n<h1 class=\"has-primary-color has-text-color has-header-2-lg-font-size wp-block-heading\"><strong><strong>Preguntas Frecuentes<\/strong><\/strong><\/h1>\n\n\n    \n<div class=\"responsive-spacer md:pt-6 pt-4\"><\/div>\n\n<style>\n.wp-admin .responsive-spacer {\n    background-color:#efefef;\n}\n<\/style><\/div>\n<\/div>\n<\/div>\n\n\n\n<div class=\"wp-block-cover alignfull is-light\"><span aria-hidden=\"true\" class=\"wp-block-cover__gradient-background has-background-dim\"><\/span><img loading=\"lazy\" decoding=\"async\" width=\"1920\" height=\"420\" class=\"wp-block-cover__image-background wp-image-64446\" alt=\"Two associates point\" src=\"https:\/\/stmtires.com\/wp-content\/uploads\/2022\/04\/southern-tire-mart-frequently-asked-questions-hub-banner.jpg\" style=\"object-position:100% 48%\" data-object-fit=\"cover\" data-object-position=\"100% 48%\" srcset=\"https:\/\/stmtires.com\/wp-content\/uploads\/2022\/04\/southern-tire-mart-frequently-asked-questions-hub-banner.jpg 1920w, https:\/\/stmtires.com\/wp-content\/uploads\/2022\/04\/southern-tire-mart-frequently-asked-questions-hub-banner-300x66.jpg 300w, https:\/\/stmtires.com\/wp-content\/uploads\/2022\/04\/southern-tire-mart-frequently-asked-questions-hub-banner-1024x224.jpg 1024w, https:\/\/stmtires.com\/wp-content\/uploads\/2022\/04\/southern-tire-mart-frequently-asked-questions-hub-banner-768x168.jpg 768w, https:\/\/stmtires.com\/wp-content\/uploads\/2022\/04\/southern-tire-mart-frequently-asked-questions-hub-banner-1536x336.jpg 1536w, https:\/\/stmtires.com\/wp-content\/uploads\/2022\/04\/southern-tire-mart-frequently-asked-questions-hub-banner-600x131.jpg 600w\" sizes=\"auto, (max-width: 1920px) 100vw, 1920px\" \/><div class=\"wp-block-cover__inner-container is-layout-flow wp-block-cover-is-layout-flow\">\n<div class=\"wp-block-group is-layout-constrained wp-container-core-group-is-layout-39ce995c wp-block-group-is-layout-constrained\">\n<div class=\"wp-block-columns is-layout-flex wp-container-core-columns-is-layout-9d6595d7 wp-block-columns-is-layout-flex\">\n<div class=\"wp-block-column is-vertically-aligned-center is-layout-flow wp-block-column-is-layout-flow\" style=\"flex-basis:440px\">\n<h2 class=\"has-white-color has-text-color has-header-2-sm-font-size wp-block-heading\"><strong><strong>Consejo y Respuestas acerca de Llantas y Veh\u00edculos<\/strong><\/strong><\/h2>\n\n\n    \n<div class=\"responsive-spacer md:pt-4 pt-3\"><\/div>\n\n<style>\n.wp-admin .responsive-spacer {\n    background-color:#efefef;\n}\n<\/style>\n\n\n<p class=\"has-white-color has-text-color\">Cuidando a sus veh\u00edculos usualmente resulta en muchas preguntas. Eso es bueno, porque, tenemos las respuestas para compartir c\u00f3mo cuidar a sus llantas, recoger cuando necesite arreglos y mucho m\u00e1s. <\/p>\n\n\n\n<p class=\"has-white-color has-text-color\">De las ruedas a los frenos, la suspensi\u00f3n y por supuesto, las llantas encontrar\u00e1 informaci\u00f3n de como cuidar a su veh\u00edculo y consejo para recoger cuando se necesite nuestra ayuda profesional.<\/p>\n<\/div>\n\n\n\n<div class=\"wp-block-column is-vertically-aligned-center is-layout-flow wp-block-column-is-layout-flow\">\n<div class=\"wp-block-image\"><figure class=\"alignright size-full\"><img loading=\"lazy\" decoding=\"async\" width=\"615\" height=\"615\" src=\"https:\/\/stmtires.com\/wp-content\/uploads\/2022\/04\/stm-retail-tires.png\" alt=\"\" class=\"wp-image-19117\" srcset=\"https:\/\/stmtires.com\/wp-content\/uploads\/2022\/04\/stm-retail-tires.png 615w, https:\/\/stmtires.com\/wp-content\/uploads\/2022\/04\/stm-retail-tires-300x300.png 300w, https:\/\/stmtires.com\/wp-content\/uploads\/2022\/04\/stm-retail-tires-100x100.png 100w, https:\/\/stmtires.com\/wp-content\/uploads\/2022\/04\/stm-retail-tires-600x600.png 600w, https:\/\/stmtires.com\/wp-content\/uploads\/2022\/04\/stm-retail-tires-150x150.png 150w\" sizes=\"auto, (max-width: 615px) 100vw, 615px\" \/><\/figure><\/div>\n<\/div>\n\n\n\n<div class=\"wp-block-column is-vertically-aligned-center is-layout-flow wp-block-column-is-layout-flow\" style=\"flex-basis:275px\">\n<div class=\"wp-block-buttons is-horizontal is-content-justification-right is-layout-flex wp-container-core-buttons-is-layout-ae2fe186 wp-block-buttons-is-layout-flex\"><\/div>\n\n\n<div data-color=\"\" class=\"FindALocationDOMNode\">\n    \n<\/div><\/div>\n<\/div>\n<\/div>\n<\/div><\/div>\n\n\n    \n<div class=\"responsive-spacer md:pt-16 pt-12\"><\/div>\n\n<style>\n.wp-admin .responsive-spacer {\n    background-color:#efefef;\n}\n<\/style>\n\n\n<div class=\"wp-block-group alignwide is-layout-constrained wp-container-core-group-is-layout-39ce995c wp-block-group-is-layout-constrained\">\n<div class=\"wp-block-columns alignwide are-vertically-aligned-center is-layout-flex wp-container-core-columns-is-layout-9d6595d7 wp-block-columns-is-layout-flex\">\n<div class=\"wp-block-column is-layout-flow wp-block-column-is-layout-flow\">\n<div class=\"wp-block-columns alignfull has-small-gutter is-layout-flex wp-container-core-columns-is-layout-9d6595d7 wp-block-columns-is-layout-flex\">\n<div class=\"wp-block-column mb-8 is-layout-flow wp-block-column-is-layout-flow\"><div id=\"card-block_62573fb5c9aff\" class=\"card-block group h-full pt-16 pb-8 relative\">\n\t<div class=\"shadow bg-white p-8 h-full\">\n\t\t<div style=\"background-image: url('https:\/\/stmtires.com\/wp-content\/uploads\/2022\/04\/southern-tire-mart-finance-cars-trucks-and-suvs-faq-300x300.jpg');\" class=\"relative bg-no-repeat bg-center bg-cover w-24 md:w-32 xl:w-48 h-24 md:h-32 xl:h-48 rounded-full transform overflow-hidden -translate-y-24 mb-8 mx-auto shadow-lg\">\n\t\t\t<div class=\"bg-secondary opacity-0 group-hover:opacity-75 transition-opacity duration-200 absolute inset-0 w-full h-full\"><\/div>\n\t\t\t<img loading=\"lazy\" decoding=\"async\" width=\"34\" height=\"34\" src=\"https:\/\/stmtires.com\/wp-content\/uploads\/2022\/04\/wheel.svg\" class=\"opacity-0 group-hover:opacity-100 transition-opacity duration-200 w-24 h-auto rounded-full absolute bottom-0 left-1\/2 transform -translate-x-1\/2 translate-y-12\" alt=\"\" \/>\n\t\t<\/div>\n\t\t<div class=\"-mt-24\">\n\t\t\t\n\n<h2 class=\"has-text-align-center has-primary-color has-text-color has-header-4-sm-font-size wp-block-heading\"><strong>Preguntas Frecuentes para Autos, Camionetas, y SUVs<\/strong><\/h2>\n\n\n\t\t<\/div>\n\t<\/div>\n\n    \n\n\t\t\t\n\t\t<a class=\"card-block-link absolute w-full h-full inset-0 cursor-pointer\" href=\"https:\/\/stmtires.com\/es\/preguntas-frecuentes-de-llantas-y-vehiculos\/preguntas-frecuentes-autos-camionetas-y-suvs\/\"  target=\"\" title=\"Preguntas Frecuentes: Autos, Camionetas y SUVs\"><\/a>\n\n\t<\/div>\n\n\n    \n<div class=\"responsive-spacer md:pt-8 pt-6\"><\/div>\n\n<style>\n.wp-admin .responsive-spacer {\n    background-color:#efefef;\n}\n<\/style><\/div>\n\n\n\n<div class=\"wp-block-column mb-8 is-layout-flow wp-block-column-is-layout-flow\"><div id=\"card-block_62619667dcecb\" class=\"card-block group h-full pt-16 pb-8 relative\">\n\t<div class=\"shadow bg-white p-8 h-full\">\n\t\t<div style=\"background-image: url('https:\/\/stmtires.com\/wp-content\/uploads\/2022\/04\/southern-tire-mart-commercial-faq-300x300.jpg');\" class=\"relative bg-no-repeat bg-center bg-cover w-24 md:w-32 xl:w-48 h-24 md:h-32 xl:h-48 rounded-full transform overflow-hidden -translate-y-24 mb-8 mx-auto shadow-lg\">\n\t\t\t<div class=\"bg-secondary opacity-0 group-hover:opacity-75 transition-opacity duration-200 absolute inset-0 w-full h-full\"><\/div>\n\t\t\t<img loading=\"lazy\" decoding=\"async\" width=\"34\" height=\"34\" src=\"https:\/\/stmtires.com\/wp-content\/uploads\/2022\/04\/wheel.svg\" class=\"opacity-0 group-hover:opacity-100 transition-opacity duration-200 w-24 h-auto rounded-full absolute bottom-0 left-1\/2 transform -translate-x-1\/2 translate-y-12\" alt=\"\" \/>\n\t\t<\/div>\n\t\t<div class=\"-mt-24\">\n\t\t\t\n\n<h2 class=\"has-text-align-center has-primary-color has-text-color has-header-4-sm-font-size wp-block-heading\"><strong>Preguntas Frecuentes para Veh\u00edculos Comerciales, Agriculturas, y de Todoterreno<\/strong><\/h2>\n\n\n\t\t<\/div>\n\t<\/div>\n\n    \n\n\t\t\t\n\t\t<a class=\"card-block-link absolute w-full h-full inset-0 cursor-pointer\" href=\"https:\/\/stmtires.com\/es\/preguntas-frecuentes-de-llantas-y-vehiculos\/preguntas-frecuentes-vehiculos-comerciales\/\"  target=\"\" title=\"Preguntas Frecuentes: Veh\u00edculos Comerciales\"><\/a>\n\n\t<\/div>\n\n\n    \n<div class=\"responsive-spacer md:pt-8 pt-6\"><\/div>\n\n<style>\n.wp-admin .responsive-spacer {\n    background-color:#efefef;\n}\n<\/style><\/div>\n\n\n\n<div class=\"wp-block-column is-layout-flow wp-block-column-is-layout-flow\"><\/div>\n<\/div>\n<\/div>\n<\/div>\n<\/div>\n\n\n    \n<div class=\"responsive-spacer md:pt-12 pt-10\"><\/div>\n\n<style>\n.wp-admin .responsive-spacer {\n    background-color:#efefef;\n}\n<\/style>","protected":false},"excerpt":{"rendered":"<p>Preguntas Frecuentes<\/p>\n","protected":false},"author":2,"featured_media":0,"parent":0,"menu_order":0,"comment_status":"closed","ping_status":"closed","template":"","meta":{"_acf_changed":false,"subheading":[],"footnotes":""},"class_list":["post-64958","page","type-page","status-publish","hentry"],"acf":[],"_links":{"self":[{"href":"https:\/\/stmtires.com\/es\/wp-json\/wp\/v2\/pages\/64958","targetHints":{"allow":["GET"]}}],"collection":[{"href":"https:\/\/stmtires.com\/es\/wp-json\/wp\/v2\/pages"}],"about":[{"href":"https:\/\/stmtires.com\/es\/wp-json\/wp\/v2\/types\/page"}],"author":[{"embeddable":true,"href":"https:\/\/stmtires.com\/es\/wp-json\/wp\/v2\/users\/2"}],"replies":[{"embeddable":true,"href":"https:\/\/stmtires.com\/es\/wp-json\/wp\/v2\/comments?post=64958"}],"version-history":[{"count":0,"href":"https:\/\/stmtires.com\/es\/wp-json\/wp\/v2\/pages\/64958\/revisions"}],"wp:attachment":[{"href":"https:\/\/stmtires.com\/es\/wp-json\/wp\/v2\/media?parent=64958"}],"curies":[{"name":"wp","href":"https:\/\/api.w.org\/{rel}","templated":true}]}}