{"id":64960,"date":"2022-04-20T10:09:02","date_gmt":"2022-04-20T15:09:02","guid":{"rendered":"https:\/\/website.dev.stmtires.com\/64716-2\/compania\/"},"modified":"2022-07-25T16:45:11","modified_gmt":"2022-07-25T21:45:11","slug":"compania","status":"publish","type":"page","link":"https:\/\/stmtires.com\/es\/acerca\/compania\/","title":{"rendered":"Compa\u00f1\u00eda"},"content":{"rendered":"\n<div class=\"wp-block-cover alignfull is-light\"><span aria-hidden=\"true\" class=\"wp-block-cover__gradient-background has-background-dim\"><\/span><img loading=\"lazy\" decoding=\"async\" width=\"1920\" height=\"420\" class=\"wp-block-cover__image-background wp-image-64484\" alt=\"\" src=\"https:\/\/stmtires.com\/wp-content\/uploads\/2022\/04\/southern-tire-mart-wholesale-distribution.jpg\" style=\"object-position:17% 35%\" data-object-fit=\"cover\" data-object-position=\"17% 35%\" srcset=\"https:\/\/stmtires.com\/wp-content\/uploads\/2022\/04\/southern-tire-mart-wholesale-distribution.jpg 1920w, https:\/\/stmtires.com\/wp-content\/uploads\/2022\/04\/southern-tire-mart-wholesale-distribution-300x66.jpg 300w, https:\/\/stmtires.com\/wp-content\/uploads\/2022\/04\/southern-tire-mart-wholesale-distribution-1024x224.jpg 1024w, https:\/\/stmtires.com\/wp-content\/uploads\/2022\/04\/southern-tire-mart-wholesale-distribution-768x168.jpg 768w, https:\/\/stmtires.com\/wp-content\/uploads\/2022\/04\/southern-tire-mart-wholesale-distribution-1536x336.jpg 1536w, https:\/\/stmtires.com\/wp-content\/uploads\/2022\/04\/southern-tire-mart-wholesale-distribution-600x131.jpg 600w\" sizes=\"auto, (max-width: 1920px) 100vw, 1920px\" \/><div class=\"wp-block-cover__inner-container is-layout-flow wp-block-cover-is-layout-flow\">\n<div class=\"wp-block-group is-layout-constrained wp-container-core-group-is-layout-39ce995c wp-block-group-is-layout-constrained\">\n<div class=\"wp-block-columns is-layout-flex wp-container-core-columns-is-layout-9d6595d7 wp-block-columns-is-layout-flex\">\n<div class=\"wp-block-column is-layout-flow wp-block-column-is-layout-flow\">\n<h1 class=\"has-white-color has-text-color has-header-1-lg-font-size wp-block-heading\"><strong>Nuestra Compania<\/strong><\/h1>\n<\/div>\n<\/div>\n<\/div>\n<\/div><\/div>\n\n\n    \n<div class=\"responsive-spacer md:pt-12 pt-10\"><\/div>\n\n<style>\n.wp-admin .responsive-spacer {\n    background-color:#efefef;\n}\n<\/style>\n\n\n<div class=\"wp-block-group alignwide is-layout-constrained wp-container-core-group-is-layout-39ce995c wp-block-group-is-layout-constrained\">\n<div class=\"wp-block-columns alignwide is-layout-flex wp-container-core-columns-is-layout-9d6595d7 wp-block-columns-is-layout-flex\">\n<div class=\"wp-block-column is-layout-flow wp-block-column-is-layout-flow\">\n<p class=\"font-primary has-regular-font-size\" style=\"text-transform:uppercase\"><strong>Un Negocio Familiar<\/strong><\/p>\n\n\n\n<hr class=\"wp-block-separator has-text-color has-background has-primary-background-color has-primary-color is-style-default\"\/>\n\n\n\n<h2 class=\"has-primary-color has-text-color has-header-2-sm-font-size wp-block-heading\"><strong>Naci\u00f3 en 1973<\/strong><\/h2>\n\n\n\n<p>Southern Tire Mart fue fundada en 1973 por Ernest Duff en Columbia, Mississippi. Como un abogado prominente en su ciudad natal, el negocio fue pensado como una inversi\u00f3n secundaria. Sin embargo, mientras que creci\u00f3 r\u00e1pidamente, tambi\u00e9n creci\u00f3 la necesidad de gerencia dedicada. Es por eso que sus dos hijos, Tommy y Jim se unieron al negocio de la compa\u00f1\u00eda despu\u00e9s de terminar su educaci\u00f3n. <\/p>\n\n\n\n<p>Hoy, la compa\u00f1\u00eda ahora tiene locaciones de costa a costa, Tommy y Jim Duff todav\u00eda est\u00e1n al mando, haciendo todo lo posible para hacer a los miembros de nuestro equipo y clientes.<\/p>\n<\/div>\n\n\n\n<div class=\"wp-block-column is-vertically-aligned-center is-layout-flow wp-block-column-is-layout-flow\" style=\"flex-basis:50%\">\n<div class=\"wp-block-image\"><figure class=\"alignright size-full is-resized\"><img loading=\"lazy\" decoding=\"async\" src=\"https:\/\/stmtires.com\/wp-content\/uploads\/2022\/04\/southern-tire-mart-the-best-tire-brands-at-wholesale-prices_.jpg\" alt=\"Dos mec\u00e1nicos inspeccionando neum\u00e1ticos\" class=\"wp-image-64482\" width=\"600\" height=\"335\" srcset=\"https:\/\/stmtires.com\/wp-content\/uploads\/2022\/04\/southern-tire-mart-the-best-tire-brands-at-wholesale-prices_.jpg 600w, https:\/\/stmtires.com\/wp-content\/uploads\/2022\/04\/southern-tire-mart-the-best-tire-brands-at-wholesale-prices_-300x168.jpg 300w\" sizes=\"auto, (max-width: 600px) 100vw, 600px\" \/><\/figure><\/div>\n<\/div>\n<\/div>\n<\/div>\n\n\n    \n<div class=\"responsive-spacer md:pt-10 pt-8\"><\/div>\n\n<style>\n.wp-admin .responsive-spacer {\n    background-color:#efefef;\n}\n<\/style>\n\n\n<div class=\"wp-block-group alignwide is-layout-constrained wp-container-core-group-is-layout-39ce995c wp-block-group-is-layout-constrained\">\n<div class=\"wp-block-columns alignwide is-layout-flex wp-container-core-columns-is-layout-9d6595d7 wp-block-columns-is-layout-flex\">\n<div class=\"wp-block-column is-vertically-aligned-center is-layout-flow wp-block-column-is-layout-flow\">\n<div class=\"wp-block-image\"><figure class=\"alignleft size-full is-resized\"><img loading=\"lazy\" decoding=\"async\" src=\"https:\/\/stmtires.com\/wp-content\/uploads\/2022\/04\/southern-tire-mart-the-best-tire-brands-at-wholesale-prices-copy.jpg\" alt=\"Asociado trabajando en neum\u00e1tico\" class=\"wp-image-64480\" width=\"600\" height=\"335\" srcset=\"https:\/\/stmtires.com\/wp-content\/uploads\/2022\/04\/southern-tire-mart-the-best-tire-brands-at-wholesale-prices-copy.jpg 600w, https:\/\/stmtires.com\/wp-content\/uploads\/2022\/04\/southern-tire-mart-the-best-tire-brands-at-wholesale-prices-copy-300x168.jpg 300w\" sizes=\"auto, (max-width: 600px) 100vw, 600px\" \/><\/figure><\/div>\n<\/div>\n\n\n\n<div class=\"wp-block-column is-vertically-aligned-center is-layout-flow wp-block-column-is-layout-flow\" style=\"flex-basis:50%\">\n<div style=\"height:16px\" aria-hidden=\"true\" class=\"wp-block-spacer\"><\/div>\n\n\n\n<p class=\"font-primary has-regular-font-size\" style=\"text-transform:uppercase\"><strong>Obra de Calidad<\/strong><\/p>\n\n\n\n<hr class=\"wp-block-separator has-text-color has-background has-primary-background-color has-primary-color is-style-default\"\/>\n\n\n\n<h2 class=\"has-primary-color has-text-color has-header-2-sm-font-size wp-block-heading\"><strong>La meta es Siempre Excelencia<\/strong><\/h2>\n\n\n\n<p>En cada una de nuestras locaciones minoristas, comerciales y recauchutado, seguimos con la misi\u00f3n que empezamos en 1973: Servir a las familias y negocios con las mejores llantas y el mejor servicio de la industria. <\/p>\n\n\n\n<p>. Llevamos d\u00e9cadas brindando amplias instalaciones y arreglos de veh\u00edculos a clientes satisfechos en todo el pa\u00eds. Cada vez que entra en un Southern Tire Mart, nos enfocamos en formar una relaci\u00f3n firme con usted y brindar la m\u00e1s alta calidad de trabajo de cada de los servicios que rendimos.<\/p>\n<\/div>\n<\/div>\n<\/div>\n\n\n    \n<div class=\"responsive-spacer md:-mt-4 -mt-1\"><\/div>\n\n<style>\n.wp-admin .responsive-spacer {\n    background-color:#efefef;\n}\n<\/style>\n\n\n<div class=\"wp-block-group alignfull is-layout-flow wp-block-group-is-layout-flow\">\n<div class=\"wp-block-cover alignfull is-light has-top-graphic\" style=\"min-height:900px;aspect-ratio:unset;\"><span aria-hidden=\"true\" class=\"has-medium-gray-background-color has-background-dim-100 wp-block-cover__gradient-background has-background-dim\"><\/span><div class=\"wp-block-cover__inner-container is-layout-flow wp-block-cover-is-layout-flow\">\n<div class=\"wp-block-group is-layout-constrained wp-container-core-group-is-layout-4222adab wp-block-group-is-layout-constrained\">\n<div class=\"wp-block-columns is-layout-flex wp-container-core-columns-is-layout-9d6595d7 wp-block-columns-is-layout-flex\">\n<div class=\"wp-block-column is-layout-flow wp-block-column-is-layout-flow\">\n<div style=\"height:100px\" aria-hidden=\"true\" class=\"wp-block-spacer\"><\/div>\n\n\n    \n<div class=\"responsive-spacer md:pt-16 pt-12\"><\/div>\n\n<style>\n.wp-admin .responsive-spacer {\n    background-color:#efefef;\n}\n<\/style>\n\n    \n<div class=\"responsive-spacer md:pt-16 pt-12\"><\/div>\n\n<style>\n.wp-admin .responsive-spacer {\n    background-color:#efefef;\n}\n<\/style>\n\n    \n<div class=\"responsive-spacer md:pt-8 pt-6\"><\/div>\n\n<style>\n.wp-admin .responsive-spacer {\n    background-color:#efefef;\n}\n<\/style>\n\n\n<h2 class=\"has-text-align-center has-primary-color has-text-color has-header-2-lg-font-size wp-block-heading\" style=\"font-style:normal;font-weight:700\">Orgulloso de Ser n.\u00b01<\/h2>\n\n\n    \n<div class=\"responsive-spacer md:pt-6 pt-4\"><\/div>\n\n<style>\n.wp-admin .responsive-spacer {\n    background-color:#efefef;\n}\n<\/style>\n\n\n<div class=\"wp-block-columns is-layout-flex wp-container-core-columns-is-layout-9d6595d7 wp-block-columns-is-layout-flex\">\n<div class=\"wp-block-column is-layout-flow wp-block-column-is-layout-flow\">\n<div class=\"wp-block-image\"><figure class=\"aligncenter size-full is-resized\"><img loading=\"lazy\" decoding=\"async\" src=\"https:\/\/stmtires.com\/wp-content\/uploads\/2022\/04\/stm-1-icon-red.png\" alt=\"\u00b01 Icono\" class=\"wp-image-32540\" width=\"173\" height=\"151\" srcset=\"https:\/\/stmtires.com\/wp-content\/uploads\/2022\/04\/stm-1-icon-red.png 345w, https:\/\/stmtires.com\/wp-content\/uploads\/2022\/04\/stm-1-icon-red-300x263.png 300w\" sizes=\"auto, (max-width: 173px) 100vw, 173px\" \/><\/figure><\/div>\n\n\n    \n<div class=\"responsive-spacer md:pt-4 pt-3\"><\/div>\n\n<style>\n.wp-admin .responsive-spacer {\n    background-color:#efefef;\n}\n<\/style>\n\n\n<h3 class=\"has-text-align-center has-header-5-font-size wp-block-heading\"><strong> <span style=\"color:#B41010\">\u00b01<\/span> Vendedor de Llantas Comerciales de Norteam\u00e9rica desde 2012<\/strong><\/h3>\n\n\n    \n<div class=\"responsive-spacer md:pt-8 pt-6\"><\/div>\n\n<style>\n.wp-admin .responsive-spacer {\n    background-color:#efefef;\n}\n<\/style><\/div>\n\n\n\n<div class=\"wp-block-column is-layout-flow wp-block-column-is-layout-flow\">\n<div class=\"wp-block-image\"><figure class=\"aligncenter size-full is-resized\"><img loading=\"lazy\" decoding=\"async\" src=\"https:\/\/stmtires.com\/wp-content\/uploads\/2022\/04\/stm-1-icon-blue.png\" alt=\"\u00b01 Icono\" class=\"wp-image-32566\" width=\"173\" height=\"151\" srcset=\"https:\/\/stmtires.com\/wp-content\/uploads\/2022\/04\/stm-1-icon-blue.png 345w, https:\/\/stmtires.com\/wp-content\/uploads\/2022\/04\/stm-1-icon-blue-300x263.png 300w\" sizes=\"auto, (max-width: 173px) 100vw, 173px\" \/><\/figure><\/div>\n\n\n    \n<div class=\"responsive-spacer md:pt-4 pt-3\"><\/div>\n\n<style>\n.wp-admin .responsive-spacer {\n    background-color:#efefef;\n}\n<\/style>\n\n\n<h3 class=\"has-text-align-center has-header-5-font-size wp-block-heading\"><strong> <span style=\"color:#B41010\">\u00b01<\/span> Recauchutada de Llantas de Norteam\u00e9rica desde 2007<\/strong><\/h3>\n\n\n    \n<div class=\"responsive-spacer md:pt-8 pt-6\"><\/div>\n\n<style>\n.wp-admin .responsive-spacer {\n    background-color:#efefef;\n}\n<\/style><\/div>\n\n\n\n<div class=\"wp-block-column is-layout-flow wp-block-column-is-layout-flow\">\n<div class=\"wp-block-image\"><figure class=\"aligncenter size-full is-resized\"><img loading=\"lazy\" decoding=\"async\" src=\"https:\/\/stmtires.com\/wp-content\/uploads\/2022\/04\/stm-1-icon-dark-red.png\" alt=\"\u00b01 Icono\" class=\"wp-image-32592\" width=\"173\" height=\"151\" srcset=\"https:\/\/stmtires.com\/wp-content\/uploads\/2022\/04\/stm-1-icon-dark-red.png 345w, https:\/\/stmtires.com\/wp-content\/uploads\/2022\/04\/stm-1-icon-dark-red-300x263.png 300w\" sizes=\"auto, (max-width: 173px) 100vw, 173px\" \/><\/figure><\/div>\n\n\n    \n<div class=\"responsive-spacer md:pt-4 pt-3\"><\/div>\n\n<style>\n.wp-admin .responsive-spacer {\n    background-color:#efefef;\n}\n<\/style>\n\n\n<h3 class=\"has-text-align-center has-header-5-font-size wp-block-heading\"><strong> <span style=\"color:#B41010\">\u00b01<\/span> Vendedor de Llantas Comerciales de Los Estados Unidos desde 2008<\/strong><\/h3>\n\n\n    \n<div class=\"responsive-spacer md:pt-8 pt-6\"><\/div>\n\n<style>\n.wp-admin .responsive-spacer {\n    background-color:#efefef;\n}\n<\/style><\/div>\n<\/div>\n\n\n    \n<div class=\"responsive-spacer md:pt-4 pt-3\"><\/div>\n\n<style>\n.wp-admin .responsive-spacer {\n    background-color:#efefef;\n}\n<\/style>\n\n\n<h3 class=\"has-text-align-center has-black-color has-text-color has-header-4-sm-font-size wp-block-heading\" style=\"font-style:normal;font-weight:700\">El Mejor Servicio de la Industria de las Marcas de Llantas Preferidas<\/h3>\n\n\n    \n<div class=\"responsive-spacer md:pt-10 pt-8\"><\/div>\n\n<style>\n.wp-admin .responsive-spacer {\n    background-color:#efefef;\n}\n<\/style><\/div>\n<\/div>\n<\/div>\n<\/div><\/div>\n<\/div>\n\n\n\n<div class=\"wp-block-cover alignfull\"><span aria-hidden=\"true\" class=\"wp-block-cover__gradient-background has-background-dim\"><\/span><img loading=\"lazy\" decoding=\"async\" width=\"1920\" height=\"1080\" class=\"wp-block-cover__image-background wp-image-64478\" alt=\"\" src=\"https:\/\/stmtires.com\/wp-content\/uploads\/2022\/04\/southern-tire-mart-at-pilot-flying-j_-2.jpg\" data-object-fit=\"cover\" srcset=\"https:\/\/stmtires.com\/wp-content\/uploads\/2022\/04\/southern-tire-mart-at-pilot-flying-j_-2.jpg 1920w, https:\/\/stmtires.com\/wp-content\/uploads\/2022\/04\/southern-tire-mart-at-pilot-flying-j_-2-300x169.jpg 300w, https:\/\/stmtires.com\/wp-content\/uploads\/2022\/04\/southern-tire-mart-at-pilot-flying-j_-2-1024x576.jpg 1024w, https:\/\/stmtires.com\/wp-content\/uploads\/2022\/04\/southern-tire-mart-at-pilot-flying-j_-2-768x432.jpg 768w, https:\/\/stmtires.com\/wp-content\/uploads\/2022\/04\/southern-tire-mart-at-pilot-flying-j_-2-1536x864.jpg 1536w, https:\/\/stmtires.com\/wp-content\/uploads\/2022\/04\/southern-tire-mart-at-pilot-flying-j_-2-600x338.jpg 600w\" sizes=\"auto, (max-width: 1920px) 100vw, 1920px\" \/><div class=\"wp-block-cover__inner-container is-layout-flow wp-block-cover-is-layout-flow\">\n<div class=\"wp-block-group is-layout-constrained wp-container-core-group-is-layout-39ce995c wp-block-group-is-layout-constrained\">\n<div class=\"wp-block-columns is-layout-flex wp-container-core-columns-is-layout-9d6595d7 wp-block-columns-is-layout-flex\">\n<div class=\"wp-block-column is-layout-flow wp-block-column-is-layout-flow\">\n<div style=\"height:36px\" aria-hidden=\"true\" class=\"wp-block-spacer\"><\/div>\n\n\n    \n<div class=\"responsive-spacer md:pt-12 pt-10\"><\/div>\n\n<style>\n.wp-admin .responsive-spacer {\n    background-color:#efefef;\n}\n<\/style>\n\n\n<p class=\"font-primary has-regular-font-size\" style=\"text-transform:uppercase\"><strong>Creciendo Fuerte<\/strong><\/p>\n\n\n\n<hr class=\"wp-block-separator has-text-color has-background has-white-background-color has-white-color is-style-default\"\/>\n\n\n\n<h2 class=\"has-white-color has-text-color has-header-2-sm-font-size wp-block-heading\" style=\"font-style:normal;font-weight:700\"><strong>Manteniendo Nuestro Enfoque en Usted<\/strong><\/h2>\n\n\n    \n<div class=\"responsive-spacer md:pt-4 pt-3\"><\/div>\n\n<style>\n.wp-admin .responsive-spacer {\n    background-color:#efefef;\n}\n<\/style>\n\n\n<p class=\"has-white-color has-text-color\">Estamos excepcionalmente orgullosos del crecimientoqu ha alcanzado Southern Tire Mart. Desde nuestras plantas de recauchutado hacia nuestras tiendas minoristas y nuestra asociaci\u00f3n con Pilot Flying J, nuestra presencia ciertamente se ha expandido. Pero la mejor parte es que nuestra motivaci\u00f3n principal queda lo mismo. <\/p>\n\n\n\n<p class=\"has-white-color has-text-color\">A pesar de que hayamos crecido, nuestro hogar y nuestro ser todav\u00eda se encuentran en Columbia, Mississippi. Eso significa que aun abordamos cada interacci\u00f3n como si estuvi\u00e9ramos ayudando a nuestros vecinos, a\u00fan creemos que nuestra reputaci\u00f3n est\u00e1 en juego con cada cliente, y siempre haremos un esfuerzo adicional para seguir viajando y regresar a casa sin peligro.<\/p>\n\n\n    \n<div class=\"responsive-spacer md:pt-12 pt-10\"><\/div>\n\n<style>\n.wp-admin .responsive-spacer {\n    background-color:#efefef;\n}\n<\/style><\/div>\n\n\n\n<div class=\"wp-block-column is-vertically-aligned-center is-layout-flow wp-block-column-is-layout-flow\"><\/div>\n<\/div>\n<\/div>\n<\/div><\/div>\n\n\n\n<div class=\"wp-block-group is-layout-constrained wp-container-core-group-is-layout-6b04494e wp-block-group-is-layout-constrained\">\n<div class=\"wp-block-columns is-layout-flex wp-container-core-columns-is-layout-9d6595d7 wp-block-columns-is-layout-flex\">\n<div class=\"wp-block-column has-black-color has-text-color is-layout-flow wp-block-column-is-layout-flow\">    \n<div class=\"responsive-spacer md:pt-12 pt-10\"><\/div>\n\n<style>\n.wp-admin .responsive-spacer {\n    background-color:#efefef;\n}\n<\/style>\n\n\n<p class=\"has-text-align-center font-primary has-regular-font-size\" style=\"text-transform:uppercase\"><strong>Productos y Servicios<\/strong><\/p>\n\n\n\n<hr class=\"wp-block-separator aligncenter has-text-color has-background has-primary-background-color has-primary-color is-style-default\"\/>\n\n\n\n<h2 class=\"has-text-align-center has-primary-color has-text-color has-header-2-sm-font-size wp-block-heading\"><strong>Su Taller Principal de Llantas y Autos<\/strong><\/h2>\n\n\n    \n<div class=\"responsive-spacer md:pt-4 pt-3\"><\/div>\n\n<style>\n.wp-admin .responsive-spacer {\n    background-color:#efefef;\n}\n<\/style>\n\n\n<div class=\"wp-block-columns is-layout-flex wp-container-core-columns-is-layout-9d6595d7 wp-block-columns-is-layout-flex\">\n<div class=\"wp-block-column md:pl-6 md:pr-16 is-layout-flow wp-block-column-is-layout-flow\">\n<ul class=\"wp-block-list\"><li>Servicios de reparaci\u00f3n comercial y minorista de calidad de un concesionario de neum\u00e1ticos certificado por TIA<\/li><\/ul>\n\n\n\n<ul class=\"wp-block-list\"><li>Inspecciones del estado, diagn\u00f3sticos y mantenimiento preventivo<\/li><\/ul>\n\n\n\n<ul class=\"wp-block-list\"><li>Precios competitivos de las marcas de llantas m\u00e1s populares y fiables<\/li><\/ul>\n\n\n\n<ul class=\"wp-block-list\"><li>Amplia selecci\u00f3n de llantas, incluyendo llantas para camiones, agr\u00edcolas, industriales y Todoterreno.<\/li><\/ul>\n\n\n\n<ul class=\"wp-block-list\"><li>Servicios profesionales de llantas que incluyen inflado con nitr\u00f3geno, balanceo de rotaci\u00f3n por computadora, servicio y ajustes de TPMS, reparaciones de llantas pinchadas, instalaciones de llantas de perfil bajo y rotaciones de llantas<\/li><\/ul>\n<\/div>\n\n\n\n<div class=\"wp-block-column is-layout-flow wp-block-column-is-layout-flow\">\n<ul class=\"wp-block-list\"><li>Asistencia de Carretera de 24 Horas<\/li><\/ul>\n\n\n\n<ul class=\"wp-block-list\"><li>Ruedas<\/li><\/ul>\n\n\n\n<ul class=\"wp-block-list\"><li>Servicio de recauchutar<\/li><\/ul>\n\n\n\n<ul class=\"wp-block-list\"><li>Salas c\u00f3modas de espera<\/li><\/ul>\n\n\n\n<ul class=\"wp-block-list\"><li>Servicio de transportar local con muchas locaciones<\/li><\/ul>\n\n\n\n<ul class=\"wp-block-list\"><li>Financimiento Disponible<\/li><\/ul>\n<\/div>\n<\/div>\n\n\n    \n<div class=\"responsive-spacer md:pt-12 pt-10\"><\/div>\n\n<style>\n.wp-admin .responsive-spacer {\n    background-color:#efefef;\n}\n<\/style><\/div>\n<\/div>\n<\/div>\n","protected":false},"excerpt":{"rendered":"<p>Un Negocio Familiar Naci\u00f3 en 1973 Southern Tire Mart fue fundada en 1973 por Ernest Duff en Columbia, Mississippi. Como un abogado prominente en su ciudad natal, el negocio fue pensado como una inversi\u00f3n secundaria. Sin embargo, mientras que creci\u00f3 r\u00e1pidamente, tambi\u00e9n creci\u00f3 la necesidad de gerencia dedicada. Es por eso que sus dos hijos, [&hellip;]<\/p>\n","protected":false},"author":2,"featured_media":0,"parent":64716,"menu_order":0,"comment_status":"closed","ping_status":"closed","template":"","meta":{"_acf_changed":false,"subheading":[],"footnotes":""},"class_list":["post-64960","page","type-page","status-publish","hentry"],"acf":[],"_links":{"self":[{"href":"https:\/\/stmtires.com\/es\/wp-json\/wp\/v2\/pages\/64960","targetHints":{"allow":["GET"]}}],"collection":[{"href":"https:\/\/stmtires.com\/es\/wp-json\/wp\/v2\/pages"}],"about":[{"href":"https:\/\/stmtires.com\/es\/wp-json\/wp\/v2\/types\/page"}],"author":[{"embeddable":true,"href":"https:\/\/stmtires.com\/es\/wp-json\/wp\/v2\/users\/2"}],"replies":[{"embeddable":true,"href":"https:\/\/stmtires.com\/es\/wp-json\/wp\/v2\/comments?post=64960"}],"version-history":[{"count":1,"href":"https:\/\/stmtires.com\/es\/wp-json\/wp\/v2\/pages\/64960\/revisions"}],"predecessor-version":[{"id":227946,"href":"https:\/\/stmtires.com\/es\/wp-json\/wp\/v2\/pages\/64960\/revisions\/227946"}],"up":[{"embeddable":true,"href":"https:\/\/stmtires.com\/es\/wp-json\/wp\/v2\/pages\/64716"}],"wp:attachment":[{"href":"https:\/\/stmtires.com\/es\/wp-json\/wp\/v2\/media?parent=64960"}],"curies":[{"name":"wp","href":"https:\/\/api.w.org\/{rel}","templated":true}]}}