{"id":64962,"date":"2022-04-22T13:54:44","date_gmt":"2022-04-22T18:54:44","guid":{"rendered":"https:\/\/website.dev.stmtires.com\/64716-2\/lo-que-dicen-nuestros-clientes\/"},"modified":"2022-05-19T16:23:23","modified_gmt":"2022-05-19T21:23:23","slug":"lo-que-dicen-nuestros-clientes","status":"publish","type":"page","link":"https:\/\/stmtires.com\/es\/acerca\/lo-que-dicen-nuestros-clientes\/","title":{"rendered":"Lo Que Dicen Nuestros Clientes"},"content":{"rendered":"\n<div class=\"wp-block-group is-layout-constrained wp-container-core-group-is-layout-39ce995c wp-block-group-is-layout-constrained\">\n<div class=\"wp-block-columns is-layout-flex wp-container-core-columns-is-layout-9d6595d7 wp-block-columns-is-layout-flex\">\n<div class=\"wp-block-column is-layout-flow wp-block-column-is-layout-flow\">    \n<div class=\"responsive-spacer md:pt-6 pt-4\"><\/div>\n\n<style>\n.wp-admin .responsive-spacer {\n    background-color:#efefef;\n}\n<\/style>\n\n\n<h1 class=\"has-primary-color has-text-color has-header-2-lg-font-size wp-block-heading\" style=\"font-style:normal;font-weight:700\">Lo Que Dicen Nuestros Clientes<\/h1>\n\n\n    \n<div class=\"responsive-spacer md:pt-6 pt-4\"><\/div>\n\n<style>\n.wp-admin .responsive-spacer {\n    background-color:#efefef;\n}\n<\/style><\/div>\n<\/div>\n<\/div>\n\n\n\n<div class=\"wp-block-group alignwide is-layout-constrained wp-container-core-group-is-layout-39ce995c wp-block-group-is-layout-constrained\">\n<div class=\"wp-block-columns alignwide are-vertically-aligned-center is-layout-flex wp-container-core-columns-is-layout-9d6595d7 wp-block-columns-is-layout-flex\">\n<div class=\"wp-block-column is-vertically-aligned-center is-layout-flow wp-block-column-is-layout-flow\">\n<figure class=\"wp-block-image size-large is-resized\"><img loading=\"lazy\" decoding=\"async\" src=\"https:\/\/stmtires.com\/wp-content\/uploads\/2022\/04\/stm-testimonial-quotes.svg\" alt=\"\" class=\"wp-image-63978\" width=\"42\" height=\"113\"\/><\/figure>\n\n\n    \n<div class=\"responsive-spacer md:-mt-10 -mt-5\"><\/div>\n\n<style>\n.wp-admin .responsive-spacer {\n    background-color:#efefef;\n}\n<\/style>\n\n\n<p class=\"uppercase font-primary\"><strong>El Domingo, 15 de Agosto, 2021<\/strong><\/p>\n\n\n\n<hr class=\"wp-block-separator has-text-color has-background has-primary-background-color has-primary-color is-style-default\"\/>\n\n\n\n<h2 class=\"has-primary-color has-text-color has-header-2-sm-font-size wp-block-heading\"><strong>John Scarbrough<\/strong><\/h2>\n\n\n\n<p>Me complace ofrecer una excelente revisi\u00f3n de los servicios que recib\u00ed en la ubicaci\u00f3n de Santa Rita. Llev\u00e9 mi casa rodante para reemplazar las llantas de direcci\u00f3n y obtener una alineaci\u00f3n, y todas las personas que conoc\u00ed en el sitio, as\u00ed como a las que contact\u00e9 por tel\u00e9fono para obtener una cotizaci\u00f3n y programar la cita, fueron m\u00e1s all\u00e1 de lo esperado. El taller hizo un trabajo excepcional con cada tarea y tambi\u00e9n ofreci\u00f3 precios muy justos. Todos estaban seguros de que estaba satisfecho con todo el trabajo antes de irme, y solo puedo ofrecer comentarios positivos sobre toda la experiencia Absolutamente desear\u00eda que m\u00e1s negocios funcionaran con tanta fluidez y con tanta integridad, y definitivamente regresar\u00e9 cuando sea el momento de reemplazar m\u00e1s neum\u00e1ticos o tenga problemas con el chasis o la alineaci\u00f3n.<\/p>\n<\/div>\n\n\n\n<div class=\"wp-block-column is-vertically-aligned-center is-layout-flow wp-block-column-is-layout-flow\">\n<div class=\"wp-block-image\"><figure class=\"alignright size-large\"><img loading=\"lazy\" decoding=\"async\" width=\"1024\" height=\"572\" src=\"https:\/\/stmtires.com\/wp-content\/uploads\/2022\/04\/southern-tire-mart-what-our-customers-are-saying-block1-1024x572.jpg\" alt=\"Neum\u00e1tico de elevaci\u00f3n del trabajador en la m\u00e1quina\" class=\"wp-image-64023\" srcset=\"https:\/\/stmtires.com\/wp-content\/uploads\/2022\/04\/southern-tire-mart-what-our-customers-are-saying-block1-1024x572.jpg 1024w, https:\/\/stmtires.com\/wp-content\/uploads\/2022\/04\/southern-tire-mart-what-our-customers-are-saying-block1-600x335.jpg 600w, https:\/\/stmtires.com\/wp-content\/uploads\/2022\/04\/southern-tire-mart-what-our-customers-are-saying-block1-300x168.jpg 300w, https:\/\/stmtires.com\/wp-content\/uploads\/2022\/04\/southern-tire-mart-what-our-customers-are-saying-block1-768x429.jpg 768w, https:\/\/stmtires.com\/wp-content\/uploads\/2022\/04\/southern-tire-mart-what-our-customers-are-saying-block1.jpg 1200w\" sizes=\"auto, (max-width: 1024px) 100vw, 1024px\" \/><\/figure><\/div>\n<\/div>\n<\/div>\n\n\n    \n<div class=\"responsive-spacer md:pt-8 pt-6\"><\/div>\n\n<style>\n.wp-admin .responsive-spacer {\n    background-color:#efefef;\n}\n<\/style>\n\n\n<div class=\"wp-block-columns alignwide are-vertically-aligned-center is-layout-flex wp-container-core-columns-is-layout-9d6595d7 wp-block-columns-is-layout-flex\">\n<div class=\"wp-block-column is-vertically-aligned-center is-layout-flow wp-block-column-is-layout-flow\">\n<div class=\"wp-block-image\"><figure class=\"alignleft size-large\"><img loading=\"lazy\" decoding=\"async\" width=\"1024\" height=\"572\" src=\"https:\/\/stmtires.com\/wp-content\/uploads\/2022\/04\/southern-tire-mart-what-our-customers-are-saying-block2-1024x572.jpg\" alt=\"Trabajador de servicio STM entregando un papel\" class=\"wp-image-64025\" srcset=\"https:\/\/stmtires.com\/wp-content\/uploads\/2022\/04\/southern-tire-mart-what-our-customers-are-saying-block2-1024x572.jpg 1024w, https:\/\/stmtires.com\/wp-content\/uploads\/2022\/04\/southern-tire-mart-what-our-customers-are-saying-block2-600x335.jpg 600w, https:\/\/stmtires.com\/wp-content\/uploads\/2022\/04\/southern-tire-mart-what-our-customers-are-saying-block2-300x168.jpg 300w, https:\/\/stmtires.com\/wp-content\/uploads\/2022\/04\/southern-tire-mart-what-our-customers-are-saying-block2-768x429.jpg 768w, https:\/\/stmtires.com\/wp-content\/uploads\/2022\/04\/southern-tire-mart-what-our-customers-are-saying-block2.jpg 1200w\" sizes=\"auto, (max-width: 1024px) 100vw, 1024px\" \/><\/figure><\/div>\n<\/div>\n\n\n\n<div class=\"wp-block-column is-vertically-aligned-center is-layout-flow wp-block-column-is-layout-flow\">\n<figure class=\"wp-block-image size-large is-resized\"><img loading=\"lazy\" decoding=\"async\" src=\"https:\/\/stmtires.com\/wp-content\/uploads\/2022\/04\/stm-testimonial-quotes.svg\" alt=\"\" class=\"wp-image-63978\" width=\"42\" height=\"113\"\/><\/figure>\n\n\n    \n<div class=\"responsive-spacer md:-mt-10 -mt-5\"><\/div>\n\n<style>\n.wp-admin .responsive-spacer {\n    background-color:#efefef;\n}\n<\/style>\n\n\n<p class=\"uppercase font-primary\"><strong><strong>El Domingo, 6 de Febrero, 2022<\/strong><\/strong><\/p>\n\n\n\n<hr class=\"wp-block-separator has-text-color has-background has-primary-background-color has-primary-color is-style-default\"\/>\n\n\n\n<h2 class=\"has-primary-color has-text-color has-header-2-sm-font-size wp-block-heading\"><strong><strong>Arshad A<\/strong><\/strong><\/h2>\n\n\n\n<p>En mi experiencia con todas las tiendas de neum\u00e1ticos que he visitado, esta es, con mucho, la mejor de las mejores tiendas de neum\u00e1ticos. Sia y Marcos, con quienes trat\u00e9, hicieron todo lo posible para reemplazar mi neum\u00e1tico pinchado y entregar y reparar mi autom\u00f3vil. Recomiendo encarecidamente Southern Tired a todos los que necesitan ayuda real y r\u00e1pida. Una vez m\u00e1s, aplaudo a SIA YA MARCOS por el servicio que brindaron, m\u00e1s all\u00e1 de las palabras. Gracias Sure\u00f1a Gracias Sis y Marcos.<\/p>\n<\/div>\n<\/div>\n<\/div>\n\n\n\n<div class=\"wp-block-group alignfull is-layout-flow wp-block-group-is-layout-flow\">\n<div class=\"wp-block-cover alignfull is-light has-top-graphic\" style=\"min-height:800px;aspect-ratio:unset;\"><span aria-hidden=\"true\" class=\"has-medium-gray-background-color has-background-dim-100 wp-block-cover__gradient-background has-background-dim\"><\/span><div class=\"wp-block-cover__inner-container is-layout-flow wp-block-cover-is-layout-flow\">\n<div class=\"wp-block-group is-layout-constrained wp-container-core-group-is-layout-4222adab wp-block-group-is-layout-constrained\">\n<div class=\"wp-block-columns is-layout-flex wp-container-core-columns-is-layout-9d6595d7 wp-block-columns-is-layout-flex\">\n<div class=\"wp-block-column is-layout-flow wp-block-column-is-layout-flow\">\n<div style=\"height:60px\" aria-hidden=\"true\" class=\"wp-block-spacer\"><\/div>\n\n\n    \n<div class=\"responsive-spacer md:pt-16 pt-12\"><\/div>\n\n<style>\n.wp-admin .responsive-spacer {\n    background-color:#efefef;\n}\n<\/style>\n\n    \n<div class=\"responsive-spacer md:pt-16 pt-12\"><\/div>\n\n<style>\n.wp-admin .responsive-spacer {\n    background-color:#efefef;\n}\n<\/style>\n\n    \n<div class=\"responsive-spacer md:pt-16 pt-12\"><\/div>\n\n<style>\n.wp-admin .responsive-spacer {\n    background-color:#efefef;\n}\n<\/style>\n\n    \n<div class=\"responsive-spacer md:pt-16 pt-12\"><\/div>\n\n<style>\n.wp-admin .responsive-spacer {\n    background-color:#efefef;\n}\n<\/style>\n\n\n<div class=\"wp-block-columns alignfull has-small-gutter is-layout-flex wp-container-core-columns-is-layout-9d6595d7 wp-block-columns-is-layout-flex\">\n<div class=\"wp-block-column is-vertically-aligned-top is-layout-flow wp-block-column-is-layout-flow\"><div id=\"testimonial-card-block_6262ea02d5d7b\" class=\"testimonial-card-block group h-full mt-4 relative\">\n\t<div class=\"shadow bg-white  h-full rounded-md px-6 py-8\">\n    \t\t<div>\n\t\t\t\n\n<h2 class=\"has-text-align-center has-primary-color has-text-color has-header-4-sm-font-size wp-block-heading\"><strong><strong>Edgar Dominguez<\/strong><\/strong><\/h2>\n\n\n\n<p class=\"has-text-align-center font-primary has-small-font-size\"><strong>Lunes, 14 de Febrero, 2022<\/strong><\/p>\n\n\n\n<p class=\"has-text-align-center\">\u00a1Qu\u00e9 buen servicio!<br>\u00a1Gente Amable!<\/p>\n\n\n\t\t<\/div>\n    \t<\/div>\n\n    \n\n<\/div>\n\n\n    \n<div class=\"responsive-spacer md:pt-8 pt-6\"><\/div>\n\n<style>\n.wp-admin .responsive-spacer {\n    background-color:#efefef;\n}\n<\/style>\n\n<div id=\"testimonial-card-block_6262ea6ed5d7d\" class=\"testimonial-card-block group h-full mt-4 relative\">\n\t<div class=\"shadow bg-white  h-full rounded-md px-6 py-8\">\n    \t\t<div>\n\t\t\t\n\n<h2 class=\"has-text-align-center has-primary-color has-text-color has-header-4-sm-font-size wp-block-heading\"><strong>Jim Odom<\/strong><\/h2>\n\n\n\n<p class=\"has-text-align-center font-primary has-small-font-size\"><strong>El Jueves, 13 de Mayo, 2021<\/strong><\/p>\n\n\n\n<p class=\"has-text-align-center\">\u00a1Chase y el equipo eran muchachos de primera categor\u00eda. Hicieron todo lo posible para sacarme de un l\u00edo, incluso ir a recoger un neum\u00e1tico para ahorrarme horas de espera en una entrega. Si alguna vez los necesitas te sugiero usarlos!!!!<\/p>\n\n\n\t\t<\/div>\n    \t<\/div>\n\n    \n\n<\/div>\n\n\n    \n<div class=\"responsive-spacer md:pt-8 pt-6\"><\/div>\n\n<style>\n.wp-admin .responsive-spacer {\n    background-color:#efefef;\n}\n<\/style><\/div>\n\n\n\n<div class=\"wp-block-column is-vertically-aligned-top is-layout-flow wp-block-column-is-layout-flow\"><div id=\"testimonial-card-block_6262ea68d5d7c\" class=\"testimonial-card-block group h-full mt-4 relative\">\n\t<div class=\"shadow bg-white  h-full rounded-md px-6 py-8\">\n    \t\t<div>\n\t\t\t\n\n<h2 class=\"has-text-align-center has-primary-color has-text-color has-header-4-sm-font-size wp-block-heading\"><strong>James-Bruce Christopherson<\/strong><\/h2>\n\n\n\n<p class=\"has-text-align-center font-primary has-small-font-size\"><strong>El Mi\u00e9rcoles, 22 de Diciembre, 2021<\/strong><\/p>\n\n\n\n<p class=\"has-text-align-center\">Johnathan fue r\u00e1pido, cort\u00e9s, profesional y bien informado. Complet\u00f3 la tarea de forma r\u00e1pida y segura. El despacho Brian Green envi\u00f3 al t\u00e9cnico y sigui\u00f3 el progreso y me mantuvo informado. Johnathan tambi\u00e9n me llam\u00f3 y me actualiz\u00f3 sobre su hora de llegada y confirm\u00f3 mi ubicaci\u00f3n. Estoy muy satisfecho con que Southern Tire Mart haya reemplazado la llanta de tracci\u00f3n en el cami\u00f3n volquete en el pasto de mis clientes.<\/p>\n\n\n\t\t<\/div>\n    \t<\/div>\n\n    \n\n<\/div>\n\n\n    \n<div class=\"responsive-spacer md:pt-8 pt-6\"><\/div>\n\n<style>\n.wp-admin .responsive-spacer {\n    background-color:#efefef;\n}\n<\/style><\/div>\n\n\n\n<div class=\"wp-block-column is-vertically-aligned-top is-layout-flow wp-block-column-is-layout-flow\"><div id=\"testimonial-card-block_6262ea95d5d7e\" class=\"testimonial-card-block group h-full mt-4 relative\">\n\t<div class=\"shadow bg-white  h-full rounded-md px-6 py-8\">\n    \t\t<div>\n\t\t\t\n\n<h2 class=\"has-text-align-center has-primary-color has-text-color has-header-4-sm-font-size wp-block-heading\"><strong>Marcus Montgomery<\/strong><\/h2>\n\n\n\n<p class=\"has-text-align-center font-primary has-small-font-size\"><strong>El Jueves, 16 de Diciembre, 2021<\/strong><\/p>\n\n\n\n<p class=\"has-text-align-center\">\u00a1Gracias por hacer que nuestra pesadilla desaparezca! No puedo decir lo suficiente sobre el nivel de servicio que recibimos de su tienda. Si pudiera darte 10 estrellas lo har\u00eda!<\/p>\n\n\n\t\t<\/div>\n    \t<\/div>\n\n    \n\n<\/div>\n\n\n    \n<div class=\"responsive-spacer md:pt-8 pt-6\"><\/div>\n\n<style>\n.wp-admin .responsive-spacer {\n    background-color:#efefef;\n}\n<\/style>\n\n<div id=\"testimonial-card-block_62661e9482045\" class=\"testimonial-card-block group h-full mt-4 relative\">\n\t<div class=\"shadow bg-white  h-full rounded-md px-6 py-8\">\n    \t\t<div>\n\t\t\t\n\n<h2 class=\"has-text-align-center has-primary-color has-text-color has-header-4-sm-font-size wp-block-heading\"><strong><strong>Dan Brown<\/strong><\/strong><\/h2>\n\n\n\n<p class=\"has-text-align-center font-primary has-small-font-size\"><strong><strong>El Lunes, 13 de Setiembre, 2021<\/strong><\/strong><\/p>\n\n\n\n<p class=\"has-text-align-center\">Gran servicio. Precios grandiosos. El personal fue muy amigable y \u00fatil. Pude reparar un neum\u00e1tico r\u00e1pidamente, lo que me ahorr\u00f3 dinero y me permiti\u00f3 volver a la carretera.<\/p>\n\n\n\t\t<\/div>\n    \t<\/div>\n\n    \n\n<\/div>\n\n\n    \n<div class=\"responsive-spacer md:pt-8 pt-6\"><\/div>\n\n<style>\n.wp-admin .responsive-spacer {\n    background-color:#efefef;\n}\n<\/style><\/div>\n<\/div>\n\n\n    \n<div class=\"responsive-spacer md:pt-4 pt-3\"><\/div>\n\n<style>\n.wp-admin .responsive-spacer {\n    background-color:#efefef;\n}\n<\/style><\/div>\n<\/div>\n<\/div>\n<\/div><\/div>\n<\/div>\n","protected":false},"excerpt":{"rendered":"<p>Lo Que Dicen Nuestros Clientes El Domingo, 15 de Agosto, 2021 John Scarbrough Me complace ofrecer una excelente revisi\u00f3n de los servicios que recib\u00ed en la ubicaci\u00f3n de Santa Rita. Llev\u00e9 mi casa rodante para reemplazar las llantas de direcci\u00f3n y obtener una alineaci\u00f3n, y todas las personas que conoc\u00ed en el sitio, as\u00ed como [&hellip;]<\/p>\n","protected":false},"author":2,"featured_media":0,"parent":64716,"menu_order":0,"comment_status":"closed","ping_status":"closed","template":"","meta":{"_acf_changed":false,"subheading":[],"footnotes":""},"class_list":["post-64962","page","type-page","status-publish","hentry"],"acf":[],"_links":{"self":[{"href":"https:\/\/stmtires.com\/es\/wp-json\/wp\/v2\/pages\/64962","targetHints":{"allow":["GET"]}}],"collection":[{"href":"https:\/\/stmtires.com\/es\/wp-json\/wp\/v2\/pages"}],"about":[{"href":"https:\/\/stmtires.com\/es\/wp-json\/wp\/v2\/types\/page"}],"author":[{"embeddable":true,"href":"https:\/\/stmtires.com\/es\/wp-json\/wp\/v2\/users\/2"}],"replies":[{"embeddable":true,"href":"https:\/\/stmtires.com\/es\/wp-json\/wp\/v2\/comments?post=64962"}],"version-history":[{"count":0,"href":"https:\/\/stmtires.com\/es\/wp-json\/wp\/v2\/pages\/64962\/revisions"}],"up":[{"embeddable":true,"href":"https:\/\/stmtires.com\/es\/wp-json\/wp\/v2\/pages\/64716"}],"wp:attachment":[{"href":"https:\/\/stmtires.com\/es\/wp-json\/wp\/v2\/media?parent=64962"}],"curies":[{"name":"wp","href":"https:\/\/api.w.org\/{rel}","templated":true}]}}