{"id":152293,"date":"2022-05-12T19:41:13","date_gmt":"2022-05-13T00:41:13","guid":{"rendered":"https:\/\/website.dev.stmtires.com\/shop\/sin categor\u00eda\/285-70r19-5-h-124r\/"},"modified":"2022-07-20T21:03:05","modified_gmt":"2022-07-21T02:03:05","slug":"285-70r19-5-h-124r-2","status":"publish","type":"product","link":"https:\/\/stmtires.com\/es\/shop\/yokohama\/285-70r19-5-h-124r-2\/","title":{"rendered":"285\/70R19.5 H 124R"},"content":{"rendered":"<p>Cami\u00f3n\/Autob\u00fas Comercial. Neum\u00e1tico radial de cami\u00f3n de servicio medio para todas las estaciones \/ invierno adecuado para aplicaciones de transporte regional y recogida \/ entrega.<\/p>\n","protected":false},"excerpt":{"rendered":"<p>Cami\u00f3n\/Autob\u00fas Comercial. Neum\u00e1tico radial de cami\u00f3n de servicio medio para todas las estaciones \/ invierno adecuado para aplicaciones de transporte regional y recogida \/ entrega.<\/p>\n","protected":false},"featured_media":0,"comment_status":"open","ping_status":"closed","template":"","meta":{"_acf_changed":false,"subheading":[]},"product_model":[23204],"product_brand":[54],"product_cat":[19286,19321,19265,19289,16266,19332,19316,19253],"product_tag":[],"class_list":{"0":"post-152293","1":"product","2":"type-product","3":"status-publish","5":"product_model-124r-es","6":"product_brand-yokohama","7":"product_cat-camion-autobus-comercial","8":"product_cat-conducir-es","9":"product_cat-invierno","10":"product_cat-radial-es","11":"product_cat-regional-service","12":"product_cat-servicio-regional","13":"product_cat-todas-las-posiciones","14":"product_cat-uncategorized","15":"pa_tire-size-285-70r19-5-es","17":"first","18":"instock","19":"shipping-taxable","20":"purchasable","21":"product-type-simple"},"acf":[],"_links":{"self":[{"href":"https:\/\/stmtires.com\/es\/wp-json\/wp\/v2\/product\/152293","targetHints":{"allow":["GET"]}}],"collection":[{"href":"https:\/\/stmtires.com\/es\/wp-json\/wp\/v2\/product"}],"about":[{"href":"https:\/\/stmtires.com\/es\/wp-json\/wp\/v2\/types\/product"}],"replies":[{"embeddable":true,"href":"https:\/\/stmtires.com\/es\/wp-json\/wp\/v2\/comments?post=152293"}],"wp:attachment":[{"href":"https:\/\/stmtires.com\/es\/wp-json\/wp\/v2\/media?parent=152293"}],"wp:term":[{"taxonomy":"product_model","embeddable":true,"href":"https:\/\/stmtires.com\/es\/wp-json\/wp\/v2\/product_model?post=152293"},{"taxonomy":"product_brand","embeddable":true,"href":"https:\/\/stmtires.com\/es\/wp-json\/wp\/v2\/product_brand?post=152293"},{"taxonomy":"product_cat","embeddable":true,"href":"https:\/\/stmtires.com\/es\/wp-json\/wp\/v2\/product_cat?post=152293"},{"taxonomy":"product_tag","embeddable":true,"href":"https:\/\/stmtires.com\/es\/wp-json\/wp\/v2\/product_tag?post=152293"}],"curies":[{"name":"wp","href":"https:\/\/api.w.org\/{rel}","templated":true}]}}