{"id":152380,"date":"2022-05-12T19:40:32","date_gmt":"2022-05-13T00:40:32","guid":{"rendered":"https:\/\/website.dev.stmtires.com\/shop\/sin categor\u00eda\/425-65r22-5-l-505c\/"},"modified":"2022-07-20T21:02:24","modified_gmt":"2022-07-21T02:02:24","slug":"425-65r22-5-l-505c-2","status":"publish","type":"product","link":"https:\/\/stmtires.com\/es\/shop\/yokohama\/425-65r22-5-l-505c-2\/","title":{"rendered":"425\/65R22.5 L 505C"},"content":{"rendered":"<p>Cami\u00f3n\/Autob\u00fas Comercial. Neum\u00e1tico radial de todas las estaciones \/ invierno cami\u00f3n de servicio medio de todas las posiciones dise\u00f1ado espec\u00edficamente para el servicio en \/ fuera de carretera.<\/p>\n","protected":false},"excerpt":{"rendered":"<p>Cami\u00f3n\/Autob\u00fas Comercial. Neum\u00e1tico radial de todas las estaciones \/ invierno cami\u00f3n de servicio medio de todas las posiciones dise\u00f1ado espec\u00edficamente para el servicio en \/ fuera de carretera.<\/p>\n","protected":false},"featured_media":222308,"comment_status":"open","ping_status":"closed","template":"","meta":{"_acf_changed":false,"subheading":[]},"product_model":[23208],"product_brand":[54],"product_cat":[19286,19265,16272,19289,19287,19301,19316,19253],"product_tag":[],"class_list":{"0":"post-152380","1":"product","2":"type-product","3":"status-publish","4":"has-post-thumbnail","6":"product_model-505c-es","7":"product_brand-yokohama","8":"product_cat-camion-autobus-comercial","9":"product_cat-invierno","10":"product_cat-on-off-highway-service","11":"product_cat-radial-es","12":"product_cat-servicio-de-autopistas","13":"product_cat-servicio-on-off-highway","14":"product_cat-todas-las-posiciones","15":"product_cat-uncategorized","16":"pa_tire-size-425-65r22-5-es","18":"first","19":"instock","20":"shipping-taxable","21":"purchasable","22":"product-type-simple"},"acf":[],"_links":{"self":[{"href":"https:\/\/stmtires.com\/es\/wp-json\/wp\/v2\/product\/152380","targetHints":{"allow":["GET"]}}],"collection":[{"href":"https:\/\/stmtires.com\/es\/wp-json\/wp\/v2\/product"}],"about":[{"href":"https:\/\/stmtires.com\/es\/wp-json\/wp\/v2\/types\/product"}],"replies":[{"embeddable":true,"href":"https:\/\/stmtires.com\/es\/wp-json\/wp\/v2\/comments?post=152380"}],"wp:featuredmedia":[{"embeddable":true,"href":"https:\/\/stmtires.com\/es\/wp-json\/wp\/v2\/media\/222308"}],"wp:attachment":[{"href":"https:\/\/stmtires.com\/es\/wp-json\/wp\/v2\/media?parent=152380"}],"wp:term":[{"taxonomy":"product_model","embeddable":true,"href":"https:\/\/stmtires.com\/es\/wp-json\/wp\/v2\/product_model?post=152380"},{"taxonomy":"product_brand","embeddable":true,"href":"https:\/\/stmtires.com\/es\/wp-json\/wp\/v2\/product_brand?post=152380"},{"taxonomy":"product_cat","embeddable":true,"href":"https:\/\/stmtires.com\/es\/wp-json\/wp\/v2\/product_cat?post=152380"},{"taxonomy":"product_tag","embeddable":true,"href":"https:\/\/stmtires.com\/es\/wp-json\/wp\/v2\/product_tag?post=152380"}],"curies":[{"name":"wp","href":"https:\/\/api.w.org\/{rel}","templated":true}]}}