{"id":152645,"date":"2022-05-12T19:39:14","date_gmt":"2022-05-13T00:39:14","guid":{"rendered":"https:\/\/website.dev.stmtires.com\/shop\/sin categor\u00eda\/11r22-5-h-gdr335fe\/"},"modified":"2022-07-20T21:02:47","modified_gmt":"2022-07-21T02:02:47","slug":"11r22-5-h-gdr335fe-2","status":"publish","type":"product","link":"https:\/\/stmtires.com\/es\/shop\/gt-radial\/11r22-5-h-gdr335fe-2\/","title":{"rendered":"11R22.5 H GDR335FE"},"content":{"rendered":"<p>Cami\u00f3n\/Autob\u00fas Comercial. Neum\u00e1tico de accionamiento radial para cami\u00f3n de servicio medio verificado por SmartWay dise\u00f1ado para aplicaciones regionales cruzadas.<\/p>\n","protected":false},"excerpt":{"rendered":"<p>Cami\u00f3n\/Autob\u00fas Comercial. Neum\u00e1tico de accionamiento radial para cami\u00f3n de servicio medio verificado por SmartWay dise\u00f1ado para aplicaciones regionales cruzadas.<\/p>\n","protected":false},"featured_media":221714,"comment_status":"open","ping_status":"closed","template":"","meta":{"_acf_changed":false,"subheading":[]},"product_model":[23130],"product_brand":[47],"product_cat":[19288,19253],"product_tag":[],"class_list":{"0":"post-152645","1":"product","2":"type-product","3":"status-publish","4":"has-post-thumbnail","6":"product_model-gdr335fe-es","7":"product_brand-gt-radial","8":"product_cat-conducir","9":"product_cat-uncategorized","10":"pa_tire-size-11r22-5-es","12":"first","13":"instock","14":"shipping-taxable","15":"purchasable","16":"product-type-simple"},"acf":[],"_links":{"self":[{"href":"https:\/\/stmtires.com\/es\/wp-json\/wp\/v2\/product\/152645","targetHints":{"allow":["GET"]}}],"collection":[{"href":"https:\/\/stmtires.com\/es\/wp-json\/wp\/v2\/product"}],"about":[{"href":"https:\/\/stmtires.com\/es\/wp-json\/wp\/v2\/types\/product"}],"replies":[{"embeddable":true,"href":"https:\/\/stmtires.com\/es\/wp-json\/wp\/v2\/comments?post=152645"}],"wp:featuredmedia":[{"embeddable":true,"href":"https:\/\/stmtires.com\/es\/wp-json\/wp\/v2\/media\/221714"}],"wp:attachment":[{"href":"https:\/\/stmtires.com\/es\/wp-json\/wp\/v2\/media?parent=152645"}],"wp:term":[{"taxonomy":"product_model","embeddable":true,"href":"https:\/\/stmtires.com\/es\/wp-json\/wp\/v2\/product_model?post=152645"},{"taxonomy":"product_brand","embeddable":true,"href":"https:\/\/stmtires.com\/es\/wp-json\/wp\/v2\/product_brand?post=152645"},{"taxonomy":"product_cat","embeddable":true,"href":"https:\/\/stmtires.com\/es\/wp-json\/wp\/v2\/product_cat?post=152645"},{"taxonomy":"product_tag","embeddable":true,"href":"https:\/\/stmtires.com\/es\/wp-json\/wp\/v2\/product_tag?post=152645"}],"curies":[{"name":"wp","href":"https:\/\/api.w.org\/{rel}","templated":true}]}}