{"id":152953,"date":"2022-05-12T19:36:16","date_gmt":"2022-05-13T00:36:16","guid":{"rendered":"https:\/\/website.dev.stmtires.com\/shop\/sin categor\u00eda\/295-75r22-5-h-gdr668\/"},"modified":"2022-07-20T21:03:48","modified_gmt":"2022-07-21T02:03:48","slug":"295-75r22-5-h-gdr668-2","status":"publish","type":"product","link":"https:\/\/stmtires.com\/es\/shop\/gt-radial\/295-75r22-5-h-gdr668-2\/","title":{"rendered":"295\/75R22.5 H GDR668"},"content":{"rendered":"<p>Cami\u00f3n\/Autob\u00fas Comercial. Cami\u00f3n de servicio mediano Open Shoulder Drive Neum\u00e1tico radial dise\u00f1ado para aplicaciones regionales o de larga distancia.<\/p>\n","protected":false},"excerpt":{"rendered":"<p>Cami\u00f3n\/Autob\u00fas Comercial. Cami\u00f3n de servicio mediano Open Shoulder Drive Neum\u00e1tico radial dise\u00f1ado para aplicaciones regionales o de larga distancia.<\/p>\n","protected":false},"featured_media":221080,"comment_status":"open","ping_status":"closed","template":"","meta":{"_acf_changed":false,"subheading":[]},"product_model":[23133],"product_brand":[47],"product_cat":[19288,19253],"product_tag":[],"class_list":{"0":"post-152953","1":"product","2":"type-product","3":"status-publish","4":"has-post-thumbnail","6":"product_model-gdr668-es","7":"product_brand-gt-radial","8":"product_cat-conducir","9":"product_cat-uncategorized","10":"pa_tire-size-295-75r22-5-es","12":"first","13":"instock","14":"shipping-taxable","15":"purchasable","16":"product-type-simple"},"acf":[],"_links":{"self":[{"href":"https:\/\/stmtires.com\/es\/wp-json\/wp\/v2\/product\/152953","targetHints":{"allow":["GET"]}}],"collection":[{"href":"https:\/\/stmtires.com\/es\/wp-json\/wp\/v2\/product"}],"about":[{"href":"https:\/\/stmtires.com\/es\/wp-json\/wp\/v2\/types\/product"}],"replies":[{"embeddable":true,"href":"https:\/\/stmtires.com\/es\/wp-json\/wp\/v2\/comments?post=152953"}],"wp:featuredmedia":[{"embeddable":true,"href":"https:\/\/stmtires.com\/es\/wp-json\/wp\/v2\/media\/221080"}],"wp:attachment":[{"href":"https:\/\/stmtires.com\/es\/wp-json\/wp\/v2\/media?parent=152953"}],"wp:term":[{"taxonomy":"product_model","embeddable":true,"href":"https:\/\/stmtires.com\/es\/wp-json\/wp\/v2\/product_model?post=152953"},{"taxonomy":"product_brand","embeddable":true,"href":"https:\/\/stmtires.com\/es\/wp-json\/wp\/v2\/product_brand?post=152953"},{"taxonomy":"product_cat","embeddable":true,"href":"https:\/\/stmtires.com\/es\/wp-json\/wp\/v2\/product_cat?post=152953"},{"taxonomy":"product_tag","embeddable":true,"href":"https:\/\/stmtires.com\/es\/wp-json\/wp\/v2\/product_tag?post=152953"}],"curies":[{"name":"wp","href":"https:\/\/api.w.org\/{rel}","templated":true}]}}