{"id":153126,"date":"2022-05-12T19:34:51","date_gmt":"2022-05-13T00:34:51","guid":{"rendered":"https:\/\/website.dev.stmtires.com\/shop\/sin categor\u00eda\/275-70r22-5-j-ap-250\/"},"modified":"2022-07-20T21:03:52","modified_gmt":"2022-07-21T02:03:52","slug":"275-70r22-5-j-ap-250-2","status":"publish","type":"product","link":"https:\/\/stmtires.com\/es\/shop\/zenna\/275-70r22-5-j-ap-250-2\/","title":{"rendered":"275\/70R22.5 J AP-250"},"content":{"rendered":"<p>Cami\u00f3n\/Autob\u00fas Comercial. Neum\u00e1tico radial de posici\u00f3n total para camiones de servicio mediano m\u00e1s adecuado para aplicaciones de eje de direcci\u00f3n.<\/p>\n","protected":false},"excerpt":{"rendered":"<p>Cami\u00f3n\/Autob\u00fas Comercial. Neum\u00e1tico radial de posici\u00f3n total para camiones de servicio mediano m\u00e1s adecuado para aplicaciones de eje de direcci\u00f3n.<\/p>\n","protected":false},"featured_media":0,"comment_status":"open","ping_status":"closed","template":"","meta":{"_acf_changed":false,"subheading":[]},"product_model":[23119],"product_brand":[261],"product_cat":[19321,19253],"product_tag":[],"class_list":{"0":"post-153126","1":"product","2":"type-product","3":"status-publish","5":"product_model-ap-250-es","6":"product_brand-zenna","7":"product_cat-conducir-es","8":"product_cat-uncategorized","9":"pa_tire-size-275-70r22-5-es","11":"first","12":"instock","13":"shipping-taxable","14":"purchasable","15":"product-type-simple"},"acf":[],"_links":{"self":[{"href":"https:\/\/stmtires.com\/es\/wp-json\/wp\/v2\/product\/153126","targetHints":{"allow":["GET"]}}],"collection":[{"href":"https:\/\/stmtires.com\/es\/wp-json\/wp\/v2\/product"}],"about":[{"href":"https:\/\/stmtires.com\/es\/wp-json\/wp\/v2\/types\/product"}],"replies":[{"embeddable":true,"href":"https:\/\/stmtires.com\/es\/wp-json\/wp\/v2\/comments?post=153126"}],"wp:attachment":[{"href":"https:\/\/stmtires.com\/es\/wp-json\/wp\/v2\/media?parent=153126"}],"wp:term":[{"taxonomy":"product_model","embeddable":true,"href":"https:\/\/stmtires.com\/es\/wp-json\/wp\/v2\/product_model?post=153126"},{"taxonomy":"product_brand","embeddable":true,"href":"https:\/\/stmtires.com\/es\/wp-json\/wp\/v2\/product_brand?post=153126"},{"taxonomy":"product_cat","embeddable":true,"href":"https:\/\/stmtires.com\/es\/wp-json\/wp\/v2\/product_cat?post=153126"},{"taxonomy":"product_tag","embeddable":true,"href":"https:\/\/stmtires.com\/es\/wp-json\/wp\/v2\/product_tag?post=153126"}],"curies":[{"name":"wp","href":"https:\/\/api.w.org\/{rel}","templated":true}]}}