{"id":153161,"date":"2022-05-12T19:34:40","date_gmt":"2022-05-13T00:34:40","guid":{"rendered":"https:\/\/website.dev.stmtires.com\/shop\/sin categor\u00eda\/285-75r24-5-h-gdr335fe\/"},"modified":"2022-07-20T21:04:18","modified_gmt":"2022-07-21T02:04:18","slug":"285-75r24-5-h-gdr335fe-2","status":"publish","type":"product","link":"https:\/\/stmtires.com\/es\/shop\/gt-radial\/285-75r24-5-h-gdr335fe-2\/","title":{"rendered":"285\/75R24.5 H GDR335FE"},"content":{"rendered":"<p>Cami\u00f3n\/Autob\u00fas Comercial. Neum\u00e1tico de accionamiento radial para cami\u00f3n de servicio medio verificado por SmartWay dise\u00f1ado para aplicaciones regionales cruzadas.<\/p>\n","protected":false},"excerpt":{"rendered":"<p>Cami\u00f3n\/Autob\u00fas Comercial. Neum\u00e1tico de accionamiento radial para cami\u00f3n de servicio medio verificado por SmartWay dise\u00f1ado para aplicaciones regionales cruzadas.<\/p>\n","protected":false},"featured_media":221714,"comment_status":"open","ping_status":"closed","template":"","meta":{"_acf_changed":false,"subheading":[]},"product_model":[23130],"product_brand":[47],"product_cat":[19321,19253],"product_tag":[],"class_list":{"0":"post-153161","1":"product","2":"type-product","3":"status-publish","4":"has-post-thumbnail","6":"product_model-gdr335fe-es","7":"product_brand-gt-radial","8":"product_cat-conducir-es","9":"product_cat-uncategorized","10":"pa_tire-size-285-75r24-5-es","12":"first","13":"instock","14":"shipping-taxable","15":"purchasable","16":"product-type-simple"},"acf":[],"_links":{"self":[{"href":"https:\/\/stmtires.com\/es\/wp-json\/wp\/v2\/product\/153161","targetHints":{"allow":["GET"]}}],"collection":[{"href":"https:\/\/stmtires.com\/es\/wp-json\/wp\/v2\/product"}],"about":[{"href":"https:\/\/stmtires.com\/es\/wp-json\/wp\/v2\/types\/product"}],"replies":[{"embeddable":true,"href":"https:\/\/stmtires.com\/es\/wp-json\/wp\/v2\/comments?post=153161"}],"wp:featuredmedia":[{"embeddable":true,"href":"https:\/\/stmtires.com\/es\/wp-json\/wp\/v2\/media\/221714"}],"wp:attachment":[{"href":"https:\/\/stmtires.com\/es\/wp-json\/wp\/v2\/media?parent=153161"}],"wp:term":[{"taxonomy":"product_model","embeddable":true,"href":"https:\/\/stmtires.com\/es\/wp-json\/wp\/v2\/product_model?post=153161"},{"taxonomy":"product_brand","embeddable":true,"href":"https:\/\/stmtires.com\/es\/wp-json\/wp\/v2\/product_brand?post=153161"},{"taxonomy":"product_cat","embeddable":true,"href":"https:\/\/stmtires.com\/es\/wp-json\/wp\/v2\/product_cat?post=153161"},{"taxonomy":"product_tag","embeddable":true,"href":"https:\/\/stmtires.com\/es\/wp-json\/wp\/v2\/product_tag?post=153161"}],"curies":[{"name":"wp","href":"https:\/\/api.w.org\/{rel}","templated":true}]}}