{"id":153169,"date":"2022-05-12T19:34:38","date_gmt":"2022-05-13T00:34:38","guid":{"rendered":"https:\/\/website.dev.stmtires.com\/shop\/sin categor\u00eda\/235-75r17-5-h-gtr955\/"},"modified":"2022-07-20T21:04:26","modified_gmt":"2022-07-21T02:04:26","slug":"235-75r17-5-h-gtr955-2","status":"publish","type":"product","link":"https:\/\/stmtires.com\/es\/shop\/gt-radial\/235-75r17-5-h-gtr955-2\/","title":{"rendered":"235\/75R17.5 H GTR955"},"content":{"rendered":"<p>Cami\u00f3n\/Autob\u00fas Comercial. Motocicleta de servicio medio para toda la temporada \/ invierno Cami\u00f3n de servicio medio poco profundo Remolque neum\u00e1tico radial dise\u00f1ado para aplicaciones interregionales.<\/p>\n","protected":false},"excerpt":{"rendered":"<p>Cami\u00f3n\/Autob\u00fas Comercial. Motocicleta de servicio medio para toda la temporada \/ invierno Cami\u00f3n de servicio medio poco profundo Remolque neum\u00e1tico radial dise\u00f1ado para aplicaciones interregionales.<\/p>\n","protected":false},"featured_media":223174,"comment_status":"open","ping_status":"closed","template":"","meta":{"_acf_changed":false,"subheading":[]},"product_model":[23127],"product_brand":[47],"product_cat":[19253],"product_tag":[],"class_list":{"0":"post-153169","1":"product","2":"type-product","3":"status-publish","4":"has-post-thumbnail","6":"product_model-gtr955-es","7":"product_brand-gt-radial","8":"product_cat-uncategorized","9":"pa_tire-size-235-75r17-5-es","11":"first","12":"instock","13":"shipping-taxable","14":"purchasable","15":"product-type-simple"},"acf":[],"_links":{"self":[{"href":"https:\/\/stmtires.com\/es\/wp-json\/wp\/v2\/product\/153169","targetHints":{"allow":["GET"]}}],"collection":[{"href":"https:\/\/stmtires.com\/es\/wp-json\/wp\/v2\/product"}],"about":[{"href":"https:\/\/stmtires.com\/es\/wp-json\/wp\/v2\/types\/product"}],"replies":[{"embeddable":true,"href":"https:\/\/stmtires.com\/es\/wp-json\/wp\/v2\/comments?post=153169"}],"wp:featuredmedia":[{"embeddable":true,"href":"https:\/\/stmtires.com\/es\/wp-json\/wp\/v2\/media\/223174"}],"wp:attachment":[{"href":"https:\/\/stmtires.com\/es\/wp-json\/wp\/v2\/media?parent=153169"}],"wp:term":[{"taxonomy":"product_model","embeddable":true,"href":"https:\/\/stmtires.com\/es\/wp-json\/wp\/v2\/product_model?post=153169"},{"taxonomy":"product_brand","embeddable":true,"href":"https:\/\/stmtires.com\/es\/wp-json\/wp\/v2\/product_brand?post=153169"},{"taxonomy":"product_cat","embeddable":true,"href":"https:\/\/stmtires.com\/es\/wp-json\/wp\/v2\/product_cat?post=153169"},{"taxonomy":"product_tag","embeddable":true,"href":"https:\/\/stmtires.com\/es\/wp-json\/wp\/v2\/product_tag?post=153169"}],"curies":[{"name":"wp","href":"https:\/\/api.w.org\/{rel}","templated":true}]}}