{"id":153229,"date":"2022-05-12T19:34:12","date_gmt":"2022-05-13T00:34:12","guid":{"rendered":"https:\/\/website.dev.stmtires.com\/shop\/sin categor\u00eda\/315-80r22-5-l-506u\/"},"modified":"2022-07-20T21:04:35","modified_gmt":"2022-07-21T02:04:35","slug":"315-80r22-5-l-506u-2","status":"publish","type":"product","link":"https:\/\/stmtires.com\/es\/shop\/yokohama\/315-80r22-5-l-506u-2\/","title":{"rendered":"315\/80R22.5 L 506U"},"content":{"rendered":"<p>Cami\u00f3n\/Autob\u00fas Comercial. Cami\u00f3n de servicio mediano Radial Neum\u00e1tico de posici\u00f3n \/ direcci\u00f3n dise\u00f1ado espec\u00edficamente para manejar las demandas de camiones de saneamiento urbano y operaciones dentro \/ fuera de carretera.<\/p>\n","protected":false},"excerpt":{"rendered":"<p>Cami\u00f3n\/Autob\u00fas Comercial. Cami\u00f3n de servicio mediano Radial Neum\u00e1tico de posici\u00f3n \/ direcci\u00f3n dise\u00f1ado espec\u00edficamente para manejar las demandas de camiones de saneamiento urbano y operaciones dentro \/ fuera de carretera.<\/p>\n","protected":false},"featured_media":222464,"comment_status":"open","ping_status":"closed","template":"","meta":{"_acf_changed":false,"subheading":[]},"product_model":[23095],"product_brand":[54],"product_cat":[19286,19321,19271,19242,19289,16295,19287,19301,19316,19253],"product_tag":[],"class_list":{"0":"post-153229","1":"product","2":"type-product","3":"status-publish","4":"has-post-thumbnail","6":"product_model-506u-es","7":"product_brand-yokohama","8":"product_cat-camion-autobus-comercial","9":"product_cat-conducir-es","10":"product_cat-corre-plano","11":"product_cat-equipo-original-oe","12":"product_cat-radial-es","13":"product_cat-run-flat","14":"product_cat-servicio-de-autopistas","15":"product_cat-servicio-on-off-highway","16":"product_cat-todas-las-posiciones","17":"product_cat-uncategorized","18":"pa_tire-size-315-80r22-5-es","20":"first","21":"instock","22":"shipping-taxable","23":"purchasable","24":"product-type-simple"},"acf":[],"_links":{"self":[{"href":"https:\/\/stmtires.com\/es\/wp-json\/wp\/v2\/product\/153229","targetHints":{"allow":["GET"]}}],"collection":[{"href":"https:\/\/stmtires.com\/es\/wp-json\/wp\/v2\/product"}],"about":[{"href":"https:\/\/stmtires.com\/es\/wp-json\/wp\/v2\/types\/product"}],"replies":[{"embeddable":true,"href":"https:\/\/stmtires.com\/es\/wp-json\/wp\/v2\/comments?post=153229"}],"wp:featuredmedia":[{"embeddable":true,"href":"https:\/\/stmtires.com\/es\/wp-json\/wp\/v2\/media\/222464"}],"wp:attachment":[{"href":"https:\/\/stmtires.com\/es\/wp-json\/wp\/v2\/media?parent=153229"}],"wp:term":[{"taxonomy":"product_model","embeddable":true,"href":"https:\/\/stmtires.com\/es\/wp-json\/wp\/v2\/product_model?post=153229"},{"taxonomy":"product_brand","embeddable":true,"href":"https:\/\/stmtires.com\/es\/wp-json\/wp\/v2\/product_brand?post=153229"},{"taxonomy":"product_cat","embeddable":true,"href":"https:\/\/stmtires.com\/es\/wp-json\/wp\/v2\/product_cat?post=153229"},{"taxonomy":"product_tag","embeddable":true,"href":"https:\/\/stmtires.com\/es\/wp-json\/wp\/v2\/product_tag?post=153229"}],"curies":[{"name":"wp","href":"https:\/\/api.w.org\/{rel}","templated":true}]}}