{"id":153453,"date":"2022-05-12T19:31:47","date_gmt":"2022-05-13T00:31:47","guid":{"rendered":"https:\/\/website.dev.stmtires.com\/shop\/sin categor\u00eda\/255-70r22-5-h-gtr750fe\/"},"modified":"2022-07-20T21:06:17","modified_gmt":"2022-07-21T02:06:17","slug":"255-70r22-5-h-gtr750fe-2","status":"publish","type":"product","link":"https:\/\/stmtires.com\/es\/shop\/gt-radial\/255-70r22-5-h-gtr750fe-2\/","title":{"rendered":"255\/70R22.5 H GTR750FE"},"content":{"rendered":"<p>Cami\u00f3n\/Autob\u00fas Comercial. SmartWay Verified Medium-Duty Truck Shallow Tread Trailer Position Radial neum\u00e1tico dise\u00f1ado para aplicaciones interregionales.<\/p>\n","protected":false},"excerpt":{"rendered":"<p>Cami\u00f3n\/Autob\u00fas Comercial. SmartWay Verified Medium-Duty Truck Shallow Tread Trailer Position Radial neum\u00e1tico dise\u00f1ado para aplicaciones interregionales.<\/p>\n","protected":false},"featured_media":222672,"comment_status":"open","ping_status":"closed","template":"","meta":{"_acf_changed":false,"subheading":[]},"product_model":[23129],"product_brand":[47],"product_cat":[19253],"product_tag":[],"class_list":{"0":"post-153453","1":"product","2":"type-product","3":"status-publish","4":"has-post-thumbnail","6":"product_model-gtr750fe-es","7":"product_brand-gt-radial","8":"product_cat-uncategorized","9":"pa_tire-size-255-70r22-5-es","11":"first","12":"instock","13":"shipping-taxable","14":"purchasable","15":"product-type-simple"},"acf":[],"_links":{"self":[{"href":"https:\/\/stmtires.com\/es\/wp-json\/wp\/v2\/product\/153453","targetHints":{"allow":["GET"]}}],"collection":[{"href":"https:\/\/stmtires.com\/es\/wp-json\/wp\/v2\/product"}],"about":[{"href":"https:\/\/stmtires.com\/es\/wp-json\/wp\/v2\/types\/product"}],"replies":[{"embeddable":true,"href":"https:\/\/stmtires.com\/es\/wp-json\/wp\/v2\/comments?post=153453"}],"wp:featuredmedia":[{"embeddable":true,"href":"https:\/\/stmtires.com\/es\/wp-json\/wp\/v2\/media\/222672"}],"wp:attachment":[{"href":"https:\/\/stmtires.com\/es\/wp-json\/wp\/v2\/media?parent=153453"}],"wp:term":[{"taxonomy":"product_model","embeddable":true,"href":"https:\/\/stmtires.com\/es\/wp-json\/wp\/v2\/product_model?post=153453"},{"taxonomy":"product_brand","embeddable":true,"href":"https:\/\/stmtires.com\/es\/wp-json\/wp\/v2\/product_brand?post=153453"},{"taxonomy":"product_cat","embeddable":true,"href":"https:\/\/stmtires.com\/es\/wp-json\/wp\/v2\/product_cat?post=153453"},{"taxonomy":"product_tag","embeddable":true,"href":"https:\/\/stmtires.com\/es\/wp-json\/wp\/v2\/product_tag?post=153453"}],"curies":[{"name":"wp","href":"https:\/\/api.w.org\/{rel}","templated":true}]}}