{"id":153481,"date":"2022-05-12T19:30:50","date_gmt":"2022-05-13T00:30:50","guid":{"rendered":"https:\/\/website.dev.stmtires.com\/shop\/sin categor\u00eda\/12r22-5-j-tl-doble-moneda-rr706\/"},"modified":"2022-07-20T21:06:16","modified_gmt":"2022-07-21T02:06:16","slug":"12r22-5-j-tl-double-coin-rr706-2","status":"publish","type":"product","link":"https:\/\/stmtires.com\/es\/shop\/double-coin\/12r22-5-j-tl-double-coin-rr706-2\/","title":{"rendered":"12R22.5 J TL DOBLE MONEDA RR706"},"content":{"rendered":"<p>Cami\u00f3n\/Autob\u00fas Comercial. Cami\u00f3n de servicio mediano Servicio mixto Neum\u00e1tico radial de todas las posiciones.<\/p>\n","protected":false},"excerpt":{"rendered":"<p>Cami\u00f3n\/Autob\u00fas Comercial. Cami\u00f3n de servicio mediano Servicio mixto Neum\u00e1tico radial de todas las posiciones.<\/p>\n","protected":false},"featured_media":0,"comment_status":"open","ping_status":"closed","template":"","meta":{"_acf_changed":false,"subheading":[]},"product_model":[23084],"product_brand":[103],"product_cat":[19286,16265,19289,19301,19316,19253],"product_tag":[],"class_list":{"0":"post-153481","1":"product","2":"type-product","3":"status-publish","5":"product_model-double-coin-rr706-es","6":"product_brand-double-coin","7":"product_cat-camion-autobus-comercial","8":"product_cat-radial","9":"product_cat-radial-es","10":"product_cat-servicio-on-off-highway","11":"product_cat-todas-las-posiciones","12":"product_cat-uncategorized","13":"pa_tire-size-12r22-5-es","15":"first","16":"instock","17":"shipping-taxable","18":"purchasable","19":"product-type-simple"},"acf":[],"_links":{"self":[{"href":"https:\/\/stmtires.com\/es\/wp-json\/wp\/v2\/product\/153481","targetHints":{"allow":["GET"]}}],"collection":[{"href":"https:\/\/stmtires.com\/es\/wp-json\/wp\/v2\/product"}],"about":[{"href":"https:\/\/stmtires.com\/es\/wp-json\/wp\/v2\/types\/product"}],"replies":[{"embeddable":true,"href":"https:\/\/stmtires.com\/es\/wp-json\/wp\/v2\/comments?post=153481"}],"wp:attachment":[{"href":"https:\/\/stmtires.com\/es\/wp-json\/wp\/v2\/media?parent=153481"}],"wp:term":[{"taxonomy":"product_model","embeddable":true,"href":"https:\/\/stmtires.com\/es\/wp-json\/wp\/v2\/product_model?post=153481"},{"taxonomy":"product_brand","embeddable":true,"href":"https:\/\/stmtires.com\/es\/wp-json\/wp\/v2\/product_brand?post=153481"},{"taxonomy":"product_cat","embeddable":true,"href":"https:\/\/stmtires.com\/es\/wp-json\/wp\/v2\/product_cat?post=153481"},{"taxonomy":"product_tag","embeddable":true,"href":"https:\/\/stmtires.com\/es\/wp-json\/wp\/v2\/product_tag?post=153481"}],"curies":[{"name":"wp","href":"https:\/\/api.w.org\/{rel}","templated":true}]}}