{"id":153964,"date":"2022-05-12T16:46:57","date_gmt":"2022-05-12T21:46:57","guid":{"rendered":"https:\/\/website.dev.stmtires.com\/shop\/sin categor\u00eda\/245-45rf18-avido-envigor-zps\/"},"modified":"2022-05-12T16:46:57","modified_gmt":"2022-05-12T21:46:57","slug":"245-45rf18-avid-envigor-zps-2","status":"publish","type":"product","link":"https:\/\/stmtires.com\/es\/shop\/yokohama\/245-45rf18-avid-envigor-zps-2\/","title":{"rendered":"245\/45RF18 \u00c1VIDO ENVIGOR ZPS"},"content":{"rendered":"<p>Neum\u00e1tico de autom\u00f3vil de pasajeros de alto rendimiento para todas las estaciones con tecnolog\u00eda Run Flat del sistema de presi\u00f3n cero (ZPS).<\/p>\n","protected":false},"excerpt":{"rendered":"<p>Neum\u00e1tico de autom\u00f3vil de pasajeros de alto rendimiento para todas las estaciones con tecnolog\u00eda Run Flat del sistema de presi\u00f3n cero (ZPS).<\/p>\n","protected":false},"featured_media":223108,"comment_status":"open","ping_status":"closed","template":"","meta":{"_acf_changed":false,"subheading":[]},"product_model":[22948],"product_brand":[54],"product_cat":[19264,19271],"product_tag":[],"class_list":{"0":"post-153964","1":"product","2":"type-product","3":"status-publish","4":"has-post-thumbnail","6":"product_model-avid-envigor-zps-es","7":"product_brand-yokohama","8":"product_cat-alto-rendimiento-hp","9":"product_cat-corre-plano","10":"pa_tire-size-245-45r18-es","12":"first","13":"instock","14":"shipping-taxable","15":"purchasable","16":"product-type-simple"},"acf":[],"_links":{"self":[{"href":"https:\/\/stmtires.com\/es\/wp-json\/wp\/v2\/product\/153964","targetHints":{"allow":["GET"]}}],"collection":[{"href":"https:\/\/stmtires.com\/es\/wp-json\/wp\/v2\/product"}],"about":[{"href":"https:\/\/stmtires.com\/es\/wp-json\/wp\/v2\/types\/product"}],"replies":[{"embeddable":true,"href":"https:\/\/stmtires.com\/es\/wp-json\/wp\/v2\/comments?post=153964"}],"wp:featuredmedia":[{"embeddable":true,"href":"https:\/\/stmtires.com\/es\/wp-json\/wp\/v2\/media\/223108"}],"wp:attachment":[{"href":"https:\/\/stmtires.com\/es\/wp-json\/wp\/v2\/media?parent=153964"}],"wp:term":[{"taxonomy":"product_model","embeddable":true,"href":"https:\/\/stmtires.com\/es\/wp-json\/wp\/v2\/product_model?post=153964"},{"taxonomy":"product_brand","embeddable":true,"href":"https:\/\/stmtires.com\/es\/wp-json\/wp\/v2\/product_brand?post=153964"},{"taxonomy":"product_cat","embeddable":true,"href":"https:\/\/stmtires.com\/es\/wp-json\/wp\/v2\/product_cat?post=153964"},{"taxonomy":"product_tag","embeddable":true,"href":"https:\/\/stmtires.com\/es\/wp-json\/wp\/v2\/product_tag?post=153964"}],"curies":[{"name":"wp","href":"https:\/\/api.w.org\/{rel}","templated":true}]}}