{"id":154094,"date":"2022-05-12T16:52:12","date_gmt":"2022-05-12T21:52:12","guid":{"rendered":"https:\/\/website.dev.stmtires.com\/shop\/sin categor\u00eda\/225-70r19-5-g-qr90-pt-traccion-premium\/"},"modified":"2022-05-12T16:52:12","modified_gmt":"2022-05-12T21:52:12","slug":"225-70r19-5-g-qr90-pt-premium-traccion","status":"publish","type":"product","link":"https:\/\/stmtires.com\/es\/shop\/gladiator\/225-70r19-5-g-qr90-pt-premium-traccion\/","title":{"rendered":"225\/70R19.5 G QR90-PT TRACCI\u00d3N PREMIUM"},"content":{"rendered":"<p>Cami\u00f3n\/Autob\u00fas Comercial. Neum\u00e1tico de tracci\u00f3n de cami\u00f3n de servicio medio para posici\u00f3n de conducci\u00f3n \/ veh\u00edculos utilitarios. Fijado para studs para condiciones clim\u00e1ticas extremas. (TSMI 16)<\/p>\n","protected":false},"excerpt":{"rendered":"<p>Cami\u00f3n\/Autob\u00fas Comercial. Neum\u00e1tico de tracci\u00f3n de cami\u00f3n de servicio medio para posici\u00f3n de conducci\u00f3n \/ veh\u00edculos utilitarios. Fijado para studs para condiciones clim\u00e1ticas extremas. (TSMI 16)<\/p>\n","protected":false},"featured_media":221872,"comment_status":"open","ping_status":"closed","template":"","meta":{"_acf_changed":false,"subheading":[]},"product_model":[22866],"product_brand":[108],"product_cat":[19286,19288,19289,19323,16270],"product_tag":[],"class_list":{"0":"post-154094","1":"product","2":"type-product","3":"status-publish","4":"has-post-thumbnail","6":"product_model-qr90-pt-premium-traction-es","7":"product_brand-gladiator","8":"product_cat-camion-autobus-comercial","9":"product_cat-conducir","10":"product_cat-radial-es","11":"product_cat-smartway-en-ingles","12":"product_cat-trailer-position","13":"pa_tire-size-225-70r19-5-es","15":"first","16":"instock","17":"shipping-taxable","18":"purchasable","19":"product-type-simple"},"acf":[],"_links":{"self":[{"href":"https:\/\/stmtires.com\/es\/wp-json\/wp\/v2\/product\/154094","targetHints":{"allow":["GET"]}}],"collection":[{"href":"https:\/\/stmtires.com\/es\/wp-json\/wp\/v2\/product"}],"about":[{"href":"https:\/\/stmtires.com\/es\/wp-json\/wp\/v2\/types\/product"}],"replies":[{"embeddable":true,"href":"https:\/\/stmtires.com\/es\/wp-json\/wp\/v2\/comments?post=154094"}],"wp:featuredmedia":[{"embeddable":true,"href":"https:\/\/stmtires.com\/es\/wp-json\/wp\/v2\/media\/221872"}],"wp:attachment":[{"href":"https:\/\/stmtires.com\/es\/wp-json\/wp\/v2\/media?parent=154094"}],"wp:term":[{"taxonomy":"product_model","embeddable":true,"href":"https:\/\/stmtires.com\/es\/wp-json\/wp\/v2\/product_model?post=154094"},{"taxonomy":"product_brand","embeddable":true,"href":"https:\/\/stmtires.com\/es\/wp-json\/wp\/v2\/product_brand?post=154094"},{"taxonomy":"product_cat","embeddable":true,"href":"https:\/\/stmtires.com\/es\/wp-json\/wp\/v2\/product_cat?post=154094"},{"taxonomy":"product_tag","embeddable":true,"href":"https:\/\/stmtires.com\/es\/wp-json\/wp\/v2\/product_tag?post=154094"}],"curies":[{"name":"wp","href":"https:\/\/api.w.org\/{rel}","templated":true}]}}