{"id":154275,"date":"2022-05-02T03:37:19","date_gmt":"2022-05-02T08:37:19","guid":{"rendered":"https:\/\/website.dev.stmtires.com\/shop\/sin categor\u00eda\/225-55r18-xl-altimax-artico-12\/"},"modified":"2022-05-02T03:37:19","modified_gmt":"2022-05-02T08:37:19","slug":"225-55r18-xl-altimax-artico-12","status":"publish","type":"product","link":"https:\/\/stmtires.com\/es\/shop\/general-es\/225-55r18-xl-altimax-artico-12\/","title":{"rendered":"225\/55R18 XL ALTIMAX \u00c1RTICO 12"},"content":{"rendered":"<p>Studdable Winter Passenger Car, Minivan, Crossover y SUV neum\u00e1tico. Art\u00edculos con tachuelas de f\u00e1brica disponibles en tama\u00f1os seleccionados.<\/p>\n","protected":false},"excerpt":{"rendered":"<p>Studdable Winter Passenger Car, Minivan, Crossover y SUV neum\u00e1tico. Art\u00edculos con tachuelas de f\u00e1brica disponibles en tama\u00f1os seleccionados.<\/p>\n","protected":false},"featured_media":225970,"comment_status":"open","ping_status":"closed","template":"","meta":{"_acf_changed":false,"subheading":[]},"product_model":[22291],"product_brand":[15741],"product_cat":[16238,19261,19265,19290],"product_tag":[],"class_list":{"0":"post-154275","1":"product","2":"type-product","3":"status-publish","4":"has-post-thumbnail","6":"product_model-altimax-arctic-12-es","7":"product_brand-general-es","8":"product_cat-all-season-a-s","9":"product_cat-camion-ligero-comercial-furgoneta","10":"product_cat-invierno","11":"product_cat-studdable-es","12":"pa_tire-size-225-55r18-es","14":"first","15":"instock","16":"shipping-taxable","17":"purchasable","18":"product-type-simple"},"acf":[],"_links":{"self":[{"href":"https:\/\/stmtires.com\/es\/wp-json\/wp\/v2\/product\/154275","targetHints":{"allow":["GET"]}}],"collection":[{"href":"https:\/\/stmtires.com\/es\/wp-json\/wp\/v2\/product"}],"about":[{"href":"https:\/\/stmtires.com\/es\/wp-json\/wp\/v2\/types\/product"}],"replies":[{"embeddable":true,"href":"https:\/\/stmtires.com\/es\/wp-json\/wp\/v2\/comments?post=154275"}],"wp:featuredmedia":[{"embeddable":true,"href":"https:\/\/stmtires.com\/es\/wp-json\/wp\/v2\/media\/225970"}],"wp:attachment":[{"href":"https:\/\/stmtires.com\/es\/wp-json\/wp\/v2\/media?parent=154275"}],"wp:term":[{"taxonomy":"product_model","embeddable":true,"href":"https:\/\/stmtires.com\/es\/wp-json\/wp\/v2\/product_model?post=154275"},{"taxonomy":"product_brand","embeddable":true,"href":"https:\/\/stmtires.com\/es\/wp-json\/wp\/v2\/product_brand?post=154275"},{"taxonomy":"product_cat","embeddable":true,"href":"https:\/\/stmtires.com\/es\/wp-json\/wp\/v2\/product_cat?post=154275"},{"taxonomy":"product_tag","embeddable":true,"href":"https:\/\/stmtires.com\/es\/wp-json\/wp\/v2\/product_tag?post=154275"}],"curies":[{"name":"wp","href":"https:\/\/api.w.org\/{rel}","templated":true}]}}