{"id":154357,"date":"2022-05-02T01:23:23","date_gmt":"2022-05-02T06:23:23","guid":{"rendered":"https:\/\/website.dev.stmtires.com\/shop\/sin categor\u00eda\/275-65r18-xl-grabber-artico\/"},"modified":"2022-05-02T01:23:23","modified_gmt":"2022-05-02T06:23:23","slug":"275-65r18-xl-grabber-artico","status":"publish","type":"product","link":"https:\/\/stmtires.com\/es\/shop\/general-es\/275-65r18-xl-grabber-artico\/","title":{"rendered":"275\/65R18 XL GRABBER \u00c1RTICO"},"content":{"rendered":"<p>Neum\u00e1tico de cami\u00f3n ligero \/ SUV de pasajeros de invierno con clavos Adecuado para SUV grandes y camionetas pick-up.<\/p>\n","protected":false},"excerpt":{"rendered":"<p>Neum\u00e1tico de cami\u00f3n ligero \/ SUV de pasajeros de invierno con clavos Adecuado para SUV grandes y camionetas pick-up.<\/p>\n","protected":false},"featured_media":226235,"comment_status":"open","ping_status":"closed","template":"","meta":{"_acf_changed":false,"subheading":[]},"product_model":[22271],"product_brand":[15741],"product_cat":[16238,19241,19271,19242,19265,25986,25185,19290],"product_tag":[],"class_list":{"0":"post-154357","1":"product","2":"type-product","3":"status-publish","4":"has-post-thumbnail","6":"product_model-grabber-arctic-es","7":"product_brand-general-es","8":"product_cat-all-season-a-s","9":"product_cat-camion-ligero-de-pasajeros-suv","10":"product_cat-corre-plano","11":"product_cat-equipo-original-oe","12":"product_cat-invierno","13":"product_cat-luz-de-pasajero","14":"product_cat-passenger-light","15":"product_cat-studdable-es","16":"pa_tire-size-275-65r18-es","18":"first","19":"instock","20":"shipping-taxable","21":"purchasable","22":"product-type-simple"},"acf":[],"_links":{"self":[{"href":"https:\/\/stmtires.com\/es\/wp-json\/wp\/v2\/product\/154357","targetHints":{"allow":["GET"]}}],"collection":[{"href":"https:\/\/stmtires.com\/es\/wp-json\/wp\/v2\/product"}],"about":[{"href":"https:\/\/stmtires.com\/es\/wp-json\/wp\/v2\/types\/product"}],"replies":[{"embeddable":true,"href":"https:\/\/stmtires.com\/es\/wp-json\/wp\/v2\/comments?post=154357"}],"wp:featuredmedia":[{"embeddable":true,"href":"https:\/\/stmtires.com\/es\/wp-json\/wp\/v2\/media\/226235"}],"wp:attachment":[{"href":"https:\/\/stmtires.com\/es\/wp-json\/wp\/v2\/media?parent=154357"}],"wp:term":[{"taxonomy":"product_model","embeddable":true,"href":"https:\/\/stmtires.com\/es\/wp-json\/wp\/v2\/product_model?post=154357"},{"taxonomy":"product_brand","embeddable":true,"href":"https:\/\/stmtires.com\/es\/wp-json\/wp\/v2\/product_brand?post=154357"},{"taxonomy":"product_cat","embeddable":true,"href":"https:\/\/stmtires.com\/es\/wp-json\/wp\/v2\/product_cat?post=154357"},{"taxonomy":"product_tag","embeddable":true,"href":"https:\/\/stmtires.com\/es\/wp-json\/wp\/v2\/product_tag?post=154357"}],"curies":[{"name":"wp","href":"https:\/\/api.w.org\/{rel}","templated":true}]}}