{"id":154526,"date":"2022-05-11T11:46:29","date_gmt":"2022-05-11T16:46:29","guid":{"rendered":"https:\/\/website.dev.stmtires.com\/shop\/sin categor\u00eda\/12n16-5n-nhs-x-tweel-ssl-superficie-dura\/"},"modified":"2022-05-11T11:46:29","modified_gmt":"2022-05-11T16:46:29","slug":"12n16-5n-nhs-x-tweel-ssl-hard-surface-2","status":"publish","type":"product","link":"https:\/\/stmtires.com\/es\/shop\/michelin-es\/12n16-5n-nhs-x-tweel-ssl-hard-surface-2\/","title":{"rendered":"12N16.5N NHS X TWEEL SSL SUPERFICIE DURA"},"content":{"rendered":"<p>Conjunto de llantas y ruedas\u2122 radiales sin aire con un patr\u00f3n de banda de rodadura suave, dise\u00f1ado para proporcionar la m\u00e1xima vida \u00fatil de la banda de rodadura para las minicargadoras en el pavimento.  <\/p>\n","protected":false},"excerpt":{"rendered":"<p>Conjunto de llantas y ruedas\u2122 radiales sin aire con un patr\u00f3n de banda de rodadura suave, dise\u00f1ado para proporcionar la m\u00e1xima vida \u00fatil de la banda de rodadura para las minicargadoras en el pavimento.<\/p>\n","protected":false},"featured_media":225706,"comment_status":"open","ping_status":"closed","template":"","meta":{"_acf_changed":false,"subheading":[]},"product_model":[22357],"product_brand":[15734],"product_cat":[19295,19297,19306,19296,19298],"product_tag":[],"class_list":{"0":"post-154526","1":"product","2":"type-product","3":"status-publish","4":"has-post-thumbnail","6":"product_model-x-tweel-ssl-hard-surface-es-2","7":"product_brand-michelin-es","8":"product_cat-industrial-es","9":"product_cat-minicargadora","10":"product_cat-orejeta","11":"product_cat-solido","12":"product_cat-suave","13":"pa_tire-size-12r16-5-es","15":"first","16":"instock","17":"shipping-taxable","18":"purchasable","19":"product-type-simple"},"acf":[],"_links":{"self":[{"href":"https:\/\/stmtires.com\/es\/wp-json\/wp\/v2\/product\/154526","targetHints":{"allow":["GET"]}}],"collection":[{"href":"https:\/\/stmtires.com\/es\/wp-json\/wp\/v2\/product"}],"about":[{"href":"https:\/\/stmtires.com\/es\/wp-json\/wp\/v2\/types\/product"}],"replies":[{"embeddable":true,"href":"https:\/\/stmtires.com\/es\/wp-json\/wp\/v2\/comments?post=154526"}],"wp:featuredmedia":[{"embeddable":true,"href":"https:\/\/stmtires.com\/es\/wp-json\/wp\/v2\/media\/225706"}],"wp:attachment":[{"href":"https:\/\/stmtires.com\/es\/wp-json\/wp\/v2\/media?parent=154526"}],"wp:term":[{"taxonomy":"product_model","embeddable":true,"href":"https:\/\/stmtires.com\/es\/wp-json\/wp\/v2\/product_model?post=154526"},{"taxonomy":"product_brand","embeddable":true,"href":"https:\/\/stmtires.com\/es\/wp-json\/wp\/v2\/product_brand?post=154526"},{"taxonomy":"product_cat","embeddable":true,"href":"https:\/\/stmtires.com\/es\/wp-json\/wp\/v2\/product_cat?post=154526"},{"taxonomy":"product_tag","embeddable":true,"href":"https:\/\/stmtires.com\/es\/wp-json\/wp\/v2\/product_tag?post=154526"}],"curies":[{"name":"wp","href":"https:\/\/api.w.org\/{rel}","templated":true}]}}