{"id":154531,"date":"2022-05-12T17:47:21","date_gmt":"2022-05-12T22:47:21","guid":{"rendered":"https:\/\/website.dev.stmtires.com\/shop\/sin categor\u00eda\/11r22-5-h-qr84-ped\/"},"modified":"2022-05-12T17:47:21","modified_gmt":"2022-05-12T22:47:21","slug":"11r22-5-h-qr84-ped-2","status":"publish","type":"product","link":"https:\/\/stmtires.com\/es\/shop\/gladiator\/11r22-5-h-qr84-ped-2\/","title":{"rendered":"11R22.5 H QR84-PED"},"content":{"rendered":"<p>Cami\u00f3n\/Autob\u00fas Comercial. Cami\u00f3n de servicio mediano Neum\u00e1tico extra-deep Tread Steel Radial Highway Drive.<\/p>\n","protected":false},"excerpt":{"rendered":"<p>Cami\u00f3n\/Autob\u00fas Comercial. Cami\u00f3n de servicio mediano Neum\u00e1tico extra-deep Tread Steel Radial Highway Drive.<\/p>\n","protected":false},"featured_media":221562,"comment_status":"open","ping_status":"closed","template":"","meta":{"_acf_changed":false,"subheading":[]},"product_model":[23115],"product_brand":[108],"product_cat":[19304,19286,19288,16316,19289,19287,19253],"product_tag":[],"class_list":{"0":"post-154531","1":"product","2":"type-product","3":"status-publish","4":"has-post-thumbnail","6":"product_model-qr84-ped-es","7":"product_brand-gladiator","8":"product_cat-banda-de-rodadura-profunda","9":"product_cat-camion-autobus-comercial","10":"product_cat-conducir","11":"product_cat-deep-tread","12":"product_cat-radial-es","13":"product_cat-servicio-de-autopistas","14":"product_cat-uncategorized","15":"pa_tire-size-11r22-5-es","17":"first","18":"instock","19":"shipping-taxable","20":"purchasable","21":"product-type-simple"},"acf":[],"_links":{"self":[{"href":"https:\/\/stmtires.com\/es\/wp-json\/wp\/v2\/product\/154531","targetHints":{"allow":["GET"]}}],"collection":[{"href":"https:\/\/stmtires.com\/es\/wp-json\/wp\/v2\/product"}],"about":[{"href":"https:\/\/stmtires.com\/es\/wp-json\/wp\/v2\/types\/product"}],"replies":[{"embeddable":true,"href":"https:\/\/stmtires.com\/es\/wp-json\/wp\/v2\/comments?post=154531"}],"wp:featuredmedia":[{"embeddable":true,"href":"https:\/\/stmtires.com\/es\/wp-json\/wp\/v2\/media\/221562"}],"wp:attachment":[{"href":"https:\/\/stmtires.com\/es\/wp-json\/wp\/v2\/media?parent=154531"}],"wp:term":[{"taxonomy":"product_model","embeddable":true,"href":"https:\/\/stmtires.com\/es\/wp-json\/wp\/v2\/product_model?post=154531"},{"taxonomy":"product_brand","embeddable":true,"href":"https:\/\/stmtires.com\/es\/wp-json\/wp\/v2\/product_brand?post=154531"},{"taxonomy":"product_cat","embeddable":true,"href":"https:\/\/stmtires.com\/es\/wp-json\/wp\/v2\/product_cat?post=154531"},{"taxonomy":"product_tag","embeddable":true,"href":"https:\/\/stmtires.com\/es\/wp-json\/wp\/v2\/product_tag?post=154531"}],"curies":[{"name":"wp","href":"https:\/\/api.w.org\/{rel}","templated":true}]}}