{"id":154534,"date":"2022-05-12T17:15:22","date_gmt":"2022-05-12T22:15:22","guid":{"rendered":"https:\/\/website.dev.stmtires.com\/shop\/sin categor\u00eda\/315-80r22-5-l-qr88-ms-resistente-al-corte-de-chip\/"},"modified":"2022-05-12T17:15:22","modified_gmt":"2022-05-12T22:15:22","slug":"315-80r22-5-l-qr88-ms-chip-cortante-resistente","status":"publish","type":"product","link":"https:\/\/stmtires.com\/es\/shop\/gladiator\/315-80r22-5-l-qr88-ms-chip-cortante-resistente\/","title":{"rendered":"315\/80R22.5 L QR88-MS RESISTENTE AL CORTE DE CHIP"},"content":{"rendered":"<p>Cami\u00f3n\/Autob\u00fas Comercial. Dise\u00f1o de banda de rodadura multiservicio extraprofunda de cami\u00f3n de servicio mediano para servicio dentro \/ fuera de la carretera.<\/p>\n","protected":false},"excerpt":{"rendered":"<p>Cami\u00f3n\/Autob\u00fas Comercial. Dise\u00f1o de banda de rodadura multiservicio extraprofunda de cami\u00f3n de servicio mediano para servicio dentro \/ fuera de la carretera.<\/p>\n","protected":false},"featured_media":222514,"comment_status":"open","ping_status":"closed","template":"","meta":{"_acf_changed":false,"subheading":[]},"product_model":[22867],"product_brand":[108],"product_cat":[19286,16250,19287,19301,19253],"product_tag":[],"class_list":{"0":"post-154534","1":"product","2":"type-product","3":"status-publish","4":"has-post-thumbnail","6":"product_model-qr88-ms-chip-cut-resistant-es","7":"product_brand-gladiator","8":"product_cat-camion-autobus-comercial","9":"product_cat-highway-service","10":"product_cat-servicio-de-autopistas","11":"product_cat-servicio-on-off-highway","12":"product_cat-uncategorized","13":"pa_tire-size-315-80r22-5-es","15":"first","16":"instock","17":"shipping-taxable","18":"purchasable","19":"product-type-simple"},"acf":[],"_links":{"self":[{"href":"https:\/\/stmtires.com\/es\/wp-json\/wp\/v2\/product\/154534","targetHints":{"allow":["GET"]}}],"collection":[{"href":"https:\/\/stmtires.com\/es\/wp-json\/wp\/v2\/product"}],"about":[{"href":"https:\/\/stmtires.com\/es\/wp-json\/wp\/v2\/types\/product"}],"replies":[{"embeddable":true,"href":"https:\/\/stmtires.com\/es\/wp-json\/wp\/v2\/comments?post=154534"}],"wp:featuredmedia":[{"embeddable":true,"href":"https:\/\/stmtires.com\/es\/wp-json\/wp\/v2\/media\/222514"}],"wp:attachment":[{"href":"https:\/\/stmtires.com\/es\/wp-json\/wp\/v2\/media?parent=154534"}],"wp:term":[{"taxonomy":"product_model","embeddable":true,"href":"https:\/\/stmtires.com\/es\/wp-json\/wp\/v2\/product_model?post=154534"},{"taxonomy":"product_brand","embeddable":true,"href":"https:\/\/stmtires.com\/es\/wp-json\/wp\/v2\/product_brand?post=154534"},{"taxonomy":"product_cat","embeddable":true,"href":"https:\/\/stmtires.com\/es\/wp-json\/wp\/v2\/product_cat?post=154534"},{"taxonomy":"product_tag","embeddable":true,"href":"https:\/\/stmtires.com\/es\/wp-json\/wp\/v2\/product_tag?post=154534"}],"curies":[{"name":"wp","href":"https:\/\/api.w.org\/{rel}","templated":true}]}}