{"id":154540,"date":"2022-05-12T15:20:27","date_gmt":"2022-05-12T20:20:27","guid":{"rendered":"https:\/\/website.dev.stmtires.com\/shop\/sin%20categor\u00eda\/11r22-5-h-qr88-ms-chip-resistente-al-corte\/"},"modified":"2022-05-17T11:38:16","modified_gmt":"2022-05-17T16:38:16","slug":"11r22-5-h-qr88-ms-chip-cortante-resistente","status":"publish","type":"product","link":"https:\/\/stmtires.com\/es\/shop\/gladiator\/11r22-5-h-qr88-ms-chip-cortante-resistente\/","title":{"rendered":"11R22.5 H QR88-MS CHIP RESISTENTE AL CORTE"},"content":{"rendered":"<p>Cami\u00f3n\/Autob\u00fas Comercial. Dise\u00f1o de banda de rodadura multiservicio extraprofunda de cami\u00f3n de servicio mediano para servicio dentro \/ fuera de la carretera.<\/p>\n","protected":false},"excerpt":{"rendered":"<p>Cami\u00f3n\/Autob\u00fas Comercial. Dise\u00f1o de banda de rodadura multiservicio extraprofunda de cami\u00f3n de servicio mediano para servicio dentro \/ fuera de la carretera.<\/p>\n","protected":false},"featured_media":222514,"comment_status":"open","ping_status":"closed","template":"","meta":{"_acf_changed":false,"subheading":[]},"product_model":[22867],"product_brand":[108],"product_cat":[19286,19287,19301],"product_tag":[],"class_list":{"0":"post-154540","1":"product","2":"type-product","3":"status-publish","4":"has-post-thumbnail","6":"product_model-qr88-ms-chip-cut-resistant-es","7":"product_brand-gladiator","8":"product_cat-camion-autobus-comercial","9":"product_cat-servicio-de-autopistas","10":"product_cat-servicio-on-off-highway","11":"pa_tire-size-11r22-5-es","13":"first","14":"instock","15":"shipping-taxable","16":"purchasable","17":"product-type-simple"},"acf":[],"_links":{"self":[{"href":"https:\/\/stmtires.com\/es\/wp-json\/wp\/v2\/product\/154540","targetHints":{"allow":["GET"]}}],"collection":[{"href":"https:\/\/stmtires.com\/es\/wp-json\/wp\/v2\/product"}],"about":[{"href":"https:\/\/stmtires.com\/es\/wp-json\/wp\/v2\/types\/product"}],"replies":[{"embeddable":true,"href":"https:\/\/stmtires.com\/es\/wp-json\/wp\/v2\/comments?post=154540"}],"wp:featuredmedia":[{"embeddable":true,"href":"https:\/\/stmtires.com\/es\/wp-json\/wp\/v2\/media\/222514"}],"wp:attachment":[{"href":"https:\/\/stmtires.com\/es\/wp-json\/wp\/v2\/media?parent=154540"}],"wp:term":[{"taxonomy":"product_model","embeddable":true,"href":"https:\/\/stmtires.com\/es\/wp-json\/wp\/v2\/product_model?post=154540"},{"taxonomy":"product_brand","embeddable":true,"href":"https:\/\/stmtires.com\/es\/wp-json\/wp\/v2\/product_brand?post=154540"},{"taxonomy":"product_cat","embeddable":true,"href":"https:\/\/stmtires.com\/es\/wp-json\/wp\/v2\/product_cat?post=154540"},{"taxonomy":"product_tag","embeddable":true,"href":"https:\/\/stmtires.com\/es\/wp-json\/wp\/v2\/product_tag?post=154540"}],"curies":[{"name":"wp","href":"https:\/\/api.w.org\/{rel}","templated":true}]}}