{"id":154549,"date":"2022-05-12T16:48:12","date_gmt":"2022-05-12T21:48:12","guid":{"rendered":"https:\/\/website.dev.stmtires.com\/shop\/sin categor\u00eda\/lug-de-unidad-qr77-dl-de-315-80r22-5-l\/"},"modified":"2022-05-12T16:48:12","modified_gmt":"2022-05-12T21:48:12","slug":"315-80r22-5-l-qr77-dl-drive-lug-2","status":"publish","type":"product","link":"https:\/\/stmtires.com\/es\/shop\/gladiator\/315-80r22-5-l-qr77-dl-drive-lug-2\/","title":{"rendered":"LUG DE UNIDAD QR77-DL DE 315\/80R22.5 L"},"content":{"rendered":"<p>Cami\u00f3n\/Autob\u00fas Comercial. Posici\u00f3n de accionamiento de cami\u00f3n de servicio medio Tracci\u00f3n Banda de rodadura profunda Acero Neum\u00e1tico radial para servicio en carretera.  <\/p>\n","protected":false},"excerpt":{"rendered":"<p>Cami\u00f3n\/Autob\u00fas Comercial. Posici\u00f3n de accionamiento de cami\u00f3n de servicio medio Tracci\u00f3n Banda de rodadura profunda Acero Neum\u00e1tico radial para servicio en carretera.<\/p>\n","protected":false},"featured_media":222792,"comment_status":"open","ping_status":"closed","template":"","meta":{"_acf_changed":false,"subheading":[]},"product_model":[22864],"product_brand":[108],"product_cat":[19304,19286,19288,19289,19287],"product_tag":[],"class_list":{"0":"post-154549","1":"product","2":"type-product","3":"status-publish","4":"has-post-thumbnail","6":"product_model-qr77-dl-es","7":"product_brand-gladiator","8":"product_cat-banda-de-rodadura-profunda","9":"product_cat-camion-autobus-comercial","10":"product_cat-conducir","11":"product_cat-radial-es","12":"product_cat-servicio-de-autopistas","13":"pa_tire-size-315-80r22-5-es","15":"first","16":"instock","17":"shipping-taxable","18":"purchasable","19":"product-type-simple"},"acf":[],"_links":{"self":[{"href":"https:\/\/stmtires.com\/es\/wp-json\/wp\/v2\/product\/154549","targetHints":{"allow":["GET"]}}],"collection":[{"href":"https:\/\/stmtires.com\/es\/wp-json\/wp\/v2\/product"}],"about":[{"href":"https:\/\/stmtires.com\/es\/wp-json\/wp\/v2\/types\/product"}],"replies":[{"embeddable":true,"href":"https:\/\/stmtires.com\/es\/wp-json\/wp\/v2\/comments?post=154549"}],"wp:featuredmedia":[{"embeddable":true,"href":"https:\/\/stmtires.com\/es\/wp-json\/wp\/v2\/media\/222792"}],"wp:attachment":[{"href":"https:\/\/stmtires.com\/es\/wp-json\/wp\/v2\/media?parent=154549"}],"wp:term":[{"taxonomy":"product_model","embeddable":true,"href":"https:\/\/stmtires.com\/es\/wp-json\/wp\/v2\/product_model?post=154549"},{"taxonomy":"product_brand","embeddable":true,"href":"https:\/\/stmtires.com\/es\/wp-json\/wp\/v2\/product_brand?post=154549"},{"taxonomy":"product_cat","embeddable":true,"href":"https:\/\/stmtires.com\/es\/wp-json\/wp\/v2\/product_cat?post=154549"},{"taxonomy":"product_tag","embeddable":true,"href":"https:\/\/stmtires.com\/es\/wp-json\/wp\/v2\/product_tag?post=154549"}],"curies":[{"name":"wp","href":"https:\/\/api.w.org\/{rel}","templated":true}]}}