{"id":154562,"date":"2022-05-11T11:52:18","date_gmt":"2022-05-11T16:52:18","guid":{"rendered":"https:\/\/website.dev.stmtires.com\/shop\/sin categor\u00eda\/10n16-5-x-tweel-ssl-todo-terreno\/"},"modified":"2022-05-11T11:52:18","modified_gmt":"2022-05-11T16:52:18","slug":"10n16-5-x-tweel-ssl-todo-terreno","status":"publish","type":"product","link":"https:\/\/stmtires.com\/es\/shop\/michelin-es\/10n16-5-x-tweel-ssl-todo-terreno\/","title":{"rendered":"10N16.5 X TWEEL SSL TODO TERRENO"},"content":{"rendered":"<p>Conjunto de neum\u00e1ticos y ruedas\u2122 radiales sin aire dise\u00f1ados para su uso en m\u00e1quinas de direcci\u00f3n deslizante en una amplia gama de superficies.<\/p>\n","protected":false},"excerpt":{"rendered":"<p>Conjunto de neum\u00e1ticos y ruedas\u2122 radiales sin aire dise\u00f1ados para su uso en m\u00e1quinas de direcci\u00f3n deslizante en una amplia gama de superficies.<\/p>\n","protected":false},"featured_media":225698,"comment_status":"open","ping_status":"closed","template":"","meta":{"_acf_changed":false,"subheading":[]},"product_model":[22355],"product_brand":[15734],"product_cat":[19295,19297,19306,19296],"product_tag":[],"class_list":{"0":"post-154562","1":"product","2":"type-product","3":"status-publish","4":"has-post-thumbnail","6":"product_model-x-tweel-ssl-all-terrain-es-2","7":"product_brand-michelin-es","8":"product_cat-industrial-es","9":"product_cat-minicargadora","10":"product_cat-orejeta","11":"product_cat-solido","12":"pa_tire-size-10r16-5-es","14":"first","15":"instock","16":"shipping-taxable","17":"purchasable","18":"product-type-simple"},"acf":[],"_links":{"self":[{"href":"https:\/\/stmtires.com\/es\/wp-json\/wp\/v2\/product\/154562","targetHints":{"allow":["GET"]}}],"collection":[{"href":"https:\/\/stmtires.com\/es\/wp-json\/wp\/v2\/product"}],"about":[{"href":"https:\/\/stmtires.com\/es\/wp-json\/wp\/v2\/types\/product"}],"replies":[{"embeddable":true,"href":"https:\/\/stmtires.com\/es\/wp-json\/wp\/v2\/comments?post=154562"}],"wp:featuredmedia":[{"embeddable":true,"href":"https:\/\/stmtires.com\/es\/wp-json\/wp\/v2\/media\/225698"}],"wp:attachment":[{"href":"https:\/\/stmtires.com\/es\/wp-json\/wp\/v2\/media?parent=154562"}],"wp:term":[{"taxonomy":"product_model","embeddable":true,"href":"https:\/\/stmtires.com\/es\/wp-json\/wp\/v2\/product_model?post=154562"},{"taxonomy":"product_brand","embeddable":true,"href":"https:\/\/stmtires.com\/es\/wp-json\/wp\/v2\/product_brand?post=154562"},{"taxonomy":"product_cat","embeddable":true,"href":"https:\/\/stmtires.com\/es\/wp-json\/wp\/v2\/product_cat?post=154562"},{"taxonomy":"product_tag","embeddable":true,"href":"https:\/\/stmtires.com\/es\/wp-json\/wp\/v2\/product_tag?post=154562"}],"curies":[{"name":"wp","href":"https:\/\/api.w.org\/{rel}","templated":true}]}}