{"id":154577,"date":"2022-05-02T04:21:36","date_gmt":"2022-05-02T09:21:36","guid":{"rendered":"https:\/\/website.dev.stmtires.com\/shop\/sin categor\u00eda\/445-65r22-5-l-fs818\/"},"modified":"2022-05-02T04:21:36","modified_gmt":"2022-05-02T09:21:36","slug":"445-65r22-5-l-fs818-2","status":"publish","type":"product","link":"https:\/\/stmtires.com\/es\/shop\/firestone-es\/445-65r22-5-l-fs818-2\/","title":{"rendered":"445\/65R22.5 L FS818"},"content":{"rendered":"<p>Cami\u00f3n\/Autob\u00fas Comercial. Cami\u00f3n de servicio mediano Neum\u00e1tico radial de base ancha de posici\u00f3n completa para aplicaciones de servicio severas.<\/p>\n","protected":false},"excerpt":{"rendered":"<p>Cami\u00f3n\/Autob\u00fas Comercial. Cami\u00f3n de servicio mediano Neum\u00e1tico radial de base ancha de posici\u00f3n completa para aplicaciones de servicio severas.<\/p>\n","protected":false},"featured_media":225662,"comment_status":"open","ping_status":"closed","template":"","meta":{"_acf_changed":false,"subheading":[]},"product_model":[22296],"product_brand":[15736],"product_cat":[19286,19289,19316],"product_tag":[],"class_list":{"0":"post-154577","1":"product","2":"type-product","3":"status-publish","4":"has-post-thumbnail","6":"product_model-fs818-es","7":"product_brand-firestone-es","8":"product_cat-camion-autobus-comercial","9":"product_cat-radial-es","10":"product_cat-todas-las-posiciones","11":"pa_tire-size-445-65r22-5-es","13":"first","14":"instock","15":"shipping-taxable","16":"purchasable","17":"product-type-simple"},"acf":[],"_links":{"self":[{"href":"https:\/\/stmtires.com\/es\/wp-json\/wp\/v2\/product\/154577","targetHints":{"allow":["GET"]}}],"collection":[{"href":"https:\/\/stmtires.com\/es\/wp-json\/wp\/v2\/product"}],"about":[{"href":"https:\/\/stmtires.com\/es\/wp-json\/wp\/v2\/types\/product"}],"replies":[{"embeddable":true,"href":"https:\/\/stmtires.com\/es\/wp-json\/wp\/v2\/comments?post=154577"}],"wp:featuredmedia":[{"embeddable":true,"href":"https:\/\/stmtires.com\/es\/wp-json\/wp\/v2\/media\/225662"}],"wp:attachment":[{"href":"https:\/\/stmtires.com\/es\/wp-json\/wp\/v2\/media?parent=154577"}],"wp:term":[{"taxonomy":"product_model","embeddable":true,"href":"https:\/\/stmtires.com\/es\/wp-json\/wp\/v2\/product_model?post=154577"},{"taxonomy":"product_brand","embeddable":true,"href":"https:\/\/stmtires.com\/es\/wp-json\/wp\/v2\/product_brand?post=154577"},{"taxonomy":"product_cat","embeddable":true,"href":"https:\/\/stmtires.com\/es\/wp-json\/wp\/v2\/product_cat?post=154577"},{"taxonomy":"product_tag","embeddable":true,"href":"https:\/\/stmtires.com\/es\/wp-json\/wp\/v2\/product_tag?post=154577"}],"curies":[{"name":"wp","href":"https:\/\/api.w.org\/{rel}","templated":true}]}}