{"id":154620,"date":"2022-05-01T22:48:58","date_gmt":"2022-05-02T03:48:58","guid":{"rendered":"https:\/\/website.dev.stmtires.com\/shop\/sin categor\u00eda\/11r22-5-h-tl-general-hd\/"},"modified":"2022-05-01T22:48:58","modified_gmt":"2022-05-02T03:48:58","slug":"11r22-5-h-tl-general-hd-3","status":"publish","type":"product","link":"https:\/\/stmtires.com\/es\/shop\/general-es\/11r22-5-h-tl-general-hd-3\/","title":{"rendered":"11R22.5 H TL GENERAL HD"},"content":{"rendered":"<p>Cami\u00f3n\/Autob\u00fas Comercial. SmartWay Verified Medium-Duty Truck Closed Shoulder Radial Drive neum\u00e1tico para aplicaciones de eje de transmisi\u00f3n en t\u00e1ndem de carretera de larga o corta distancia.<\/p>\n","protected":false},"excerpt":{"rendered":"<p>Cami\u00f3n\/Autob\u00fas Comercial. SmartWay Verified Medium-Duty Truck Closed Shoulder Radial Drive neum\u00e1tico para aplicaciones de eje de transmisi\u00f3n en t\u00e1ndem de carretera de larga o corta distancia.<\/p>\n","protected":false},"featured_media":0,"comment_status":"open","ping_status":"closed","template":"","meta":{"_acf_changed":false,"subheading":[]},"product_model":[22277],"product_brand":[15741],"product_cat":[19286,19288,19271,19242,19330,16241,19289,19287,19323,16255],"product_tag":[],"class_list":{"0":"post-154620","1":"product","2":"type-product","3":"status-publish","5":"product_model-general-hd-es","6":"product_brand-general-es","7":"product_cat-camion-autobus-comercial","8":"product_cat-conducir","9":"product_cat-corre-plano","10":"product_cat-equipo-original-oe","11":"product_cat-hombro-cerrado","12":"product_cat-passenger-car-minivan","13":"product_cat-radial-es","14":"product_cat-servicio-de-autopistas","15":"product_cat-smartway-en-ingles","16":"product_cat-standard-touring","17":"pa_tire-size-11r22-5-es","19":"first","20":"instock","21":"shipping-taxable","22":"purchasable","23":"product-type-simple"},"acf":[],"_links":{"self":[{"href":"https:\/\/stmtires.com\/es\/wp-json\/wp\/v2\/product\/154620","targetHints":{"allow":["GET"]}}],"collection":[{"href":"https:\/\/stmtires.com\/es\/wp-json\/wp\/v2\/product"}],"about":[{"href":"https:\/\/stmtires.com\/es\/wp-json\/wp\/v2\/types\/product"}],"replies":[{"embeddable":true,"href":"https:\/\/stmtires.com\/es\/wp-json\/wp\/v2\/comments?post=154620"}],"wp:attachment":[{"href":"https:\/\/stmtires.com\/es\/wp-json\/wp\/v2\/media?parent=154620"}],"wp:term":[{"taxonomy":"product_model","embeddable":true,"href":"https:\/\/stmtires.com\/es\/wp-json\/wp\/v2\/product_model?post=154620"},{"taxonomy":"product_brand","embeddable":true,"href":"https:\/\/stmtires.com\/es\/wp-json\/wp\/v2\/product_brand?post=154620"},{"taxonomy":"product_cat","embeddable":true,"href":"https:\/\/stmtires.com\/es\/wp-json\/wp\/v2\/product_cat?post=154620"},{"taxonomy":"product_tag","embeddable":true,"href":"https:\/\/stmtires.com\/es\/wp-json\/wp\/v2\/product_tag?post=154620"}],"curies":[{"name":"wp","href":"https:\/\/api.w.org\/{rel}","templated":true}]}}