{"id":154621,"date":"2022-05-11T11:55:21","date_gmt":"2022-05-11T16:55:21","guid":{"rendered":"https:\/\/website.dev.stmtires.com\/shop\/sin categor\u00eda\/10n16-5-x-tweel-ssl-2-traccion-de-superficie-dura-10\/"},"modified":"2022-05-11T11:55:21","modified_gmt":"2022-05-11T16:55:21","slug":"10n16-5-x-tweel-ssl-2-hard-surface-traction-10-2","status":"publish","type":"product","link":"https:\/\/stmtires.com\/es\/shop\/michelin-es\/10n16-5-x-tweel-ssl-2-hard-surface-traction-10-2\/","title":{"rendered":"10N16.5 X TWEEL SSL 2 TRACCI\u00d3N DE SUPERFICIE DURA 10&#8243;"},"content":{"rendered":"<p>Conjunto de llantas y ruedas\u2122 radiales sin aire dise\u00f1ado para proporcionar la m\u00e1xima vida \u00fatil de la banda de rodadura para minicargadoras en pavimento.  <\/p>\n","protected":false},"excerpt":{"rendered":"<p>Conjunto de llantas y ruedas\u2122 radiales sin aire dise\u00f1ado para proporcionar la m\u00e1xima vida \u00fatil de la banda de rodadura para minicargadoras en pavimento.<\/p>\n","protected":false},"featured_media":226036,"comment_status":"open","ping_status":"closed","template":"","meta":{"_acf_changed":false,"subheading":[]},"product_model":[22358],"product_brand":[15734],"product_cat":[19295,19297,19296],"product_tag":[],"class_list":{"0":"post-154621","1":"product","2":"type-product","3":"status-publish","4":"has-post-thumbnail","6":"product_model-x-tweel-ssl-hard-surface-traction-es-2","7":"product_brand-michelin-es","8":"product_cat-industrial-es","9":"product_cat-minicargadora","10":"product_cat-solido","12":"first","13":"instock","14":"shipping-taxable","15":"purchasable","16":"product-type-simple"},"acf":[],"_links":{"self":[{"href":"https:\/\/stmtires.com\/es\/wp-json\/wp\/v2\/product\/154621","targetHints":{"allow":["GET"]}}],"collection":[{"href":"https:\/\/stmtires.com\/es\/wp-json\/wp\/v2\/product"}],"about":[{"href":"https:\/\/stmtires.com\/es\/wp-json\/wp\/v2\/types\/product"}],"replies":[{"embeddable":true,"href":"https:\/\/stmtires.com\/es\/wp-json\/wp\/v2\/comments?post=154621"}],"wp:featuredmedia":[{"embeddable":true,"href":"https:\/\/stmtires.com\/es\/wp-json\/wp\/v2\/media\/226036"}],"wp:attachment":[{"href":"https:\/\/stmtires.com\/es\/wp-json\/wp\/v2\/media?parent=154621"}],"wp:term":[{"taxonomy":"product_model","embeddable":true,"href":"https:\/\/stmtires.com\/es\/wp-json\/wp\/v2\/product_model?post=154621"},{"taxonomy":"product_brand","embeddable":true,"href":"https:\/\/stmtires.com\/es\/wp-json\/wp\/v2\/product_brand?post=154621"},{"taxonomy":"product_cat","embeddable":true,"href":"https:\/\/stmtires.com\/es\/wp-json\/wp\/v2\/product_cat?post=154621"},{"taxonomy":"product_tag","embeddable":true,"href":"https:\/\/stmtires.com\/es\/wp-json\/wp\/v2\/product_tag?post=154621"}],"curies":[{"name":"wp","href":"https:\/\/api.w.org\/{rel}","templated":true}]}}