{"id":154625,"date":"2022-05-11T11:54:01","date_gmt":"2022-05-11T16:54:01","guid":{"rendered":"https:\/\/website.dev.stmtires.com\/shop\/sin categor\u00eda\/12n16-5-x-tweel-ssl-2-traccion-de-superficie-dura-12\/"},"modified":"2022-05-11T11:54:01","modified_gmt":"2022-05-11T16:54:01","slug":"12n16-5-x-tweel-ssl-2-hard-surface-traction-12-2","status":"publish","type":"product","link":"https:\/\/stmtires.com\/es\/shop\/michelin-es\/12n16-5-x-tweel-ssl-2-hard-surface-traction-12-2\/","title":{"rendered":"12N16.5 X TWEEL SSL 2 TRACCI\u00d3N DE SUPERFICIE DURA 12&#8243;"},"content":{"rendered":"<p>Conjunto de llantas y ruedas\u2122 radiales sin aire dise\u00f1ado para proporcionar la m\u00e1xima vida \u00fatil de la banda de rodadura para minicargadoras en pavimento.  <\/p>\n","protected":false},"excerpt":{"rendered":"<p>Conjunto de llantas y ruedas\u2122 radiales sin aire dise\u00f1ado para proporcionar la m\u00e1xima vida \u00fatil de la banda de rodadura para minicargadoras en pavimento.<\/p>\n","protected":false},"featured_media":226036,"comment_status":"open","ping_status":"closed","template":"","meta":{"_acf_changed":false,"subheading":[]},"product_model":[22358],"product_brand":[15734],"product_cat":[19295,19297,19296],"product_tag":[],"class_list":{"0":"post-154625","1":"product","2":"type-product","3":"status-publish","4":"has-post-thumbnail","6":"product_model-x-tweel-ssl-hard-surface-traction-es-2","7":"product_brand-michelin-es","8":"product_cat-industrial-es","9":"product_cat-minicargadora","10":"product_cat-solido","11":"pa_tire-size-12r16-5-es","13":"first","14":"instock","15":"shipping-taxable","16":"purchasable","17":"product-type-simple"},"acf":[],"_links":{"self":[{"href":"https:\/\/stmtires.com\/es\/wp-json\/wp\/v2\/product\/154625","targetHints":{"allow":["GET"]}}],"collection":[{"href":"https:\/\/stmtires.com\/es\/wp-json\/wp\/v2\/product"}],"about":[{"href":"https:\/\/stmtires.com\/es\/wp-json\/wp\/v2\/types\/product"}],"replies":[{"embeddable":true,"href":"https:\/\/stmtires.com\/es\/wp-json\/wp\/v2\/comments?post=154625"}],"wp:featuredmedia":[{"embeddable":true,"href":"https:\/\/stmtires.com\/es\/wp-json\/wp\/v2\/media\/226036"}],"wp:attachment":[{"href":"https:\/\/stmtires.com\/es\/wp-json\/wp\/v2\/media?parent=154625"}],"wp:term":[{"taxonomy":"product_model","embeddable":true,"href":"https:\/\/stmtires.com\/es\/wp-json\/wp\/v2\/product_model?post=154625"},{"taxonomy":"product_brand","embeddable":true,"href":"https:\/\/stmtires.com\/es\/wp-json\/wp\/v2\/product_brand?post=154625"},{"taxonomy":"product_cat","embeddable":true,"href":"https:\/\/stmtires.com\/es\/wp-json\/wp\/v2\/product_cat?post=154625"},{"taxonomy":"product_tag","embeddable":true,"href":"https:\/\/stmtires.com\/es\/wp-json\/wp\/v2\/product_tag?post=154625"}],"curies":[{"name":"wp","href":"https:\/\/api.w.org\/{rel}","templated":true}]}}