{"id":154633,"date":"2022-05-12T17:32:46","date_gmt":"2022-05-12T22:32:46","guid":{"rendered":"https:\/\/website.dev.stmtires.com\/shop\/sin categor\u00eda\/11r22-5-h-tl-qr92-pos\/"},"modified":"2022-05-12T17:32:46","modified_gmt":"2022-05-12T22:32:46","slug":"11r22-5-h-tl-qr92-pos-2","status":"publish","type":"product","link":"https:\/\/stmtires.com\/es\/shop\/gladiator\/11r22-5-h-tl-qr92-pos-2\/","title":{"rendered":"11R22.5 H TL QR92-POS"},"content":{"rendered":"<p>Cami\u00f3n\/Autob\u00fas Comercial. Cami\u00f3n de servicio mediano De hombro abierto Acero Radial Highway Drive neum\u00e1tico.<\/p>\n","protected":false},"excerpt":{"rendered":"<p>Cami\u00f3n\/Autob\u00fas Comercial. Cami\u00f3n de servicio mediano De hombro abierto Acero Radial Highway Drive neum\u00e1tico.<\/p>\n","protected":false},"featured_media":222920,"comment_status":"open","ping_status":"closed","template":"","meta":{"_acf_changed":false,"subheading":[]},"product_model":[23113],"product_brand":[108],"product_cat":[19286,19288,19310,19289,19287,19253],"product_tag":[],"class_list":{"0":"post-154633","1":"product","2":"type-product","3":"status-publish","4":"has-post-thumbnail","6":"product_model-qr92-pos-es","7":"product_brand-gladiator","8":"product_cat-camion-autobus-comercial","9":"product_cat-conducir","10":"product_cat-hombro-abierto","11":"product_cat-radial-es","12":"product_cat-servicio-de-autopistas","13":"product_cat-uncategorized","14":"pa_tire-size-11r22-5-es","16":"first","17":"instock","18":"shipping-taxable","19":"purchasable","20":"product-type-simple"},"acf":[],"_links":{"self":[{"href":"https:\/\/stmtires.com\/es\/wp-json\/wp\/v2\/product\/154633","targetHints":{"allow":["GET"]}}],"collection":[{"href":"https:\/\/stmtires.com\/es\/wp-json\/wp\/v2\/product"}],"about":[{"href":"https:\/\/stmtires.com\/es\/wp-json\/wp\/v2\/types\/product"}],"replies":[{"embeddable":true,"href":"https:\/\/stmtires.com\/es\/wp-json\/wp\/v2\/comments?post=154633"}],"wp:featuredmedia":[{"embeddable":true,"href":"https:\/\/stmtires.com\/es\/wp-json\/wp\/v2\/media\/222920"}],"wp:attachment":[{"href":"https:\/\/stmtires.com\/es\/wp-json\/wp\/v2\/media?parent=154633"}],"wp:term":[{"taxonomy":"product_model","embeddable":true,"href":"https:\/\/stmtires.com\/es\/wp-json\/wp\/v2\/product_model?post=154633"},{"taxonomy":"product_brand","embeddable":true,"href":"https:\/\/stmtires.com\/es\/wp-json\/wp\/v2\/product_brand?post=154633"},{"taxonomy":"product_cat","embeddable":true,"href":"https:\/\/stmtires.com\/es\/wp-json\/wp\/v2\/product_cat?post=154633"},{"taxonomy":"product_tag","embeddable":true,"href":"https:\/\/stmtires.com\/es\/wp-json\/wp\/v2\/product_tag?post=154633"}],"curies":[{"name":"wp","href":"https:\/\/api.w.org\/{rel}","templated":true}]}}