{"id":154637,"date":"2022-05-05T14:17:54","date_gmt":"2022-05-05T19:17:54","guid":{"rendered":"https:\/\/website.dev.stmtires.com\/shop\/sin categor\u00eda\/11r22-5-h-tl-general-rd-it\/"},"modified":"2022-05-05T14:17:54","modified_gmt":"2022-05-05T19:17:54","slug":"11r22-5-h-tl-general-rd-it-2","status":"publish","type":"product","link":"https:\/\/stmtires.com\/es\/shop\/general-es\/11r22-5-h-tl-general-rd-it-2\/","title":{"rendered":"11R22.5 H TL GENERAL RD IT"},"content":{"rendered":"<p>Cami\u00f3n\/Autob\u00fas Comercial. Cami\u00f3n de servicio mediano Open Shoulder Regional Drive Position Radial Truck neum\u00e1tico.<\/p>\n","protected":false},"excerpt":{"rendered":"<p>Cami\u00f3n\/Autob\u00fas Comercial. Cami\u00f3n de servicio mediano Open Shoulder Regional Drive Position Radial Truck neum\u00e1tico.<\/p>\n","protected":false},"featured_media":226772,"comment_status":"open","ping_status":"closed","template":"","meta":{"_acf_changed":false,"subheading":[]},"product_model":[22285],"product_brand":[15741],"product_cat":[19286,16248,19288,19310,19289,19332,19323],"product_tag":[],"class_list":{"0":"post-154637","1":"product","2":"type-product","3":"status-publish","4":"has-post-thumbnail","6":"product_model-general-rd-es","7":"product_brand-general-es","8":"product_cat-camion-autobus-comercial","9":"product_cat-commercial-truck-bus","10":"product_cat-conducir","11":"product_cat-hombro-abierto","12":"product_cat-radial-es","13":"product_cat-servicio-regional","14":"product_cat-smartway-en-ingles","15":"pa_tire-size-11r22-5-es","17":"first","18":"instock","19":"shipping-taxable","20":"purchasable","21":"product-type-simple"},"acf":[],"_links":{"self":[{"href":"https:\/\/stmtires.com\/es\/wp-json\/wp\/v2\/product\/154637","targetHints":{"allow":["GET"]}}],"collection":[{"href":"https:\/\/stmtires.com\/es\/wp-json\/wp\/v2\/product"}],"about":[{"href":"https:\/\/stmtires.com\/es\/wp-json\/wp\/v2\/types\/product"}],"replies":[{"embeddable":true,"href":"https:\/\/stmtires.com\/es\/wp-json\/wp\/v2\/comments?post=154637"}],"wp:featuredmedia":[{"embeddable":true,"href":"https:\/\/stmtires.com\/es\/wp-json\/wp\/v2\/media\/226772"}],"wp:attachment":[{"href":"https:\/\/stmtires.com\/es\/wp-json\/wp\/v2\/media?parent=154637"}],"wp:term":[{"taxonomy":"product_model","embeddable":true,"href":"https:\/\/stmtires.com\/es\/wp-json\/wp\/v2\/product_model?post=154637"},{"taxonomy":"product_brand","embeddable":true,"href":"https:\/\/stmtires.com\/es\/wp-json\/wp\/v2\/product_brand?post=154637"},{"taxonomy":"product_cat","embeddable":true,"href":"https:\/\/stmtires.com\/es\/wp-json\/wp\/v2\/product_cat?post=154637"},{"taxonomy":"product_tag","embeddable":true,"href":"https:\/\/stmtires.com\/es\/wp-json\/wp\/v2\/product_tag?post=154637"}],"curies":[{"name":"wp","href":"https:\/\/api.w.org\/{rel}","templated":true}]}}